{"id":61192,"date":"2021-12-07T14:33:40","date_gmt":"2021-12-07T13:33:40","guid":{"rendered":"https:\/\/varibox.best4u.dev\/varibox-connect-efficienza-della-flotta\/"},"modified":"2024-11-08T11:42:02","modified_gmt":"2024-11-08T10:42:02","slug":"varibox-connect-efficienza-della-flotta","status":"publish","type":"page","link":"https:\/\/varibox.best4u.dev\/it\/varibox-connect-efficienza-della-flotta\/","title":{"rendered":"VARIBOX Connect Efficienza della flotta"},"content":{"rendered":"\n<div class=\"wp-block-ugb-columns ugb-columns ugb-0d5d96e ugb-columns--design-plain ugb-columns--columns-2 ugb-main-block\"><style>.ugb-0d5d96e > .ugb-inner-block > .ugb-block-content > .ugb-columns__item{grid-template-columns:1.40fr 0.60fr !important}.ugb-0d5d96e-content-wrapper > .ugb-column{align-items:center !important}.ugb-0d5d96e-content-wrapper > .ugb-column > .ugb-inner-block{height:auto !important}@media screen and (min-width:768px){.ugb-0d5d96e.ugb-columns{margin-bottom:0px !important;padding-top:0px !important;padding-bottom:82px !important}}<\/style><div class=\"ugb-inner-block\"><div class=\"ugb-block-content\"><div class=\"ugb-columns__item ugb-0d5d96e-content-wrapper\">\n<div class=\"wp-block-ugb-column ugb-column wow animate__animated animate__fadeIn ugb-b383129 ugb-column--design-plain ugb-main-block\"><style>@media screen and (min-width:768px){.ugb-b383129.ugb-column{margin-right:100px !important}.ugb-b383129 > .ugb-inner-block > .ugb-block-content > *{justify-content:center}}@media screen and (min-width:768px) and (max-width:1025px){.ugb-b383129.ugb-column{margin-right:50px !important}}.ugb-b383129 > .ugb-inner-block > .ugb-block-content > *{justify-content:center !important}<\/style><div class=\"ugb-inner-block\"><div class=\"ugb-block-content\"><div class=\"ugb-column__item ugb-b383129-column-wrapper\"><div class=\"ugb-column__content-wrapper\">\n<div class=\"wp-block-ugb-heading ugb-heading wow animate__animated animate__fadeIn ugb-bcdb7f0 ugb-main-block\"><style>@media screen and (max-width:768px){.ugb-bcdb7f0 .ugb-heading__subtitle{margin-bottom:0px !important}}<\/style><div class=\"ugb-inner-block\"><div class=\"ugb-block-content\"><h1 class=\"ugb-heading__title\">VARIBOX Connect Efficienza della flotta<\/h1><p class=\"ugb-heading__subtitle\">Un importante vantaggio di VARIBOX Connect \u00e8 che avrete l&#8217;opportunit\u00e0 di aumentare l&#8217;efficienza della vostra flotta per ottenere il massimo profitto. VARIBOX Connect vi fornir\u00e0 gli strumenti per ottenere informazioni sull&#8217;intero processo, dal riempimento del magazzino fino all&#8217;utilizzo del prodotto chimico presso il cliente. In questa pagina troverete tre modi per aumentare l&#8217;efficienza della vostra flotta VARIBOX Intermediate Bulk Container (IBC).<\/p><\/div><\/div><\/div>\n\n\n\n<div class=\"wp-block-ugb-button ugb-button-wrapper green-button wow animate__animated animate__fadeIn ugb-678dd6a ugb-button--mobile-aligned ugb-main-block\"><style>.ugb-678dd6a .ugb-block-content{justify-content:flex-start !important}.ugb-678dd6a .ugb-button1 .ugb-button--inner{font-weight:bold !important}.ugb-678dd6a .ugb-button1:hover{opacity:1}.ugb-678dd6a .ugb-inner-block{text-align:left}@media screen and (min-width:768px){.ugb-678dd6a.ugb-button-wrapper{margin-bottom:0px !important}}@media screen and (max-width:768px){.ugb-678dd6a .ugb-block-content{justify-content:center !important}.ugb-678dd6a .ugb-inner-block{text-align:center}}<\/style><div class=\"ugb-inner-block\"><div class=\"ugb-block-content\"><div class=\"ugb-button-container\"><a class=\"ugb-button1 ugb-button ugb-button--size-normal\" href=\"https:\/\/varibox.best4u.dev\/it\/contattateci\/\" rel=\"\" title=\"\"><span class=\"ugb-button--inner\">Contattaci<\/span><\/a><\/div><\/div><\/div><\/div>\n<\/div><\/div><\/div><\/div><\/div>\n\n\n\n<div class=\"wp-block-ugb-column ugb-column ugb-e882f9a ugb-column--design-plain ugb-main-block\"><style>@media screen and (min-width:768px){.ugb-e882f9a > .ugb-inner-block > .ugb-block-content > *{justify-content:center}}@media screen and (max-width:768px){.ugb-e882f9a .ugb-inner-block{text-align:center}}.ugb-e882f9a > .ugb-inner-block > .ugb-block-content > *{justify-content:center !important}<\/style><div class=\"ugb-inner-block\"><div class=\"ugb-block-content\"><div class=\"ugb-column__item ugb-e882f9a-column-wrapper\"><div class=\"ugb-column__content-wrapper\">\n<figure class=\"wp-block-image size-full wow animate__animated animate__fadeIn\"><img decoding=\"async\" src=\"https:\/\/varibox.best4u.dev\/wp-content\/uploads\/2024\/10\/VARIBOX-Fleet-Efficieny-PC.png\" alt=\"VARIBOX Fleet Efficieny PC\" class=\"wp-image-12250\"\/><\/figure>\n<\/div><\/div><\/div><\/div><\/div>\n<\/div><\/div><\/div><\/div>\n\n\n\n\n\n<div class=\"alignfull wp-block-ugb-container ugb-container ugb-eae094c ugb-container--v2 ugb-container--design-plain ugb-main-block ugb-main-block--inner-center ugb--has-block-background\"><style>.ugb-eae094c.ugb-container{background-color:var(--theme-palette-color-8,#f8fafc)}.ugb-eae094c.ugb-container:before{background-color:var(--theme-palette-color-8,#f8fafc)}@media screen and (min-width:768px){.ugb-eae094c.ugb-container{padding-top:0px !important;padding-right:35px !important;padding-bottom:0px !important;padding-left:35px !important}}@media screen and (max-width:768px){.ugb-eae094c.ugb-container{padding-top:0px !important;padding-right:18px !important;padding-bottom:0px !important;padding-left:18px !important}}@media screen and (min-width:768px){.ugb-eae094c > .ugb-inner-block > .ugb-block-content > *{padding-top:64px !important;padding-bottom:64px !important}}@media screen and (max-width:768px){.ugb-eae094c > .ugb-inner-block > .ugb-block-content > *{padding-top:0px !important;padding-right:0px !important;padding-bottom:0px !important;padding-left:0px !important}}<\/style><div class=\"ugb-inner-block ugb-inner-block--center\"><div class=\"ugb-block-content\"><div class=\"ugb-container__wrapper ugb-eae094c-wrapper\"><div class=\"ugb-container__side\"><div class=\"ugb-container__content-wrapper ugb-eae094c-content-wrapper\">\n<div class=\"wp-block-ugb-columns ugb-columns ugb-da7e638 ugb-columns--design-plain ugb-columns--columns-2 ugb-main-block\"><style>@media screen and (max-width:768px){.ugb-da7e638 > .ugb-inner-block > .ugb-block-content > .ugb-columns__item > .ugb-column:nth-child(2){grid-area:1 !important}.ugb-da7e638 > .ugb-inner-block > .ugb-block-content > .ugb-columns__item > .ugb-column:nth-child(1){grid-area:2 !important}}<\/style><div class=\"ugb-inner-block\"><div class=\"ugb-block-content\"><div class=\"ugb-columns__item ugb-da7e638-content-wrapper\">\n<div class=\"wp-block-ugb-column ugb-column ugb-528fe48 ugb-column--design-plain ugb-main-block\"><style>@media screen and (min-width:768px){.ugb-528fe48 > .ugb-inner-block > .ugb-block-content > *{justify-content:center}}.ugb-528fe48 > .ugb-inner-block > .ugb-block-content > *{justify-content:center !important}<\/style><div class=\"ugb-inner-block\"><div class=\"ugb-block-content\"><div class=\"ugb-column__item ugb-528fe48-column-wrapper\"><div class=\"ugb-column__content-wrapper\">\n<div class=\"wp-block-ugb-heading ugb-heading wow animate__animated animate__fadeIn ugb-7a10fa5 ugb-main-block\"><style>.ugb-7a10fa5 .ugb-heading__title{margin-bottom:24px !important}.ugb-7a10fa5 .ugb-heading__subtitle{margin-bottom:24px !important}@media screen and (min-width:768px){.ugb-7a10fa5.ugb-heading{margin-bottom:0px !important}}<\/style><div class=\"ugb-inner-block\"><div class=\"ugb-block-content\"><h2 class=\"ugb-heading__title\">Tasso di consumo delle partite<\/h2><p class=\"ugb-heading__subtitle\">Con VARIBOX Connect potrete conoscere il consumo di prodotti chimici presso i vostri clienti e quando questi ultimi esauriranno il vostro prodotto. Con questi dati generati da Connect, potrete far coincidere il consumo dei vostri clienti con il vostro processo. Ottimizzando il vostro processo, non avrete pi\u00f9 interruzioni dell&#8217;ultimo minuto e sarete sempre in tempo per servire i vostri clienti con nuovi prodotti.<\/p><\/div><\/div><\/div>\n<\/div><\/div><\/div><\/div><\/div>\n\n\n\n<div class=\"wp-block-ugb-column ugb-column ugb-7adc4e3 ugb-column--design-plain ugb-main-block\"><style>@media screen and (min-width:768px){.ugb-7adc4e3 > .ugb-inner-block > .ugb-block-content > *{justify-content:center}}.ugb-7adc4e3 > .ugb-inner-block > .ugb-block-content > *{justify-content:center !important}@media screen and (min-width:768px){.ugb-7adc4e3 > .ugb-inner-block > .ugb-block-content > *{padding-left:15% !important}}@media screen and (min-width:768px) and (max-width:1025px){.ugb-7adc4e3 > .ugb-inner-block > .ugb-block-content > *{padding-top:0px !important;padding-right:0px !important;padding-bottom:0px !important;padding-left:0px !important}}<\/style><div class=\"ugb-inner-block\"><div class=\"ugb-block-content\"><div class=\"ugb-column__item ugb-7adc4e3-column-wrapper\"><div class=\"ugb-column__content-wrapper\">\n<figure class=\"wp-block-image size-full br-8 wow animate__animated animate__fadeIn\"><img decoding=\"async\" src=\"https:\/\/varibox.best4u.dev\/wp-content\/uploads\/2024\/10\/VARIBOX-Connect-Match-consumption-rate.png\" alt=\"VARIBOX Connect Match consumption rate\" class=\"wp-image-12211\"\/><\/figure>\n<\/div><\/div><\/div><\/div><\/div>\n<\/div><\/div><\/div><\/div>\n<\/div><\/div><\/div><\/div><\/div><\/div>\n\n\n\n<div class=\"alignfull wp-block-ugb-container ugb-container ugb-6bcfb57 ugb-container--v2 ugb-container--design-plain ugb-main-block ugb-main-block--inner-center ugb--has-block-background\"><style>.ugb-6bcfb57.ugb-container{background-color:var(--theme-palette-color-8,#f8fafc)}.ugb-6bcfb57.ugb-container:before{background-color:var(--theme-palette-color-8,#f8fafc)}@media screen and (min-width:768px){.ugb-6bcfb57.ugb-container{padding-top:0px !important;padding-right:35px !important;padding-bottom:0px !important;padding-left:35px !important}}@media screen and (max-width:768px){.ugb-6bcfb57.ugb-container{padding-top:0px !important;padding-right:18px !important;padding-bottom:0px !important;padding-left:18px !important}}@media screen and (min-width:768px){.ugb-6bcfb57 > .ugb-inner-block > .ugb-block-content > *{padding-top:64px !important;padding-bottom:64px !important}}@media screen and (max-width:768px){.ugb-6bcfb57 > .ugb-inner-block > .ugb-block-content > *{padding-top:0px !important;padding-right:0px !important;padding-bottom:0px !important;padding-left:0px !important}}<\/style><div class=\"ugb-inner-block ugb-inner-block--center\"><div class=\"ugb-block-content\"><div class=\"ugb-container__wrapper ugb-6bcfb57-wrapper\"><div class=\"ugb-container__side\"><div class=\"ugb-container__content-wrapper ugb-6bcfb57-content-wrapper\">\n<div class=\"wp-block-ugb-columns ugb-columns ugb-d41aa2e ugb-columns--design-plain ugb-columns--columns-2 ugb-main-block\"><div class=\"ugb-inner-block\"><div class=\"ugb-block-content\"><div class=\"ugb-columns__item ugb-d41aa2e-content-wrapper\">\n<div class=\"wp-block-ugb-column ugb-column ugb-25fb582 ugb-column--design-plain ugb-main-block\"><style>@media screen and (min-width:768px){.ugb-25fb582 > .ugb-inner-block > .ugb-block-content > *{justify-content:center}}.ugb-25fb582 > .ugb-inner-block > .ugb-block-content > *{justify-content:center !important}@media screen and (min-width:768px){.ugb-25fb582 > .ugb-inner-block > .ugb-block-content > *{padding-right:15% !important}}@media screen and (min-width:768px) and (max-width:1025px){.ugb-25fb582 > .ugb-inner-block > .ugb-block-content > *{padding-top:0px !important;padding-right:0px !important;padding-bottom:0px !important;padding-left:0px !important}}<\/style><div class=\"ugb-inner-block\"><div class=\"ugb-block-content\"><div class=\"ugb-column__item ugb-25fb582-column-wrapper\"><div class=\"ugb-column__content-wrapper\">\n<figure class=\"wp-block-image size-full br-8 wow animate__animated animate__fadeIn\"><img decoding=\"async\" src=\"https:\/\/varibox.best4u.dev\/wp-content\/uploads\/2024\/10\/VARIBOX-Connect-Reduce-time-empty-or-time-full.png\" alt=\"VARIBOX Connect Reduce time empty or time full\" class=\"wp-image-12222\"\/><\/figure>\n<\/div><\/div><\/div><\/div><\/div>\n\n\n\n<div class=\"wp-block-ugb-column ugb-column ugb-be65981 ugb-column--design-plain ugb-main-block\"><style>@media screen and (min-width:768px){.ugb-be65981 > .ugb-inner-block > .ugb-block-content > *{justify-content:center}}.ugb-be65981 > .ugb-inner-block > .ugb-block-content > *{justify-content:center !important}<\/style><div class=\"ugb-inner-block\"><div class=\"ugb-block-content\"><div class=\"ugb-column__item ugb-be65981-column-wrapper\"><div class=\"ugb-column__content-wrapper\">\n<div class=\"wp-block-ugb-heading ugb-heading wow animate__animated animate__fadeIn ugb-14388e2 ugb-main-block\"><style>.ugb-14388e2 .ugb-heading__title{margin-bottom:24px !important}.ugb-14388e2 .ugb-heading__subtitle{margin-bottom:24px !important}@media screen and (min-width:768px){.ugb-14388e2.ugb-heading{margin-bottom:0px !important}}<\/style><div class=\"ugb-inner-block\"><div class=\"ugb-block-content\"><h2 class=\"ugb-heading__title\">Ridurre il tempo di vuoto o di pieno<\/h2><p class=\"ugb-heading__subtitle\">I vostri IBC VARIBOX sono contenitori riutilizzabili per pi\u00f9 viaggi, che vi forniranno servizi di lunga durata fino a dieci anni. In questo lasso di tempo si vuole effettuare il maggior numero di viaggi possibile. Con VARIBOX Connect potrete conoscere l&#8217;utilizzo di ogni contenitore. Riducendo i periodi di \u201cvuoto\u201d e \u201cpieno\u201d, potrete aumentare la velocit\u00e0 di circolazione della vostra flotta VARIBOX. In questo modo, potrete fare pi\u00f9 viaggi con ogni container e vendere pi\u00f9 prodotti chimici. Inoltre, potrete servire pi\u00f9 clienti con la stessa flotta di contenitori VARIBOX. Ci\u00f2 significa che dovrete acquistare meno contenitori VARIBOX.<\/p><\/div><\/div><\/div>\n<\/div><\/div><\/div><\/div><\/div>\n<\/div><\/div><\/div><\/div>\n<\/div><\/div><\/div><\/div><\/div><\/div>\n\n\n\n<div class=\"alignfull wp-block-ugb-container ugb-container ugb-2af0fe1 ugb-container--v2 ugb-container--design-plain ugb-main-block ugb-main-block--inner-center ugb--has-block-background\"><style>.ugb-2af0fe1.ugb-container{background-color:var(--theme-palette-color-8,#f8fafc)}.ugb-2af0fe1.ugb-container:before{background-color:var(--theme-palette-color-8,#f8fafc)}@media screen and (min-width:768px){.ugb-2af0fe1.ugb-container{padding-top:0px !important;padding-right:35px !important;padding-bottom:0px !important;padding-left:35px !important}}@media screen and (max-width:768px){.ugb-2af0fe1.ugb-container{padding-top:0px !important;padding-right:18px !important;padding-bottom:0px !important;padding-left:18px !important}}@media screen and (min-width:768px){.ugb-2af0fe1 > .ugb-inner-block > .ugb-block-content > *{padding-top:64px !important;padding-bottom:64px !important}}@media screen and (max-width:768px){.ugb-2af0fe1 > .ugb-inner-block > .ugb-block-content > *{padding-top:0px !important;padding-right:0px !important;padding-bottom:0px !important;padding-left:0px !important}}<\/style><div class=\"ugb-inner-block ugb-inner-block--center\"><div class=\"ugb-block-content\"><div class=\"ugb-container__wrapper ugb-2af0fe1-wrapper\"><div class=\"ugb-container__side\"><div class=\"ugb-container__content-wrapper ugb-2af0fe1-content-wrapper\">\n<div class=\"wp-block-ugb-columns ugb-columns ugb-f913b58 ugb-columns--design-plain ugb-columns--columns-2 ugb-main-block\"><style>@media screen and (max-width:768px){.ugb-f913b58 > .ugb-inner-block > .ugb-block-content > .ugb-columns__item > .ugb-column:nth-child(2){grid-area:1 !important}.ugb-f913b58 > .ugb-inner-block > .ugb-block-content > .ugb-columns__item > .ugb-column:nth-child(1){grid-area:2 !important}}<\/style><div class=\"ugb-inner-block\"><div class=\"ugb-block-content\"><div class=\"ugb-columns__item ugb-f913b58-content-wrapper\">\n<div class=\"wp-block-ugb-column ugb-column ugb-ec359de ugb-column--design-plain ugb-main-block\"><style>@media screen and (min-width:768px){.ugb-ec359de > .ugb-inner-block > .ugb-block-content > *{justify-content:center}}.ugb-ec359de > .ugb-inner-block > .ugb-block-content > *{justify-content:center !important}<\/style><div class=\"ugb-inner-block\"><div class=\"ugb-block-content\"><div class=\"ugb-column__item ugb-ec359de-column-wrapper\"><div class=\"ugb-column__content-wrapper\">\n<div class=\"wp-block-ugb-heading ugb-heading wow animate__animated animate__fadeIn ugb-426acb3 ugb-main-block\"><style>.ugb-426acb3 .ugb-heading__title{margin-bottom:24px !important}.ugb-426acb3 .ugb-heading__subtitle{margin-bottom:24px !important}@media screen and (min-width:768px){.ugb-426acb3.ugb-heading{margin-bottom:0px !important}}<\/style><div class=\"ugb-inner-block\"><div class=\"ugb-block-content\"><h2 class=\"ugb-heading__title\">Ottimizzare il processo logistico<\/h2><p class=\"ugb-heading__subtitle\">Con gli insight generati da VARIBOX Connect, avrete l&#8217;opportunit\u00e0 di ottimizzare il vostro processo logistico: conoscerete l&#8217;esatta posizione della vostra flotta e quando si trova in ognuna di queste localit\u00e0. Prevedete le date di ritiro, vedete cos&#8217;altro pu\u00f2 essere servito lungo il percorso e pianificate i percorsi di trasporto in modo pi\u00f9 efficiente. Cos\u00ec potrete ritirare un maggior numero di container VARIBOX con un minor numero di trasporti, riducendo i costi di trasporto.<\/p><\/div><\/div><\/div>\n<\/div><\/div><\/div><\/div><\/div>\n\n\n\n<div class=\"wp-block-ugb-column ugb-column ugb-194b7e8 ugb-column--design-plain ugb-main-block\"><style>@media screen and (min-width:768px){.ugb-194b7e8 > .ugb-inner-block > .ugb-block-content > *{justify-content:center}}.ugb-194b7e8 > .ugb-inner-block > .ugb-block-content > *{justify-content:center !important}@media screen and (min-width:768px){.ugb-194b7e8 > .ugb-inner-block > .ugb-block-content > *{padding-left:15% !important}}@media screen and (min-width:768px) and (max-width:1025px){.ugb-194b7e8 > .ugb-inner-block > .ugb-block-content > *{padding-top:0px !important;padding-right:0px !important;padding-bottom:0px !important;padding-left:0px !important}}<\/style><div class=\"ugb-inner-block\"><div class=\"ugb-block-content\"><div class=\"ugb-column__item ugb-194b7e8-column-wrapper\"><div class=\"ugb-column__content-wrapper\">\n<figure class=\"wp-block-image size-full br-8 wow animate__animated animate__fadeIn\"><img decoding=\"async\" src=\"https:\/\/varibox.best4u.dev\/wp-content\/uploads\/2024\/10\/VARIBOX-Conenct-Optimize-your-logistic-process.png\" alt=\"VARIBOX Conenct Optimize your logistic process\" class=\"wp-image-12217\"\/><\/figure>\n<\/div><\/div><\/div><\/div><\/div>\n<\/div><\/div><\/div><\/div>\n<\/div><\/div><\/div><\/div><\/div><\/div>\n\n\n\n<div class=\"alignfull wp-block-ugb-container ugb-container ugb-5563735 ugb-container--v2 ugb-container--design-plain ugb-main-block ugb-main-block--inner-center ugb--has-block-background\"><style>.ugb-5563735.ugb-container{background-color:var(--theme-palette-color-8,#f8fafc)}.ugb-5563735.ugb-container:before{background-color:var(--theme-palette-color-8,#f8fafc)}@media screen and (min-width:768px){.ugb-5563735.ugb-container{padding-top:0px !important;padding-right:35px !important;padding-bottom:0px !important;padding-left:35px !important}}@media screen and (max-width:768px){.ugb-5563735.ugb-container{padding-top:0px !important;padding-right:18px !important;padding-bottom:60px !important;padding-left:18px !important}}@media screen and (min-width:768px){.ugb-5563735 > .ugb-inner-block > .ugb-block-content > *{padding-top:64px !important;padding-bottom:64px !important}}@media screen and (max-width:768px){.ugb-5563735 > .ugb-inner-block > .ugb-block-content > *{padding-top:0px !important;padding-right:0px !important;padding-bottom:0px !important;padding-left:0px !important}}<\/style><div class=\"ugb-inner-block ugb-inner-block--center\"><div class=\"ugb-block-content\"><div class=\"ugb-container__wrapper ugb-5563735-wrapper\"><div class=\"ugb-container__side\"><div class=\"ugb-container__content-wrapper ugb-5563735-content-wrapper\">\n<div class=\"wp-block-ugb-heading ugb-heading wow animate__animated animate__fadeIn ugb-5ca6fcf ugb-main-block\"><style>.ugb-5ca6fcf .ugb-heading__title{text-align:center;margin-bottom:24px !important}.ugb-5ca6fcf .ugb-heading__subtitle{margin-bottom:24px !important}.ugb-5ca6fcf .ugb-inner-block{text-align:center}@media screen and (min-width:768px){.ugb-5ca6fcf.ugb-heading{margin-bottom:0px !important}}<\/style><div class=\"ugb-inner-block\"><div class=\"ugb-block-content\"><h3 class=\"ugb-heading__title\">Ulteriori informazioni su VARIBOX Connect Fleet Efficiency<\/h3><p class=\"ugb-heading__subtitle\">Se avete domande sul VARIBOX Connect Fleet Efficiency o desiderate ulteriori informazioni, non esitate a contattarci all&#8217;indirizzo <a href=\"mailto:info@varibox-ibc.com\">info@varibox-ibc.com<\/a> o al numero +31 570 660 711.<\/p><\/div><\/div><\/div>\n\n\n\n<div class=\"wp-block-ugb-button ugb-button-wrapper green-button wow animate__animated animate__fadeIn ugb-f7dec0e ugb-main-block\"><style>.ugb-f7dec0e .ugb-block-content{justify-content:center !important}.ugb-f7dec0e .ugb-button1 .ugb-button--inner{font-weight:bold !important}.ugb-f7dec0e .ugb-button1:hover{opacity:1}.ugb-f7dec0e .ugb-inner-block{text-align:center}@media screen and (min-width:768px){.ugb-f7dec0e.ugb-button-wrapper{margin-top:-10px !important}}<\/style><div class=\"ugb-inner-block\"><div class=\"ugb-block-content\"><div class=\"ugb-button-container\"><a class=\"ugb-button1 ugb-button ugb-button--size-normal\" href=\"https:\/\/varibox.best4u.dev\/it\/contattateci\/\" rel=\"\" title=\"\"><span class=\"ugb-button--inner\">Contattateci<\/span><\/a><\/div><\/div><\/div><\/div>\n<\/div><\/div><\/div><\/div><\/div><\/div>\n","protected":false},"excerpt":{"rendered":"<p>VARIBOX Connect Efficienza della flotta Un importante vantaggio di VARIBOX Connect \u00e8 che avrete l&#8217;opportunit\u00e0 di aumentare l&#8217;efficienza della vostra flotta per ottenere il massimo profitto. VARIBOX Connect vi fornir\u00e0 gli strumenti per ottenere informazioni sull&#8217;intero processo, dal riempimento del magazzino fino all&#8217;utilizzo del prodotto chimico presso il cliente. In questa pagina troverete tre modi [&hellip;]<\/p>\n","protected":false},"author":1,"featured_media":27408,"parent":0,"menu_order":0,"comment_status":"open","ping_status":"open","template":"","meta":{"_acf_changed":false,"footnotes":""},"class_list":["post-61192","page","type-page","status-publish","has-post-thumbnail","hentry"],"blocksy_meta":{"styles_descriptor":{"styles":{"desktop":"","tablet":"","mobile":""},"google_fonts":[],"version":6}},"featured_image_urls_v2":{"full":["https:\/\/varibox.best4u.dev\/wp-content\/uploads\/2024\/10\/VARIBOX-Connect-2.png",325,370,false],"thumbnail":["https:\/\/varibox.best4u.dev\/wp-content\/uploads\/2024\/10\/VARIBOX-Connect-2-256x256.png",256,256,true],"medium":["https:\/\/varibox.best4u.dev\/wp-content\/uploads\/2024\/10\/VARIBOX-Connect-2.png",325,370,false],"medium_large":["https:\/\/varibox.best4u.dev\/wp-content\/uploads\/2024\/10\/VARIBOX-Connect-2.png",325,370,false],"large":["https:\/\/varibox.best4u.dev\/wp-content\/uploads\/2024\/10\/VARIBOX-Connect-2.png",325,370,false],"1536x1536":["https:\/\/varibox.best4u.dev\/wp-content\/uploads\/2024\/10\/VARIBOX-Connect-2.png",325,370,false],"2048x2048":["https:\/\/varibox.best4u.dev\/wp-content\/uploads\/2024\/10\/VARIBOX-Connect-2.png",325,370,false],"woocommerce_archive_thumbnail":["https:\/\/varibox.best4u.dev\/wp-content\/uploads\/2024\/10\/VARIBOX-Connect-2-270x307.png",270,307,true],"gform-image-choice-sm":["https:\/\/varibox.best4u.dev\/wp-content\/uploads\/2024\/10\/VARIBOX-Connect-2.png",264,300,false],"gform-image-choice-md":["https:\/\/varibox.best4u.dev\/wp-content\/uploads\/2024\/10\/VARIBOX-Connect-2.png",325,370,false],"gform-image-choice-lg":["https:\/\/varibox.best4u.dev\/wp-content\/uploads\/2024\/10\/VARIBOX-Connect-2.png",325,370,false],"woocommerce_thumbnail":["https:\/\/varibox.best4u.dev\/wp-content\/uploads\/2024\/10\/VARIBOX-Connect-2-270x307.png",270,307,true],"woocommerce_single":["https:\/\/varibox.best4u.dev\/wp-content\/uploads\/2024\/10\/VARIBOX-Connect-2.png",325,370,false],"woocommerce_gallery_thumbnail":["https:\/\/varibox.best4u.dev\/wp-content\/uploads\/2024\/10\/VARIBOX-Connect-2-100x100.png",100,100,true],"variation_swatches_image_size":["https:\/\/varibox.best4u.dev\/wp-content\/uploads\/2024\/10\/VARIBOX-Connect-2-50x50.png",50,50,true],"variation_swatches_tooltip_size":["https:\/\/varibox.best4u.dev\/wp-content\/uploads\/2024\/10\/VARIBOX-Connect-2-100x100.png",100,100,true]},"post_excerpt_stackable_v2":"<p>VARIBOX Connect Efficienza della flottaUn importante vantaggio di VARIBOX Connect \u00e8 che avrete l&#8217;opportunit\u00e0 di aumentare l&#8217;efficienza della vostra flotta per ottenere il massimo profitto. VARIBOX Connect vi fornir\u00e0 gli strumenti per ottenere informazioni sull&#8217;intero processo, dal riempimento del magazzino fino all&#8217;utilizzo del prodotto chimico presso il cliente. In questa pagina troverete tre modi per aumentare l&#8217;efficienza della vostra flotta VARIBOX Intermediate Bulk Container (IBC). Contattaci Tasso di consumo delle partiteCon VARIBOX Connect potrete conoscere il consumo di prodotti chimici presso i vostri clienti e quando questi ultimi esauriranno il vostro prodotto. Con questi dati generati da Connect, potrete far&hellip;<\/p>\n","category_list_v2":"","author_info_v2":{"name":"Best4u","url":"https:\/\/varibox.best4u.dev\/it\/author\/best4u\/"},"comments_num_v2":"0 comments","acf":[],"_links":{"self":[{"href":"https:\/\/varibox.best4u.dev\/it\/wp-json\/wp\/v2\/pages\/61192","targetHints":{"allow":["GET"]}}],"collection":[{"href":"https:\/\/varibox.best4u.dev\/it\/wp-json\/wp\/v2\/pages"}],"about":[{"href":"https:\/\/varibox.best4u.dev\/it\/wp-json\/wp\/v2\/types\/page"}],"author":[{"embeddable":true,"href":"https:\/\/varibox.best4u.dev\/it\/wp-json\/wp\/v2\/users\/1"}],"replies":[{"embeddable":true,"href":"https:\/\/varibox.best4u.dev\/it\/wp-json\/wp\/v2\/comments?post=61192"}],"version-history":[{"count":1,"href":"https:\/\/varibox.best4u.dev\/it\/wp-json\/wp\/v2\/pages\/61192\/revisions"}],"predecessor-version":[{"id":61193,"href":"https:\/\/varibox.best4u.dev\/it\/wp-json\/wp\/v2\/pages\/61192\/revisions\/61193"}],"wp:featuredmedia":[{"embeddable":true,"href":"https:\/\/varibox.best4u.dev\/it\/wp-json\/wp\/v2\/media\/27408"}],"wp:attachment":[{"href":"https:\/\/varibox.best4u.dev\/it\/wp-json\/wp\/v2\/media?parent=61192"}],"curies":[{"name":"wp","href":"https:\/\/api.w.org\/{rel}","templated":true}]}}