{"id":61174,"date":"2021-09-06T08:18:34","date_gmt":"2021-09-06T06:18:34","guid":{"rendered":"https:\/\/varibox.best4u.dev\/storie-in-evidenza\/"},"modified":"2025-05-22T11:19:52","modified_gmt":"2025-05-22T09:19:52","slug":"storie-in-evidenza","status":"publish","type":"page","link":"https:\/\/varibox.best4u.dev\/it\/storie-in-evidenza\/","title":{"rendered":"Storie"},"content":{"rendered":"\n<div class=\"wp-block-ugb-columns ugb-columns ugb-0d5d96e ugb-columns--design-plain ugb-columns--columns-2 ugb-main-block\"><style>.ugb-0d5d96e > .ugb-inner-block > .ugb-block-content > .ugb-columns__item{grid-template-columns:1.40fr 0.60fr !important}@media screen and (min-width:768px){.ugb-0d5d96e.ugb-columns{margin-bottom:83px !important}}@media screen and (max-width:768px){.ugb-0d5d96e-content-wrapper{grid-row-gap:0 !important}}<\/style><div class=\"ugb-inner-block\"><div class=\"ugb-block-content\"><div class=\"ugb-columns__item ugb-0d5d96e-content-wrapper\">\n<div class=\"wp-block-ugb-column ugb-column ugb-b383129 ugb-column--design-plain ugb-main-block\"><div class=\"ugb-inner-block\"><div class=\"ugb-block-content\"><div class=\"ugb-column__item ugb-b383129-column-wrapper\"><div class=\"ugb-column__content-wrapper\">\n<div class=\"wp-block-ugb-heading ugb-heading wow animate__animated animate__fadeIn ugb-bcdb7f0 ugb-main-block\"><style>.ugb-bcdb7f0 .ugb-heading__subtitle{margin-bottom:-5px !important}<\/style><div class=\"ugb-inner-block\"><div class=\"ugb-block-content\"><h1 class=\"ugb-heading__title\">Storie in evidenza<\/h1><p class=\"ugb-heading__subtitle\">Il design e la costruzione sostenibile, riutilizzabile e sicura consentono ai nostri IBC VARIBOX di essere utilizzati in molte applicazioni diverse in molteplici mercati. In questa pagina troverete diverse storie con esperienze di sicurezza, riutilizzabilit\u00e0 e sostenibilit\u00e0 di fornitori di prodotti chimici o detergenti e di utenti che mostrano come i nostri Intermediate Bulk Containers (IBC). Ci auguriamo che queste storie possano ispirare le aziende e gli utenti a migliorare la gestione sicura dei prodotti chimici e a migliorare la loro impronta ambientale.<\/p><\/div><\/div><\/div>\n\n\n\n<div class=\"wp-block-ugb-button ugb-button-wrapper green-button wow animate__animated animate__fadeIn ugb-38fba9b ugb-button--mobile-aligned ugb-main-block\"><style>.ugb-38fba9b .ugb-block-content{justify-content:flex-start !important}.ugb-38fba9b .ugb-button1 .ugb-button--inner{font-weight:bold !important}.ugb-38fba9b .ugb-button1:hover{opacity:1}.ugb-38fba9b .ugb-inner-block{text-align:left}@media screen and (min-width:768px){.ugb-38fba9b.ugb-button-wrapper{margin-bottom:0px !important}}@media screen and (max-width:768px){.ugb-38fba9b .ugb-block-content{justify-content:center !important}.ugb-38fba9b .ugb-inner-block{text-align:center}}<\/style><div class=\"ugb-inner-block\"><div class=\"ugb-block-content\"><div class=\"ugb-button-container\"><a class=\"ugb-button1 ugb-button ugb-button--size-normal\" href=\"https:\/\/varibox.best4u.dev\/it\/contattateci\/\" rel=\"\" title=\"\"><span class=\"ugb-button--inner\">Contattateci<\/span><\/a><\/div><\/div><\/div><\/div>\n<\/div><\/div><\/div><\/div><\/div>\n\n\n\n<div class=\"wp-block-ugb-column ugb-column ugb-e882f9a ugb-column--design-plain ugb-main-block\"><style>@media screen and (max-width:768px){.ugb-e882f9a .ugb-inner-block{text-align:center}}<\/style><div class=\"ugb-inner-block\"><div class=\"ugb-block-content\"><div class=\"ugb-column__item ugb-e882f9a-column-wrapper\"><div class=\"ugb-column__content-wrapper\">\n<figure class=\"wp-block-image size-full wow animate__animated animate__fadeIn\"><img decoding=\"async\" width=\"325\" height=\"370\" src=\"https:\/\/varibox.best4u.dev\/wp-content\/uploads\/2024\/11\/VARIBOX-Compact-Containment-54.png\" alt=\"\" class=\"wp-image-62449\" srcset=\"https:\/\/varibox.best4u.dev\/wp-content\/uploads\/2024\/11\/VARIBOX-Compact-Containment-54.png 325w, https:\/\/varibox.best4u.dev\/wp-content\/uploads\/2024\/11\/VARIBOX-Compact-Containment-54-270x307.png 270w\" sizes=\"(max-width: 325px) 100vw, 325px\" \/><\/figure>\n<\/div><\/div><\/div><\/div><\/div>\n<\/div><\/div><\/div><\/div>\n\n\n\n<div class=\"alignfull wp-block-ugb-container ugb-container ugb-25beaa0 ugb-container--v2 ugb-container--design-plain ugb-main-block ugb-main-block--inner-center ugb--has-block-background\"><style>.ugb-25beaa0.ugb-container{background-color:var(--theme-palette-color-7,#F9FAFB)}.ugb-25beaa0.ugb-container:before{background-color:var(--theme-palette-color-7,#F9FAFB)}@media screen and (min-width:768px){.ugb-25beaa0-content-wrapper.ugb-container__content-wrapper{width:85% !important}.ugb-25beaa0.ugb-container{margin-bottom:0px !important;padding-top:0px !important;padding-right:35px !important;padding-bottom:0px !important;padding-left:35px !important}}@media screen and (min-width:768px) and (max-width:1025px){.ugb-25beaa0-content-wrapper.ugb-container__content-wrapper{width:100% !important}}@media screen and (max-width:768px){.ugb-25beaa0.ugb-container{margin-bottom:0px !important;padding-top:0px !important;padding-right:18px !important;padding-bottom:0px !important;padding-left:18px !important}}@media screen and (min-width:768px){.ugb-25beaa0 > .ugb-inner-block > .ugb-block-content > *{padding-top:40px !important;padding-bottom:40px !important}}@media screen and (max-width:768px){.ugb-25beaa0 > .ugb-inner-block > .ugb-block-content > *{padding-top:35px !important;padding-bottom:0px !important}}<\/style><div class=\"ugb-inner-block ugb-inner-block--center\"><div class=\"ugb-block-content\"><div class=\"ugb-container__wrapper ugb-25beaa0-wrapper\"><div class=\"ugb-container__side\"><div class=\"ugb-container__content-wrapper ugb-25beaa0-content-wrapper\">\n<div class=\"aligncenter wp-block-ugb-columns ugb-columns top-icons-columns ugb-609d063 ugb-columns--design-plain ugb-columns--columns-3 ugb-main-block\"><style>.ugb-609d063-content-wrapper{grid-column-gap:15px !important}@media screen and (min-width:768px) and (max-width:1025px){.ugb-609d063-content-wrapper{grid-column-gap:0px !important}}@media screen and (max-width:768px){.ugb-609d063-content-wrapper{grid-row-gap:0 !important;grid-column-gap:0px !important}.ugb-609d063 .ugb-inner-block{text-align:center}.ugb-609d063.ugb-columns{margin-top:0px !important;margin-bottom:0px !important}}<\/style><div class=\"ugb-inner-block\"><div class=\"ugb-block-content\"><div class=\"ugb-columns__item ugb-609d063-content-wrapper\">\n<div class=\"wp-block-ugb-column ugb-column ugb-aa84cea ugb-column--design-plain ugb-main-block\"><div class=\"ugb-inner-block\"><div class=\"ugb-block-content\"><div class=\"ugb-column__item ugb-aa84cea-column-wrapper\"><div class=\"ugb-column__content-wrapper\">\n<div class=\"wp-block-group is-layout-flow wp-block-group-is-layout-flow\">\n<div class=\"wp-block-media-text alignwide is-stacked-on-mobile is-vertically-aligned-center content-pages-top-icons\" style=\"grid-template-columns:30% auto\"><figure class=\"wp-block-media-text__media\"><img decoding=\"async\" src=\"https:\/\/varibox.best4u.dev\/wp-content\/uploads\/2021\/12\/test.svg\" alt=\"\" class=\"wp-image-3005 size-full\"\/><\/figure><div class=\"wp-block-media-text__content\">\n<h4 class=\"wp-block-heading has-text-align-left has-medium-font-size\">Pi\u00f9 sicuro<\/h4>\n<\/div><\/div>\n<\/div>\n<\/div><\/div><\/div><\/div><\/div>\n\n\n\n<div class=\"wp-block-ugb-column ugb-column ugb-a25ba9c ugb-column--design-plain ugb-main-block\"><div class=\"ugb-inner-block\"><div class=\"ugb-block-content\"><div class=\"ugb-column__item ugb-a25ba9c-column-wrapper\"><div class=\"ugb-column__content-wrapper\">\n<div class=\"wp-block-group is-layout-flow wp-block-group-is-layout-flow\">\n<div class=\"wp-block-media-text alignwide is-stacked-on-mobile is-vertically-aligned-center content-pages-top-icons\" style=\"grid-template-columns:30% auto\"><figure class=\"wp-block-media-text__media\"><img decoding=\"async\" src=\"https:\/\/varibox.best4u.dev\/wp-content\/uploads\/2021\/11\/reuseablility-green-1.svg\" alt=\"\" class=\"wp-image-1838 size-full\"\/><\/figure><div class=\"wp-block-media-text__content\">\n<h4 class=\"wp-block-heading has-text-align-left has-medium-font-size\">Riutilizzabile<\/h4>\n<\/div><\/div>\n<\/div>\n<\/div><\/div><\/div><\/div><\/div>\n\n\n\n<div class=\"wp-block-ugb-column ugb-column ugb-ed3faa1 ugb-column--design-plain ugb-main-block\"><div class=\"ugb-inner-block\"><div class=\"ugb-block-content\"><div class=\"ugb-column__item ugb-ed3faa1-column-wrapper\"><div class=\"ugb-column__content-wrapper\">\n<div class=\"wp-block-group is-layout-flow wp-block-group-is-layout-flow\">\n<div class=\"wp-block-media-text alignwide is-stacked-on-mobile is-vertically-aligned-center content-pages-top-icons\" style=\"grid-template-columns:29% auto\"><figure class=\"wp-block-media-text__media\"><img decoding=\"async\" src=\"https:\/\/varibox.best4u.dev\/wp-content\/uploads\/2021\/11\/sustainability-green-1.svg\" alt=\"\" class=\"wp-image-1851 size-full\"\/><\/figure><div class=\"wp-block-media-text__content\">\n<h4 class=\"wp-block-heading has-text-align-left has-medium-font-size\">Sostenibile<\/h4>\n<\/div><\/div>\n<\/div>\n<\/div><\/div><\/div><\/div><\/div>\n<\/div><\/div><\/div><\/div>\n<\/div><\/div><\/div><\/div><\/div><\/div>\n\n\n\n<div class=\"alignfull wp-block-ugb-container ugb-container ugb-0591a81 ugb-container--v2 ugb-container--design-plain ugb-main-block ugb-main-block--inner-center ugb--has-block-background ugb--has-background-overlay\"><style>.ugb-0591a81.ugb-container{background-color:var(--theme-palette-color-8,#f8fafc)}.ugb-0591a81.ugb-container:before{background-image:linear-gradient(180deg,var(--theme-palette-color-8,#f8fafc) 0%,#ffffff 100%)}@media screen and (min-width:768px){.ugb-0591a81.ugb-container{padding-top:0px !important;padding-right:35px !important;padding-bottom:0px !important;padding-left:35px !important}}@media screen and (max-width:768px){.ugb-0591a81.ugb-container{padding-top:0px !important;padding-right:18px !important;padding-bottom:0px !important;padding-left:18px !important}}@media screen and (min-width:768px){.ugb-0591a81 > .ugb-inner-block > .ugb-block-content > *{padding-top:64px !important;padding-bottom:64px !important}}<\/style><div class=\"ugb-inner-block ugb-inner-block--center\"><div class=\"ugb-block-content\"><div class=\"ugb-container__wrapper ugb-0591a81-wrapper\"><div class=\"ugb-container__side\"><div class=\"ugb-container__content-wrapper ugb-0591a81-content-wrapper\">\n<div class=\"wp-block-ugb-blog-posts ugb-blog-posts stories-posts wow animate__animated animate__fadeIn ugb-c0da02c ugb-blog-posts--v2 ugb-blog-posts--design-basic ugb-blog-posts--columns-3 ugb-main-block\" data-load-items=\"\" data-id=\"ugb-c0da02c\"><style>.ugb-c0da02c .ugb-blog-posts__featured-image{border-radius:8px !important;margin-bottom:24px !important}.ugb-c0da02c .ugb-blog-posts__featured-image img{height:300px !important}.ugb-c0da02c .ugb-blog-posts__title a{color:var(--theme-palette-color-3,#334155) !important}.ugb-c0da02c .ugb-blog-posts__title a:hover{opacity:0.8}.ugb-c0da02c .ugb-blog-posts__title{line-height:1.5em !important;margin-bottom:24px !important}.ugb-c0da02c .ugb-blog-posts__excerpt{margin-bottom:24px !important}.ugb-c0da02c .ugb-blog-posts__readmore a{color:var(--theme-palette-color-1,#0178be) !important}.ugb-c0da02c .ugb-blog-posts__readmore a:hover{opacity:0.8}.ugb-c0da02c .ugb-blog-posts__readmore{margin-bottom:0px !important}<\/style><div class=\"ugb-inner-block\"><div class=\"ugb-block-content\"><article class=\"ugb-blog-posts__item\"><div class=\"ugb-blog-posts__content\"><figure class=\"ugb-blog-posts__featured-image ugb--shadow-3\"><a href=\"https:\/\/varibox.best4u.dev\/it\/story\/intervista-varibox-nellaecq\/\"><img decoding=\"async\" width=\"1024\" height=\"691\" src=\"https:\/\/varibox.best4u.dev\/wp-content\/uploads\/2025\/05\/VARIBOX.jpg\" class=\"attachment-large size-large wp-post-image\" alt=\"\" \/><\/a><\/figure><h3 class=\"ugb-blog-posts__title\"><a href=\"https:\/\/varibox.best4u.dev\/it\/story\/intervista-varibox-nellaecq\/\">Intervista VARIBOX nell&#8217;AECQ<\/a><\/h3><div class=\"ugb-blog-posts__excerpt\"><p>Oggi l&#8217;associazione spagnola del commercio chimico (AECQ) ha intervistato il nostro account manager per il sud Europa, Christophe Maricourt.<\/p>\n<\/div><p class=\"ugb-blog-posts__readmore\"><a href=\"https:\/\/varibox.best4u.dev\/it\/story\/intervista-varibox-nellaecq\/\">Read more<\/a><\/p><\/div><\/article><article class=\"ugb-blog-posts__item\"><div class=\"ugb-blog-posts__content\"><figure class=\"ugb-blog-posts__featured-image ugb--shadow-3\"><a href=\"https:\/\/varibox.best4u.dev\/it\/story\/varibox-all11a-edizione-dellaccademia-diversey\/\"><img decoding=\"async\" width=\"1024\" height=\"768\" src=\"https:\/\/varibox.best4u.dev\/wp-content\/uploads\/2025\/05\/IMG_5863-scaled-1-1024x768.jpg\" class=\"attachment-large size-large wp-post-image\" alt=\"\" \/><\/a><\/figure><h3 class=\"ugb-blog-posts__title\"><a href=\"https:\/\/varibox.best4u.dev\/it\/story\/varibox-all11a-edizione-dellaccademia-diversey\/\">VARIBOX all&#8217;11\u00aa edizione dell&#8217;Accademia Diversey<\/a><\/h3><div class=\"ugb-blog-posts__excerpt\"><p>VARIBOX all&#8217;11\u00aa edizione dell&#8217;Accademia Diversey<\/p>\n<\/div><p class=\"ugb-blog-posts__readmore\"><a href=\"https:\/\/varibox.best4u.dev\/it\/story\/varibox-all11a-edizione-dellaccademia-diversey\/\">Read more<\/a><\/p><\/div><\/article><article class=\"ugb-blog-posts__item\"><div class=\"ugb-blog-posts__content\"><figure class=\"ugb-blog-posts__featured-image ugb--shadow-3\"><a href=\"https:\/\/varibox.best4u.dev\/it\/story\/varibox-full-containment-10-anni-di-utilizzo-presso-sopura\/\"><img decoding=\"async\" width=\"1024\" height=\"683\" src=\"https:\/\/varibox.best4u.dev\/wp-content\/uploads\/2025\/05\/Mireille-and-Arthur-at-Kersia-Belgium-1024x683.jpg\" class=\"attachment-large size-large wp-post-image\" alt=\"\" \/><\/a><\/figure><h3 class=\"ugb-blog-posts__title\"><a href=\"https:\/\/varibox.best4u.dev\/it\/story\/varibox-full-containment-10-anni-di-utilizzo-presso-sopura\/\">VARIBOX FC 10 anni di utilizzo presso Sopura<\/a><\/h3><div class=\"ugb-blog-posts__excerpt\"><p>VARIBOX FC 10 anni di utilizzo presso Sopura<\/p>\n<\/div><p class=\"ugb-blog-posts__readmore\"><a href=\"https:\/\/varibox.best4u.dev\/it\/story\/varibox-full-containment-10-anni-di-utilizzo-presso-sopura\/\">Read more<\/a><\/p><\/div><\/article><div class=\"ugb-button-container ugb-blog-posts__load-more-button\"><a class=\"ugb-button ugb-button--size-normal\" href=\"#0\" rel=\"\" title=\"\" role=\"button\"><span class=\"ugb-button--inner\">Load More<\/span><\/a><\/div><\/div><\/div><\/div>\n\n\n\n<h3 class=\"wp-block-heading has-text-align-center\" id=\"stories-about-the-safety-of-our-ibcs\">Storie sulla sicurezza dei nostri IBC<\/h3>\n\n\n\n<p class=\"has-text-align-center\">I contenitori intermedi per il trasporto alla rinfusa (IBC) VARIBOX sono appositamente progettati e prodotti per eccellere in sicurezza, riutilizzabilit\u00e0 e sostenibilit\u00e0. Molte delle storie che troverete sul nostro sito web mostrano le esperienze dei nostri clienti e degli utenti dei nostri clienti in materia di sicurezza. Condividendo queste esperienze, speriamo che possiate vedere esempi pratici di come migliorare la sicurezza nella distribuzione e nella manipolazione dei prodotti chimici. Alla fine della giornata, l&#8217;obiettivo di VARIBOX \u00e8 quello di creare un ambiente di lavoro con i prodotti chimici in cui la sicurezza sia la priorit\u00e0 numero uno.<\/p>\n\n\n\n<h3 class=\"wp-block-heading has-text-align-center\" id=\"sustainable-chemical-containers\">Contenitori chimici sostenibili<\/h3>\n\n\n\n<p class=\"has-text-align-center\">La sostenibilit\u00e0 sta diventando sempre pi\u00f9 importante. Lavoriamo duramente per rispettare le nostre responsabilit\u00e0 ambientali VARIBOX e per aiutare i nostri clienti e gli utenti dei container intermedi per il trasporto alla rinfusa VARIBOX a rispettare le loro responsabilit\u00e0 ambientali. Condividendo le esperienze dei nostri contenitori VARIBOX durevoli, con una durata minima di cinque anni, speriamo di ispirare i nostri clienti e gli utenti dei contenitori intermedi per il trasporto alla rinfusa a migliorare la loro impronta di carbonio.<\/p>\n<\/div><\/div><\/div><\/div><\/div><\/div>\n\n\n\n<div class=\"alignfull wp-block-ugb-container ugb-container ugb-5563735 ugb-container--v2 ugb-container--design-plain ugb-main-block ugb-main-block--inner-center ugb--has-block-background\"><style>.ugb-5563735.ugb-container{background-color:var(--theme-palette-color-8,#f8fafc)}.ugb-5563735.ugb-container:before{background-color:var(--theme-palette-color-8,#f8fafc)}@media screen and (min-width:768px){.ugb-5563735.ugb-container{padding-top:0px !important;padding-right:35px !important;padding-bottom:0px !important;padding-left:35px !important}}@media screen and (max-width:768px){.ugb-5563735.ugb-container{padding-top:0px !important;padding-right:18px !important;padding-bottom:0px !important;padding-left:18px !important}}@media screen and (min-width:768px){.ugb-5563735 > .ugb-inner-block > .ugb-block-content > *{padding-top:64px !important;padding-bottom:64px !important}}<\/style><div class=\"ugb-inner-block ugb-inner-block--center\"><div class=\"ugb-block-content\"><div class=\"ugb-container__wrapper ugb-5563735-wrapper\"><div class=\"ugb-container__side\"><div class=\"ugb-container__content-wrapper ugb-5563735-content-wrapper\">\n<div class=\"wp-block-ugb-heading ugb-heading wow animate__animated animate__fadeIn ugb-5ca6fcf ugb-main-block\"><style>.ugb-5ca6fcf .ugb-heading__title{text-align:center;margin-bottom:24px !important}.ugb-5ca6fcf .ugb-heading__subtitle{margin-bottom:24px !important}.ugb-5ca6fcf .ugb-inner-block{text-align:center}@media screen and (min-width:768px){.ugb-5ca6fcf.ugb-heading{margin-bottom:0px !important}}<\/style><div class=\"ugb-inner-block\"><div class=\"ugb-block-content\"><h3 class=\"ugb-heading__title\">Condividi la tua esperienza con gli IBC VARIBOX di Storie in evidenza<\/h3><p class=\"ugb-heading__subtitle\">Volete condividere con noi le vostre esperienze di sicurezza o di sostenibilit\u00e0 con gli Intermediate Bulk Container (IBC) VARIBOX in una storia in evidenza? Oppure avete domande su una delle storie? Contattateci.<\/p><\/div><\/div><\/div>\n\n\n\n<div class=\"wp-block-ugb-button ugb-button-wrapper green-button wow animate__animated animate__fadeInDown ugb-f7dec0e ugb-main-block\"><style>.ugb-f7dec0e .ugb-block-content{justify-content:center !important}.ugb-f7dec0e .ugb-button1 .ugb-button--inner{font-weight:bold !important}.ugb-f7dec0e .ugb-button1:hover{opacity:1}.ugb-f7dec0e .ugb-inner-block{text-align:center}@media screen and (min-width:768px){.ugb-f7dec0e.ugb-button-wrapper{margin-top:-10px !important}}<\/style><div class=\"ugb-inner-block\"><div class=\"ugb-block-content\"><div class=\"ugb-button-container\"><a class=\"ugb-button1 ugb-button ugb-button--size-normal\" href=\"https:\/\/varibox.best4u.dev\/it\/contattateci\/\" rel=\"\" title=\"\"><span class=\"ugb-button--inner\">Contattateci<\/span><\/a><\/div><\/div><\/div><\/div>\n<\/div><\/div><\/div><\/div><\/div><\/div>\n","protected":false},"excerpt":{"rendered":"<p>Storie in evidenza Il design e la costruzione sostenibile, riutilizzabile e sicura consentono ai nostri IBC VARIBOX di essere utilizzati in molte applicazioni diverse in molteplici mercati. In questa pagina troverete diverse storie con esperienze di sicurezza, riutilizzabilit\u00e0 e sostenibilit\u00e0 di fornitori di prodotti chimici o detergenti e di utenti che mostrano come i nostri [&hellip;]<\/p>\n","protected":false},"author":1,"featured_media":44102,"parent":0,"menu_order":0,"comment_status":"open","ping_status":"open","template":"","meta":{"_acf_changed":false,"footnotes":""},"class_list":["post-61174","page","type-page","status-publish","has-post-thumbnail","hentry"],"blocksy_meta":{"styles_descriptor":{"styles":{"desktop":"","tablet":"","mobile":""},"google_fonts":[],"version":6}},"featured_image_urls_v2":{"full":["https:\/\/varibox.best4u.dev\/wp-content\/uploads\/2022\/07\/VARIBOX-Drumtainer.png",600,400,false],"thumbnail":["https:\/\/varibox.best4u.dev\/wp-content\/uploads\/2022\/07\/VARIBOX-Drumtainer-256x256.png",256,256,true],"medium":["https:\/\/varibox.best4u.dev\/wp-content\/uploads\/2022\/07\/VARIBOX-Drumtainer-512x341.png",512,341,true],"medium_large":["https:\/\/varibox.best4u.dev\/wp-content\/uploads\/2022\/07\/VARIBOX-Drumtainer.png",600,400,false],"large":["https:\/\/varibox.best4u.dev\/wp-content\/uploads\/2022\/07\/VARIBOX-Drumtainer.png",600,400,false],"1536x1536":["https:\/\/varibox.best4u.dev\/wp-content\/uploads\/2022\/07\/VARIBOX-Drumtainer.png",600,400,false],"2048x2048":["https:\/\/varibox.best4u.dev\/wp-content\/uploads\/2022\/07\/VARIBOX-Drumtainer.png",600,400,false],"woocommerce_archive_thumbnail":["https:\/\/varibox.best4u.dev\/wp-content\/uploads\/2022\/07\/VARIBOX-Drumtainer-270x180.png",270,180,true],"gform-image-choice-sm":["https:\/\/varibox.best4u.dev\/wp-content\/uploads\/2022\/07\/VARIBOX-Drumtainer.png",300,200,false],"gform-image-choice-md":["https:\/\/varibox.best4u.dev\/wp-content\/uploads\/2022\/07\/VARIBOX-Drumtainer.png",400,267,false],"gform-image-choice-lg":["https:\/\/varibox.best4u.dev\/wp-content\/uploads\/2022\/07\/VARIBOX-Drumtainer.png",600,400,false],"woocommerce_thumbnail":["https:\/\/varibox.best4u.dev\/wp-content\/uploads\/2022\/07\/VARIBOX-Drumtainer-270x180.png",270,180,true],"woocommerce_single":["https:\/\/varibox.best4u.dev\/wp-content\/uploads\/2022\/07\/VARIBOX-Drumtainer.png",600,400,false],"woocommerce_gallery_thumbnail":["https:\/\/varibox.best4u.dev\/wp-content\/uploads\/2022\/07\/VARIBOX-Drumtainer-100x100.png",100,100,true],"variation_swatches_image_size":["https:\/\/varibox.best4u.dev\/wp-content\/uploads\/2022\/07\/VARIBOX-Drumtainer-50x50.png",50,50,true],"variation_swatches_tooltip_size":["https:\/\/varibox.best4u.dev\/wp-content\/uploads\/2022\/07\/VARIBOX-Drumtainer-100x100.png",100,100,true]},"post_excerpt_stackable_v2":"<p>Storie in evidenzaIl design e la costruzione sostenibile, riutilizzabile e sicura consentono ai nostri IBC VARIBOX di essere utilizzati in molte applicazioni diverse in molteplici mercati. In questa pagina troverete diverse storie con esperienze di sicurezza, riutilizzabilit\u00e0 e sostenibilit\u00e0 di fornitori di prodotti chimici o detergenti e di utenti che mostrano come i nostri Intermediate Bulk Containers (IBC). Ci auguriamo che queste storie possano ispirare le aziende e gli utenti a migliorare la gestione sicura dei prodotti chimici e a migliorare la loro impronta ambientale. Contattateci Pi\u00f9 sicuro Riutilizzabile Sostenibile Intervista VARIBOX nell&#8217;AECQOggi l&#8217;associazione spagnola del commercio chimico (AECQ) ha&hellip;<\/p>\n","category_list_v2":"","author_info_v2":{"name":"Best4u","url":"https:\/\/varibox.best4u.dev\/it\/author\/best4u\/"},"comments_num_v2":"0 comments","acf":[],"_links":{"self":[{"href":"https:\/\/varibox.best4u.dev\/it\/wp-json\/wp\/v2\/pages\/61174","targetHints":{"allow":["GET"]}}],"collection":[{"href":"https:\/\/varibox.best4u.dev\/it\/wp-json\/wp\/v2\/pages"}],"about":[{"href":"https:\/\/varibox.best4u.dev\/it\/wp-json\/wp\/v2\/types\/page"}],"author":[{"embeddable":true,"href":"https:\/\/varibox.best4u.dev\/it\/wp-json\/wp\/v2\/users\/1"}],"replies":[{"embeddable":true,"href":"https:\/\/varibox.best4u.dev\/it\/wp-json\/wp\/v2\/comments?post=61174"}],"version-history":[{"count":3,"href":"https:\/\/varibox.best4u.dev\/it\/wp-json\/wp\/v2\/pages\/61174\/revisions"}],"predecessor-version":[{"id":64019,"href":"https:\/\/varibox.best4u.dev\/it\/wp-json\/wp\/v2\/pages\/61174\/revisions\/64019"}],"wp:featuredmedia":[{"embeddable":true,"href":"https:\/\/varibox.best4u.dev\/it\/wp-json\/wp\/v2\/media\/44102"}],"wp:attachment":[{"href":"https:\/\/varibox.best4u.dev\/it\/wp-json\/wp\/v2\/media?parent=61174"}],"curies":[{"name":"wp","href":"https:\/\/api.w.org\/{rel}","templated":true}]}}