{"id":71585,"date":"2026-01-12T10:43:17","date_gmt":"2026-01-12T09:43:17","guid":{"rendered":"https:\/\/varibox.best4u.dev\/product\/varibox-fc-1000\/"},"modified":"2026-01-27T10:05:26","modified_gmt":"2026-01-27T09:05:26","slug":"varibox-fc-1000","status":"publish","type":"product","link":"https:\/\/varibox.best4u.dev\/fr\/produit\/varibox-fc-1000\/","title":{"rendered":"VARIBOX FC 1000"},"content":{"rendered":"<p>Le VARIBOX Full Containment (FC) dispose d\u2019un syst\u00e8me int\u00e9gr\u00e9 de confinement des d\u00e9versements de 110% permettant aux fournisseurs et aux utilisateurs de respecter les normes les plus strictes en mati\u00e8re de s\u00e9curit\u00e9.<\/p>\n","protected":false},"excerpt":{"rendered":"<p>VARIBOX Full Containment, l\u2019IBC le plus s\u00fbr pour la distribution des produits chimiques<\/p>\n","protected":false},"featured_media":71347,"comment_status":"closed","ping_status":"closed","template":"","meta":{"_acf_changed":false},"product_brand":[],"product_cat":[421],"product_tag":[],"class_list":{"0":"post-71585","1":"product","2":"type-product","3":"status-publish","4":"has-post-thumbnail","6":"product_cat-varibox-sc-1000-fr","7":"product_shipping_class-deventer-en","8":"pa_afdichting-epdm","9":"pa_afdichting-food","10":"pa_afdichting-viton","11":"pa_ontluchting-beluchter","12":"pa_ontluchting-combivent","13":"pa_zuigbuis-as-qc2","14":"pa_zuigbuis-geen","15":"pa_zuigbuis-safeline-performance-20-min","16":"pa_zuigbuis-safeline-precision-50-uur","18":"first","19":"instock","20":"purchasable","21":"product-type-variable"},"featured_image_urls_v2":{"full":["https:\/\/varibox.best4u.dev\/wp-content\/uploads\/2026\/01\/VARIBOX-FC-1000-Viton.jpg",1000,1000,false],"thumbnail":["https:\/\/varibox.best4u.dev\/wp-content\/uploads\/2026\/01\/VARIBOX-FC-1000-Viton-256x256.jpg",256,256,true],"medium":["https:\/\/varibox.best4u.dev\/wp-content\/uploads\/2026\/01\/VARIBOX-FC-1000-Viton-512x512.jpg",512,512,true],"medium_large":["https:\/\/varibox.best4u.dev\/wp-content\/uploads\/2026\/01\/VARIBOX-FC-1000-Viton-768x768.jpg",768,768,true],"large":["https:\/\/varibox.best4u.dev\/wp-content\/uploads\/2026\/01\/VARIBOX-FC-1000-Viton.jpg",1000,1000,false],"1536x1536":["https:\/\/varibox.best4u.dev\/wp-content\/uploads\/2026\/01\/VARIBOX-FC-1000-Viton.jpg",1000,1000,false],"2048x2048":["https:\/\/varibox.best4u.dev\/wp-content\/uploads\/2026\/01\/VARIBOX-FC-1000-Viton.jpg",1000,1000,false],"woocommerce_archive_thumbnail":["https:\/\/varibox.best4u.dev\/wp-content\/uploads\/2026\/01\/VARIBOX-FC-1000-Viton-270x270.jpg",270,270,true],"gform-image-choice-sm":["https:\/\/varibox.best4u.dev\/wp-content\/uploads\/2026\/01\/VARIBOX-FC-1000-Viton.jpg",300,300,false],"gform-image-choice-md":["https:\/\/varibox.best4u.dev\/wp-content\/uploads\/2026\/01\/VARIBOX-FC-1000-Viton.jpg",400,400,false],"gform-image-choice-lg":["https:\/\/varibox.best4u.dev\/wp-content\/uploads\/2026\/01\/VARIBOX-FC-1000-Viton.jpg",600,600,false],"woocommerce_thumbnail":["https:\/\/varibox.best4u.dev\/wp-content\/uploads\/2026\/01\/VARIBOX-FC-1000-Viton-270x270.jpg",270,270,true],"woocommerce_single":["https:\/\/varibox.best4u.dev\/wp-content\/uploads\/2026\/01\/VARIBOX-FC-1000-Viton.jpg",1000,1000,false],"woocommerce_gallery_thumbnail":["https:\/\/varibox.best4u.dev\/wp-content\/uploads\/2026\/01\/VARIBOX-FC-1000-Viton-100x100.jpg",100,100,true],"variation_swatches_image_size":["https:\/\/varibox.best4u.dev\/wp-content\/uploads\/2026\/01\/VARIBOX-FC-1000-Viton-50x50.jpg",50,50,true],"variation_swatches_tooltip_size":["https:\/\/varibox.best4u.dev\/wp-content\/uploads\/2026\/01\/VARIBOX-FC-1000-Viton-100x100.jpg",100,100,true]},"post_excerpt_stackable_v2":"<p>VARIBOX Full Containment, l\u2019IBC le plus s\u00fbr pour la distribution des produits chimiques<\/p>\n","category_list_v2":"","author_info_v2":{"name":"","url":""},"comments_num_v2":"0 comments","acf":[],"_links":{"self":[{"href":"https:\/\/varibox.best4u.dev\/fr\/wp-json\/wp\/v2\/product\/71585","targetHints":{"allow":["GET"]}}],"collection":[{"href":"https:\/\/varibox.best4u.dev\/fr\/wp-json\/wp\/v2\/product"}],"about":[{"href":"https:\/\/varibox.best4u.dev\/fr\/wp-json\/wp\/v2\/types\/product"}],"replies":[{"embeddable":true,"href":"https:\/\/varibox.best4u.dev\/fr\/wp-json\/wp\/v2\/comments?post=71585"}],"wp:featuredmedia":[{"embeddable":true,"href":"https:\/\/varibox.best4u.dev\/fr\/wp-json\/wp\/v2\/media\/71347"}],"wp:attachment":[{"href":"https:\/\/varibox.best4u.dev\/fr\/wp-json\/wp\/v2\/media?parent=71585"}],"wp:term":[{"taxonomy":"product_brand","embeddable":true,"href":"https:\/\/varibox.best4u.dev\/fr\/wp-json\/wp\/v2\/product_brand?post=71585"},{"taxonomy":"product_cat","embeddable":true,"href":"https:\/\/varibox.best4u.dev\/fr\/wp-json\/wp\/v2\/product_cat?post=71585"},{"taxonomy":"product_tag","embeddable":true,"href":"https:\/\/varibox.best4u.dev\/fr\/wp-json\/wp\/v2\/product_tag?post=71585"}],"curies":[{"name":"wp","href":"https:\/\/api.w.org\/{rel}","templated":true}]}}