{"id":70187,"date":"2025-07-29T10:19:09","date_gmt":"2025-07-29T08:19:09","guid":{"rendered":"https:\/\/varibox.best4u.dev\/product\/varibox-single-containment-1000l\/"},"modified":"2025-10-09T14:13:54","modified_gmt":"2025-10-09T12:13:54","slug":"varibox-single-containment-1000l","status":"publish","type":"product","link":"https:\/\/varibox.best4u.dev\/fr\/produit\/varibox-single-containment-1000l\/","title":{"rendered":"VARIBOX Single Containment 1000L"},"content":{"rendered":"<p>Le VARIBOX Single Containment (SC) est un grand r\u00e9cipient pour vrac (GRV) r\u00e9utilisable dont la dur\u00e9e de vie est 10 fois plus longue que celle des autres GRV.<\/p>\n<h2>Manipulation s\u00fbre et sans souci des produits chimiques<\/h2>\n<p>Travailler avec des produits chimiques dangereux signifie que vous avez besoin d&rsquo;un emballage auquel vous pouvez faire confiance. Le VARIBOX Single Containment 1000L (SC) est con\u00e7u pour vous aider \u00e0 stocker et \u00e0 transporter des liquides en toute s\u00e9curit\u00e9 et sans probl\u00e8me. Sa structure robuste et son syst\u00e8me ferm\u00e9 r\u00e9duisent les risques de d\u00e9versement, d&rsquo;exposition et de contamination. Ce qui le distingue vraiment, c&rsquo;est le robinet \u00e0 boisseau sph\u00e9rique VARIBOX int\u00e9gr\u00e9 &#8211; un robinet monobloc solide dont la dur\u00e9e de vie peut atteindre 5 ans. Cette vanne garantit que votre produit reste \u00e0 l&rsquo;int\u00e9rieur du conteneur \u00e0 tout moment, prot\u00e9geant ainsi vos op\u00e9rateurs et l&rsquo;environnement. Enti\u00e8rement certifi\u00e9 par l&rsquo;ONU, le SC est id\u00e9al pour une utilisation dans des zones cl\u00f4tur\u00e9es et r\u00e9pond \u00e0 toutes les exigences en mati\u00e8re de transport de marchandises dangereuses en Europe. Vous pouvez compter sur lui, que vous ayez besoin d&rsquo;un, de deux ou de plusieurs conteneurs.<\/p>\n<h2>Durable, r\u00e9utilisable et con\u00e7u pour une utilisation quotidienne<\/h2>\n<p>Le VARIBOX SC est con\u00e7u pour une utilisation r\u00e9p\u00e9t\u00e9e et \u00e0 long terme, et non pour des applications jetables. Avec une dur\u00e9e de vie allant jusqu&rsquo;\u00e0 10 ans, cet IBC est un investissement solide pour tout professionnel utilisant r\u00e9guli\u00e8rement des produits chimiques. Il est fabriqu\u00e9 en poly\u00e9thyl\u00e8ne haute densit\u00e9 (PEHD) par rotomoulage, ce qui rend la structure \u00e9paisse, r\u00e9sistante aux chocs et exempte de corrosion. Le conteneur permet une vidange totale, avec moins de 0,1 % de r\u00e9sidus, ce qui le rend propre et rentable. Des configurations de vannes 1&Prime; et 2&Prime; sont disponibles, et gr\u00e2ce \u00e0 son empreinte de palette standard (1200 x 1000 mm), il est facile \u00e0 manipuler avec des chariots \u00e9l\u00e9vateurs \u00e0 fourche ou des transpalettes. Un code couleur est disponible pour faciliter l&rsquo;identification du contenu. Tout est livr\u00e9 enti\u00e8rement assembl\u00e9 et pr\u00eat \u00e0 l&#8217;emploi &#8211; il suffit de d\u00e9baller et de partir.<\/p>\n<h2>Un choix d&#8217;emballage plus intelligent et plus durable<\/h2>\n<p>Chaque fois que vous r\u00e9utilisez votre VARIBOX SC, vous \u00e9conomisez les emballages \u00e0 usage unique et r\u00e9duisez les d\u00e9chets. Le conteneur est recyclable \u00e0 99 % et peut contenir jusqu&rsquo;\u00e0 33 % de mat\u00e9riaux recycl\u00e9s apr\u00e8s consommation, ce qui contribue \u00e0 vos objectifs de d\u00e9veloppement durable. Son syst\u00e8me ferm\u00e9 et sa conception ergonomique permettent d&rsquo;\u00e9viter tout contact direct avec les produits chimiques, offrant ainsi un environnement de travail plus propre et plus s\u00fbr. Que vous travailliez dans le nettoyage, l&rsquo;agriculture, le traitement de l&rsquo;eau ou l&rsquo;industrie, le VARIBOX SC vous offre des performances fiables, jour apr\u00e8s jour, voyage apr\u00e8s voyage.<\/p>\n","protected":false},"excerpt":{"rendered":"<p>Le <em>conteneur ext\u00e9rieur est bleu en standard<\/em><\/p>\n<p>Le conteneur unique VARIBOX (SC) est un grand r\u00e9cipient pour vrac (GRV) r\u00e9utilisable dont la dur\u00e9e de vie est 10 fois plus longue que celle des autres GRV.<\/p>\n<p><strong>D\u00e9lai de livraison : 4 semaines<\/strong><\/p>\n","protected":false},"featured_media":69370,"comment_status":"closed","ping_status":"closed","template":"","meta":{"_acf_changed":false},"product_brand":[892],"product_cat":[421],"product_tag":[],"class_list":{"0":"post-70187","1":"product","2":"type-product","3":"status-publish","4":"has-post-thumbnail","6":"product_brand-varibox","7":"product_cat-varibox-sc-1000-fr","8":"product_shipping_class-montoir","10":"first","11":"instock","12":"taxable","13":"shipping-taxable","14":"purchasable","15":"product-type-variable"},"featured_image_urls_v2":{"full":["https:\/\/varibox.best4u.dev\/wp-content\/uploads\/2025\/07\/VARIBOX-SC-Viton.jpg",850,1000,false],"thumbnail":["https:\/\/varibox.best4u.dev\/wp-content\/uploads\/2025\/07\/VARIBOX-SC-Viton-256x256.jpg",256,256,true],"medium":["https:\/\/varibox.best4u.dev\/wp-content\/uploads\/2025\/07\/VARIBOX-SC-Viton-435x512.jpg",435,512,true],"medium_large":["https:\/\/varibox.best4u.dev\/wp-content\/uploads\/2025\/07\/VARIBOX-SC-Viton-768x904.jpg",768,904,true],"large":["https:\/\/varibox.best4u.dev\/wp-content\/uploads\/2025\/07\/VARIBOX-SC-Viton.jpg",850,1000,false],"1536x1536":["https:\/\/varibox.best4u.dev\/wp-content\/uploads\/2025\/07\/VARIBOX-SC-Viton.jpg",850,1000,false],"2048x2048":["https:\/\/varibox.best4u.dev\/wp-content\/uploads\/2025\/07\/VARIBOX-SC-Viton.jpg",850,1000,false],"woocommerce_archive_thumbnail":["https:\/\/varibox.best4u.dev\/wp-content\/uploads\/2025\/07\/VARIBOX-SC-Viton-270x318.jpg",270,318,true],"gform-image-choice-sm":["https:\/\/varibox.best4u.dev\/wp-content\/uploads\/2025\/07\/VARIBOX-SC-Viton.jpg",255,300,false],"gform-image-choice-md":["https:\/\/varibox.best4u.dev\/wp-content\/uploads\/2025\/07\/VARIBOX-SC-Viton.jpg",340,400,false],"gform-image-choice-lg":["https:\/\/varibox.best4u.dev\/wp-content\/uploads\/2025\/07\/VARIBOX-SC-Viton.jpg",510,600,false],"woocommerce_thumbnail":["https:\/\/varibox.best4u.dev\/wp-content\/uploads\/2025\/07\/VARIBOX-SC-Viton-270x318.jpg",270,318,true],"woocommerce_single":["https:\/\/varibox.best4u.dev\/wp-content\/uploads\/2025\/07\/VARIBOX-SC-Viton.jpg",850,1000,false],"woocommerce_gallery_thumbnail":["https:\/\/varibox.best4u.dev\/wp-content\/uploads\/2025\/07\/VARIBOX-SC-Viton-100x100.jpg",100,100,true],"variation_swatches_image_size":["https:\/\/varibox.best4u.dev\/wp-content\/uploads\/2025\/07\/VARIBOX-SC-Viton-50x50.jpg",50,50,true],"variation_swatches_tooltip_size":["https:\/\/varibox.best4u.dev\/wp-content\/uploads\/2025\/07\/VARIBOX-SC-Viton-100x100.jpg",100,100,true]},"post_excerpt_stackable_v2":"<p>Le <em>conteneur ext\u00e9rieur est bleu en standard<\/em><\/p>\n<p>Le conteneur unique VARIBOX (SC) est un grand r\u00e9cipient pour vrac (GRV) r\u00e9utilisable dont la dur\u00e9e de vie est 10 fois plus longue que celle des autres GRV.<\/p>\n<p><strong>D\u00e9lai de livraison : 4 semaines<\/strong><\/p>\n","category_list_v2":"","author_info_v2":{"name":"","url":""},"comments_num_v2":"0 comments","acf":[],"_links":{"self":[{"href":"https:\/\/varibox.best4u.dev\/fr\/wp-json\/wp\/v2\/product\/70187","targetHints":{"allow":["GET"]}}],"collection":[{"href":"https:\/\/varibox.best4u.dev\/fr\/wp-json\/wp\/v2\/product"}],"about":[{"href":"https:\/\/varibox.best4u.dev\/fr\/wp-json\/wp\/v2\/types\/product"}],"replies":[{"embeddable":true,"href":"https:\/\/varibox.best4u.dev\/fr\/wp-json\/wp\/v2\/comments?post=70187"}],"wp:featuredmedia":[{"embeddable":true,"href":"https:\/\/varibox.best4u.dev\/fr\/wp-json\/wp\/v2\/media\/69370"}],"wp:attachment":[{"href":"https:\/\/varibox.best4u.dev\/fr\/wp-json\/wp\/v2\/media?parent=70187"}],"wp:term":[{"taxonomy":"product_brand","embeddable":true,"href":"https:\/\/varibox.best4u.dev\/fr\/wp-json\/wp\/v2\/product_brand?post=70187"},{"taxonomy":"product_cat","embeddable":true,"href":"https:\/\/varibox.best4u.dev\/fr\/wp-json\/wp\/v2\/product_cat?post=70187"},{"taxonomy":"product_tag","embeddable":true,"href":"https:\/\/varibox.best4u.dev\/fr\/wp-json\/wp\/v2\/product_tag?post=70187"}],"curies":[{"name":"wp","href":"https:\/\/api.w.org\/{rel}","templated":true}]}}