{"id":68738,"date":"2025-07-21T14:49:46","date_gmt":"2025-07-21T12:49:46","guid":{"rendered":"https:\/\/varibox.best4u.dev\/?post_type=product&#038;p=68738"},"modified":"2025-07-21T14:54:18","modified_gmt":"2025-07-21T12:54:18","slug":"varibox-bouchon-de-fermeture-interieur-pour-conteneur-viton","status":"publish","type":"product","link":"https:\/\/varibox.best4u.dev\/fr\/produit\/varibox-bouchon-de-fermeture-interieur-pour-conteneur-viton\/","title":{"rendered":"VARIBOX bouchon de fermeture int\u00e9rieur pour conteneur Viton"},"content":{"rendered":"<p data-start=\"236\" data-end=\"553\">Ce bouchon de fermeture VARIBOX est la solution id\u00e9ale pour obturer la cuve int\u00e9rieure lorsqu\u2019aucun tube d\u2019aspiration n\u2019est install\u00e9. Il est dot\u00e9 d\u2019un corps robuste en poly\u00e9thyl\u00e8ne (PE) et d\u2019un joint de haute qualit\u00e9 en VITON, reconnu pour sa r\u00e9sistance exceptionnelle aux solvants agressifs et aux acides concentr\u00e9s.\u00a0Con\u00e7u pour les situations o\u00f9 le tube d\u2019aspiration est temporairement retir\u00e9 \u2014 lors du stockage, du transport ou du nettoyage \u2014 ce bouchon garantit une \u00e9tanch\u00e9it\u00e9 fiable m\u00eame dans des conditions exigeantes, comme les temp\u00e9ratures \u00e9lev\u00e9es ou les produits chimiques difficiles. Il contribue \u00e0 limiter les risques d\u2019exposition et \u00e0 maintenir la s\u00e9curit\u00e9 de vos op\u00e9rations.\u00a0Sa conception durable et sa compatibilit\u00e9 chimique \u00e9tendue en font un choix pertinent pour les industries recherchant \u00e0 la fois souplesse d\u2019utilisation et r\u00e9sistance. Facile \u00e0 mettre en place et \u00e0 retirer, ce bouchon offre une fermeture temporaire s\u00fbre.<\/p>\n<p data-start=\"1180\" data-end=\"1299\">\n","protected":false},"excerpt":{"rendered":"<p>Ce bouchon de fermeture VARIBOX est la solution id\u00e9ale pour obturer la cuve int\u00e9rieure lorsqu\u2019aucun tube d\u2019aspiration n\u2019est install\u00e9.<\/p>\n","protected":false},"featured_media":68744,"comment_status":"closed","ping_status":"closed","template":"","meta":{"_acf_changed":false},"product_brand":[],"product_cat":[324,326,327,317,321,319],"product_tag":[],"class_list":{"0":"post-68738","1":"product","2":"type-product","3":"status-publish","4":"has-post-thumbnail","6":"product_cat-accessoires-varibox-cc-250-fr","7":"product_cat-accessoires-varibox-fc-800","8":"product_cat-accessoires-fr","9":"product_cat-varibox-cc-250-fr","10":"product_cat-varibox-fc-1000-fr","11":"product_cat-varibox-fc-800-fr","12":"product_shipping_class-deventer-en","13":"pa_packaging-unit-347","15":"first","16":"instock","17":"taxable","18":"shipping-taxable","19":"purchasable","20":"product-type-simple"},"featured_image_urls_v2":{"full":["https:\/\/varibox.best4u.dev\/wp-content\/uploads\/2025\/07\/Sealing-plug-inner-container-Viton-3.png",600,800,false],"thumbnail":["https:\/\/varibox.best4u.dev\/wp-content\/uploads\/2025\/07\/Sealing-plug-inner-container-Viton-3-256x256.png",256,256,true],"medium":["https:\/\/varibox.best4u.dev\/wp-content\/uploads\/2025\/07\/Sealing-plug-inner-container-Viton-3-384x512.png",384,512,true],"medium_large":["https:\/\/varibox.best4u.dev\/wp-content\/uploads\/2025\/07\/Sealing-plug-inner-container-Viton-3.png",600,800,false],"large":["https:\/\/varibox.best4u.dev\/wp-content\/uploads\/2025\/07\/Sealing-plug-inner-container-Viton-3.png",600,800,false],"1536x1536":["https:\/\/varibox.best4u.dev\/wp-content\/uploads\/2025\/07\/Sealing-plug-inner-container-Viton-3.png",600,800,false],"2048x2048":["https:\/\/varibox.best4u.dev\/wp-content\/uploads\/2025\/07\/Sealing-plug-inner-container-Viton-3.png",600,800,false],"woocommerce_archive_thumbnail":["https:\/\/varibox.best4u.dev\/wp-content\/uploads\/2025\/07\/Sealing-plug-inner-container-Viton-3-270x360.png",270,360,true],"gform-image-choice-sm":["https:\/\/varibox.best4u.dev\/wp-content\/uploads\/2025\/07\/Sealing-plug-inner-container-Viton-3.png",225,300,false],"gform-image-choice-md":["https:\/\/varibox.best4u.dev\/wp-content\/uploads\/2025\/07\/Sealing-plug-inner-container-Viton-3.png",300,400,false],"gform-image-choice-lg":["https:\/\/varibox.best4u.dev\/wp-content\/uploads\/2025\/07\/Sealing-plug-inner-container-Viton-3.png",450,600,false],"woocommerce_thumbnail":["https:\/\/varibox.best4u.dev\/wp-content\/uploads\/2025\/07\/Sealing-plug-inner-container-Viton-3-270x360.png",270,360,true],"woocommerce_single":["https:\/\/varibox.best4u.dev\/wp-content\/uploads\/2025\/07\/Sealing-plug-inner-container-Viton-3.png",600,800,false],"woocommerce_gallery_thumbnail":["https:\/\/varibox.best4u.dev\/wp-content\/uploads\/2025\/07\/Sealing-plug-inner-container-Viton-3-100x100.png",100,100,true],"variation_swatches_image_size":["https:\/\/varibox.best4u.dev\/wp-content\/uploads\/2025\/07\/Sealing-plug-inner-container-Viton-3-50x50.png",50,50,true],"variation_swatches_tooltip_size":["https:\/\/varibox.best4u.dev\/wp-content\/uploads\/2025\/07\/Sealing-plug-inner-container-Viton-3-100x100.png",100,100,true]},"post_excerpt_stackable_v2":"<p>Ce bouchon de fermeture VARIBOX est la solution id\u00e9ale pour obturer la cuve int\u00e9rieure lorsqu\u2019aucun tube d\u2019aspiration n\u2019est install\u00e9.<\/p>\n","category_list_v2":"","author_info_v2":{"name":"","url":""},"comments_num_v2":"0 comments","acf":[],"_links":{"self":[{"href":"https:\/\/varibox.best4u.dev\/fr\/wp-json\/wp\/v2\/product\/68738","targetHints":{"allow":["GET"]}}],"collection":[{"href":"https:\/\/varibox.best4u.dev\/fr\/wp-json\/wp\/v2\/product"}],"about":[{"href":"https:\/\/varibox.best4u.dev\/fr\/wp-json\/wp\/v2\/types\/product"}],"replies":[{"embeddable":true,"href":"https:\/\/varibox.best4u.dev\/fr\/wp-json\/wp\/v2\/comments?post=68738"}],"wp:featuredmedia":[{"embeddable":true,"href":"https:\/\/varibox.best4u.dev\/fr\/wp-json\/wp\/v2\/media\/68744"}],"wp:attachment":[{"href":"https:\/\/varibox.best4u.dev\/fr\/wp-json\/wp\/v2\/media?parent=68738"}],"wp:term":[{"taxonomy":"product_brand","embeddable":true,"href":"https:\/\/varibox.best4u.dev\/fr\/wp-json\/wp\/v2\/product_brand?post=68738"},{"taxonomy":"product_cat","embeddable":true,"href":"https:\/\/varibox.best4u.dev\/fr\/wp-json\/wp\/v2\/product_cat?post=68738"},{"taxonomy":"product_tag","embeddable":true,"href":"https:\/\/varibox.best4u.dev\/fr\/wp-json\/wp\/v2\/product_tag?post=68738"}],"curies":[{"name":"wp","href":"https:\/\/api.w.org\/{rel}","templated":true}]}}