{"id":68707,"date":"2025-07-21T13:59:41","date_gmt":"2025-07-21T11:59:41","guid":{"rendered":"https:\/\/varibox.best4u.dev\/?post_type=product&#038;p=68707"},"modified":"2025-07-23T11:56:29","modified_gmt":"2025-07-23T09:56:29","slug":"varibox-bouchon-de-fermeture-interieur-pour-conteneur-epdm","status":"publish","type":"product","link":"https:\/\/varibox.best4u.dev\/fr\/produit\/varibox-bouchon-de-fermeture-interieur-pour-conteneur-epdm\/","title":{"rendered":"VARIBOX bouchon de fermeture int\u00e9rieur pour conteneur EPDM"},"content":{"rendered":"<p>Le bouchon d&rsquo;\u00e9tanch\u00e9it\u00e9 VARIBOX pour le r\u00e9cipient int\u00e9rieur est sp\u00e9cialement con\u00e7u pour fermer solidement l&rsquo;ouverture lorsqu&rsquo;aucun tube d&rsquo;extraction n&rsquo;est utilis\u00e9. Le bouchon est dot\u00e9 d&rsquo;un corps robuste en poly\u00e9thyl\u00e8ne (PE) combin\u00e9 \u00e0 un \u00e9l\u00e9ment d&rsquo;\u00e9tanch\u00e9it\u00e9 EPDM r\u00e9sistant aux produits chimiques, garantissant une \u00e9tanch\u00e9it\u00e9 fiable m\u00eame dans les environnements chimiques exigeants. Ce bouchon est la solution id\u00e9ale pour fermer le r\u00e9cipient int\u00e9rieur du VARIBOX pendant le transport, le stockage ou une non-utilisation temporaire. Il aide \u00e0 pr\u00e9venir les fuites de produit, la contamination et le d\u00e9gagement de fum\u00e9es, contribuant ainsi \u00e0 un environnement de travail s\u00fbr et propre, sans faire partie du syst\u00e8me ferm\u00e9 du VARIBOX. Facile \u00e0 installer et \u00e0 retirer, le bouchon d&rsquo;\u00e9tanch\u00e9it\u00e9 offre une flexibilit\u00e9 maximale pour les applications o\u00f9 aucun tube d&rsquo;extraction n&rsquo;est pr\u00e9sent. Gr\u00e2ce \u00e0 sa haute r\u00e9sistance chimique et \u00e0 sa construction durable, il convient \u00e0 une large gamme de liquides, y compris les acides, les alcalis et autres substances compatibles.<\/p>\n","protected":false},"excerpt":{"rendered":"<p>Le bouchon d&rsquo;\u00e9tanch\u00e9it\u00e9 VARIBOX pour le r\u00e9cipient int\u00e9rieur est sp\u00e9cialement con\u00e7u pour fermer en toute s\u00e9curit\u00e9 l&rsquo;ouverture lorsqu&rsquo;aucun tube d&rsquo;extraction n&rsquo;est utilis\u00e9.<\/p>\n","protected":false},"featured_media":68713,"comment_status":"closed","ping_status":"closed","template":"","meta":{"_acf_changed":false},"product_brand":[],"product_cat":[324,326,327,317,321,319],"product_tag":[],"class_list":{"0":"post-68707","1":"product","2":"type-product","3":"status-publish","4":"has-post-thumbnail","6":"product_cat-accessoires-varibox-cc-250-fr","7":"product_cat-accessoires-varibox-fc-800","8":"product_cat-accessoires-fr","9":"product_cat-varibox-cc-250-fr","10":"product_cat-varibox-fc-1000-fr","11":"product_cat-varibox-fc-800-fr","12":"product_shipping_class-deventer-en","13":"pa_packaging-unit-347","15":"first","16":"instock","17":"taxable","18":"shipping-taxable","19":"purchasable","20":"product-type-simple"},"featured_image_urls_v2":{"full":["https:\/\/varibox.best4u.dev\/wp-content\/uploads\/2025\/07\/Sealing-plug-inner-container-EPDM-1.png",600,800,false],"thumbnail":["https:\/\/varibox.best4u.dev\/wp-content\/uploads\/2025\/07\/Sealing-plug-inner-container-EPDM-1-256x256.png",256,256,true],"medium":["https:\/\/varibox.best4u.dev\/wp-content\/uploads\/2025\/07\/Sealing-plug-inner-container-EPDM-1-384x512.png",384,512,true],"medium_large":["https:\/\/varibox.best4u.dev\/wp-content\/uploads\/2025\/07\/Sealing-plug-inner-container-EPDM-1.png",600,800,false],"large":["https:\/\/varibox.best4u.dev\/wp-content\/uploads\/2025\/07\/Sealing-plug-inner-container-EPDM-1.png",600,800,false],"1536x1536":["https:\/\/varibox.best4u.dev\/wp-content\/uploads\/2025\/07\/Sealing-plug-inner-container-EPDM-1.png",600,800,false],"2048x2048":["https:\/\/varibox.best4u.dev\/wp-content\/uploads\/2025\/07\/Sealing-plug-inner-container-EPDM-1.png",600,800,false],"woocommerce_archive_thumbnail":["https:\/\/varibox.best4u.dev\/wp-content\/uploads\/2025\/07\/Sealing-plug-inner-container-EPDM-1-270x360.png",270,360,true],"gform-image-choice-sm":["https:\/\/varibox.best4u.dev\/wp-content\/uploads\/2025\/07\/Sealing-plug-inner-container-EPDM-1.png",225,300,false],"gform-image-choice-md":["https:\/\/varibox.best4u.dev\/wp-content\/uploads\/2025\/07\/Sealing-plug-inner-container-EPDM-1.png",300,400,false],"gform-image-choice-lg":["https:\/\/varibox.best4u.dev\/wp-content\/uploads\/2025\/07\/Sealing-plug-inner-container-EPDM-1.png",450,600,false],"woocommerce_thumbnail":["https:\/\/varibox.best4u.dev\/wp-content\/uploads\/2025\/07\/Sealing-plug-inner-container-EPDM-1-270x360.png",270,360,true],"woocommerce_single":["https:\/\/varibox.best4u.dev\/wp-content\/uploads\/2025\/07\/Sealing-plug-inner-container-EPDM-1.png",600,800,false],"woocommerce_gallery_thumbnail":["https:\/\/varibox.best4u.dev\/wp-content\/uploads\/2025\/07\/Sealing-plug-inner-container-EPDM-1-100x100.png",100,100,true],"variation_swatches_image_size":["https:\/\/varibox.best4u.dev\/wp-content\/uploads\/2025\/07\/Sealing-plug-inner-container-EPDM-1-50x50.png",50,50,true],"variation_swatches_tooltip_size":["https:\/\/varibox.best4u.dev\/wp-content\/uploads\/2025\/07\/Sealing-plug-inner-container-EPDM-1-100x100.png",100,100,true]},"post_excerpt_stackable_v2":"<p>Le bouchon d&rsquo;\u00e9tanch\u00e9it\u00e9 VARIBOX pour le r\u00e9cipient int\u00e9rieur est sp\u00e9cialement con\u00e7u pour fermer en toute s\u00e9curit\u00e9 l&rsquo;ouverture lorsqu&rsquo;aucun tube d&rsquo;extraction n&rsquo;est utilis\u00e9.<\/p>\n","category_list_v2":"","author_info_v2":{"name":"","url":""},"comments_num_v2":"0 comments","acf":[],"_links":{"self":[{"href":"https:\/\/varibox.best4u.dev\/fr\/wp-json\/wp\/v2\/product\/68707","targetHints":{"allow":["GET"]}}],"collection":[{"href":"https:\/\/varibox.best4u.dev\/fr\/wp-json\/wp\/v2\/product"}],"about":[{"href":"https:\/\/varibox.best4u.dev\/fr\/wp-json\/wp\/v2\/types\/product"}],"replies":[{"embeddable":true,"href":"https:\/\/varibox.best4u.dev\/fr\/wp-json\/wp\/v2\/comments?post=68707"}],"wp:featuredmedia":[{"embeddable":true,"href":"https:\/\/varibox.best4u.dev\/fr\/wp-json\/wp\/v2\/media\/68713"}],"wp:attachment":[{"href":"https:\/\/varibox.best4u.dev\/fr\/wp-json\/wp\/v2\/media?parent=68707"}],"wp:term":[{"taxonomy":"product_brand","embeddable":true,"href":"https:\/\/varibox.best4u.dev\/fr\/wp-json\/wp\/v2\/product_brand?post=68707"},{"taxonomy":"product_cat","embeddable":true,"href":"https:\/\/varibox.best4u.dev\/fr\/wp-json\/wp\/v2\/product_cat?post=68707"},{"taxonomy":"product_tag","embeddable":true,"href":"https:\/\/varibox.best4u.dev\/fr\/wp-json\/wp\/v2\/product_tag?post=68707"}],"curies":[{"name":"wp","href":"https:\/\/api.w.org\/{rel}","templated":true}]}}