{"id":68693,"date":"2025-07-21T12:10:36","date_gmt":"2025-07-21T10:10:36","guid":{"rendered":"https:\/\/varibox.best4u.dev\/?post_type=product&#038;p=68693"},"modified":"2025-07-21T12:14:06","modified_gmt":"2025-07-21T10:14:06","slug":"autocollant-capsule-event-depression-surpression-varibox-sc","status":"publish","type":"product","link":"https:\/\/varibox.best4u.dev\/fr\/produit\/autocollant-capsule-event-depression-surpression-varibox-sc\/","title":{"rendered":"Autocollant capsule \u00e9vent d\u00e9pression \/ surpression VARIBOX SC"},"content":{"rendered":"<p>Chaque VARIBOX est \u00e9quip\u00e9 d&rsquo;un \u00e9vent automatique. Cet autocollant VARIBOX SC se colle sur la capsule du boitier \u00e9vent combin\u00e9 est en PE et de couleur jaune. L&rsquo;autocollant indique que le couvercle est \u00e9quip\u00e9 d&rsquo;un \u00e9vent combin\u00e9 (d\u00e9pression \/ Surpression).<\/p>\n","protected":false},"excerpt":{"rendered":"<p>Chaque VARIBOX est \u00e9quip\u00e9 d&rsquo;un \u00e9vent automatique. Cet autocollant VARIBOX SC se colle sur la capsule du boitier \u00e9vent combin\u00e9 (d\u00e9pression \/ Surpression).<\/p>\n","protected":false},"featured_media":3457,"comment_status":"closed","ping_status":"closed","template":"","meta":{"_acf_changed":false},"product_brand":[],"product_cat":[453,452,421,417],"product_tag":[335],"class_list":{"0":"post-68693","1":"product","2":"type-product","3":"status-publish","4":"has-post-thumbnail","6":"product_cat-accessoires-varibox-sc-1000-fr","7":"product_cat-accessoires-varibox-sc-800-fr","8":"product_cat-varibox-sc-1000-fr","9":"product_cat-varibox-sc-800-fr","10":"product_tag-ecolab-fr","11":"product_shipping_class-montoir","12":"pa_packaging-unit-50-fr","14":"first","15":"instock","16":"taxable","17":"shipping-taxable","18":"purchasable","19":"product-type-simple"},"featured_image_urls_v2":{"full":["https:\/\/varibox.best4u.dev\/wp-content\/uploads\/2022\/08\/labelcombi.png",600,400,false],"thumbnail":["https:\/\/varibox.best4u.dev\/wp-content\/uploads\/2022\/08\/labelcombi.png",256,171,false],"medium":["https:\/\/varibox.best4u.dev\/wp-content\/uploads\/2022\/08\/labelcombi.png",512,341,false],"medium_large":["https:\/\/varibox.best4u.dev\/wp-content\/uploads\/2022\/08\/labelcombi.png",600,400,false],"large":["https:\/\/varibox.best4u.dev\/wp-content\/uploads\/2022\/08\/labelcombi.png",600,400,false],"1536x1536":["https:\/\/varibox.best4u.dev\/wp-content\/uploads\/2022\/08\/labelcombi.png",600,400,false],"2048x2048":["https:\/\/varibox.best4u.dev\/wp-content\/uploads\/2022\/08\/labelcombi.png",600,400,false],"woocommerce_archive_thumbnail":["https:\/\/varibox.best4u.dev\/wp-content\/uploads\/2022\/08\/labelcombi-270x180.png",270,180,true],"gform-image-choice-sm":["https:\/\/varibox.best4u.dev\/wp-content\/uploads\/2022\/08\/labelcombi.png",300,200,false],"gform-image-choice-md":["https:\/\/varibox.best4u.dev\/wp-content\/uploads\/2022\/08\/labelcombi.png",400,267,false],"gform-image-choice-lg":["https:\/\/varibox.best4u.dev\/wp-content\/uploads\/2022\/08\/labelcombi.png",600,400,false],"woocommerce_thumbnail":["https:\/\/varibox.best4u.dev\/wp-content\/uploads\/2022\/08\/labelcombi.png",270,180,false],"woocommerce_single":["https:\/\/varibox.best4u.dev\/wp-content\/uploads\/2022\/08\/labelcombi.png",600,400,false],"woocommerce_gallery_thumbnail":["https:\/\/varibox.best4u.dev\/wp-content\/uploads\/2022\/08\/labelcombi-100x100.png",100,100,true],"variation_swatches_image_size":["https:\/\/varibox.best4u.dev\/wp-content\/uploads\/2022\/08\/labelcombi.png",50,33,false],"variation_swatches_tooltip_size":["https:\/\/varibox.best4u.dev\/wp-content\/uploads\/2022\/08\/labelcombi.png",100,67,false]},"post_excerpt_stackable_v2":"<p>Chaque VARIBOX est \u00e9quip\u00e9 d&rsquo;un \u00e9vent automatique. Cet autocollant VARIBOX SC se colle sur la capsule du boitier \u00e9vent combin\u00e9 (d\u00e9pression \/ Surpression).<\/p>\n","category_list_v2":"","author_info_v2":{"name":"","url":""},"comments_num_v2":"0 comments","acf":[],"_links":{"self":[{"href":"https:\/\/varibox.best4u.dev\/fr\/wp-json\/wp\/v2\/product\/68693","targetHints":{"allow":["GET"]}}],"collection":[{"href":"https:\/\/varibox.best4u.dev\/fr\/wp-json\/wp\/v2\/product"}],"about":[{"href":"https:\/\/varibox.best4u.dev\/fr\/wp-json\/wp\/v2\/types\/product"}],"replies":[{"embeddable":true,"href":"https:\/\/varibox.best4u.dev\/fr\/wp-json\/wp\/v2\/comments?post=68693"}],"wp:featuredmedia":[{"embeddable":true,"href":"https:\/\/varibox.best4u.dev\/fr\/wp-json\/wp\/v2\/media\/3457"}],"wp:attachment":[{"href":"https:\/\/varibox.best4u.dev\/fr\/wp-json\/wp\/v2\/media?parent=68693"}],"wp:term":[{"taxonomy":"product_brand","embeddable":true,"href":"https:\/\/varibox.best4u.dev\/fr\/wp-json\/wp\/v2\/product_brand?post=68693"},{"taxonomy":"product_cat","embeddable":true,"href":"https:\/\/varibox.best4u.dev\/fr\/wp-json\/wp\/v2\/product_cat?post=68693"},{"taxonomy":"product_tag","embeddable":true,"href":"https:\/\/varibox.best4u.dev\/fr\/wp-json\/wp\/v2\/product_tag?post=68693"}],"curies":[{"name":"wp","href":"https:\/\/api.w.org\/{rel}","templated":true}]}}