{"id":68588,"date":"2023-01-23T10:35:29","date_gmt":"2023-01-23T09:35:29","guid":{"rendered":"https:\/\/varibox.best4u.dev\/product\/varibox-fc-800-drumtainer-safeline-precision-viton\/"},"modified":"2023-01-23T10:35:29","modified_gmt":"2023-01-23T09:35:29","slug":"varibox-fc-800-drumtainer-safeline-precision-viton","status":"publish","type":"product","link":"https:\/\/varibox.best4u.dev\/fr\/produit\/varibox-fc-800-drumtainer-safeline-precision-viton\/","title":{"rendered":"VARIBOX FC 800 &amp; Drumtainer Safeline Pr\u00e9cision Viton"},"content":{"rendered":"<p>L&rsquo;extracteur VARIBOX FC 800 &amp; Drumtainer Safeline Precision Viton est fabriqu\u00e9 en Aflas, PE et Hastelloy. Le tube est de couleur neutre et le point de connexion sur le dessus est vert. Le tube d&rsquo;extraction fait partie d&rsquo;un syst\u00e8me facile \u00e0 utiliser qui permet de connecter votre syst\u00e8me au Varibox \u00e0 l&rsquo;aide d&rsquo;un coupleur Safeline. Cela permet de pomper votre produit hors du VARIBOX sans ouvrir l&rsquo;IBC. Cela garantit que les produits chimiques et les fum\u00e9es toxiques ne peuvent pas s&rsquo;\u00e9chapper de l&rsquo;IBC.    <\/p>\n","protected":false},"excerpt":{"rendered":"<p>L&rsquo;extracteur VARIBOX FC 800 &amp; Drumtainer Safeline Precision Viton est fabriqu\u00e9 en Aflas, PE et Hastelloy. Le tube est de couleur neutre et le point de connexion sur le dessus est vert. Le tube d&rsquo;extraction fait partie d&rsquo;un syst\u00e8me facile \u00e0 utiliser qui permet de connecter votre syst\u00e8me au Varibox \u00e0 l&rsquo;aide d&rsquo;un coupleur Safeline. [&hellip;]<\/p>\n","protected":false},"featured_media":3428,"comment_status":"closed","ping_status":"closed","template":"","meta":{"_acf_changed":false},"product_brand":[],"product_cat":[367,366,375,319],"product_tag":[],"class_list":{"0":"post-68588","1":"product","2":"type-product","3":"status-publish","4":"has-post-thumbnail","6":"product_cat-tubes-dextraction-varibox-fc-800","7":"product_cat-tubes-dextraction-varibox-drumtainer","8":"product_cat-varibox-drumtainer-fr","9":"product_cat-varibox-fc-800-fr","10":"product_shipping_class-deventer-en","11":"pa_packaging-unit-1-fr","13":"first","14":"instock","15":"taxable","16":"shipping-taxable","17":"purchasable","18":"product-type-simple"},"featured_image_urls_v2":{"full":["https:\/\/varibox.best4u.dev\/wp-content\/uploads\/2022\/08\/slpreva-1.png",600,400,false],"thumbnail":["https:\/\/varibox.best4u.dev\/wp-content\/uploads\/2022\/08\/slpreva-1.png",256,171,false],"medium":["https:\/\/varibox.best4u.dev\/wp-content\/uploads\/2022\/08\/slpreva-1.png",512,341,false],"medium_large":["https:\/\/varibox.best4u.dev\/wp-content\/uploads\/2022\/08\/slpreva-1.png",600,400,false],"large":["https:\/\/varibox.best4u.dev\/wp-content\/uploads\/2022\/08\/slpreva-1.png",600,400,false],"1536x1536":["https:\/\/varibox.best4u.dev\/wp-content\/uploads\/2022\/08\/slpreva-1.png",600,400,false],"2048x2048":["https:\/\/varibox.best4u.dev\/wp-content\/uploads\/2022\/08\/slpreva-1.png",600,400,false],"woocommerce_archive_thumbnail":["https:\/\/varibox.best4u.dev\/wp-content\/uploads\/2022\/08\/slpreva-1-270x180.png",270,180,true],"gform-image-choice-sm":["https:\/\/varibox.best4u.dev\/wp-content\/uploads\/2022\/08\/slpreva-1.png",300,200,false],"gform-image-choice-md":["https:\/\/varibox.best4u.dev\/wp-content\/uploads\/2022\/08\/slpreva-1.png",400,267,false],"gform-image-choice-lg":["https:\/\/varibox.best4u.dev\/wp-content\/uploads\/2022\/08\/slpreva-1.png",600,400,false],"woocommerce_thumbnail":["https:\/\/varibox.best4u.dev\/wp-content\/uploads\/2022\/08\/slpreva-1-270x180.png",270,180,true],"woocommerce_single":["https:\/\/varibox.best4u.dev\/wp-content\/uploads\/2022\/08\/slpreva-1.png",600,400,false],"woocommerce_gallery_thumbnail":["https:\/\/varibox.best4u.dev\/wp-content\/uploads\/2022\/08\/slpreva-1-100x100.png",100,100,true],"variation_swatches_image_size":["https:\/\/varibox.best4u.dev\/wp-content\/uploads\/2022\/08\/slpreva-1.png",50,33,false],"variation_swatches_tooltip_size":["https:\/\/varibox.best4u.dev\/wp-content\/uploads\/2022\/08\/slpreva-1.png",100,67,false]},"post_excerpt_stackable_v2":"<p>L&rsquo;extracteur VARIBOX FC 800 &amp; Drumtainer Safeline Precision Viton est fabriqu\u00e9 en Aflas, PE et Hastelloy. Le tube est de couleur neutre et le point de connexion sur le dessus est vert. Le tube d&rsquo;extraction fait partie d&rsquo;un syst\u00e8me facile \u00e0 utiliser qui permet de connecter votre syst\u00e8me au Varibox \u00e0 l&rsquo;aide d&rsquo;un coupleur Safeline. Cela permet de pomper votre produit hors du VARIBOX sans ouvrir l&rsquo;IBC. Cela garantit que les produits chimiques et les fum\u00e9es toxiques ne peuvent pas s&rsquo;\u00e9chapper de l&rsquo;IBC.<\/p>\n","category_list_v2":"","author_info_v2":{"name":"","url":""},"comments_num_v2":"0 comments","acf":[],"_links":{"self":[{"href":"https:\/\/varibox.best4u.dev\/fr\/wp-json\/wp\/v2\/product\/68588","targetHints":{"allow":["GET"]}}],"collection":[{"href":"https:\/\/varibox.best4u.dev\/fr\/wp-json\/wp\/v2\/product"}],"about":[{"href":"https:\/\/varibox.best4u.dev\/fr\/wp-json\/wp\/v2\/types\/product"}],"replies":[{"embeddable":true,"href":"https:\/\/varibox.best4u.dev\/fr\/wp-json\/wp\/v2\/comments?post=68588"}],"wp:featuredmedia":[{"embeddable":true,"href":"https:\/\/varibox.best4u.dev\/fr\/wp-json\/wp\/v2\/media\/3428"}],"wp:attachment":[{"href":"https:\/\/varibox.best4u.dev\/fr\/wp-json\/wp\/v2\/media?parent=68588"}],"wp:term":[{"taxonomy":"product_brand","embeddable":true,"href":"https:\/\/varibox.best4u.dev\/fr\/wp-json\/wp\/v2\/product_brand?post=68588"},{"taxonomy":"product_cat","embeddable":true,"href":"https:\/\/varibox.best4u.dev\/fr\/wp-json\/wp\/v2\/product_cat?post=68588"},{"taxonomy":"product_tag","embeddable":true,"href":"https:\/\/varibox.best4u.dev\/fr\/wp-json\/wp\/v2\/product_tag?post=68588"}],"curies":[{"name":"wp","href":"https:\/\/api.w.org\/{rel}","templated":true}]}}