{"id":68580,"date":"2023-01-20T15:00:23","date_gmt":"2023-01-20T14:00:23","guid":{"rendered":"https:\/\/varibox.best4u.dev\/product\/varibox-fc-800-et-drumtainer-safeline-precision-epdm\/"},"modified":"2025-10-23T15:14:22","modified_gmt":"2025-10-23T13:14:22","slug":"varibox-fc-800-et-drumtainer-safeline-precision-epdm","status":"publish","type":"product","link":"https:\/\/varibox.best4u.dev\/fr\/produit\/varibox-fc-800-et-drumtainer-safeline-precision-epdm\/","title":{"rendered":"VARIBOX FC 800 et Drumtainer Safeline Precision EPDM"},"content":{"rendered":"<p>Le tube d&rsquo;extraction EPDM de pr\u00e9cision VARIBOX FC 800 et Drumtainer Safeline est compos\u00e9 d&rsquo;EPDM, de PE et Hastelloy. Le tube est de couleur neutre et le point de connexion sur le dessus est rouge. Le tube extracteur fait partie d&rsquo;un syst\u00e8me facile \u00e0 utiliser qui peut \u00eatre connect\u00e9 \u00e0 votre syst\u00e8me \u00e0 l&rsquo;aide d&rsquo;un coupleur Safeline. Cela permet de pomper votre produit hors du VARIBOX sans ouvrir l&rsquo;IBC. Les produits chimiques et les fum\u00e9es toxiques ne peuvent donc pas s&rsquo;\u00e9chapper de l&rsquo;IBC.<\/p>\n","protected":false},"excerpt":{"rendered":"<p>Le tube d&rsquo;extraction EPDM de pr\u00e9cision VARIBOX FC 800 et Drumtainer Safeline est compos\u00e9 d&rsquo;EPDM, de PE et Hastelloy. Le tube est de couleur neutre et le point de connexion sur le dessus est rouge. Le tube extracteur fait partie d&rsquo;un syst\u00e8me facile \u00e0 utiliser qui peut \u00eatre connect\u00e9 \u00e0 votre syst\u00e8me \u00e0 l&rsquo;aide d&rsquo;un [&hellip;]<\/p>\n","protected":false},"featured_media":3432,"comment_status":"closed","ping_status":"closed","template":"","meta":{"_acf_changed":false},"product_brand":[],"product_cat":[366,367,375,319],"product_tag":[],"class_list":{"0":"post-68580","1":"product","2":"type-product","3":"status-publish","4":"has-post-thumbnail","6":"product_cat-tubes-dextraction-varibox-drumtainer","7":"product_cat-tubes-dextraction-varibox-fc-800","8":"product_cat-varibox-drumtainer-fr","9":"product_cat-varibox-fc-800-fr","10":"product_shipping_class-deventer-en","11":"pa_packaging-unit-1-fr","13":"first","14":"instock","15":"taxable","16":"shipping-taxable","17":"purchasable","18":"product-type-simple"},"featured_image_urls_v2":{"full":["https:\/\/varibox.best4u.dev\/wp-content\/uploads\/2022\/08\/slprea.png",600,400,false],"thumbnail":["https:\/\/varibox.best4u.dev\/wp-content\/uploads\/2022\/08\/slprea.png",256,171,false],"medium":["https:\/\/varibox.best4u.dev\/wp-content\/uploads\/2022\/08\/slprea.png",512,341,false],"medium_large":["https:\/\/varibox.best4u.dev\/wp-content\/uploads\/2022\/08\/slprea.png",600,400,false],"large":["https:\/\/varibox.best4u.dev\/wp-content\/uploads\/2022\/08\/slprea.png",600,400,false],"1536x1536":["https:\/\/varibox.best4u.dev\/wp-content\/uploads\/2022\/08\/slprea.png",600,400,false],"2048x2048":["https:\/\/varibox.best4u.dev\/wp-content\/uploads\/2022\/08\/slprea.png",600,400,false],"woocommerce_archive_thumbnail":["https:\/\/varibox.best4u.dev\/wp-content\/uploads\/2022\/08\/slprea-270x180.png",270,180,true],"gform-image-choice-sm":["https:\/\/varibox.best4u.dev\/wp-content\/uploads\/2022\/08\/slprea.png",300,200,false],"gform-image-choice-md":["https:\/\/varibox.best4u.dev\/wp-content\/uploads\/2022\/08\/slprea.png",400,267,false],"gform-image-choice-lg":["https:\/\/varibox.best4u.dev\/wp-content\/uploads\/2022\/08\/slprea.png",600,400,false],"woocommerce_thumbnail":["https:\/\/varibox.best4u.dev\/wp-content\/uploads\/2022\/08\/slprea.png",270,180,false],"woocommerce_single":["https:\/\/varibox.best4u.dev\/wp-content\/uploads\/2022\/08\/slprea.png",600,400,false],"woocommerce_gallery_thumbnail":["https:\/\/varibox.best4u.dev\/wp-content\/uploads\/2022\/08\/slprea-100x100.png",100,100,true],"variation_swatches_image_size":["https:\/\/varibox.best4u.dev\/wp-content\/uploads\/2022\/08\/slprea.png",50,33,false],"variation_swatches_tooltip_size":["https:\/\/varibox.best4u.dev\/wp-content\/uploads\/2022\/08\/slprea.png",100,67,false]},"post_excerpt_stackable_v2":"<p>Le tube d&rsquo;extraction EPDM de pr\u00e9cision VARIBOX FC 800 et Drumtainer Safeline est compos\u00e9 d&rsquo;EPDM, de PE et Hastelloy. Le tube est de couleur neutre et le point de connexion sur le dessus est rouge. Le tube extracteur fait partie d&rsquo;un syst\u00e8me facile \u00e0 utiliser qui peut \u00eatre connect\u00e9 \u00e0 votre syst\u00e8me \u00e0 l&rsquo;aide d&rsquo;un coupleur Safeline. Cela permet de pomper votre produit hors du VARIBOX sans ouvrir l&rsquo;IBC. Les produits chimiques et les fum\u00e9es toxiques ne peuvent donc pas s&rsquo;\u00e9chapper de l&rsquo;IBC.<\/p>\n","category_list_v2":"","author_info_v2":{"name":"","url":""},"comments_num_v2":"0 comments","acf":[],"_links":{"self":[{"href":"https:\/\/varibox.best4u.dev\/fr\/wp-json\/wp\/v2\/product\/68580","targetHints":{"allow":["GET"]}}],"collection":[{"href":"https:\/\/varibox.best4u.dev\/fr\/wp-json\/wp\/v2\/product"}],"about":[{"href":"https:\/\/varibox.best4u.dev\/fr\/wp-json\/wp\/v2\/types\/product"}],"replies":[{"embeddable":true,"href":"https:\/\/varibox.best4u.dev\/fr\/wp-json\/wp\/v2\/comments?post=68580"}],"wp:featuredmedia":[{"embeddable":true,"href":"https:\/\/varibox.best4u.dev\/fr\/wp-json\/wp\/v2\/media\/3432"}],"wp:attachment":[{"href":"https:\/\/varibox.best4u.dev\/fr\/wp-json\/wp\/v2\/media?parent=68580"}],"wp:term":[{"taxonomy":"product_brand","embeddable":true,"href":"https:\/\/varibox.best4u.dev\/fr\/wp-json\/wp\/v2\/product_brand?post=68580"},{"taxonomy":"product_cat","embeddable":true,"href":"https:\/\/varibox.best4u.dev\/fr\/wp-json\/wp\/v2\/product_cat?post=68580"},{"taxonomy":"product_tag","embeddable":true,"href":"https:\/\/varibox.best4u.dev\/fr\/wp-json\/wp\/v2\/product_tag?post=68580"}],"curies":[{"name":"wp","href":"https:\/\/api.w.org\/{rel}","templated":true}]}}