{"id":68480,"date":"2025-05-26T14:44:08","date_gmt":"2025-05-26T12:44:08","guid":{"rendered":"https:\/\/varibox.best4u.dev\/product\/varibox-cc-250-cds-d14-tube-dextraction-viton-avec-clapet-de-pied\/"},"modified":"2025-05-26T14:44:08","modified_gmt":"2025-05-26T12:44:08","slug":"varibox-cc-250-cds-d14-tube-dextraction-viton-avec-clapet-de-pied","status":"publish","type":"product","link":"https:\/\/varibox.best4u.dev\/fr\/produit\/varibox-cc-250-cds-d14-tube-dextraction-viton-avec-clapet-de-pied\/","title":{"rendered":"VARIBOX CC 250 CDS D14 tube d&rsquo;extraction Viton avec clapet de pied"},"content":{"rendered":"<p>Les tubes d&rsquo;extraction VARIBOX CC 250 CDS D14 en Viton avec clapet de pied sont fabriqu\u00e9s en Aflas, PE et Hastelloy. Le tube est de couleur neutre et le point de connexion sur le dessus est neutre. Le tube extracteur fait partie d&rsquo;un syst\u00e8me facile \u00e0 utiliser qui permet de connecter votre syst\u00e8me au VARIBOX \u00e0 l&rsquo;aide d&rsquo;un coupleur CDS. Cela permet de pomper votre produit hors de la VARIBOX sans ouvrir l&rsquo;IBC. Cela garantit que les produits chimiques et les fum\u00e9es toxiques ne peuvent pas s&rsquo;\u00e9chapper de l&rsquo;IBC.<\/p>\n","protected":false},"excerpt":{"rendered":"<p>VARIBOX CC 250 CDS D14 tube d&rsquo;extraction Viton avec clapet de pied est un tube dans le VARIBOX qui atteint le point le plus bas du r\u00e9cipient int\u00e9rieur.<\/p>\n","protected":false},"featured_media":3416,"comment_status":"closed","ping_status":"closed","template":"","meta":{"_acf_changed":false},"product_brand":[],"product_cat":[365,317],"product_tag":[],"class_list":{"0":"post-68480","1":"product","2":"type-product","3":"status-publish","4":"has-post-thumbnail","6":"product_cat-tubes-dextraction-varibox-cc-250","7":"product_cat-varibox-cc-250-fr","8":"product_shipping_class-deventer-en","9":"pa_packaging-unit-1-fr","11":"first","12":"instock","13":"taxable","14":"shipping-taxable","15":"purchasable","16":"product-type-simple"},"featured_image_urls_v2":{"full":["https:\/\/varibox.best4u.dev\/wp-content\/uploads\/2022\/08\/cdsa.png",600,400,false],"thumbnail":["https:\/\/varibox.best4u.dev\/wp-content\/uploads\/2022\/08\/cdsa.png",256,171,false],"medium":["https:\/\/varibox.best4u.dev\/wp-content\/uploads\/2022\/08\/cdsa.png",512,341,false],"medium_large":["https:\/\/varibox.best4u.dev\/wp-content\/uploads\/2022\/08\/cdsa.png",600,400,false],"large":["https:\/\/varibox.best4u.dev\/wp-content\/uploads\/2022\/08\/cdsa.png",600,400,false],"1536x1536":["https:\/\/varibox.best4u.dev\/wp-content\/uploads\/2022\/08\/cdsa.png",600,400,false],"2048x2048":["https:\/\/varibox.best4u.dev\/wp-content\/uploads\/2022\/08\/cdsa.png",600,400,false],"woocommerce_archive_thumbnail":["https:\/\/varibox.best4u.dev\/wp-content\/uploads\/2022\/08\/cdsa-270x180.png",270,180,true],"gform-image-choice-sm":["https:\/\/varibox.best4u.dev\/wp-content\/uploads\/2022\/08\/cdsa.png",300,200,false],"gform-image-choice-md":["https:\/\/varibox.best4u.dev\/wp-content\/uploads\/2022\/08\/cdsa.png",400,267,false],"gform-image-choice-lg":["https:\/\/varibox.best4u.dev\/wp-content\/uploads\/2022\/08\/cdsa.png",600,400,false],"woocommerce_thumbnail":["https:\/\/varibox.best4u.dev\/wp-content\/uploads\/2022\/08\/cdsa.png",270,180,false],"woocommerce_single":["https:\/\/varibox.best4u.dev\/wp-content\/uploads\/2022\/08\/cdsa.png",600,400,false],"woocommerce_gallery_thumbnail":["https:\/\/varibox.best4u.dev\/wp-content\/uploads\/2022\/08\/cdsa-100x100.png",100,100,true],"variation_swatches_image_size":["https:\/\/varibox.best4u.dev\/wp-content\/uploads\/2022\/08\/cdsa.png",50,33,false],"variation_swatches_tooltip_size":["https:\/\/varibox.best4u.dev\/wp-content\/uploads\/2022\/08\/cdsa.png",100,67,false]},"post_excerpt_stackable_v2":"<p>VARIBOX CC 250 CDS D14 tube d&rsquo;extraction Viton avec clapet de pied est un tube dans le VARIBOX qui atteint le point le plus bas du r\u00e9cipient int\u00e9rieur.<\/p>\n","category_list_v2":"","author_info_v2":{"name":"","url":""},"comments_num_v2":"0 comments","acf":[],"_links":{"self":[{"href":"https:\/\/varibox.best4u.dev\/fr\/wp-json\/wp\/v2\/product\/68480","targetHints":{"allow":["GET"]}}],"collection":[{"href":"https:\/\/varibox.best4u.dev\/fr\/wp-json\/wp\/v2\/product"}],"about":[{"href":"https:\/\/varibox.best4u.dev\/fr\/wp-json\/wp\/v2\/types\/product"}],"replies":[{"embeddable":true,"href":"https:\/\/varibox.best4u.dev\/fr\/wp-json\/wp\/v2\/comments?post=68480"}],"wp:featuredmedia":[{"embeddable":true,"href":"https:\/\/varibox.best4u.dev\/fr\/wp-json\/wp\/v2\/media\/3416"}],"wp:attachment":[{"href":"https:\/\/varibox.best4u.dev\/fr\/wp-json\/wp\/v2\/media?parent=68480"}],"wp:term":[{"taxonomy":"product_brand","embeddable":true,"href":"https:\/\/varibox.best4u.dev\/fr\/wp-json\/wp\/v2\/product_brand?post=68480"},{"taxonomy":"product_cat","embeddable":true,"href":"https:\/\/varibox.best4u.dev\/fr\/wp-json\/wp\/v2\/product_cat?post=68480"},{"taxonomy":"product_tag","embeddable":true,"href":"https:\/\/varibox.best4u.dev\/fr\/wp-json\/wp\/v2\/product_tag?post=68480"}],"curies":[{"name":"wp","href":"https:\/\/api.w.org\/{rel}","templated":true}]}}