{"id":63026,"date":"2024-11-19T15:34:47","date_gmt":"2024-11-19T14:34:47","guid":{"rendered":"https:\/\/varibox.best4u.dev\/product\/drumtainer\/"},"modified":"2025-09-01T11:41:01","modified_gmt":"2025-09-01T09:41:01","slug":"drumtainer","status":"publish","type":"product","link":"https:\/\/varibox.best4u.dev\/fr\/produit\/drumtainer\/","title":{"rendered":"Drumtainer"},"content":{"rendered":"<p>Le Drumtainer est un suremballage mobile ergonomique sp\u00e9cialement con\u00e7u pour le transport s\u00fbr de f\u00fbts d\u2019une contenance de 200 \u00e0 230 litres. Le confinement int\u00e9gr\u00e9 des d\u00e9versements du Drumtainer offre la flexibilit\u00e9 de le placer n\u2019importe o\u00f9. L\u2019utilisation d\u2019un \u00e9quipement de r\u00e9tention des liquides n\u2019est plus n\u00e9cessaire. Plus besoin non plus d\u2019efforts physiques pour soulever, poser et pousser vos f\u00fbts sur un bac de r\u00e9tention obligatoire.<\/p>\n<p><strong>Sp\u00e9cialement con\u00e7u pour un transport facile et efficace<br \/>\n<\/strong>Le Drumtainer est certifi\u00e9 suremballage par l\u2019ADR et approuv\u00e9 par le DIBt. Il peut \u00eatre d\u00e9plac\u00e9 par chariot \u00e9l\u00e9vateur, transpalette ou bien pouss\u00e9 \u00e0 la main gr\u00e2ce \u00e0 ses grandes roulettes et barres de pouss\u00e9e robustes qui offre une maniabilit\u00e9 ais\u00e9e. Sa conception efficace et sa simplicit\u00e9 d\u2019utilisation permettent de le connecter en un seul clic \u00e0 votre syst\u00e8me de pompage.<\/p>\n<p><strong>Pour l\u2019environnement<br \/>\n<\/strong>L\u2019inclinaison du plancher du Drumtainer favorise une vidange totale des f\u00fbts. Cela signifie moins de r\u00e9sidus, moins de d\u00e9chets et une r\u00e9duction du nettoyage. Qu\u2019il s\u2019agisse de d\u00e9tergents ou d\u2019autres produits chimiques, le Drumtainer est la solution de suremballage mobile id\u00e9ale pour distribuer efficacement vos produits.<\/p>\n","protected":false},"excerpt":{"rendered":"<p>Le Drumtainer est un suremballage mobile ergonomique sp\u00e9cialement con\u00e7u pour le transport s\u00fbr de f\u00fbts d\u2019une contenance de 200 \u00e0 230 litres.<\/p>\n<p><strong>Ne peut \u00eatre command\u00e9 qu&rsquo;en multiple de 2<br \/>\n<\/strong><\/p>\n","protected":false},"featured_media":69304,"comment_status":"closed","ping_status":"closed","template":"","meta":{"_acf_changed":false},"product_brand":[],"product_cat":[908,375],"product_tag":[],"class_list":{"0":"post-63026","1":"product","2":"type-product","3":"status-publish","4":"has-post-thumbnail","6":"product_cat-drumtainer-fr","7":"product_cat-varibox-drumtainer-fr","8":"product_shipping_class-deventer-en","10":"first","11":"instock","12":"taxable","13":"shipping-taxable","14":"purchasable","15":"product-type-variable"},"featured_image_urls_v2":{"full":["https:\/\/varibox.best4u.dev\/wp-content\/uploads\/2024\/11\/ADR-Drum-Container.jpg",1024,674,false],"thumbnail":["https:\/\/varibox.best4u.dev\/wp-content\/uploads\/2024\/11\/ADR-Drum-Container-256x256.jpg",256,256,true],"medium":["https:\/\/varibox.best4u.dev\/wp-content\/uploads\/2024\/11\/ADR-Drum-Container-512x337.jpg",512,337,true],"medium_large":["https:\/\/varibox.best4u.dev\/wp-content\/uploads\/2024\/11\/ADR-Drum-Container-768x506.jpg",768,506,true],"large":["https:\/\/varibox.best4u.dev\/wp-content\/uploads\/2024\/11\/ADR-Drum-Container.jpg",1024,674,false],"1536x1536":["https:\/\/varibox.best4u.dev\/wp-content\/uploads\/2024\/11\/ADR-Drum-Container.jpg",1024,674,false],"2048x2048":["https:\/\/varibox.best4u.dev\/wp-content\/uploads\/2024\/11\/ADR-Drum-Container.jpg",1024,674,false],"woocommerce_archive_thumbnail":["https:\/\/varibox.best4u.dev\/wp-content\/uploads\/2024\/11\/ADR-Drum-Container-270x178.jpg",270,178,true],"gform-image-choice-sm":["https:\/\/varibox.best4u.dev\/wp-content\/uploads\/2024\/11\/ADR-Drum-Container.jpg",300,197,false],"gform-image-choice-md":["https:\/\/varibox.best4u.dev\/wp-content\/uploads\/2024\/11\/ADR-Drum-Container.jpg",400,263,false],"gform-image-choice-lg":["https:\/\/varibox.best4u.dev\/wp-content\/uploads\/2024\/11\/ADR-Drum-Container.jpg",600,395,false],"woocommerce_thumbnail":["https:\/\/varibox.best4u.dev\/wp-content\/uploads\/2024\/11\/ADR-Drum-Container-270x178.jpg",270,178,true],"woocommerce_single":["https:\/\/varibox.best4u.dev\/wp-content\/uploads\/2024\/11\/ADR-Drum-Container.jpg",1024,674,false],"woocommerce_gallery_thumbnail":["https:\/\/varibox.best4u.dev\/wp-content\/uploads\/2024\/11\/ADR-Drum-Container-100x100.jpg",100,100,true],"variation_swatches_image_size":["https:\/\/varibox.best4u.dev\/wp-content\/uploads\/2024\/11\/ADR-Drum-Container-50x50.jpg",50,50,true],"variation_swatches_tooltip_size":["https:\/\/varibox.best4u.dev\/wp-content\/uploads\/2024\/11\/ADR-Drum-Container-100x100.jpg",100,100,true]},"post_excerpt_stackable_v2":"<p>Le Drumtainer est un suremballage mobile ergonomique sp\u00e9cialement con\u00e7u pour le transport s\u00fbr de f\u00fbts d\u2019une contenance de 200 \u00e0 230 litres.<\/p>\n<p><strong>Ne peut \u00eatre command\u00e9 qu&rsquo;en multiple de 2<br \/>\n<\/strong><\/p>\n","category_list_v2":"","author_info_v2":{"name":"","url":""},"comments_num_v2":"0 comments","acf":[],"_links":{"self":[{"href":"https:\/\/varibox.best4u.dev\/fr\/wp-json\/wp\/v2\/product\/63026","targetHints":{"allow":["GET"]}}],"collection":[{"href":"https:\/\/varibox.best4u.dev\/fr\/wp-json\/wp\/v2\/product"}],"about":[{"href":"https:\/\/varibox.best4u.dev\/fr\/wp-json\/wp\/v2\/types\/product"}],"replies":[{"embeddable":true,"href":"https:\/\/varibox.best4u.dev\/fr\/wp-json\/wp\/v2\/comments?post=63026"}],"wp:featuredmedia":[{"embeddable":true,"href":"https:\/\/varibox.best4u.dev\/fr\/wp-json\/wp\/v2\/media\/69304"}],"wp:attachment":[{"href":"https:\/\/varibox.best4u.dev\/fr\/wp-json\/wp\/v2\/media?parent=63026"}],"wp:term":[{"taxonomy":"product_brand","embeddable":true,"href":"https:\/\/varibox.best4u.dev\/fr\/wp-json\/wp\/v2\/product_brand?post=63026"},{"taxonomy":"product_cat","embeddable":true,"href":"https:\/\/varibox.best4u.dev\/fr\/wp-json\/wp\/v2\/product_cat?post=63026"},{"taxonomy":"product_tag","embeddable":true,"href":"https:\/\/varibox.best4u.dev\/fr\/wp-json\/wp\/v2\/product_tag?post=63026"}],"curies":[{"name":"wp","href":"https:\/\/api.w.org\/{rel}","templated":true}]}}