{"id":4862,"date":"2024-06-14T09:44:22","date_gmt":"2024-06-14T07:44:22","guid":{"rendered":"https:\/\/varibox.best4u.dev\/?post_type=product&#038;p=4862"},"modified":"2026-01-21T15:34:33","modified_gmt":"2026-01-21T14:34:33","slug":"varibox-adaptateur-safeline","status":"publish","type":"product","link":"https:\/\/varibox.best4u.dev\/fr\/produit\/varibox-adaptateur-safeline\/","title":{"rendered":"VARIBOX Adaptateur Safeline pour cl\u00e9 dynamom\u00e9trique"},"content":{"rendered":"<p>Faites l&rsquo;exp\u00e9rience de la s\u00e9curit\u00e9 avec l&rsquo;adaptateur Safeline VARIBOX pour cl\u00e9 dynamom\u00e9trique 3\/8\u2033. Con\u00e7u pour r\u00e9pondre aux normes les plus strictes, cet adaptateur est indispensable pour les professionnels. Fabriqu\u00e9 \u00e0 partir de mat\u00e9riaux de haute qualit\u00e9, il garantit une utilisation durable. La s\u00e9curit\u00e9 est primordiale, et l&rsquo;adaptateur Safeline de VARIBOX excelle \u00e0 cet \u00e9gard. Le m\u00e9canisme de verrouillage s\u00e9curis\u00e9 offre une protection suppl\u00e9mentaire, emp\u00eachant tout glissement ou d\u00e9tachement accidentel pendant les t\u00e2ches.<\/p>\n","protected":false},"excerpt":{"rendered":"<p>Faites l&rsquo;exp\u00e9rience de la s\u00e9curit\u00e9 avec l&rsquo;adaptateur Safeline VARIBOX pour cl\u00e9 dynamom\u00e9trique 3\/8\u2033.<\/p>\n","protected":false},"featured_media":4871,"comment_status":"closed","ping_status":"closed","template":"","meta":{"_acf_changed":false},"product_brand":[],"product_cat":[326,327,324,325,366,367,368,365,317,375,321,319],"product_tag":[],"class_list":{"0":"post-4862","1":"product","2":"type-product","3":"status-publish","4":"has-post-thumbnail","6":"product_cat-accessoires-varibox-fc-800","7":"product_cat-accessoires-fr","8":"product_cat-accessoires-varibox-cc-250-fr","9":"product_cat-accessoires-varibox-drumtainer","10":"product_cat-tubes-dextraction-varibox-drumtainer","11":"product_cat-tubes-dextraction-varibox-fc-800","12":"product_cat-tubes-dextraction","13":"product_cat-tubes-dextraction-varibox-cc-250","14":"product_cat-varibox-cc-250-fr","15":"product_cat-varibox-drumtainer-fr","16":"product_cat-varibox-fc-1000-fr","17":"product_cat-varibox-fc-800-fr","18":"product_shipping_class-deventer-en","19":"pa_packaging-unit-1-fr","21":"first","22":"instock","23":"taxable","24":"shipping-taxable","25":"purchasable","26":"product-type-simple"},"featured_image_urls_v2":{"full":["https:\/\/varibox.best4u.dev\/wp-content\/uploads\/2024\/06\/Tool-top.png",6000,4000,false],"thumbnail":["https:\/\/varibox.best4u.dev\/wp-content\/uploads\/2024\/06\/Tool-top-256x256.png",256,256,true],"medium":["https:\/\/varibox.best4u.dev\/wp-content\/uploads\/2024\/06\/Tool-top-512x341.png",512,341,true],"medium_large":["https:\/\/varibox.best4u.dev\/wp-content\/uploads\/2024\/06\/Tool-top-768x512.png",768,512,true],"large":["https:\/\/varibox.best4u.dev\/wp-content\/uploads\/2024\/06\/Tool-top-1024x683.png",1024,683,true],"1536x1536":["https:\/\/varibox.best4u.dev\/wp-content\/uploads\/2024\/06\/Tool-top-1536x1024.png",1536,1024,true],"2048x2048":["https:\/\/varibox.best4u.dev\/wp-content\/uploads\/2024\/06\/Tool-top-2048x1365.png",2048,1365,true],"woocommerce_archive_thumbnail":["https:\/\/varibox.best4u.dev\/wp-content\/uploads\/2024\/06\/Tool-top-270x180.png",270,180,true],"gform-image-choice-sm":["https:\/\/varibox.best4u.dev\/wp-content\/uploads\/2024\/06\/Tool-top.png",300,200,false],"gform-image-choice-md":["https:\/\/varibox.best4u.dev\/wp-content\/uploads\/2024\/06\/Tool-top.png",400,267,false],"gform-image-choice-lg":["https:\/\/varibox.best4u.dev\/wp-content\/uploads\/2024\/06\/Tool-top.png",600,400,false],"woocommerce_thumbnail":["https:\/\/varibox.best4u.dev\/wp-content\/uploads\/2024\/06\/Tool-top-270x180.png",270,180,true],"woocommerce_single":["https:\/\/varibox.best4u.dev\/wp-content\/uploads\/2024\/06\/Tool-top-1200x800.png",1200,800,true],"woocommerce_gallery_thumbnail":["https:\/\/varibox.best4u.dev\/wp-content\/uploads\/2024\/06\/Tool-top-100x100.png",100,100,true],"variation_swatches_image_size":["https:\/\/varibox.best4u.dev\/wp-content\/uploads\/2024\/06\/Tool-top-50x50.png",50,50,true],"variation_swatches_tooltip_size":["https:\/\/varibox.best4u.dev\/wp-content\/uploads\/2024\/06\/Tool-top-100x100.png",100,100,true]},"post_excerpt_stackable_v2":"<p>Faites l&rsquo;exp\u00e9rience de la s\u00e9curit\u00e9 avec l&rsquo;adaptateur Safeline VARIBOX pour cl\u00e9 dynamom\u00e9trique 3\/8\u2033.<\/p>\n","category_list_v2":"","author_info_v2":{"name":"","url":""},"comments_num_v2":"0 comments","acf":[],"_links":{"self":[{"href":"https:\/\/varibox.best4u.dev\/fr\/wp-json\/wp\/v2\/product\/4862","targetHints":{"allow":["GET"]}}],"collection":[{"href":"https:\/\/varibox.best4u.dev\/fr\/wp-json\/wp\/v2\/product"}],"about":[{"href":"https:\/\/varibox.best4u.dev\/fr\/wp-json\/wp\/v2\/types\/product"}],"replies":[{"embeddable":true,"href":"https:\/\/varibox.best4u.dev\/fr\/wp-json\/wp\/v2\/comments?post=4862"}],"wp:featuredmedia":[{"embeddable":true,"href":"https:\/\/varibox.best4u.dev\/fr\/wp-json\/wp\/v2\/media\/4871"}],"wp:attachment":[{"href":"https:\/\/varibox.best4u.dev\/fr\/wp-json\/wp\/v2\/media?parent=4862"}],"wp:term":[{"taxonomy":"product_brand","embeddable":true,"href":"https:\/\/varibox.best4u.dev\/fr\/wp-json\/wp\/v2\/product_brand?post=4862"},{"taxonomy":"product_cat","embeddable":true,"href":"https:\/\/varibox.best4u.dev\/fr\/wp-json\/wp\/v2\/product_cat?post=4862"},{"taxonomy":"product_tag","embeddable":true,"href":"https:\/\/varibox.best4u.dev\/fr\/wp-json\/wp\/v2\/product_tag?post=4862"}],"curies":[{"name":"wp","href":"https:\/\/api.w.org\/{rel}","templated":true}]}}