{"id":4463,"date":"2024-04-08T13:12:38","date_gmt":"2024-04-08T11:12:38","guid":{"rendered":"https:\/\/varibox.best4u.dev\/product\/cle-de-serrage-plastique-pour-couvercle\/"},"modified":"2024-04-08T13:27:16","modified_gmt":"2024-04-08T11:27:16","slug":"cle-de-serrage-plastique-pour-couvercle","status":"publish","type":"product","link":"https:\/\/varibox.best4u.dev\/fr\/produit\/cle-de-serrage-plastique-pour-couvercle\/","title":{"rendered":"Cl\u00e9 de serrage plastique pour couvercle"},"content":{"rendered":"<p>Voici l&rsquo;outil ultime pour ouvrir et fermer facilement les grands r\u00e9cipients pour vrac (GRV) : la cl\u00e9 pour bouchon \u00e0 vis ! Con\u00e7u pour faciliter la manipulation des GRV, cet outil innovant est indispensable \u00e0 tous ceux qui manipulent r\u00e9guli\u00e8rement des GRV.<\/p>\n<p>Gr\u00e2ce \u00e0 sa construction robuste et \u00e0 son design ergonomique, la cl\u00e9 \u00e0 vis offre une prise confortable et un effet de levier optimal, vous permettant de desserrer ou de serrer sans effort les bouchons \u00e0 vis des VARIBOX.<\/p>\n<p>La cl\u00e9 pour bouchon \u00e0 vis est sp\u00e9cialement con\u00e7ue pour s&rsquo;adapter \u00e0 une large gamme de tailles de bouchons \u00e0 vis pour IBC, garantissant ainsi la compatibilit\u00e9 avec les IBC les plus couramment utilis\u00e9s dans l&rsquo;industrie.<br \/>\nSa conception vous permet de l&rsquo;utiliser sur tous les IBC VARIBOX, ce qui en fait un outil polyvalent pour tous les sc\u00e9narios de manutention des IBC.<\/p>\n","protected":false},"excerpt":{"rendered":"<p>Gr\u00e2ce \u00e0 sa construction robuste et \u00e0 son design ergonomique, la cl\u00e9 pour couvercle offre une prise confortable et un effet de levier optimal, ce qui vous permet de desserrer ou de serrer sans effort les couvercle \u00e0 vis des VARIBOX.<\/p>\n","protected":false},"featured_media":4276,"comment_status":"closed","ping_status":"closed","template":"","meta":{"_acf_changed":false},"product_brand":[],"product_cat":[458,459,421,417],"product_tag":[],"class_list":{"0":"post-4463","1":"product","2":"type-product","3":"status-publish","4":"has-post-thumbnail","6":"product_cat-couvercles-varibox-sc-800","7":"product_cat-couvercles","8":"product_cat-varibox-sc-1000-fr","9":"product_cat-varibox-sc-800-fr","10":"product_shipping_class-montoir","11":"pa_packaging-unit-1-fr","13":"first","14":"instock","15":"taxable","16":"shipping-taxable","17":"purchasable","18":"product-type-simple"},"featured_image_urls_v2":{"full":["https:\/\/varibox.best4u.dev\/wp-content\/uploads\/2024\/04\/Plastic-wrench-for-the-Screwcap-1.jpg",600,400,false],"thumbnail":["https:\/\/varibox.best4u.dev\/wp-content\/uploads\/2024\/04\/Plastic-wrench-for-the-Screwcap-1-256x256.jpg",256,256,true],"medium":["https:\/\/varibox.best4u.dev\/wp-content\/uploads\/2024\/04\/Plastic-wrench-for-the-Screwcap-1-512x341.jpg",512,341,true],"medium_large":["https:\/\/varibox.best4u.dev\/wp-content\/uploads\/2024\/04\/Plastic-wrench-for-the-Screwcap-1.jpg",600,400,false],"large":["https:\/\/varibox.best4u.dev\/wp-content\/uploads\/2024\/04\/Plastic-wrench-for-the-Screwcap-1.jpg",600,400,false],"1536x1536":["https:\/\/varibox.best4u.dev\/wp-content\/uploads\/2024\/04\/Plastic-wrench-for-the-Screwcap-1.jpg",600,400,false],"2048x2048":["https:\/\/varibox.best4u.dev\/wp-content\/uploads\/2024\/04\/Plastic-wrench-for-the-Screwcap-1.jpg",600,400,false],"woocommerce_archive_thumbnail":["https:\/\/varibox.best4u.dev\/wp-content\/uploads\/2024\/04\/Plastic-wrench-for-the-Screwcap-1-270x180.jpg",270,180,true],"gform-image-choice-sm":["https:\/\/varibox.best4u.dev\/wp-content\/uploads\/2024\/04\/Plastic-wrench-for-the-Screwcap-1.jpg",300,200,false],"gform-image-choice-md":["https:\/\/varibox.best4u.dev\/wp-content\/uploads\/2024\/04\/Plastic-wrench-for-the-Screwcap-1.jpg",400,267,false],"gform-image-choice-lg":["https:\/\/varibox.best4u.dev\/wp-content\/uploads\/2024\/04\/Plastic-wrench-for-the-Screwcap-1.jpg",600,400,false],"woocommerce_thumbnail":["https:\/\/varibox.best4u.dev\/wp-content\/uploads\/2024\/04\/Plastic-wrench-for-the-Screwcap-1-270x180.jpg",270,180,true],"woocommerce_single":["https:\/\/varibox.best4u.dev\/wp-content\/uploads\/2024\/04\/Plastic-wrench-for-the-Screwcap-1.jpg",600,400,false],"woocommerce_gallery_thumbnail":["https:\/\/varibox.best4u.dev\/wp-content\/uploads\/2024\/04\/Plastic-wrench-for-the-Screwcap-1-100x100.jpg",100,100,true],"variation_swatches_image_size":["https:\/\/varibox.best4u.dev\/wp-content\/uploads\/2024\/04\/Plastic-wrench-for-the-Screwcap-1-50x50.jpg",50,50,true],"variation_swatches_tooltip_size":["https:\/\/varibox.best4u.dev\/wp-content\/uploads\/2024\/04\/Plastic-wrench-for-the-Screwcap-1-100x100.jpg",100,100,true]},"post_excerpt_stackable_v2":"<p>Gr\u00e2ce \u00e0 sa construction robuste et \u00e0 son design ergonomique, la cl\u00e9 pour couvercle offre une prise confortable et un effet de levier optimal, ce qui vous permet de desserrer ou de serrer sans effort les couvercle \u00e0 vis des VARIBOX.<\/p>\n","category_list_v2":"","author_info_v2":{"name":"","url":""},"comments_num_v2":"0 comments","acf":[],"_links":{"self":[{"href":"https:\/\/varibox.best4u.dev\/fr\/wp-json\/wp\/v2\/product\/4463","targetHints":{"allow":["GET"]}}],"collection":[{"href":"https:\/\/varibox.best4u.dev\/fr\/wp-json\/wp\/v2\/product"}],"about":[{"href":"https:\/\/varibox.best4u.dev\/fr\/wp-json\/wp\/v2\/types\/product"}],"replies":[{"embeddable":true,"href":"https:\/\/varibox.best4u.dev\/fr\/wp-json\/wp\/v2\/comments?post=4463"}],"wp:featuredmedia":[{"embeddable":true,"href":"https:\/\/varibox.best4u.dev\/fr\/wp-json\/wp\/v2\/media\/4276"}],"wp:attachment":[{"href":"https:\/\/varibox.best4u.dev\/fr\/wp-json\/wp\/v2\/media?parent=4463"}],"wp:term":[{"taxonomy":"product_brand","embeddable":true,"href":"https:\/\/varibox.best4u.dev\/fr\/wp-json\/wp\/v2\/product_brand?post=4463"},{"taxonomy":"product_cat","embeddable":true,"href":"https:\/\/varibox.best4u.dev\/fr\/wp-json\/wp\/v2\/product_cat?post=4463"},{"taxonomy":"product_tag","embeddable":true,"href":"https:\/\/varibox.best4u.dev\/fr\/wp-json\/wp\/v2\/product_tag?post=4463"}],"curies":[{"name":"wp","href":"https:\/\/api.w.org\/{rel}","templated":true}]}}