{"id":4461,"date":"2024-04-08T13:12:38","date_gmt":"2024-04-08T11:12:38","guid":{"rendered":"https:\/\/varibox.best4u.dev\/product\/couvercle-varibox-sc-d160-epdm-sans-event\/"},"modified":"2024-04-08T13:27:16","modified_gmt":"2024-04-08T11:27:16","slug":"couvercle-varibox-sc-d160-epdm-sans-event","status":"publish","type":"product","link":"https:\/\/varibox.best4u.dev\/fr\/produit\/couvercle-varibox-sc-d160-epdm-sans-event\/","title":{"rendered":"Couvercle VARIBOX SC D160 EPDM sans \u00e9vent"},"content":{"rendered":"<p>Le couvercle \u00e0 vis VARIBOX D160 EPDM sans \u00e9vent est destin\u00e9 \u00e0 fermer l&rsquo;orifice de remplissage. Ce couvercle est fabriqu\u00e9 en EPDM, PE, PTFE et PP et est de couleur rouge. Cette couleur rouge est assortie aux autres \u00e9quipements de services et indiquent que les joints sont en EPDM. Ce couvercle \u00e0 vis est \u00e9quip\u00e9 sans \u00e9vent.<\/p>\n","protected":false},"excerpt":{"rendered":"<p>Le couvercle \u00e0 vis VARIBOX D160 EPDM sans \u00e9vent est destin\u00e9 \u00e0 fermer l&rsquo;orifice de remplissage.<\/p>\n","protected":false},"featured_media":4254,"comment_status":"closed","ping_status":"closed","template":"","meta":{"_acf_changed":false},"product_brand":[],"product_cat":[459,458,421,417],"product_tag":[],"class_list":{"0":"post-4461","1":"product","2":"type-product","3":"status-publish","4":"has-post-thumbnail","6":"product_cat-couvercles","7":"product_cat-couvercles-varibox-sc-800","8":"product_cat-varibox-sc-1000-fr","9":"product_cat-varibox-sc-800-fr","10":"product_shipping_class-montoir","11":"pa_packaging-unit-1-fr","13":"first","14":"instock","15":"taxable","16":"shipping-taxable","17":"purchasable","18":"product-type-simple"},"featured_image_urls_v2":{"full":["https:\/\/varibox.best4u.dev\/wp-content\/uploads\/2024\/04\/VARIBOX-screwcap-D160-EPDM-without-vent-1.jpg",600,400,false],"thumbnail":["https:\/\/varibox.best4u.dev\/wp-content\/uploads\/2024\/04\/VARIBOX-screwcap-D160-EPDM-without-vent-1-256x256.jpg",256,256,true],"medium":["https:\/\/varibox.best4u.dev\/wp-content\/uploads\/2024\/04\/VARIBOX-screwcap-D160-EPDM-without-vent-1-512x341.jpg",512,341,true],"medium_large":["https:\/\/varibox.best4u.dev\/wp-content\/uploads\/2024\/04\/VARIBOX-screwcap-D160-EPDM-without-vent-1.jpg",600,400,false],"large":["https:\/\/varibox.best4u.dev\/wp-content\/uploads\/2024\/04\/VARIBOX-screwcap-D160-EPDM-without-vent-1.jpg",600,400,false],"1536x1536":["https:\/\/varibox.best4u.dev\/wp-content\/uploads\/2024\/04\/VARIBOX-screwcap-D160-EPDM-without-vent-1.jpg",600,400,false],"2048x2048":["https:\/\/varibox.best4u.dev\/wp-content\/uploads\/2024\/04\/VARIBOX-screwcap-D160-EPDM-without-vent-1.jpg",600,400,false],"woocommerce_archive_thumbnail":["https:\/\/varibox.best4u.dev\/wp-content\/uploads\/2024\/04\/VARIBOX-screwcap-D160-EPDM-without-vent-1-270x180.jpg",270,180,true],"gform-image-choice-sm":["https:\/\/varibox.best4u.dev\/wp-content\/uploads\/2024\/04\/VARIBOX-screwcap-D160-EPDM-without-vent-1.jpg",300,200,false],"gform-image-choice-md":["https:\/\/varibox.best4u.dev\/wp-content\/uploads\/2024\/04\/VARIBOX-screwcap-D160-EPDM-without-vent-1.jpg",400,267,false],"gform-image-choice-lg":["https:\/\/varibox.best4u.dev\/wp-content\/uploads\/2024\/04\/VARIBOX-screwcap-D160-EPDM-without-vent-1.jpg",600,400,false],"woocommerce_thumbnail":["https:\/\/varibox.best4u.dev\/wp-content\/uploads\/2024\/04\/VARIBOX-screwcap-D160-EPDM-without-vent-1-270x180.jpg",270,180,true],"woocommerce_single":["https:\/\/varibox.best4u.dev\/wp-content\/uploads\/2024\/04\/VARIBOX-screwcap-D160-EPDM-without-vent-1.jpg",600,400,false],"woocommerce_gallery_thumbnail":["https:\/\/varibox.best4u.dev\/wp-content\/uploads\/2024\/04\/VARIBOX-screwcap-D160-EPDM-without-vent-1-100x100.jpg",100,100,true],"variation_swatches_image_size":["https:\/\/varibox.best4u.dev\/wp-content\/uploads\/2024\/04\/VARIBOX-screwcap-D160-EPDM-without-vent-1-50x50.jpg",50,50,true],"variation_swatches_tooltip_size":["https:\/\/varibox.best4u.dev\/wp-content\/uploads\/2024\/04\/VARIBOX-screwcap-D160-EPDM-without-vent-1-100x100.jpg",100,100,true]},"post_excerpt_stackable_v2":"<p>Le couvercle \u00e0 vis VARIBOX D160 EPDM sans \u00e9vent est destin\u00e9 \u00e0 fermer l&rsquo;orifice de remplissage.<\/p>\n","category_list_v2":"","author_info_v2":{"name":"","url":""},"comments_num_v2":"0 comments","acf":[],"_links":{"self":[{"href":"https:\/\/varibox.best4u.dev\/fr\/wp-json\/wp\/v2\/product\/4461","targetHints":{"allow":["GET"]}}],"collection":[{"href":"https:\/\/varibox.best4u.dev\/fr\/wp-json\/wp\/v2\/product"}],"about":[{"href":"https:\/\/varibox.best4u.dev\/fr\/wp-json\/wp\/v2\/types\/product"}],"replies":[{"embeddable":true,"href":"https:\/\/varibox.best4u.dev\/fr\/wp-json\/wp\/v2\/comments?post=4461"}],"wp:featuredmedia":[{"embeddable":true,"href":"https:\/\/varibox.best4u.dev\/fr\/wp-json\/wp\/v2\/media\/4254"}],"wp:attachment":[{"href":"https:\/\/varibox.best4u.dev\/fr\/wp-json\/wp\/v2\/media?parent=4461"}],"wp:term":[{"taxonomy":"product_brand","embeddable":true,"href":"https:\/\/varibox.best4u.dev\/fr\/wp-json\/wp\/v2\/product_brand?post=4461"},{"taxonomy":"product_cat","embeddable":true,"href":"https:\/\/varibox.best4u.dev\/fr\/wp-json\/wp\/v2\/product_cat?post=4461"},{"taxonomy":"product_tag","embeddable":true,"href":"https:\/\/varibox.best4u.dev\/fr\/wp-json\/wp\/v2\/product_tag?post=4461"}],"curies":[{"name":"wp","href":"https:\/\/api.w.org\/{rel}","templated":true}]}}