{"id":4453,"date":"2024-04-08T13:23:37","date_gmt":"2024-04-08T11:23:37","guid":{"rendered":"https:\/\/varibox.best4u.dev\/product\/event-de-supression-varibox-2\/"},"modified":"2024-08-16T10:38:42","modified_gmt":"2024-08-16T08:38:42","slug":"event-de-supression-varibox-2","status":"publish","type":"product","link":"https:\/\/varibox.best4u.dev\/fr\/produit\/event-de-supression-varibox-2\/","title":{"rendered":"Lot de 100 \u00e9vents de surpression VARIBOX"},"content":{"rendered":"<p>L&rsquo;\u00e9vent de surpression VARIBOX est fabriqu\u00e9 en PTFE, PP et PE, de couleur blanche. Le VARIBOX est \u00e9quip\u00e9 en standard d&rsquo;un a\u00e9rateur et d&rsquo;un \u00e9vent de surpression. L&rsquo;\u00e9vent de surpression est une membrane situ\u00e9e dans le couvercle du VARIBOX. Cette membrane laisse passer le gaz, mais pas le liquide. L&rsquo;\u00e9vent de d\u00e9compression permet ainsi d&rsquo;\u00e9quilibrer la surpression dans les conteneurs VARIBOX. En cas de surpression dans le VARIBOX, la vapeur s&rsquo;\u00e9chappe progressivement par l&rsquo;\u00e9vent de d\u00e9compression jusqu&rsquo;\u00e0 ce qu&rsquo;il n&rsquo;y ait plus de surpression. En cas de sous-pression, par exemple en raison du refroidissement de la vapeur dans un VARIBOX, l&rsquo;air peut s&rsquo;\u00e9couler progressivement par l&rsquo;\u00e9vent de surpression.<\/p>\n","protected":false},"excerpt":{"rendered":"<p>L&rsquo;\u00e9vent de surpression VARIBOX est une membrane situ\u00e9e dans le couvercle du VARIBOX.<\/p>\n","protected":false},"featured_media":3358,"comment_status":"closed","ping_status":"closed","template":"","meta":{"_acf_changed":false},"product_brand":[],"product_cat":[453,452,421,417],"product_tag":[],"class_list":{"0":"post-4453","1":"product","2":"type-product","3":"status-publish","4":"has-post-thumbnail","6":"product_cat-accessoires-varibox-sc-1000-fr","7":"product_cat-accessoires-varibox-sc-800-fr","8":"product_cat-varibox-sc-1000-fr","9":"product_cat-varibox-sc-800-fr","10":"product_shipping_class-montoir","11":"pa_packaging-unit-100-fr","13":"first","14":"instock","15":"taxable","16":"shipping-taxable","17":"purchasable","18":"product-type-simple"},"featured_image_urls_v2":{"full":["https:\/\/varibox.best4u.dev\/wp-content\/uploads\/2022\/08\/D38a.png",600,400,false],"thumbnail":["https:\/\/varibox.best4u.dev\/wp-content\/uploads\/2022\/08\/D38a.png",256,171,false],"medium":["https:\/\/varibox.best4u.dev\/wp-content\/uploads\/2022\/08\/D38a.png",512,341,false],"medium_large":["https:\/\/varibox.best4u.dev\/wp-content\/uploads\/2022\/08\/D38a.png",600,400,false],"large":["https:\/\/varibox.best4u.dev\/wp-content\/uploads\/2022\/08\/D38a.png",600,400,false],"1536x1536":["https:\/\/varibox.best4u.dev\/wp-content\/uploads\/2022\/08\/D38a.png",600,400,false],"2048x2048":["https:\/\/varibox.best4u.dev\/wp-content\/uploads\/2022\/08\/D38a.png",600,400,false],"woocommerce_archive_thumbnail":["https:\/\/varibox.best4u.dev\/wp-content\/uploads\/2022\/08\/D38a-270x180.png",270,180,true],"gform-image-choice-sm":["https:\/\/varibox.best4u.dev\/wp-content\/uploads\/2022\/08\/D38a.png",300,200,false],"gform-image-choice-md":["https:\/\/varibox.best4u.dev\/wp-content\/uploads\/2022\/08\/D38a.png",400,267,false],"gform-image-choice-lg":["https:\/\/varibox.best4u.dev\/wp-content\/uploads\/2022\/08\/D38a.png",600,400,false],"woocommerce_thumbnail":["https:\/\/varibox.best4u.dev\/wp-content\/uploads\/2022\/08\/D38a.png",270,180,false],"woocommerce_single":["https:\/\/varibox.best4u.dev\/wp-content\/uploads\/2022\/08\/D38a.png",600,400,false],"woocommerce_gallery_thumbnail":["https:\/\/varibox.best4u.dev\/wp-content\/uploads\/2022\/08\/D38a-100x100.png",100,100,true],"variation_swatches_image_size":["https:\/\/varibox.best4u.dev\/wp-content\/uploads\/2022\/08\/D38a.png",50,33,false],"variation_swatches_tooltip_size":["https:\/\/varibox.best4u.dev\/wp-content\/uploads\/2022\/08\/D38a.png",100,67,false]},"post_excerpt_stackable_v2":"<p>L&rsquo;\u00e9vent de surpression VARIBOX est une membrane situ\u00e9e dans le couvercle du VARIBOX.<\/p>\n","category_list_v2":"","author_info_v2":{"name":"","url":""},"comments_num_v2":"0 comments","acf":[],"_links":{"self":[{"href":"https:\/\/varibox.best4u.dev\/fr\/wp-json\/wp\/v2\/product\/4453","targetHints":{"allow":["GET"]}}],"collection":[{"href":"https:\/\/varibox.best4u.dev\/fr\/wp-json\/wp\/v2\/product"}],"about":[{"href":"https:\/\/varibox.best4u.dev\/fr\/wp-json\/wp\/v2\/types\/product"}],"replies":[{"embeddable":true,"href":"https:\/\/varibox.best4u.dev\/fr\/wp-json\/wp\/v2\/comments?post=4453"}],"wp:featuredmedia":[{"embeddable":true,"href":"https:\/\/varibox.best4u.dev\/fr\/wp-json\/wp\/v2\/media\/3358"}],"wp:attachment":[{"href":"https:\/\/varibox.best4u.dev\/fr\/wp-json\/wp\/v2\/media?parent=4453"}],"wp:term":[{"taxonomy":"product_brand","embeddable":true,"href":"https:\/\/varibox.best4u.dev\/fr\/wp-json\/wp\/v2\/product_brand?post=4453"},{"taxonomy":"product_cat","embeddable":true,"href":"https:\/\/varibox.best4u.dev\/fr\/wp-json\/wp\/v2\/product_cat?post=4453"},{"taxonomy":"product_tag","embeddable":true,"href":"https:\/\/varibox.best4u.dev\/fr\/wp-json\/wp\/v2\/product_tag?post=4453"}],"curies":[{"name":"wp","href":"https:\/\/api.w.org\/{rel}","templated":true}]}}