{"id":4451,"date":"2024-04-08T13:12:31","date_gmt":"2024-04-08T11:12:31","guid":{"rendered":"https:\/\/varibox.best4u.dev\/product\/varibox-sc-pp-dn50-vanne-filetee-a-boisseau-spherique-viton\/"},"modified":"2024-04-08T13:27:17","modified_gmt":"2024-04-08T11:27:17","slug":"varibox-sc-pp-dn50-vanne-filetee-a-boisseau-spherique-viton","status":"publish","type":"product","link":"https:\/\/varibox.best4u.dev\/fr\/produit\/varibox-sc-pp-dn50-vanne-filetee-a-boisseau-spherique-viton\/","title":{"rendered":"VARIBOX SC PP DN50 Vanne filet\u00e9e \u00e0 boisseau sph\u00e9rique Viton"},"content":{"rendered":"<p>Pour vous prot\u00e9ger et pr\u00e9server l&rsquo;environnement lors de l&rsquo;utilisation des VARIBOX SC, les conteneurs sont \u00e9quip\u00e9s du robinet \u00e0 boisseau sph\u00e9rique VARIBOX. Cette vanne Viton filet\u00e9e 2\u00a0\u00bb monobloc robuste, d&rsquo;une dur\u00e9e de vie allant jusqu&rsquo;\u00e0 5 ans, garantit que votre produit restera en toute s\u00e9curit\u00e9 \u00e0 l&rsquo;int\u00e9rieur du VARIBOX pendant le transport et le stockage. Cette vanne est fabriqu\u00e9e en PP avec des joints en Viton et la couleur de la poign\u00e9e est verte.<\/p>\n","protected":false},"excerpt":{"rendered":"<p>Pour vous prot\u00e9ger et pr\u00e9server l&rsquo;environnement lors de l&rsquo;utilisation des VARIBOX SC, les conteneurs sont \u00e9quip\u00e9s du robuste robinet \u00e0 boisseau sph\u00e9rique VARIBOX.<\/p>\n","protected":false},"featured_media":4184,"comment_status":"closed","ping_status":"closed","template":"","meta":{"_acf_changed":false},"product_brand":[],"product_cat":[446,451,421,417],"product_tag":[],"class_list":{"0":"post-4451","1":"product","2":"type-product","3":"status-publish","4":"has-post-thumbnail","6":"product_cat-vannes","7":"product_cat-vannes-varibox-sc-800","8":"product_cat-varibox-sc-1000-fr","9":"product_cat-varibox-sc-800-fr","10":"product_shipping_class-montoir","11":"pa_packaging-unit-1-fr","13":"first","14":"instock","15":"taxable","16":"shipping-taxable","17":"purchasable","18":"product-type-simple"},"featured_image_urls_v2":{"full":["https:\/\/varibox.best4u.dev\/wp-content\/uploads\/2024\/04\/DN50-Ball-valve-inner-thread-Green-1.jpg",600,400,false],"thumbnail":["https:\/\/varibox.best4u.dev\/wp-content\/uploads\/2024\/04\/DN50-Ball-valve-inner-thread-Green-1-256x256.jpg",256,256,true],"medium":["https:\/\/varibox.best4u.dev\/wp-content\/uploads\/2024\/04\/DN50-Ball-valve-inner-thread-Green-1-512x341.jpg",512,341,true],"medium_large":["https:\/\/varibox.best4u.dev\/wp-content\/uploads\/2024\/04\/DN50-Ball-valve-inner-thread-Green-1.jpg",600,400,false],"large":["https:\/\/varibox.best4u.dev\/wp-content\/uploads\/2024\/04\/DN50-Ball-valve-inner-thread-Green-1.jpg",600,400,false],"1536x1536":["https:\/\/varibox.best4u.dev\/wp-content\/uploads\/2024\/04\/DN50-Ball-valve-inner-thread-Green-1.jpg",600,400,false],"2048x2048":["https:\/\/varibox.best4u.dev\/wp-content\/uploads\/2024\/04\/DN50-Ball-valve-inner-thread-Green-1.jpg",600,400,false],"woocommerce_archive_thumbnail":["https:\/\/varibox.best4u.dev\/wp-content\/uploads\/2024\/04\/DN50-Ball-valve-inner-thread-Green-1-270x180.jpg",270,180,true],"gform-image-choice-sm":["https:\/\/varibox.best4u.dev\/wp-content\/uploads\/2024\/04\/DN50-Ball-valve-inner-thread-Green-1.jpg",300,200,false],"gform-image-choice-md":["https:\/\/varibox.best4u.dev\/wp-content\/uploads\/2024\/04\/DN50-Ball-valve-inner-thread-Green-1.jpg",400,267,false],"gform-image-choice-lg":["https:\/\/varibox.best4u.dev\/wp-content\/uploads\/2024\/04\/DN50-Ball-valve-inner-thread-Green-1.jpg",600,400,false],"woocommerce_thumbnail":["https:\/\/varibox.best4u.dev\/wp-content\/uploads\/2024\/04\/DN50-Ball-valve-inner-thread-Green-1-270x180.jpg",270,180,true],"woocommerce_single":["https:\/\/varibox.best4u.dev\/wp-content\/uploads\/2024\/04\/DN50-Ball-valve-inner-thread-Green-1.jpg",600,400,false],"woocommerce_gallery_thumbnail":["https:\/\/varibox.best4u.dev\/wp-content\/uploads\/2024\/04\/DN50-Ball-valve-inner-thread-Green-1-100x100.jpg",100,100,true],"variation_swatches_image_size":["https:\/\/varibox.best4u.dev\/wp-content\/uploads\/2024\/04\/DN50-Ball-valve-inner-thread-Green-1-50x50.jpg",50,50,true],"variation_swatches_tooltip_size":["https:\/\/varibox.best4u.dev\/wp-content\/uploads\/2024\/04\/DN50-Ball-valve-inner-thread-Green-1-100x100.jpg",100,100,true]},"post_excerpt_stackable_v2":"<p>Pour vous prot\u00e9ger et pr\u00e9server l&rsquo;environnement lors de l&rsquo;utilisation des VARIBOX SC, les conteneurs sont \u00e9quip\u00e9s du robuste robinet \u00e0 boisseau sph\u00e9rique VARIBOX.<\/p>\n","category_list_v2":"","author_info_v2":{"name":"","url":""},"comments_num_v2":"0 comments","acf":[],"_links":{"self":[{"href":"https:\/\/varibox.best4u.dev\/fr\/wp-json\/wp\/v2\/product\/4451","targetHints":{"allow":["GET"]}}],"collection":[{"href":"https:\/\/varibox.best4u.dev\/fr\/wp-json\/wp\/v2\/product"}],"about":[{"href":"https:\/\/varibox.best4u.dev\/fr\/wp-json\/wp\/v2\/types\/product"}],"replies":[{"embeddable":true,"href":"https:\/\/varibox.best4u.dev\/fr\/wp-json\/wp\/v2\/comments?post=4451"}],"wp:featuredmedia":[{"embeddable":true,"href":"https:\/\/varibox.best4u.dev\/fr\/wp-json\/wp\/v2\/media\/4184"}],"wp:attachment":[{"href":"https:\/\/varibox.best4u.dev\/fr\/wp-json\/wp\/v2\/media?parent=4451"}],"wp:term":[{"taxonomy":"product_brand","embeddable":true,"href":"https:\/\/varibox.best4u.dev\/fr\/wp-json\/wp\/v2\/product_brand?post=4451"},{"taxonomy":"product_cat","embeddable":true,"href":"https:\/\/varibox.best4u.dev\/fr\/wp-json\/wp\/v2\/product_cat?post=4451"},{"taxonomy":"product_tag","embeddable":true,"href":"https:\/\/varibox.best4u.dev\/fr\/wp-json\/wp\/v2\/product_tag?post=4451"}],"curies":[{"name":"wp","href":"https:\/\/api.w.org\/{rel}","templated":true}]}}