{"id":4441,"date":"2024-04-08T13:23:38","date_gmt":"2024-04-08T11:23:38","guid":{"rendered":"https:\/\/varibox.best4u.dev\/product\/lot-de-4-barres-de-gerbage-varibox-sc-1000\/"},"modified":"2024-04-08T13:27:15","modified_gmt":"2024-04-08T11:27:15","slug":"lot-de-4-barres-de-gerbage-varibox-sc-1000","status":"publish","type":"product","link":"https:\/\/varibox.best4u.dev\/fr\/produit\/lot-de-4-barres-de-gerbage-varibox-sc-1000\/","title":{"rendered":"Lot de 4 barres de gerbage VARIBOX SC 1000"},"content":{"rendered":"<p>Les barres de gerbage VARIBOX SC 1000 assurent un gerbage s\u00fbr des IBC. La barre de gerbage VARIBOX SC 1000 est fabriqu\u00e9e en acier galvanis\u00e9. Chaque VARIBOX SC 1000 poss\u00e8de 4 barres de gerbage, plac\u00e9es dans chaque coin et recouvertes d&rsquo;une capsule PE noire. Ces barres sont un \u00e9l\u00e9ment de s\u00e9curit\u00e9 suppl\u00e9mentaire pour garantir un gerbage s\u00fbr sur site des distributeurs et utilisateurs de grands r\u00e9cipients pour vrac (GRV) VARIBOX.<\/p>\n","protected":false},"excerpt":{"rendered":"<p>Les barres de gerbage VARIBOX SC 1000 assurent un gerbage s\u00e9curis\u00e9 de chaque IBC.<\/p>\n","protected":false},"featured_media":3323,"comment_status":"closed","ping_status":"closed","template":"","meta":{"_acf_changed":false},"product_brand":[],"product_cat":[457,421],"product_tag":[],"class_list":{"0":"post-4441","1":"product","2":"type-product","3":"status-publish","4":"has-post-thumbnail","6":"product_cat-barres-metalliques-varibox-sc-1000","7":"product_cat-varibox-sc-1000-fr","8":"product_shipping_class-montoir","9":"pa_packaging-unit-4-fr","11":"first","12":"instock","13":"taxable","14":"shipping-taxable","15":"purchasable","16":"product-type-simple"},"featured_image_urls_v2":{"full":["https:\/\/varibox.best4u.dev\/wp-content\/uploads\/2022\/08\/stackc.png",600,400,false],"thumbnail":["https:\/\/varibox.best4u.dev\/wp-content\/uploads\/2022\/08\/stackc-256x256.png",256,256,true],"medium":["https:\/\/varibox.best4u.dev\/wp-content\/uploads\/2022\/08\/stackc-512x341.png",512,341,true],"medium_large":["https:\/\/varibox.best4u.dev\/wp-content\/uploads\/2022\/08\/stackc.png",600,400,false],"large":["https:\/\/varibox.best4u.dev\/wp-content\/uploads\/2022\/08\/stackc.png",600,400,false],"1536x1536":["https:\/\/varibox.best4u.dev\/wp-content\/uploads\/2022\/08\/stackc.png",600,400,false],"2048x2048":["https:\/\/varibox.best4u.dev\/wp-content\/uploads\/2022\/08\/stackc.png",600,400,false],"woocommerce_archive_thumbnail":["https:\/\/varibox.best4u.dev\/wp-content\/uploads\/2022\/08\/stackc-270x180.png",270,180,true],"gform-image-choice-sm":["https:\/\/varibox.best4u.dev\/wp-content\/uploads\/2022\/08\/stackc.png",300,200,false],"gform-image-choice-md":["https:\/\/varibox.best4u.dev\/wp-content\/uploads\/2022\/08\/stackc.png",400,267,false],"gform-image-choice-lg":["https:\/\/varibox.best4u.dev\/wp-content\/uploads\/2022\/08\/stackc.png",600,400,false],"woocommerce_thumbnail":["https:\/\/varibox.best4u.dev\/wp-content\/uploads\/2022\/08\/stackc-270x180.png",270,180,true],"woocommerce_single":["https:\/\/varibox.best4u.dev\/wp-content\/uploads\/2022\/08\/stackc.png",600,400,false],"woocommerce_gallery_thumbnail":["https:\/\/varibox.best4u.dev\/wp-content\/uploads\/2022\/08\/stackc-100x100.png",100,100,true],"variation_swatches_image_size":["https:\/\/varibox.best4u.dev\/wp-content\/uploads\/2022\/08\/stackc-50x50.png",50,50,true],"variation_swatches_tooltip_size":["https:\/\/varibox.best4u.dev\/wp-content\/uploads\/2022\/08\/stackc-100x100.png",100,100,true]},"post_excerpt_stackable_v2":"<p>Les barres de gerbage VARIBOX SC 1000 assurent un gerbage s\u00e9curis\u00e9 de chaque IBC.<\/p>\n","category_list_v2":"","author_info_v2":{"name":"","url":""},"comments_num_v2":"0 comments","acf":[],"_links":{"self":[{"href":"https:\/\/varibox.best4u.dev\/fr\/wp-json\/wp\/v2\/product\/4441","targetHints":{"allow":["GET"]}}],"collection":[{"href":"https:\/\/varibox.best4u.dev\/fr\/wp-json\/wp\/v2\/product"}],"about":[{"href":"https:\/\/varibox.best4u.dev\/fr\/wp-json\/wp\/v2\/types\/product"}],"replies":[{"embeddable":true,"href":"https:\/\/varibox.best4u.dev\/fr\/wp-json\/wp\/v2\/comments?post=4441"}],"wp:featuredmedia":[{"embeddable":true,"href":"https:\/\/varibox.best4u.dev\/fr\/wp-json\/wp\/v2\/media\/3323"}],"wp:attachment":[{"href":"https:\/\/varibox.best4u.dev\/fr\/wp-json\/wp\/v2\/media?parent=4441"}],"wp:term":[{"taxonomy":"product_brand","embeddable":true,"href":"https:\/\/varibox.best4u.dev\/fr\/wp-json\/wp\/v2\/product_brand?post=4441"},{"taxonomy":"product_cat","embeddable":true,"href":"https:\/\/varibox.best4u.dev\/fr\/wp-json\/wp\/v2\/product_cat?post=4441"},{"taxonomy":"product_tag","embeddable":true,"href":"https:\/\/varibox.best4u.dev\/fr\/wp-json\/wp\/v2\/product_tag?post=4441"}],"curies":[{"name":"wp","href":"https:\/\/api.w.org\/{rel}","templated":true}]}}