{"id":4003,"date":"2023-07-14T10:05:48","date_gmt":"2023-07-14T08:05:48","guid":{"rendered":"https:\/\/varibox.best4u.dev\/product\/coupleur-safeline-food-epdm-varibox\/"},"modified":"2024-04-05T15:57:51","modified_gmt":"2024-04-05T13:57:51","slug":"coupleur-safeline-food-epdm-varibox","status":"publish","type":"product","link":"https:\/\/varibox.best4u.dev\/fr\/produit\/coupleur-safeline-food-epdm-varibox\/","title":{"rendered":"Coupleur Safeline Food EPDM VARIBOX"},"content":{"rendered":"<p>Le coupleur Safeline Food EPDM est fabriqu\u00e9 en EPDM, acier inoxydable et PVDF. Le coupleur Safeline Food EPDM se connecte \u00e0 la partie sup\u00e9rieure du tube extracteur Safeline pour assurer le transfert du liquide en circuit ferm\u00e9. Votre produit s&rsquo;\u00e9coule et l&rsquo;air peut entrer et le risque induit par l&rsquo;inhalation de fum\u00e9es toxiques et le contact avec les mati\u00e8res dangereuses sont \u00e9vit\u00e9s. Cette construction unique prot\u00e8ge les personnes et l&rsquo;environnement pendant l&rsquo;utilisation.<\/p>\n","protected":false},"excerpt":{"rendered":"<p>Le coupleur Safeline Food EPDM \u00e9tablit une connexion \u00e9tanche lors du raccordement au tube d&rsquo;extraction  Safeline Food VARIBOX.<\/p>\n","protected":false},"featured_media":4004,"comment_status":"closed","ping_status":"closed","template":"","meta":{"_acf_changed":false},"product_brand":[],"product_cat":[361,358,359,360,317,375,321,319],"product_tag":[],"class_list":{"0":"post-4003","1":"product","2":"type-product","3":"status-publish","4":"has-post-thumbnail","6":"product_cat-coupleurs-varibox-fc-1000-fr","7":"product_cat-coupleurs-varibox-cc-250-2","8":"product_cat-coupleurs","9":"product_cat-couplers-varibox-fc-800-fr","10":"product_cat-varibox-cc-250-fr","11":"product_cat-varibox-drumtainer-fr","12":"product_cat-varibox-fc-1000-fr","13":"product_cat-varibox-fc-800-fr","14":"product_shipping_class-deventer-en","15":"pa_packaging-unit-1-fr","17":"first","18":"instock","19":"taxable","20":"shipping-taxable","21":"purchasable","22":"product-type-simple"},"featured_image_urls_v2":{"full":["https:\/\/varibox.best4u.dev\/wp-content\/uploads\/2023\/07\/VARIBOX-Safeline-Food-Coupler-EPDM.png",1280,853,false],"thumbnail":["https:\/\/varibox.best4u.dev\/wp-content\/uploads\/2023\/07\/VARIBOX-Safeline-Food-Coupler-EPDM-256x256.png",256,256,true],"medium":["https:\/\/varibox.best4u.dev\/wp-content\/uploads\/2023\/07\/VARIBOX-Safeline-Food-Coupler-EPDM-512x341.png",512,341,true],"medium_large":["https:\/\/varibox.best4u.dev\/wp-content\/uploads\/2023\/07\/VARIBOX-Safeline-Food-Coupler-EPDM-768x512.png",768,512,true],"large":["https:\/\/varibox.best4u.dev\/wp-content\/uploads\/2023\/07\/VARIBOX-Safeline-Food-Coupler-EPDM-1024x682.png",1024,682,true],"1536x1536":["https:\/\/varibox.best4u.dev\/wp-content\/uploads\/2023\/07\/VARIBOX-Safeline-Food-Coupler-EPDM.png",1280,853,false],"2048x2048":["https:\/\/varibox.best4u.dev\/wp-content\/uploads\/2023\/07\/VARIBOX-Safeline-Food-Coupler-EPDM.png",1280,853,false],"woocommerce_archive_thumbnail":["https:\/\/varibox.best4u.dev\/wp-content\/uploads\/2023\/07\/VARIBOX-Safeline-Food-Coupler-EPDM-270x180.png",270,180,true],"gform-image-choice-sm":["https:\/\/varibox.best4u.dev\/wp-content\/uploads\/2023\/07\/VARIBOX-Safeline-Food-Coupler-EPDM.png",300,200,false],"gform-image-choice-md":["https:\/\/varibox.best4u.dev\/wp-content\/uploads\/2023\/07\/VARIBOX-Safeline-Food-Coupler-EPDM.png",400,267,false],"gform-image-choice-lg":["https:\/\/varibox.best4u.dev\/wp-content\/uploads\/2023\/07\/VARIBOX-Safeline-Food-Coupler-EPDM.png",600,400,false],"woocommerce_thumbnail":["https:\/\/varibox.best4u.dev\/wp-content\/uploads\/2023\/07\/VARIBOX-Safeline-Food-Coupler-EPDM-270x180.png",270,180,true],"woocommerce_single":["https:\/\/varibox.best4u.dev\/wp-content\/uploads\/2023\/07\/VARIBOX-Safeline-Food-Coupler-EPDM-1200x800.png",1200,800,true],"woocommerce_gallery_thumbnail":["https:\/\/varibox.best4u.dev\/wp-content\/uploads\/2023\/07\/VARIBOX-Safeline-Food-Coupler-EPDM-100x100.png",100,100,true],"variation_swatches_image_size":["https:\/\/varibox.best4u.dev\/wp-content\/uploads\/2023\/07\/VARIBOX-Safeline-Food-Coupler-EPDM-50x50.png",50,50,true],"variation_swatches_tooltip_size":["https:\/\/varibox.best4u.dev\/wp-content\/uploads\/2023\/07\/VARIBOX-Safeline-Food-Coupler-EPDM-100x100.png",100,100,true]},"post_excerpt_stackable_v2":"<p>Le coupleur Safeline Food EPDM \u00e9tablit une connexion \u00e9tanche lors du raccordement au tube d&rsquo;extraction  Safeline Food VARIBOX.<\/p>\n","category_list_v2":"","author_info_v2":{"name":"","url":""},"comments_num_v2":"0 comments","acf":[],"_links":{"self":[{"href":"https:\/\/varibox.best4u.dev\/fr\/wp-json\/wp\/v2\/product\/4003","targetHints":{"allow":["GET"]}}],"collection":[{"href":"https:\/\/varibox.best4u.dev\/fr\/wp-json\/wp\/v2\/product"}],"about":[{"href":"https:\/\/varibox.best4u.dev\/fr\/wp-json\/wp\/v2\/types\/product"}],"replies":[{"embeddable":true,"href":"https:\/\/varibox.best4u.dev\/fr\/wp-json\/wp\/v2\/comments?post=4003"}],"wp:featuredmedia":[{"embeddable":true,"href":"https:\/\/varibox.best4u.dev\/fr\/wp-json\/wp\/v2\/media\/4004"}],"wp:attachment":[{"href":"https:\/\/varibox.best4u.dev\/fr\/wp-json\/wp\/v2\/media?parent=4003"}],"wp:term":[{"taxonomy":"product_brand","embeddable":true,"href":"https:\/\/varibox.best4u.dev\/fr\/wp-json\/wp\/v2\/product_brand?post=4003"},{"taxonomy":"product_cat","embeddable":true,"href":"https:\/\/varibox.best4u.dev\/fr\/wp-json\/wp\/v2\/product_cat?post=4003"},{"taxonomy":"product_tag","embeddable":true,"href":"https:\/\/varibox.best4u.dev\/fr\/wp-json\/wp\/v2\/product_tag?post=4003"}],"curies":[{"name":"wp","href":"https:\/\/api.w.org\/{rel}","templated":true}]}}