{"id":3999,"date":"2023-04-06T17:27:59","date_gmt":"2023-04-06T15:27:59","guid":{"rendered":"https:\/\/varibox.best4u.dev\/product\/cle-de-serrage-pour-tube-dextraction-safeline\/"},"modified":"2024-04-05T15:58:13","modified_gmt":"2024-04-05T13:58:13","slug":"cle-de-serrage-pour-tube-dextraction-safeline","status":"publish","type":"product","link":"https:\/\/varibox.best4u.dev\/fr\/produit\/cle-de-serrage-pour-tube-dextraction-safeline\/","title":{"rendered":"Cl\u00e9 de serrage pour tube d&rsquo;extraction Safeline"},"content":{"rendered":"<p>Alors que les distributeurs de produits chimiques du monde entier accordent la priorit\u00e9 \u00e0 la s\u00e9curit\u00e9 et \u00e0 la conformit\u00e9 dans leurs op\u00e9rations, VARIBOX, l&rsquo;un des principaux fabricants de grands r\u00e9cipients pour vrac (GRV), propose une solution pour faciliter le remplacement des tubes d&rsquo;extraction Safeline dans ses GRV VARIBOX.<br \/>\nLa cl\u00e9 Safeline est un outil qui permet de remplacer en douceur et en toute s\u00e9curit\u00e9 les tubes d&rsquo;extraction lors de l&rsquo;inspection tous les 2,5 ans, du remplacement de la housse tous les 5 ans et de l&rsquo;entretien en fin de vie apr\u00e8s 10 ans, ce qui en fait un accessoire essentiel pour les distributeurs de produits chimiques qui privil\u00e9gient la s\u00e9curit\u00e9 et l&rsquo;efficacit\u00e9.<\/p>\n<p>Les tubes d&rsquo;extraction Safeline sont des composants essentiels des GRV VARIBOX, car ils sont responsables de l&rsquo;extraction des produits chimiques du conteneur. Au fil du temps, ces tubes peuvent s&rsquo;user ou \u00eatre contamin\u00e9s, ce qui n\u00e9cessite leur remplacement pour maintenir l&rsquo;int\u00e9grit\u00e9 de l&rsquo;IBC et assurer la s\u00e9curit\u00e9 de la manipulation des produits chimiques. Cependant, le remplacement des tubes d&rsquo;extraction peut \u00eatre un processus complexe et dangereux, n\u00e9cessitant des connaissances et des outils sp\u00e9cialis\u00e9s. C&rsquo;est l\u00e0 qu&rsquo;intervient la cl\u00e9 Safeline, qui offre une solution innovante pour simplifier le processus de remplacement et am\u00e9liorer la s\u00e9curit\u00e9.<\/p>\n<p>L&rsquo;une des principales caract\u00e9ristiques de la cl\u00e9 Safeline est sa conception conviviale, qui la rend facile \u00e0 manipuler et \u00e0 utiliser.<br \/>\nLa cl\u00e9 est con\u00e7ue de mani\u00e8re ergonomique avec une prise en main confortable, ce qui permet aux op\u00e9rateurs d&rsquo;appliquer le couple n\u00e9cessaire avec facilit\u00e9. La conception garantit \u00e9galement que la cl\u00e9 s&rsquo;adapte fermement au tube d\u2019extraction, ce qui \u00e9vite tout glissement pendant l&rsquo;op\u00e9ration et minimise le risque d&rsquo;accident.<\/p>\n<p>En outre, la cl\u00e9 Safeline int\u00e8gre un m\u00e9canisme de verrouillage unique qui assure une prise s\u00fbre et stable sur le tube d&rsquo;extraction.<\/p>\n<p>Ce m\u00e9canisme de verrouillage emp\u00eache tout mouvement involontaire pendant le processus de remplacement, r\u00e9duisant ainsi le risque de blessures caus\u00e9es par un glissement ou un rel\u00e2chement soudain. La cl\u00e9 comporte \u00e9galement des marquages et des indicateurs clairs qui guident les op\u00e9rateurs sur la direction et la rotation correctes pour un fonctionnement sans faille et sans erreur.<\/p>\n<p>L&rsquo;un des principaux avantages de la cl\u00e9 Safeline est sa compatibilit\u00e9 avec tous les tubes d&rsquo;extraction VARIBOX Safeline, quelle que soit leur taille ou leur configuration.<\/p>\n<p>Cela en fait un outil polyvalent qui peut \u00eatre utilis\u00e9 pour une large gamme de mod\u00e8les et d&rsquo;applications IBC. La cl\u00e9 est \u00e9galement fabriqu\u00e9e \u00e0 partir de mat\u00e9riaux durables et r\u00e9sistants aux produits chimiques, ce qui garantit sa long\u00e9vit\u00e9 et sa fiabilit\u00e9, m\u00eame dans des environnements chimiques difficiles.<\/p>\n<p>La s\u00e9curit\u00e9 est une priorit\u00e9 absolue dans l&rsquo;industrie de la distribution de produits chimiques, et la cl\u00e9 Safeline a \u00e9t\u00e9 con\u00e7ue dans cette optique.<br \/>\nLa cl\u00e9 est \u00e9quip\u00e9e de dispositifs de s\u00e9curit\u00e9 qui prot\u00e8gent les op\u00e9rateurs contre les risques potentiels pendant le processus de remplacement. Par exemple, la cl\u00e9 comprend un verrou de s\u00e9curit\u00e9 int\u00e9gr\u00e9 qui emp\u00eache le rel\u00e2chement accidentel du tube d&rsquo;extraction, garantissant ainsi que le processus de remplacement est contr\u00f4l\u00e9 et s\u00fbr. La cl\u00e9 comprend \u00e9galement un bouton de d\u00e9verrouillage de s\u00e9curit\u00e9 qui permet aux op\u00e9rateurs de lib\u00e9rer le tube extracteur de mani\u00e8re contr\u00f4l\u00e9e, minimisant ainsi le risque de mouvements brusques ou de blessures.<\/p>\n<p>L&rsquo;efficacit\u00e9 est un autre avantage cl\u00e9 de la cl\u00e9 Safeline. La cl\u00e9 est con\u00e7ue pour \u00e9conomiser du temps et des efforts lors du processus de remplacement, r\u00e9duisant ainsi les temps d&rsquo;arr\u00eat et augmentant la productivit\u00e9. Les marquages et les indicateurs clairs de la cl\u00e9 permettent aux op\u00e9rateurs d&rsquo;effectuer rapidement et avec pr\u00e9cision le processus de remplacement, sans avoir \u00e0 faire d&rsquo;essais et d&rsquo;erreurs.<\/p>\n<p>La conception conviviale de la cl\u00e9 minimise \u00e9galement la courbe d&rsquo;apprentissage, permettant aux op\u00e9rateurs de devenir rapidement comp\u00e9tents dans son utilisation.<\/p>\n","protected":false},"excerpt":{"rendered":"<p>La cl\u00e9 Safeline est un outil qui permet de remplacer en douceur et en toute s\u00e9curit\u00e9 les tubes d&rsquo;extraction lors de l&rsquo;inspection tous les 2,5 ans, du remplacement de la housse tous les 5 ans et de l&rsquo;entretien en fin de vie apr\u00e8s 10 ans, ce qui en fait un accessoire essentiel pour les distributeurs de produits chimiques qui accordent la priorit\u00e9 \u00e0 la s\u00e9curit\u00e9 et \u00e0 l&rsquo;efficacit\u00e9.<\/p>\n","protected":false},"featured_media":4009,"comment_status":"closed","ping_status":"closed","template":"","meta":{"_acf_changed":false},"product_brand":[],"product_cat":[324,326,327,366,367,368,365,317,375,321,319],"product_tag":[],"class_list":{"0":"post-3999","1":"product","2":"type-product","3":"status-publish","4":"has-post-thumbnail","6":"product_cat-accessoires-varibox-cc-250-fr","7":"product_cat-accessoires-varibox-fc-800","8":"product_cat-accessoires-fr","9":"product_cat-tubes-dextraction-varibox-drumtainer","10":"product_cat-tubes-dextraction-varibox-fc-800","11":"product_cat-tubes-dextraction","12":"product_cat-tubes-dextraction-varibox-cc-250","13":"product_cat-varibox-cc-250-fr","14":"product_cat-varibox-drumtainer-fr","15":"product_cat-varibox-fc-1000-fr","16":"product_cat-varibox-fc-800-fr","17":"product_shipping_class-deventer-en","19":"first","20":"instock","21":"taxable","22":"shipping-taxable","23":"purchasable","24":"product-type-simple"},"featured_image_urls_v2":{"full":["https:\/\/varibox.best4u.dev\/wp-content\/uploads\/2023\/04\/Wrench-for-Safeline.png",1980,1320,false],"thumbnail":["https:\/\/varibox.best4u.dev\/wp-content\/uploads\/2023\/04\/Wrench-for-Safeline-256x256.png",256,256,true],"medium":["https:\/\/varibox.best4u.dev\/wp-content\/uploads\/2023\/04\/Wrench-for-Safeline-512x341.png",512,341,true],"medium_large":["https:\/\/varibox.best4u.dev\/wp-content\/uploads\/2023\/04\/Wrench-for-Safeline-768x512.png",768,512,true],"large":["https:\/\/varibox.best4u.dev\/wp-content\/uploads\/2023\/04\/Wrench-for-Safeline-1024x683.png",1024,683,true],"1536x1536":["https:\/\/varibox.best4u.dev\/wp-content\/uploads\/2023\/04\/Wrench-for-Safeline-1536x1024.png",1536,1024,true],"2048x2048":["https:\/\/varibox.best4u.dev\/wp-content\/uploads\/2023\/04\/Wrench-for-Safeline.png",1980,1320,false],"woocommerce_archive_thumbnail":["https:\/\/varibox.best4u.dev\/wp-content\/uploads\/2023\/04\/Wrench-for-Safeline-270x180.png",270,180,true],"gform-image-choice-sm":["https:\/\/varibox.best4u.dev\/wp-content\/uploads\/2023\/04\/Wrench-for-Safeline.png",300,200,false],"gform-image-choice-md":["https:\/\/varibox.best4u.dev\/wp-content\/uploads\/2023\/04\/Wrench-for-Safeline.png",400,267,false],"gform-image-choice-lg":["https:\/\/varibox.best4u.dev\/wp-content\/uploads\/2023\/04\/Wrench-for-Safeline.png",600,400,false],"woocommerce_thumbnail":["https:\/\/varibox.best4u.dev\/wp-content\/uploads\/2023\/04\/Wrench-for-Safeline-270x180.png",270,180,true],"woocommerce_single":["https:\/\/varibox.best4u.dev\/wp-content\/uploads\/2023\/04\/Wrench-for-Safeline-1200x800.png",1200,800,true],"woocommerce_gallery_thumbnail":["https:\/\/varibox.best4u.dev\/wp-content\/uploads\/2023\/04\/Wrench-for-Safeline-100x100.png",100,100,true],"variation_swatches_image_size":["https:\/\/varibox.best4u.dev\/wp-content\/uploads\/2023\/04\/Wrench-for-Safeline-50x50.png",50,50,true],"variation_swatches_tooltip_size":["https:\/\/varibox.best4u.dev\/wp-content\/uploads\/2023\/04\/Wrench-for-Safeline-100x100.png",100,100,true]},"post_excerpt_stackable_v2":"<p>La cl\u00e9 Safeline est un outil qui permet de remplacer en douceur et en toute s\u00e9curit\u00e9 les tubes d&rsquo;extraction lors de l&rsquo;inspection tous les 2,5 ans, du remplacement de la housse tous les 5 ans et de l&rsquo;entretien en fin de vie apr\u00e8s 10 ans, ce qui en fait un accessoire essentiel pour les distributeurs de produits chimiques qui accordent la priorit\u00e9 \u00e0 la s\u00e9curit\u00e9 et \u00e0 l&rsquo;efficacit\u00e9.<\/p>\n","category_list_v2":"","author_info_v2":{"name":"","url":""},"comments_num_v2":"0 comments","acf":[],"_links":{"self":[{"href":"https:\/\/varibox.best4u.dev\/fr\/wp-json\/wp\/v2\/product\/3999","targetHints":{"allow":["GET"]}}],"collection":[{"href":"https:\/\/varibox.best4u.dev\/fr\/wp-json\/wp\/v2\/product"}],"about":[{"href":"https:\/\/varibox.best4u.dev\/fr\/wp-json\/wp\/v2\/types\/product"}],"replies":[{"embeddable":true,"href":"https:\/\/varibox.best4u.dev\/fr\/wp-json\/wp\/v2\/comments?post=3999"}],"wp:featuredmedia":[{"embeddable":true,"href":"https:\/\/varibox.best4u.dev\/fr\/wp-json\/wp\/v2\/media\/4009"}],"wp:attachment":[{"href":"https:\/\/varibox.best4u.dev\/fr\/wp-json\/wp\/v2\/media?parent=3999"}],"wp:term":[{"taxonomy":"product_brand","embeddable":true,"href":"https:\/\/varibox.best4u.dev\/fr\/wp-json\/wp\/v2\/product_brand?post=3999"},{"taxonomy":"product_cat","embeddable":true,"href":"https:\/\/varibox.best4u.dev\/fr\/wp-json\/wp\/v2\/product_cat?post=3999"},{"taxonomy":"product_tag","embeddable":true,"href":"https:\/\/varibox.best4u.dev\/fr\/wp-json\/wp\/v2\/product_tag?post=3999"}],"curies":[{"name":"wp","href":"https:\/\/api.w.org\/{rel}","templated":true}]}}