{"id":3998,"date":"2023-04-06T16:50:41","date_gmt":"2023-04-06T14:50:41","guid":{"rendered":"https:\/\/varibox.best4u.dev\/product\/cle-de-serrage-couvercle-varibox\/"},"modified":"2024-04-05T15:58:13","modified_gmt":"2024-04-05T13:58:13","slug":"cle-de-serrage-couvercle-varibox","status":"publish","type":"product","link":"https:\/\/varibox.best4u.dev\/fr\/produit\/cle-de-serrage-couvercle-varibox\/","title":{"rendered":"Cl\u00e9 de serrage couvercle VARIBOX"},"content":{"rendered":"<p>Voici l&rsquo;outil ultime pour ouvrir et fermer facilement les grands r\u00e9cipients pour vrac (GRV) : la cl\u00e9 pour couvercle \u00e0 vis ! Con\u00e7u pour une manipulation ais\u00e9e des GRV, cet outil innovant est indispensable \u00e0 tous ceux qui manipulent r\u00e9guli\u00e8rement des GRV.<\/p>\n<p>Gr\u00e2ce \u00e0 sa construction robuste et \u00e0 son design ergonomique, la cl\u00e9 \u00e0 vis offre une prise confortable et un effet de levier optimal, vous permettant de desserrer ou de serrer sans effort les bouchons \u00e0 vis des VARIBOX.<\/p>\n<p>La cl\u00e9 pour couvercle \u00e0 vis est sp\u00e9cialement con\u00e7ue pour s&rsquo;adapter \u00e0 une large gamme de tailles de couvercles \u00e0 vis pour IBC, garantissant ainsi la compatibilit\u00e9 avec les IBC les plus couramment utilis\u00e9s dans l&rsquo;industrie.<br \/>\nSa conception vous permet de l&rsquo;utiliser sur tous les IBC VARIBOX, ce qui en fait un outil polyvalent pour tout sc\u00e9nario de manipulation d&rsquo;IBC.<br \/>\nLa cl\u00e9 pour le bouchon \u00e0 vis<br \/>\nGagnez du temps et de l&rsquo;\u00e9nergie avec la cl\u00e9 pour couvercle \u00e0 vis ! Que vous ouvriez des GRV pour acc\u00e9der \u00e0 leur contenu ou que vous les fermiez pour les transporter ou les stocker, cet outil pratique rationalisera vos op\u00e9rations et fera de la manipulation des GRV un jeu d&rsquo;enfant.<br \/>\nSa construction durable garantit des performances \u00e0 long terme, ce qui en fait un compagnon fiable pour tous vos besoins en mati\u00e8re de manutention des GRV.<\/p>\n","protected":false},"excerpt":{"rendered":"<p>Gr\u00e2ce \u00e0 sa construction robuste et \u00e0 son design ergonomique, la cl\u00e9 pour couvercle \u00e0 vis offre une prise confortable et un effet de levier optimal, ce qui vous permet de desserrer ou de serrer sans effort les couvercle du VARIBOX.<\/p>\n","protected":false},"featured_media":4011,"comment_status":"closed","ping_status":"closed","template":"","meta":{"_acf_changed":false},"product_brand":[],"product_cat":[326,327,324,371,369,370,317,321,319],"product_tag":[],"class_list":{"0":"post-3998","1":"product","2":"type-product","3":"status-publish","4":"has-post-thumbnail","6":"product_cat-accessoires-varibox-fc-800","7":"product_cat-accessoires-fr","8":"product_cat-accessoires-varibox-cc-250-fr","9":"product_cat-couvercles-varibox-fc-1000","10":"product_cat-couvercles-varibox-cc-250","11":"product_cat-couvercles-varibox-fc-800","12":"product_cat-varibox-cc-250-fr","13":"product_cat-varibox-fc-1000-fr","14":"product_cat-varibox-fc-800-fr","15":"product_shipping_class-deventer-en","17":"first","18":"instock","19":"taxable","20":"shipping-taxable","21":"purchasable","22":"product-type-simple"},"featured_image_urls_v2":{"full":["https:\/\/varibox.best4u.dev\/wp-content\/uploads\/2023\/04\/Wrench-for-the-Screwcap.png",1980,1320,false],"thumbnail":["https:\/\/varibox.best4u.dev\/wp-content\/uploads\/2023\/04\/Wrench-for-the-Screwcap-256x256.png",256,256,true],"medium":["https:\/\/varibox.best4u.dev\/wp-content\/uploads\/2023\/04\/Wrench-for-the-Screwcap-512x341.png",512,341,true],"medium_large":["https:\/\/varibox.best4u.dev\/wp-content\/uploads\/2023\/04\/Wrench-for-the-Screwcap-768x512.png",768,512,true],"large":["https:\/\/varibox.best4u.dev\/wp-content\/uploads\/2023\/04\/Wrench-for-the-Screwcap-1024x683.png",1024,683,true],"1536x1536":["https:\/\/varibox.best4u.dev\/wp-content\/uploads\/2023\/04\/Wrench-for-the-Screwcap-1536x1024.png",1536,1024,true],"2048x2048":["https:\/\/varibox.best4u.dev\/wp-content\/uploads\/2023\/04\/Wrench-for-the-Screwcap.png",1980,1320,false],"woocommerce_archive_thumbnail":["https:\/\/varibox.best4u.dev\/wp-content\/uploads\/2023\/04\/Wrench-for-the-Screwcap-270x180.png",270,180,true],"gform-image-choice-sm":["https:\/\/varibox.best4u.dev\/wp-content\/uploads\/2023\/04\/Wrench-for-the-Screwcap.png",300,200,false],"gform-image-choice-md":["https:\/\/varibox.best4u.dev\/wp-content\/uploads\/2023\/04\/Wrench-for-the-Screwcap.png",400,267,false],"gform-image-choice-lg":["https:\/\/varibox.best4u.dev\/wp-content\/uploads\/2023\/04\/Wrench-for-the-Screwcap.png",600,400,false],"woocommerce_thumbnail":["https:\/\/varibox.best4u.dev\/wp-content\/uploads\/2023\/04\/Wrench-for-the-Screwcap-270x180.png",270,180,true],"woocommerce_single":["https:\/\/varibox.best4u.dev\/wp-content\/uploads\/2023\/04\/Wrench-for-the-Screwcap-1200x800.png",1200,800,true],"woocommerce_gallery_thumbnail":["https:\/\/varibox.best4u.dev\/wp-content\/uploads\/2023\/04\/Wrench-for-the-Screwcap-100x100.png",100,100,true],"variation_swatches_image_size":["https:\/\/varibox.best4u.dev\/wp-content\/uploads\/2023\/04\/Wrench-for-the-Screwcap-50x50.png",50,50,true],"variation_swatches_tooltip_size":["https:\/\/varibox.best4u.dev\/wp-content\/uploads\/2023\/04\/Wrench-for-the-Screwcap-100x100.png",100,100,true]},"post_excerpt_stackable_v2":"<p>Gr\u00e2ce \u00e0 sa construction robuste et \u00e0 son design ergonomique, la cl\u00e9 pour couvercle \u00e0 vis offre une prise confortable et un effet de levier optimal, ce qui vous permet de desserrer ou de serrer sans effort les couvercle du VARIBOX.<\/p>\n","category_list_v2":"","author_info_v2":{"name":"","url":""},"comments_num_v2":"0 comments","acf":[],"_links":{"self":[{"href":"https:\/\/varibox.best4u.dev\/fr\/wp-json\/wp\/v2\/product\/3998","targetHints":{"allow":["GET"]}}],"collection":[{"href":"https:\/\/varibox.best4u.dev\/fr\/wp-json\/wp\/v2\/product"}],"about":[{"href":"https:\/\/varibox.best4u.dev\/fr\/wp-json\/wp\/v2\/types\/product"}],"replies":[{"embeddable":true,"href":"https:\/\/varibox.best4u.dev\/fr\/wp-json\/wp\/v2\/comments?post=3998"}],"wp:featuredmedia":[{"embeddable":true,"href":"https:\/\/varibox.best4u.dev\/fr\/wp-json\/wp\/v2\/media\/4011"}],"wp:attachment":[{"href":"https:\/\/varibox.best4u.dev\/fr\/wp-json\/wp\/v2\/media?parent=3998"}],"wp:term":[{"taxonomy":"product_brand","embeddable":true,"href":"https:\/\/varibox.best4u.dev\/fr\/wp-json\/wp\/v2\/product_brand?post=3998"},{"taxonomy":"product_cat","embeddable":true,"href":"https:\/\/varibox.best4u.dev\/fr\/wp-json\/wp\/v2\/product_cat?post=3998"},{"taxonomy":"product_tag","embeddable":true,"href":"https:\/\/varibox.best4u.dev\/fr\/wp-json\/wp\/v2\/product_tag?post=3998"}],"curies":[{"name":"wp","href":"https:\/\/api.w.org\/{rel}","templated":true}]}}