{"id":3994,"date":"2022-08-10T10:53:32","date_gmt":"2022-08-10T08:53:32","guid":{"rendered":"https:\/\/varibox.best4u.dev\/product\/tube-dextraction-ecolab-cds1-afl-d24-1000-mm\/"},"modified":"2024-04-05T15:58:43","modified_gmt":"2024-04-05T13:58:43","slug":"tube-dextraction-ecolab-cds1-afl-d24-1000-mm","status":"publish","type":"product","link":"https:\/\/varibox.best4u.dev\/fr\/produit\/tube-dextraction-ecolab-cds1-afl-d24-1000-mm\/","title":{"rendered":"Tube d&rsquo;extraction Ecolab CDS1 AFL D24 1000 mm"},"content":{"rendered":"<p>Le tube d&rsquo;extraction CDS1 AFL D24 1000 mm Ecolab est fabriqu\u00e9 en Aflas, PE et Hastelloy. Le tube est de couleur neutre et le point de connexion sur le dessus est vert. Le tube d&rsquo;extraction fait partie d&rsquo;un syst\u00e8me facile \u00e0 utiliser qui se raccorde \u00e0 votre syst\u00e8me \u00e0 l&rsquo;aide du coupleur Safeline et permet de pomper votre produit hors du VARIBOX sans ouvrir le couvercle de l&rsquo;IBC. Le risque induit par l&rsquo;inhalation de fum\u00e9es toxiques et le contact avec les mati\u00e8res dangereuses sont \u00e9vit\u00e9s.<\/p>\n","protected":false},"excerpt":{"rendered":"<p>Le tube d&rsquo;extraction CDS1 AFL D24 1000 mm Ecolab pour joints Viton est un tube du VARIBOX qui atteint le point le plus bas du r\u00e9cipient int\u00e9rieur pour une vidange optimale.<\/p>\n","protected":false},"featured_media":3554,"comment_status":"closed","ping_status":"closed","template":"","meta":{"_acf_changed":false},"product_brand":[],"product_cat":[368,321],"product_tag":[335,333],"class_list":{"0":"post-3994","1":"product","2":"type-product","3":"status-publish","4":"has-post-thumbnail","6":"product_cat-tubes-dextraction","7":"product_cat-varibox-fc-1000-fr","8":"product_tag-ecolab-fr","9":"product_tag-ecolab-new-fr","10":"product_shipping_class-deventer-en","11":"pa_packaging-unit-1-fr","13":"first","14":"instock","15":"taxable","16":"shipping-taxable","17":"purchasable","18":"product-type-simple"},"featured_image_urls_v2":{"full":["https:\/\/varibox.best4u.dev\/wp-content\/uploads\/2022\/08\/cdsecoaa.png",600,400,false],"thumbnail":["https:\/\/varibox.best4u.dev\/wp-content\/uploads\/2022\/08\/cdsecoaa-256x256.png",256,256,true],"medium":["https:\/\/varibox.best4u.dev\/wp-content\/uploads\/2022\/08\/cdsecoaa-512x341.png",512,341,true],"medium_large":["https:\/\/varibox.best4u.dev\/wp-content\/uploads\/2022\/08\/cdsecoaa.png",600,400,false],"large":["https:\/\/varibox.best4u.dev\/wp-content\/uploads\/2022\/08\/cdsecoaa.png",600,400,false],"1536x1536":["https:\/\/varibox.best4u.dev\/wp-content\/uploads\/2022\/08\/cdsecoaa.png",600,400,false],"2048x2048":["https:\/\/varibox.best4u.dev\/wp-content\/uploads\/2022\/08\/cdsecoaa.png",600,400,false],"woocommerce_archive_thumbnail":["https:\/\/varibox.best4u.dev\/wp-content\/uploads\/2022\/08\/cdsecoaa-270x180.png",270,180,true],"gform-image-choice-sm":["https:\/\/varibox.best4u.dev\/wp-content\/uploads\/2022\/08\/cdsecoaa.png",300,200,false],"gform-image-choice-md":["https:\/\/varibox.best4u.dev\/wp-content\/uploads\/2022\/08\/cdsecoaa.png",400,267,false],"gform-image-choice-lg":["https:\/\/varibox.best4u.dev\/wp-content\/uploads\/2022\/08\/cdsecoaa.png",600,400,false],"woocommerce_thumbnail":["https:\/\/varibox.best4u.dev\/wp-content\/uploads\/2022\/08\/cdsecoaa-270x180.png",270,180,true],"woocommerce_single":["https:\/\/varibox.best4u.dev\/wp-content\/uploads\/2022\/08\/cdsecoaa.png",600,400,false],"woocommerce_gallery_thumbnail":["https:\/\/varibox.best4u.dev\/wp-content\/uploads\/2022\/08\/cdsecoaa-100x100.png",100,100,true],"variation_swatches_image_size":["https:\/\/varibox.best4u.dev\/wp-content\/uploads\/2022\/08\/cdsecoaa-50x50.png",50,50,true],"variation_swatches_tooltip_size":["https:\/\/varibox.best4u.dev\/wp-content\/uploads\/2022\/08\/cdsecoaa-100x100.png",100,100,true]},"post_excerpt_stackable_v2":"<p>Le tube d&rsquo;extraction CDS1 AFL D24 1000 mm Ecolab pour joints Viton est un tube du VARIBOX qui atteint le point le plus bas du r\u00e9cipient int\u00e9rieur pour une vidange optimale.<\/p>\n","category_list_v2":"","author_info_v2":{"name":"","url":""},"comments_num_v2":"0 comments","acf":[],"_links":{"self":[{"href":"https:\/\/varibox.best4u.dev\/fr\/wp-json\/wp\/v2\/product\/3994","targetHints":{"allow":["GET"]}}],"collection":[{"href":"https:\/\/varibox.best4u.dev\/fr\/wp-json\/wp\/v2\/product"}],"about":[{"href":"https:\/\/varibox.best4u.dev\/fr\/wp-json\/wp\/v2\/types\/product"}],"replies":[{"embeddable":true,"href":"https:\/\/varibox.best4u.dev\/fr\/wp-json\/wp\/v2\/comments?post=3994"}],"wp:featuredmedia":[{"embeddable":true,"href":"https:\/\/varibox.best4u.dev\/fr\/wp-json\/wp\/v2\/media\/3554"}],"wp:attachment":[{"href":"https:\/\/varibox.best4u.dev\/fr\/wp-json\/wp\/v2\/media?parent=3994"}],"wp:term":[{"taxonomy":"product_brand","embeddable":true,"href":"https:\/\/varibox.best4u.dev\/fr\/wp-json\/wp\/v2\/product_brand?post=3994"},{"taxonomy":"product_cat","embeddable":true,"href":"https:\/\/varibox.best4u.dev\/fr\/wp-json\/wp\/v2\/product_cat?post=3994"},{"taxonomy":"product_tag","embeddable":true,"href":"https:\/\/varibox.best4u.dev\/fr\/wp-json\/wp\/v2\/product_tag?post=3994"}],"curies":[{"name":"wp","href":"https:\/\/api.w.org\/{rel}","templated":true}]}}