{"id":3992,"date":"2022-08-10T10:53:32","date_gmt":"2022-08-10T08:53:32","guid":{"rendered":"https:\/\/varibox.best4u.dev\/product\/lot-de-4-bouchons-de-montage-varibox-cc-250\/"},"modified":"2024-04-05T15:58:15","modified_gmt":"2024-04-05T13:58:15","slug":"lot-de-4-bouchons-de-montage-varibox-cc-250","status":"publish","type":"product","link":"https:\/\/varibox.best4u.dev\/fr\/produit\/lot-de-4-bouchons-de-montage-varibox-cc-250\/","title":{"rendered":"Lot de 4 bouchons de montage VARIBOX CC 250"},"content":{"rendered":"<p>Le lot de 4 bouchons de montage VARIBOX CC 250 est un jeu sp\u00e9cial de pi\u00e8ces pour fixer le couvercle sup\u00e9rieur du VARIBOX CC 250. Les pi\u00e8ces de montage sont en PE et de couleur noire. La forme des pi\u00e8ces est ronde et garantit que le couvercle reste fix\u00e9 au r\u00e9cipient ext\u00e9rieur r\u00e9tention VARIBOX CC 250. Le couvercle sup\u00e9rieur emp\u00eache l&rsquo;eau de pluie ou d&rsquo;autres substances de p\u00e9n\u00e9trer \u00e0 l&rsquo;int\u00e9rieur du r\u00e9cipient ext\u00e9rieur (espace compris entre la housse et le r\u00e9cipient ext\u00e9rieur).<\/p>\n","protected":false},"excerpt":{"rendered":"<p>Le lot de 4 bouchons de montage VARIBOX CC 250 est un jeu sp\u00e9cial de pi\u00e8ces pour fixer le couvercle sup\u00e9rieur du VARIBOX CC 250.<\/p>\n","protected":false},"featured_media":3548,"comment_status":"closed","ping_status":"closed","template":"","meta":{"_acf_changed":false},"product_brand":[],"product_cat":[324,317],"product_tag":[],"class_list":{"0":"post-3992","1":"product","2":"type-product","3":"status-publish","4":"has-post-thumbnail","6":"product_cat-accessoires-varibox-cc-250-fr","7":"product_cat-varibox-cc-250-fr","8":"product_shipping_class-deventer-en","9":"pa_packaging-unit-4-fr","11":"first","12":"instock","13":"taxable","14":"shipping-taxable","15":"purchasable","16":"product-type-simple"},"featured_image_urls_v2":{"full":["https:\/\/varibox.best4u.dev\/wp-content\/uploads\/2022\/08\/holda.png",600,400,false],"thumbnail":["https:\/\/varibox.best4u.dev\/wp-content\/uploads\/2022\/08\/holda.png",256,171,false],"medium":["https:\/\/varibox.best4u.dev\/wp-content\/uploads\/2022\/08\/holda.png",512,341,false],"medium_large":["https:\/\/varibox.best4u.dev\/wp-content\/uploads\/2022\/08\/holda.png",600,400,false],"large":["https:\/\/varibox.best4u.dev\/wp-content\/uploads\/2022\/08\/holda.png",600,400,false],"1536x1536":["https:\/\/varibox.best4u.dev\/wp-content\/uploads\/2022\/08\/holda.png",600,400,false],"2048x2048":["https:\/\/varibox.best4u.dev\/wp-content\/uploads\/2022\/08\/holda.png",600,400,false],"woocommerce_archive_thumbnail":["https:\/\/varibox.best4u.dev\/wp-content\/uploads\/2022\/08\/holda-270x180.png",270,180,true],"gform-image-choice-sm":["https:\/\/varibox.best4u.dev\/wp-content\/uploads\/2022\/08\/holda.png",300,200,false],"gform-image-choice-md":["https:\/\/varibox.best4u.dev\/wp-content\/uploads\/2022\/08\/holda.png",400,267,false],"gform-image-choice-lg":["https:\/\/varibox.best4u.dev\/wp-content\/uploads\/2022\/08\/holda.png",600,400,false],"woocommerce_thumbnail":["https:\/\/varibox.best4u.dev\/wp-content\/uploads\/2022\/08\/holda-270x180.png",270,180,true],"woocommerce_single":["https:\/\/varibox.best4u.dev\/wp-content\/uploads\/2022\/08\/holda.png",600,400,false],"woocommerce_gallery_thumbnail":["https:\/\/varibox.best4u.dev\/wp-content\/uploads\/2022\/08\/holda-100x100.png",100,100,true],"variation_swatches_image_size":["https:\/\/varibox.best4u.dev\/wp-content\/uploads\/2022\/08\/holda.png",50,33,false],"variation_swatches_tooltip_size":["https:\/\/varibox.best4u.dev\/wp-content\/uploads\/2022\/08\/holda.png",100,67,false]},"post_excerpt_stackable_v2":"<p>Le lot de 4 bouchons de montage VARIBOX CC 250 est un jeu sp\u00e9cial de pi\u00e8ces pour fixer le couvercle sup\u00e9rieur du VARIBOX CC 250.<\/p>\n","category_list_v2":"","author_info_v2":{"name":"","url":""},"comments_num_v2":"0 comments","acf":[],"_links":{"self":[{"href":"https:\/\/varibox.best4u.dev\/fr\/wp-json\/wp\/v2\/product\/3992","targetHints":{"allow":["GET"]}}],"collection":[{"href":"https:\/\/varibox.best4u.dev\/fr\/wp-json\/wp\/v2\/product"}],"about":[{"href":"https:\/\/varibox.best4u.dev\/fr\/wp-json\/wp\/v2\/types\/product"}],"replies":[{"embeddable":true,"href":"https:\/\/varibox.best4u.dev\/fr\/wp-json\/wp\/v2\/comments?post=3992"}],"wp:featuredmedia":[{"embeddable":true,"href":"https:\/\/varibox.best4u.dev\/fr\/wp-json\/wp\/v2\/media\/3548"}],"wp:attachment":[{"href":"https:\/\/varibox.best4u.dev\/fr\/wp-json\/wp\/v2\/media?parent=3992"}],"wp:term":[{"taxonomy":"product_brand","embeddable":true,"href":"https:\/\/varibox.best4u.dev\/fr\/wp-json\/wp\/v2\/product_brand?post=3992"},{"taxonomy":"product_cat","embeddable":true,"href":"https:\/\/varibox.best4u.dev\/fr\/wp-json\/wp\/v2\/product_cat?post=3992"},{"taxonomy":"product_tag","embeddable":true,"href":"https:\/\/varibox.best4u.dev\/fr\/wp-json\/wp\/v2\/product_tag?post=3992"}],"curies":[{"name":"wp","href":"https:\/\/api.w.org\/{rel}","templated":true}]}}