{"id":3991,"date":"2022-08-10T10:53:32","date_gmt":"2022-08-10T08:53:32","guid":{"rendered":"https:\/\/varibox.best4u.dev\/product\/capteur-de-niveau-vide-viton-varibox-cc-250\/"},"modified":"2024-04-05T15:58:14","modified_gmt":"2024-04-05T13:58:14","slug":"capteur-de-niveau-vide-viton-varibox-cc-250","status":"publish","type":"product","link":"https:\/\/varibox.best4u.dev\/fr\/produit\/capteur-de-niveau-vide-viton-varibox-cc-250\/","title":{"rendered":"Capteur de niveau vide Viton VARIBOX CC 250"},"content":{"rendered":"<p>Le capteur de niveau vide Viton VARIBOX CC 250  est fabriqu\u00e9 en Viton, PE, PP et PVC. Ce capteur sp\u00e9cial log\u00e9 dans le VARIBOX CC indique quand le conteneur est vide : il reste environ 0,5 litre de liquide. Votre syst\u00e8me est raccord\u00e9 au capteur de niveau vide, il envoie un signal lorsque le VARIBOX CC est vide, par exemple pour la mise en arr\u00eat de votre pompe. Le capteur de niveau vide est \u00e9quip\u00e9 d&rsquo;un interrupteur \u00e0 flotteur situ\u00e9 au point le plus bas du VARIBOX CC. Tant qu&rsquo;il y a du liquide dans le VARIBOX CC, le flotteur flotte et le circuit \u00e9lectrique est ferm\u00e9. Lorsque tout le liquide a \u00e9t\u00e9 pomp\u00e9 hors du VARIBOX CC, le flotteur descend et rompt le contact.<\/p>\n","protected":false},"excerpt":{"rendered":"<p>Le capteur de niveau vide Viton VARIBOX CC 250 est un capteur sp\u00e9cial log\u00e9 dans le VARIBOX CC qui indique quand le conteneur est vide.<\/p>\n","protected":false},"featured_media":3544,"comment_status":"closed","ping_status":"closed","template":"","meta":{"_acf_changed":false},"product_brand":[],"product_cat":[372,317],"product_tag":[],"class_list":{"0":"post-3991","1":"product","2":"type-product","3":"status-publish","4":"has-post-thumbnail","6":"product_cat-capteurs-varibox-cc-250","7":"product_cat-varibox-cc-250-fr","8":"product_shipping_class-deventer-en","9":"pa_packaging-unit-1-fr","11":"first","12":"instock","13":"taxable","14":"shipping-taxable","15":"purchasable","16":"product-type-simple"},"featured_image_urls_v2":{"full":["https:\/\/varibox.best4u.dev\/wp-content\/uploads\/2022\/08\/ela-5.png",600,400,false],"thumbnail":["https:\/\/varibox.best4u.dev\/wp-content\/uploads\/2022\/08\/ela-5-256x256.png",256,256,true],"medium":["https:\/\/varibox.best4u.dev\/wp-content\/uploads\/2022\/08\/ela-5-512x341.png",512,341,true],"medium_large":["https:\/\/varibox.best4u.dev\/wp-content\/uploads\/2022\/08\/ela-5.png",600,400,false],"large":["https:\/\/varibox.best4u.dev\/wp-content\/uploads\/2022\/08\/ela-5.png",600,400,false],"1536x1536":["https:\/\/varibox.best4u.dev\/wp-content\/uploads\/2022\/08\/ela-5.png",600,400,false],"2048x2048":["https:\/\/varibox.best4u.dev\/wp-content\/uploads\/2022\/08\/ela-5.png",600,400,false],"woocommerce_archive_thumbnail":["https:\/\/varibox.best4u.dev\/wp-content\/uploads\/2022\/08\/ela-5-270x180.png",270,180,true],"gform-image-choice-sm":["https:\/\/varibox.best4u.dev\/wp-content\/uploads\/2022\/08\/ela-5.png",300,200,false],"gform-image-choice-md":["https:\/\/varibox.best4u.dev\/wp-content\/uploads\/2022\/08\/ela-5.png",400,267,false],"gform-image-choice-lg":["https:\/\/varibox.best4u.dev\/wp-content\/uploads\/2022\/08\/ela-5.png",600,400,false],"woocommerce_thumbnail":["https:\/\/varibox.best4u.dev\/wp-content\/uploads\/2022\/08\/ela-5-270x180.png",270,180,true],"woocommerce_single":["https:\/\/varibox.best4u.dev\/wp-content\/uploads\/2022\/08\/ela-5.png",600,400,false],"woocommerce_gallery_thumbnail":["https:\/\/varibox.best4u.dev\/wp-content\/uploads\/2022\/08\/ela-5-100x100.png",100,100,true],"variation_swatches_image_size":["https:\/\/varibox.best4u.dev\/wp-content\/uploads\/2022\/08\/ela-5-50x50.png",50,50,true],"variation_swatches_tooltip_size":["https:\/\/varibox.best4u.dev\/wp-content\/uploads\/2022\/08\/ela-5-100x100.png",100,100,true]},"post_excerpt_stackable_v2":"<p>Le capteur de niveau vide Viton VARIBOX CC 250 est un capteur sp\u00e9cial log\u00e9 dans le VARIBOX CC qui indique quand le conteneur est vide.<\/p>\n","category_list_v2":"","author_info_v2":{"name":"","url":""},"comments_num_v2":"0 comments","acf":[],"_links":{"self":[{"href":"https:\/\/varibox.best4u.dev\/fr\/wp-json\/wp\/v2\/product\/3991","targetHints":{"allow":["GET"]}}],"collection":[{"href":"https:\/\/varibox.best4u.dev\/fr\/wp-json\/wp\/v2\/product"}],"about":[{"href":"https:\/\/varibox.best4u.dev\/fr\/wp-json\/wp\/v2\/types\/product"}],"replies":[{"embeddable":true,"href":"https:\/\/varibox.best4u.dev\/fr\/wp-json\/wp\/v2\/comments?post=3991"}],"wp:featuredmedia":[{"embeddable":true,"href":"https:\/\/varibox.best4u.dev\/fr\/wp-json\/wp\/v2\/media\/3544"}],"wp:attachment":[{"href":"https:\/\/varibox.best4u.dev\/fr\/wp-json\/wp\/v2\/media?parent=3991"}],"wp:term":[{"taxonomy":"product_brand","embeddable":true,"href":"https:\/\/varibox.best4u.dev\/fr\/wp-json\/wp\/v2\/product_brand?post=3991"},{"taxonomy":"product_cat","embeddable":true,"href":"https:\/\/varibox.best4u.dev\/fr\/wp-json\/wp\/v2\/product_cat?post=3991"},{"taxonomy":"product_tag","embeddable":true,"href":"https:\/\/varibox.best4u.dev\/fr\/wp-json\/wp\/v2\/product_tag?post=3991"}],"curies":[{"name":"wp","href":"https:\/\/api.w.org\/{rel}","templated":true}]}}