{"id":3983,"date":"2022-08-10T10:53:12","date_gmt":"2022-08-10T08:53:12","guid":{"rendered":"https:\/\/varibox.best4u.dev\/product\/capteur-de-niveau-bas-viton-varibox-fc-800-et-cc-250\/"},"modified":"2024-04-05T15:58:45","modified_gmt":"2024-04-05T13:58:45","slug":"capteur-de-niveau-bas-viton-varibox-fc-800-et-cc-250","status":"publish","type":"product","link":"https:\/\/varibox.best4u.dev\/fr\/produit\/capteur-de-niveau-bas-viton-varibox-fc-800-et-cc-250\/","title":{"rendered":"Capteur de niveau bas Viton VARIBOX FC 800 et CC 250"},"content":{"rendered":"<p>Le capteur de niveau bas Viton VARIBOX FC 800 et CC 250 est fabriqu\u00e9 en VITON, PE, PP et PVC et est de couleur noire. Le capteur de niveau bas est \u00e9quip\u00e9 d&rsquo;un interrupteur \u00e0 flotteur log\u00e9 dans le VARIBOX. S&rsquo;il y a du liquide dans le VARIBOX, le flotteur flotte et le circuit \u00e9lectrique est ferm\u00e9. Lorsqu&rsquo;il ne reste qu&rsquo;environ 50 litres (FC800) ou 30 litres (CC250) dans le VARIBOX, le flotteur tombe et le contact se rompt.<\/p>\n","protected":false},"excerpt":{"rendered":"<p>Le capteur de niveau bas VARIBOX FC 800 &#038; CC 250 Viton est un capteur log\u00e9 dans le VARIBOX qui indique quand il reste environ 50 litres (FC800) ou 30 litres (CC250) de liquide dans l&rsquo;IBC.<\/p>\n","protected":false},"featured_media":3513,"comment_status":"closed","ping_status":"closed","template":"","meta":{"_acf_changed":false},"product_brand":[],"product_cat":[374,372,317,319],"product_tag":[],"class_list":{"0":"post-3983","1":"product","2":"type-product","3":"status-publish","4":"has-post-thumbnail","6":"product_cat-capteurs-varibox-fc-800","7":"product_cat-capteurs-varibox-cc-250","8":"product_cat-varibox-cc-250-fr","9":"product_cat-varibox-fc-800-fr","10":"product_shipping_class-deventer-en","11":"pa_packaging-unit-1-fr","13":"first","14":"instock","15":"taxable","16":"shipping-taxable","17":"purchasable","18":"product-type-simple"},"featured_image_urls_v2":{"full":["https:\/\/varibox.best4u.dev\/wp-content\/uploads\/2022\/08\/llea.png",600,400,false],"thumbnail":["https:\/\/varibox.best4u.dev\/wp-content\/uploads\/2022\/08\/llea-256x256.png",256,256,true],"medium":["https:\/\/varibox.best4u.dev\/wp-content\/uploads\/2022\/08\/llea-512x341.png",512,341,true],"medium_large":["https:\/\/varibox.best4u.dev\/wp-content\/uploads\/2022\/08\/llea.png",600,400,false],"large":["https:\/\/varibox.best4u.dev\/wp-content\/uploads\/2022\/08\/llea.png",600,400,false],"1536x1536":["https:\/\/varibox.best4u.dev\/wp-content\/uploads\/2022\/08\/llea.png",600,400,false],"2048x2048":["https:\/\/varibox.best4u.dev\/wp-content\/uploads\/2022\/08\/llea.png",600,400,false],"woocommerce_archive_thumbnail":["https:\/\/varibox.best4u.dev\/wp-content\/uploads\/2022\/08\/llea-270x180.png",270,180,true],"gform-image-choice-sm":["https:\/\/varibox.best4u.dev\/wp-content\/uploads\/2022\/08\/llea.png",300,200,false],"gform-image-choice-md":["https:\/\/varibox.best4u.dev\/wp-content\/uploads\/2022\/08\/llea.png",400,267,false],"gform-image-choice-lg":["https:\/\/varibox.best4u.dev\/wp-content\/uploads\/2022\/08\/llea.png",600,400,false],"woocommerce_thumbnail":["https:\/\/varibox.best4u.dev\/wp-content\/uploads\/2022\/08\/llea-270x180.png",270,180,true],"woocommerce_single":["https:\/\/varibox.best4u.dev\/wp-content\/uploads\/2022\/08\/llea.png",600,400,false],"woocommerce_gallery_thumbnail":["https:\/\/varibox.best4u.dev\/wp-content\/uploads\/2022\/08\/llea-100x100.png",100,100,true],"variation_swatches_image_size":["https:\/\/varibox.best4u.dev\/wp-content\/uploads\/2022\/08\/llea-50x50.png",50,50,true],"variation_swatches_tooltip_size":["https:\/\/varibox.best4u.dev\/wp-content\/uploads\/2022\/08\/llea-100x100.png",100,100,true]},"post_excerpt_stackable_v2":"<p>Le capteur de niveau bas VARIBOX FC 800 &#038; CC 250 Viton est un capteur log\u00e9 dans le VARIBOX qui indique quand il reste environ 50 litres (FC800) ou 30 litres (CC250) de liquide dans l&rsquo;IBC.<\/p>\n","category_list_v2":"","author_info_v2":{"name":"","url":""},"comments_num_v2":"0 comments","acf":[],"_links":{"self":[{"href":"https:\/\/varibox.best4u.dev\/fr\/wp-json\/wp\/v2\/product\/3983","targetHints":{"allow":["GET"]}}],"collection":[{"href":"https:\/\/varibox.best4u.dev\/fr\/wp-json\/wp\/v2\/product"}],"about":[{"href":"https:\/\/varibox.best4u.dev\/fr\/wp-json\/wp\/v2\/types\/product"}],"replies":[{"embeddable":true,"href":"https:\/\/varibox.best4u.dev\/fr\/wp-json\/wp\/v2\/comments?post=3983"}],"wp:featuredmedia":[{"embeddable":true,"href":"https:\/\/varibox.best4u.dev\/fr\/wp-json\/wp\/v2\/media\/3513"}],"wp:attachment":[{"href":"https:\/\/varibox.best4u.dev\/fr\/wp-json\/wp\/v2\/media?parent=3983"}],"wp:term":[{"taxonomy":"product_brand","embeddable":true,"href":"https:\/\/varibox.best4u.dev\/fr\/wp-json\/wp\/v2\/product_brand?post=3983"},{"taxonomy":"product_cat","embeddable":true,"href":"https:\/\/varibox.best4u.dev\/fr\/wp-json\/wp\/v2\/product_cat?post=3983"},{"taxonomy":"product_tag","embeddable":true,"href":"https:\/\/varibox.best4u.dev\/fr\/wp-json\/wp\/v2\/product_tag?post=3983"}],"curies":[{"name":"wp","href":"https:\/\/api.w.org\/{rel}","templated":true}]}}