{"id":3977,"date":"2022-08-10T10:53:12","date_gmt":"2022-08-10T08:53:12","guid":{"rendered":"https:\/\/varibox.best4u.dev\/product\/capteur-de-niveau-plein-varibox-epdm\/"},"modified":"2024-04-05T15:58:46","modified_gmt":"2024-04-05T13:58:46","slug":"capteur-de-niveau-plein-varibox-epdm","status":"publish","type":"product","link":"https:\/\/varibox.best4u.dev\/fr\/produit\/capteur-de-niveau-plein-varibox-epdm\/","title":{"rendered":"Capteur de niveau plein VARIBOX EPDM"},"content":{"rendered":"<p>Le capteur de niveau plein EPDM VARIBOX est fabriqu\u00e9 en EPDM, PE, PP et PVC. Ce capteur sp\u00e9cial log\u00e9 dans le VARIBOX indique quand le conteneur est plein. Votre syst\u00e8me est raccord\u00e9 au capteur de niveau plein par un connecteur. Il envoie un signal lorsque le VARIBOX est plein, ce qui permet par exemple d&rsquo;arr\u00eater la pompe. Le capteur de niveau est \u00e9quip\u00e9 d&rsquo;un interrupteur \u00e0 flotteur situ\u00e9 au point le plus haut du VARIBOX. Si le VARIBOX contient suffisamment de liquide, il soul\u00e8ve le flotteur et l&rsquo;interrupteur coupe le circuit \u00e9lectrique.<\/p>\n","protected":false},"excerpt":{"rendered":"<p>Le capteur de niveau plein EPDM VARIBOX est un capteur sp\u00e9cial log\u00e9 dans le VARIBOX qui indique quand le conteneur est plein.<\/p>\n","protected":false},"featured_media":3491,"comment_status":"closed","ping_status":"closed","template":"","meta":{"_acf_changed":false},"product_brand":[],"product_cat":[373,374,372,317,321,319],"product_tag":[],"class_list":{"0":"post-3977","1":"product","2":"type-product","3":"status-publish","4":"has-post-thumbnail","6":"product_cat-capteurs","7":"product_cat-capteurs-varibox-fc-800","8":"product_cat-capteurs-varibox-cc-250","9":"product_cat-varibox-cc-250-fr","10":"product_cat-varibox-fc-1000-fr","11":"product_cat-varibox-fc-800-fr","12":"product_shipping_class-deventer-en","13":"pa_packaging-unit-1-fr","15":"first","16":"instock","17":"taxable","18":"shipping-taxable","19":"purchasable","20":"product-type-simple"},"featured_image_urls_v2":{"full":["https:\/\/varibox.best4u.dev\/wp-content\/uploads\/2022\/08\/fulla.png",600,400,false],"thumbnail":["https:\/\/varibox.best4u.dev\/wp-content\/uploads\/2022\/08\/fulla-256x256.png",256,256,true],"medium":["https:\/\/varibox.best4u.dev\/wp-content\/uploads\/2022\/08\/fulla-512x341.png",512,341,true],"medium_large":["https:\/\/varibox.best4u.dev\/wp-content\/uploads\/2022\/08\/fulla.png",600,400,false],"large":["https:\/\/varibox.best4u.dev\/wp-content\/uploads\/2022\/08\/fulla.png",600,400,false],"1536x1536":["https:\/\/varibox.best4u.dev\/wp-content\/uploads\/2022\/08\/fulla.png",600,400,false],"2048x2048":["https:\/\/varibox.best4u.dev\/wp-content\/uploads\/2022\/08\/fulla.png",600,400,false],"woocommerce_archive_thumbnail":["https:\/\/varibox.best4u.dev\/wp-content\/uploads\/2022\/08\/fulla-270x180.png",270,180,true],"gform-image-choice-sm":["https:\/\/varibox.best4u.dev\/wp-content\/uploads\/2022\/08\/fulla.png",300,200,false],"gform-image-choice-md":["https:\/\/varibox.best4u.dev\/wp-content\/uploads\/2022\/08\/fulla.png",400,267,false],"gform-image-choice-lg":["https:\/\/varibox.best4u.dev\/wp-content\/uploads\/2022\/08\/fulla.png",600,400,false],"woocommerce_thumbnail":["https:\/\/varibox.best4u.dev\/wp-content\/uploads\/2022\/08\/fulla-270x180.png",270,180,true],"woocommerce_single":["https:\/\/varibox.best4u.dev\/wp-content\/uploads\/2022\/08\/fulla.png",600,400,false],"woocommerce_gallery_thumbnail":["https:\/\/varibox.best4u.dev\/wp-content\/uploads\/2022\/08\/fulla-100x100.png",100,100,true],"variation_swatches_image_size":["https:\/\/varibox.best4u.dev\/wp-content\/uploads\/2022\/08\/fulla-50x50.png",50,50,true],"variation_swatches_tooltip_size":["https:\/\/varibox.best4u.dev\/wp-content\/uploads\/2022\/08\/fulla-100x100.png",100,100,true]},"post_excerpt_stackable_v2":"<p>Le capteur de niveau plein EPDM VARIBOX est un capteur sp\u00e9cial log\u00e9 dans le VARIBOX qui indique quand le conteneur est plein.<\/p>\n","category_list_v2":"","author_info_v2":{"name":"","url":""},"comments_num_v2":"0 comments","acf":[],"_links":{"self":[{"href":"https:\/\/varibox.best4u.dev\/fr\/wp-json\/wp\/v2\/product\/3977","targetHints":{"allow":["GET"]}}],"collection":[{"href":"https:\/\/varibox.best4u.dev\/fr\/wp-json\/wp\/v2\/product"}],"about":[{"href":"https:\/\/varibox.best4u.dev\/fr\/wp-json\/wp\/v2\/types\/product"}],"replies":[{"embeddable":true,"href":"https:\/\/varibox.best4u.dev\/fr\/wp-json\/wp\/v2\/comments?post=3977"}],"wp:featuredmedia":[{"embeddable":true,"href":"https:\/\/varibox.best4u.dev\/fr\/wp-json\/wp\/v2\/media\/3491"}],"wp:attachment":[{"href":"https:\/\/varibox.best4u.dev\/fr\/wp-json\/wp\/v2\/media?parent=3977"}],"wp:term":[{"taxonomy":"product_brand","embeddable":true,"href":"https:\/\/varibox.best4u.dev\/fr\/wp-json\/wp\/v2\/product_brand?post=3977"},{"taxonomy":"product_cat","embeddable":true,"href":"https:\/\/varibox.best4u.dev\/fr\/wp-json\/wp\/v2\/product_cat?post=3977"},{"taxonomy":"product_tag","embeddable":true,"href":"https:\/\/varibox.best4u.dev\/fr\/wp-json\/wp\/v2\/product_tag?post=3977"}],"curies":[{"name":"wp","href":"https:\/\/api.w.org\/{rel}","templated":true}]}}