{"id":3968,"date":"2022-08-10T10:53:12","date_gmt":"2022-08-10T08:53:12","guid":{"rendered":"https:\/\/varibox.best4u.dev\/product\/autocollant-capsule-event-depression-varibox\/"},"modified":"2024-04-05T15:59:07","modified_gmt":"2024-04-05T13:59:07","slug":"autocollant-capsule-event-depression-varibox","status":"publish","type":"product","link":"https:\/\/varibox.best4u.dev\/fr\/produit\/autocollant-capsule-event-depression-varibox\/","title":{"rendered":"Autocollant capsule \u00e9vent d\u00e9pression VARIBOX"},"content":{"rendered":"<p>Chaque VARIBOX est \u00e9quip\u00e9 d&rsquo;un \u00e9vent automatique. Cet autocollant VARIBOX se colle sur la capsule du boitier \u00e9vent de d\u00e9pression est en PE et de couleur blanche. L&rsquo;autocollant indique que le couvercle est \u00e9quip\u00e9 d&rsquo;un \u00e9vent de d\u00e9pression.<\/p>\n","protected":false},"excerpt":{"rendered":"<p>Chaque VARIBOX est \u00e9quip\u00e9 d&rsquo;un \u00e9vent automatique. Cet autocollant VARIBOX se colle sur la capsule du boitier \u00e9vent de d\u00e9pression.<\/p>\n","protected":false},"featured_media":3459,"comment_status":"closed","ping_status":"closed","template":"","meta":{"_acf_changed":false},"product_brand":[],"product_cat":[327,324,326,317,321,319],"product_tag":[],"class_list":{"0":"post-3968","1":"product","2":"type-product","3":"status-publish","4":"has-post-thumbnail","6":"product_cat-accessoires-fr","7":"product_cat-accessoires-varibox-cc-250-fr","8":"product_cat-accessoires-varibox-fc-800","9":"product_cat-varibox-cc-250-fr","10":"product_cat-varibox-fc-1000-fr","11":"product_cat-varibox-fc-800-fr","12":"product_shipping_class-deventer-en","13":"pa_packaging-unit-50-fr","15":"first","16":"instock","17":"taxable","18":"shipping-taxable","19":"purchasable","20":"product-type-simple"},"featured_image_urls_v2":{"full":["https:\/\/varibox.best4u.dev\/wp-content\/uploads\/2022\/08\/labelvac.png",600,400,false],"thumbnail":["https:\/\/varibox.best4u.dev\/wp-content\/uploads\/2022\/08\/labelvac.png",256,171,false],"medium":["https:\/\/varibox.best4u.dev\/wp-content\/uploads\/2022\/08\/labelvac.png",512,341,false],"medium_large":["https:\/\/varibox.best4u.dev\/wp-content\/uploads\/2022\/08\/labelvac.png",600,400,false],"large":["https:\/\/varibox.best4u.dev\/wp-content\/uploads\/2022\/08\/labelvac.png",600,400,false],"1536x1536":["https:\/\/varibox.best4u.dev\/wp-content\/uploads\/2022\/08\/labelvac.png",600,400,false],"2048x2048":["https:\/\/varibox.best4u.dev\/wp-content\/uploads\/2022\/08\/labelvac.png",600,400,false],"woocommerce_archive_thumbnail":["https:\/\/varibox.best4u.dev\/wp-content\/uploads\/2022\/08\/labelvac-270x180.png",270,180,true],"gform-image-choice-sm":["https:\/\/varibox.best4u.dev\/wp-content\/uploads\/2022\/08\/labelvac.png",300,200,false],"gform-image-choice-md":["https:\/\/varibox.best4u.dev\/wp-content\/uploads\/2022\/08\/labelvac.png",400,267,false],"gform-image-choice-lg":["https:\/\/varibox.best4u.dev\/wp-content\/uploads\/2022\/08\/labelvac.png",600,400,false],"woocommerce_thumbnail":["https:\/\/varibox.best4u.dev\/wp-content\/uploads\/2022\/08\/labelvac.png",270,180,false],"woocommerce_single":["https:\/\/varibox.best4u.dev\/wp-content\/uploads\/2022\/08\/labelvac.png",600,400,false],"woocommerce_gallery_thumbnail":["https:\/\/varibox.best4u.dev\/wp-content\/uploads\/2022\/08\/labelvac-100x100.png",100,100,true],"variation_swatches_image_size":["https:\/\/varibox.best4u.dev\/wp-content\/uploads\/2022\/08\/labelvac.png",50,33,false],"variation_swatches_tooltip_size":["https:\/\/varibox.best4u.dev\/wp-content\/uploads\/2022\/08\/labelvac.png",100,67,false]},"post_excerpt_stackable_v2":"<p>Chaque VARIBOX est \u00e9quip\u00e9 d&rsquo;un \u00e9vent automatique. Cet autocollant VARIBOX se colle sur la capsule du boitier \u00e9vent de d\u00e9pression.<\/p>\n","category_list_v2":"","author_info_v2":{"name":"","url":""},"comments_num_v2":"0 comments","acf":[],"_links":{"self":[{"href":"https:\/\/varibox.best4u.dev\/fr\/wp-json\/wp\/v2\/product\/3968","targetHints":{"allow":["GET"]}}],"collection":[{"href":"https:\/\/varibox.best4u.dev\/fr\/wp-json\/wp\/v2\/product"}],"about":[{"href":"https:\/\/varibox.best4u.dev\/fr\/wp-json\/wp\/v2\/types\/product"}],"replies":[{"embeddable":true,"href":"https:\/\/varibox.best4u.dev\/fr\/wp-json\/wp\/v2\/comments?post=3968"}],"wp:featuredmedia":[{"embeddable":true,"href":"https:\/\/varibox.best4u.dev\/fr\/wp-json\/wp\/v2\/media\/3459"}],"wp:attachment":[{"href":"https:\/\/varibox.best4u.dev\/fr\/wp-json\/wp\/v2\/media?parent=3968"}],"wp:term":[{"taxonomy":"product_brand","embeddable":true,"href":"https:\/\/varibox.best4u.dev\/fr\/wp-json\/wp\/v2\/product_brand?post=3968"},{"taxonomy":"product_cat","embeddable":true,"href":"https:\/\/varibox.best4u.dev\/fr\/wp-json\/wp\/v2\/product_cat?post=3968"},{"taxonomy":"product_tag","embeddable":true,"href":"https:\/\/varibox.best4u.dev\/fr\/wp-json\/wp\/v2\/product_tag?post=3968"}],"curies":[{"name":"wp","href":"https:\/\/api.w.org\/{rel}","templated":true}]}}