{"id":3963,"date":"2022-08-10T10:52:53","date_gmt":"2022-08-10T08:52:53","guid":{"rendered":"https:\/\/varibox.best4u.dev\/product\/lot-de-10-joints-col-de-tube-dextraction-safeline-varibox-fc\/"},"modified":"2024-04-05T15:57:49","modified_gmt":"2024-04-05T13:57:49","slug":"lot-de-10-joints-col-de-tube-dextraction-safeline-varibox-fc","status":"publish","type":"product","link":"https:\/\/varibox.best4u.dev\/fr\/produit\/lot-de-10-joints-col-de-tube-dextraction-safeline-varibox-fc\/","title":{"rendered":"Lot de 10 joints col de tube d&rsquo;extraction Safeline VARIBOX FC"},"content":{"rendered":"<p>Le joint col du tube d&rsquo;extraction Safeline VARIBOX FC prot\u00e8ge le VARIBOX contre les substances entrant dans le r\u00e9cipient ext\u00e9rior r\u00e9tention. Le joint d&rsquo;\u00e9tanch\u00e9it\u00e9 est en EPDM et de couleur noire. Il scelle l&rsquo;espace entre la housse du VARIBOX et le point de raccordement du tube d&rsquo;extraction, emp\u00eachant ainsi que les produits chimiques, les d\u00e9tergents ou l&rsquo;eau de pluie ne p\u00e9n\u00e9trent \u00e0 l&rsquo;int\u00e9rieur du r\u00e9cipient ext\u00e9rieur du VARIBOX.<\/p>\n","protected":false},"excerpt":{"rendered":"<p>Le joint col du tube d&rsquo;extraction Safeline VARIBOX FC prot\u00e8ge le VARIBOX contre les substances entrant dans le r\u00e9cipient ext\u00e9rior r\u00e9tention.<\/p>\n","protected":false},"featured_media":3448,"comment_status":"closed","ping_status":"closed","template":"","meta":{"_acf_changed":false},"product_brand":[],"product_cat":[326,327,321,319],"product_tag":[335],"class_list":{"0":"post-3963","1":"product","2":"type-product","3":"status-publish","4":"has-post-thumbnail","6":"product_cat-accessoires-varibox-fc-800","7":"product_cat-accessoires-fr","8":"product_cat-varibox-fc-1000-fr","9":"product_cat-varibox-fc-800-fr","10":"product_tag-ecolab-fr","11":"product_shipping_class-deventer-en","12":"pa_packaging-unit-10-fr","14":"first","15":"instock","16":"taxable","17":"shipping-taxable","18":"purchasable","19":"product-type-simple"},"featured_image_urls_v2":{"full":["https:\/\/varibox.best4u.dev\/wp-content\/uploads\/2022\/08\/collara.png",600,400,false],"thumbnail":["https:\/\/varibox.best4u.dev\/wp-content\/uploads\/2022\/08\/collara.png",256,171,false],"medium":["https:\/\/varibox.best4u.dev\/wp-content\/uploads\/2022\/08\/collara.png",512,341,false],"medium_large":["https:\/\/varibox.best4u.dev\/wp-content\/uploads\/2022\/08\/collara.png",600,400,false],"large":["https:\/\/varibox.best4u.dev\/wp-content\/uploads\/2022\/08\/collara.png",600,400,false],"1536x1536":["https:\/\/varibox.best4u.dev\/wp-content\/uploads\/2022\/08\/collara.png",600,400,false],"2048x2048":["https:\/\/varibox.best4u.dev\/wp-content\/uploads\/2022\/08\/collara.png",600,400,false],"woocommerce_archive_thumbnail":["https:\/\/varibox.best4u.dev\/wp-content\/uploads\/2022\/08\/collara-270x180.png",270,180,true],"gform-image-choice-sm":["https:\/\/varibox.best4u.dev\/wp-content\/uploads\/2022\/08\/collara.png",300,200,false],"gform-image-choice-md":["https:\/\/varibox.best4u.dev\/wp-content\/uploads\/2022\/08\/collara.png",400,267,false],"gform-image-choice-lg":["https:\/\/varibox.best4u.dev\/wp-content\/uploads\/2022\/08\/collara.png",600,400,false],"woocommerce_thumbnail":["https:\/\/varibox.best4u.dev\/wp-content\/uploads\/2022\/08\/collara.png",270,180,false],"woocommerce_single":["https:\/\/varibox.best4u.dev\/wp-content\/uploads\/2022\/08\/collara.png",600,400,false],"woocommerce_gallery_thumbnail":["https:\/\/varibox.best4u.dev\/wp-content\/uploads\/2022\/08\/collara-100x100.png",100,100,true],"variation_swatches_image_size":["https:\/\/varibox.best4u.dev\/wp-content\/uploads\/2022\/08\/collara.png",50,33,false],"variation_swatches_tooltip_size":["https:\/\/varibox.best4u.dev\/wp-content\/uploads\/2022\/08\/collara.png",100,67,false]},"post_excerpt_stackable_v2":"<p>Le joint col du tube d&rsquo;extraction Safeline VARIBOX FC prot\u00e8ge le VARIBOX contre les substances entrant dans le r\u00e9cipient ext\u00e9rior r\u00e9tention.<\/p>\n","category_list_v2":"","author_info_v2":{"name":"","url":""},"comments_num_v2":"0 comments","acf":[],"_links":{"self":[{"href":"https:\/\/varibox.best4u.dev\/fr\/wp-json\/wp\/v2\/product\/3963","targetHints":{"allow":["GET"]}}],"collection":[{"href":"https:\/\/varibox.best4u.dev\/fr\/wp-json\/wp\/v2\/product"}],"about":[{"href":"https:\/\/varibox.best4u.dev\/fr\/wp-json\/wp\/v2\/types\/product"}],"replies":[{"embeddable":true,"href":"https:\/\/varibox.best4u.dev\/fr\/wp-json\/wp\/v2\/comments?post=3963"}],"wp:featuredmedia":[{"embeddable":true,"href":"https:\/\/varibox.best4u.dev\/fr\/wp-json\/wp\/v2\/media\/3448"}],"wp:attachment":[{"href":"https:\/\/varibox.best4u.dev\/fr\/wp-json\/wp\/v2\/media?parent=3963"}],"wp:term":[{"taxonomy":"product_brand","embeddable":true,"href":"https:\/\/varibox.best4u.dev\/fr\/wp-json\/wp\/v2\/product_brand?post=3963"},{"taxonomy":"product_cat","embeddable":true,"href":"https:\/\/varibox.best4u.dev\/fr\/wp-json\/wp\/v2\/product_cat?post=3963"},{"taxonomy":"product_tag","embeddable":true,"href":"https:\/\/varibox.best4u.dev\/fr\/wp-json\/wp\/v2\/product_tag?post=3963"}],"curies":[{"name":"wp","href":"https:\/\/api.w.org\/{rel}","templated":true}]}}