{"id":3962,"date":"2022-08-10T10:52:53","date_gmt":"2022-08-10T08:52:53","guid":{"rendered":"https:\/\/varibox.best4u.dev\/product\/tube-dextraction-safeline-precision-viton-varibox-fc-1000\/"},"modified":"2024-04-05T15:57:49","modified_gmt":"2024-04-05T13:57:49","slug":"tube-dextraction-safeline-precision-viton-varibox-fc-1000","status":"publish","type":"product","link":"https:\/\/varibox.best4u.dev\/fr\/produit\/tube-dextraction-safeline-precision-viton-varibox-fc-1000\/","title":{"rendered":"Tube d&rsquo;extraction Safeline Precision Viton VARIBOX FC 1000"},"content":{"rendered":"<p>Le tube d&rsquo;extraction Safeline Precision Viton pour VARIBOX FC 1000 est fabriqu\u00e9 en Aflas, PE et Hastelloy. Le tube est de couleur neutre et le point de connexion sur le dessus est vert.  Le tube d&rsquo;extraction, sp\u00e9cialement con\u00e7u pour le dosage, fait partie d&rsquo;un syst\u00e8me facile \u00e0 utiliser qui se raccorde \u00e0 votre syst\u00e8me \u00e0 l&rsquo;aide du coupleur Safeline et permet de pomper votre produit hors du VARIBOX sans ouvrir le couvercle de l&rsquo;IBC. Le risque induit par l&rsquo;inhalation de fum\u00e9es toxiques et le contact avec les mati\u00e8res dangereuses sont \u00e9vit\u00e9s.<\/p>\n","protected":false},"excerpt":{"rendered":"<p>Le tube d&rsquo;extraction Safeline Precision en Viton du VARIBOX FC 1000 est un tube du VARIBOX qui atteint le point le plus bas du r\u00e9cipient int\u00e9rieur pour une vidange optimale.<\/p>\n","protected":false},"featured_media":3444,"comment_status":"closed","ping_status":"closed","template":"","meta":{"_acf_changed":false},"product_brand":[],"product_cat":[368,321],"product_tag":[],"class_list":{"0":"post-3962","1":"product","2":"type-product","3":"status-publish","4":"has-post-thumbnail","6":"product_cat-tubes-dextraction","7":"product_cat-varibox-fc-1000-fr","8":"product_shipping_class-deventer-en","9":"pa_packaging-unit-1-fr","11":"first","12":"instock","13":"taxable","14":"shipping-taxable","15":"purchasable","16":"product-type-simple"},"featured_image_urls_v2":{"full":["https:\/\/varibox.best4u.dev\/wp-content\/uploads\/2022\/08\/slpreva-3.png",600,400,false],"thumbnail":["https:\/\/varibox.best4u.dev\/wp-content\/uploads\/2022\/08\/slpreva-3.png",256,171,false],"medium":["https:\/\/varibox.best4u.dev\/wp-content\/uploads\/2022\/08\/slpreva-3.png",512,341,false],"medium_large":["https:\/\/varibox.best4u.dev\/wp-content\/uploads\/2022\/08\/slpreva-3.png",600,400,false],"large":["https:\/\/varibox.best4u.dev\/wp-content\/uploads\/2022\/08\/slpreva-3.png",600,400,false],"1536x1536":["https:\/\/varibox.best4u.dev\/wp-content\/uploads\/2022\/08\/slpreva-3.png",600,400,false],"2048x2048":["https:\/\/varibox.best4u.dev\/wp-content\/uploads\/2022\/08\/slpreva-3.png",600,400,false],"woocommerce_archive_thumbnail":["https:\/\/varibox.best4u.dev\/wp-content\/uploads\/2022\/08\/slpreva-3-270x180.png",270,180,true],"gform-image-choice-sm":["https:\/\/varibox.best4u.dev\/wp-content\/uploads\/2022\/08\/slpreva-3.png",300,200,false],"gform-image-choice-md":["https:\/\/varibox.best4u.dev\/wp-content\/uploads\/2022\/08\/slpreva-3.png",400,267,false],"gform-image-choice-lg":["https:\/\/varibox.best4u.dev\/wp-content\/uploads\/2022\/08\/slpreva-3.png",600,400,false],"woocommerce_thumbnail":["https:\/\/varibox.best4u.dev\/wp-content\/uploads\/2022\/08\/slpreva-3.png",270,180,false],"woocommerce_single":["https:\/\/varibox.best4u.dev\/wp-content\/uploads\/2022\/08\/slpreva-3.png",600,400,false],"woocommerce_gallery_thumbnail":["https:\/\/varibox.best4u.dev\/wp-content\/uploads\/2022\/08\/slpreva-3-100x100.png",100,100,true],"variation_swatches_image_size":["https:\/\/varibox.best4u.dev\/wp-content\/uploads\/2022\/08\/slpreva-3.png",50,33,false],"variation_swatches_tooltip_size":["https:\/\/varibox.best4u.dev\/wp-content\/uploads\/2022\/08\/slpreva-3.png",100,67,false]},"post_excerpt_stackable_v2":"<p>Le tube d&rsquo;extraction Safeline Precision en Viton du VARIBOX FC 1000 est un tube du VARIBOX qui atteint le point le plus bas du r\u00e9cipient int\u00e9rieur pour une vidange optimale.<\/p>\n","category_list_v2":"","author_info_v2":{"name":"","url":""},"comments_num_v2":"0 comments","acf":[],"_links":{"self":[{"href":"https:\/\/varibox.best4u.dev\/fr\/wp-json\/wp\/v2\/product\/3962","targetHints":{"allow":["GET"]}}],"collection":[{"href":"https:\/\/varibox.best4u.dev\/fr\/wp-json\/wp\/v2\/product"}],"about":[{"href":"https:\/\/varibox.best4u.dev\/fr\/wp-json\/wp\/v2\/types\/product"}],"replies":[{"embeddable":true,"href":"https:\/\/varibox.best4u.dev\/fr\/wp-json\/wp\/v2\/comments?post=3962"}],"wp:featuredmedia":[{"embeddable":true,"href":"https:\/\/varibox.best4u.dev\/fr\/wp-json\/wp\/v2\/media\/3444"}],"wp:attachment":[{"href":"https:\/\/varibox.best4u.dev\/fr\/wp-json\/wp\/v2\/media?parent=3962"}],"wp:term":[{"taxonomy":"product_brand","embeddable":true,"href":"https:\/\/varibox.best4u.dev\/fr\/wp-json\/wp\/v2\/product_brand?post=3962"},{"taxonomy":"product_cat","embeddable":true,"href":"https:\/\/varibox.best4u.dev\/fr\/wp-json\/wp\/v2\/product_cat?post=3962"},{"taxonomy":"product_tag","embeddable":true,"href":"https:\/\/varibox.best4u.dev\/fr\/wp-json\/wp\/v2\/product_tag?post=3962"}],"curies":[{"name":"wp","href":"https:\/\/api.w.org\/{rel}","templated":true}]}}