{"id":3951,"date":"2022-08-10T10:52:53","date_gmt":"2022-08-10T08:52:53","guid":{"rendered":"https:\/\/varibox.best4u.dev\/product\/lot-de-50-capsules-tube-dextraction-varibox-safeline-viton\/"},"modified":"2024-04-05T15:51:05","modified_gmt":"2024-04-05T13:51:05","slug":"lot-de-50-capsules-tube-dextraction-varibox-safeline-viton","status":"publish","type":"product","link":"https:\/\/varibox.best4u.dev\/fr\/produit\/lot-de-50-capsules-tube-dextraction-varibox-safeline-viton\/","title":{"rendered":"Lot de 50 capsules tube d&rsquo;extraction VARIBOX Safeline Viton"},"content":{"rendered":"<p>La capsule Viton VARIBOX Safeline Performance assure une protection du tube d&rsquo;extraction VARIBOX Safeline. La capsule est en PE et de couleur verte, correspond \u00e0 la couleur de la version Viton du syst\u00e8me Safeline. Elle permet aux distributeurs de produits chimiques de prot\u00e9ger le tube d&rsquo;extraction pendant le transport jusqu&rsquo;\u00e0 l&rsquo;utilisation du VARIBOX.<\/p>\n","protected":false},"excerpt":{"rendered":"<p>La capsule Viton VARIBOX Safeline Performance assure une protection du tube d&rsquo;extraction VARIBOX Safeline.<\/p>\n","protected":false},"featured_media":3402,"comment_status":"closed","ping_status":"closed","template":"","meta":{"_acf_changed":false},"product_brand":[],"product_cat":[364,355,356,357,317,375,321,319],"product_tag":[335],"class_list":{"0":"post-3951","1":"product","2":"type-product","3":"status-publish","4":"has-post-thumbnail","6":"product_cat-capsules","7":"product_cat-capsules-varibox-cc-250-2","8":"product_cat-capsules-varibox-fc-800-2","9":"product_cat-capsules-varibox-fc-1000","10":"product_cat-varibox-cc-250-fr","11":"product_cat-varibox-drumtainer-fr","12":"product_cat-varibox-fc-1000-fr","13":"product_cat-varibox-fc-800-fr","14":"product_tag-ecolab-fr","15":"product_shipping_class-deventer-en","16":"pa_packaging-unit-50-fr","18":"first","19":"instock","20":"taxable","21":"shipping-taxable","22":"purchasable","23":"product-type-simple"},"featured_image_urls_v2":{"full":["https:\/\/varibox.best4u.dev\/wp-content\/uploads\/2022\/08\/capslva.png",600,400,false],"thumbnail":["https:\/\/varibox.best4u.dev\/wp-content\/uploads\/2022\/08\/capslva.png",256,171,false],"medium":["https:\/\/varibox.best4u.dev\/wp-content\/uploads\/2022\/08\/capslva.png",512,341,false],"medium_large":["https:\/\/varibox.best4u.dev\/wp-content\/uploads\/2022\/08\/capslva.png",600,400,false],"large":["https:\/\/varibox.best4u.dev\/wp-content\/uploads\/2022\/08\/capslva.png",600,400,false],"1536x1536":["https:\/\/varibox.best4u.dev\/wp-content\/uploads\/2022\/08\/capslva.png",600,400,false],"2048x2048":["https:\/\/varibox.best4u.dev\/wp-content\/uploads\/2022\/08\/capslva.png",600,400,false],"woocommerce_archive_thumbnail":["https:\/\/varibox.best4u.dev\/wp-content\/uploads\/2022\/08\/capslva-270x180.png",270,180,true],"gform-image-choice-sm":["https:\/\/varibox.best4u.dev\/wp-content\/uploads\/2022\/08\/capslva.png",300,200,false],"gform-image-choice-md":["https:\/\/varibox.best4u.dev\/wp-content\/uploads\/2022\/08\/capslva.png",400,267,false],"gform-image-choice-lg":["https:\/\/varibox.best4u.dev\/wp-content\/uploads\/2022\/08\/capslva.png",600,400,false],"woocommerce_thumbnail":["https:\/\/varibox.best4u.dev\/wp-content\/uploads\/2022\/08\/capslva.png",270,180,false],"woocommerce_single":["https:\/\/varibox.best4u.dev\/wp-content\/uploads\/2022\/08\/capslva.png",600,400,false],"woocommerce_gallery_thumbnail":["https:\/\/varibox.best4u.dev\/wp-content\/uploads\/2022\/08\/capslva-100x100.png",100,100,true],"variation_swatches_image_size":["https:\/\/varibox.best4u.dev\/wp-content\/uploads\/2022\/08\/capslva.png",50,33,false],"variation_swatches_tooltip_size":["https:\/\/varibox.best4u.dev\/wp-content\/uploads\/2022\/08\/capslva.png",100,67,false]},"post_excerpt_stackable_v2":"<p>La capsule Viton VARIBOX Safeline Performance assure une protection du tube d&rsquo;extraction VARIBOX Safeline.<\/p>\n","category_list_v2":"","author_info_v2":{"name":"","url":""},"comments_num_v2":"0 comments","acf":[],"_links":{"self":[{"href":"https:\/\/varibox.best4u.dev\/fr\/wp-json\/wp\/v2\/product\/3951","targetHints":{"allow":["GET"]}}],"collection":[{"href":"https:\/\/varibox.best4u.dev\/fr\/wp-json\/wp\/v2\/product"}],"about":[{"href":"https:\/\/varibox.best4u.dev\/fr\/wp-json\/wp\/v2\/types\/product"}],"replies":[{"embeddable":true,"href":"https:\/\/varibox.best4u.dev\/fr\/wp-json\/wp\/v2\/comments?post=3951"}],"wp:featuredmedia":[{"embeddable":true,"href":"https:\/\/varibox.best4u.dev\/fr\/wp-json\/wp\/v2\/media\/3402"}],"wp:attachment":[{"href":"https:\/\/varibox.best4u.dev\/fr\/wp-json\/wp\/v2\/media?parent=3951"}],"wp:term":[{"taxonomy":"product_brand","embeddable":true,"href":"https:\/\/varibox.best4u.dev\/fr\/wp-json\/wp\/v2\/product_brand?post=3951"},{"taxonomy":"product_cat","embeddable":true,"href":"https:\/\/varibox.best4u.dev\/fr\/wp-json\/wp\/v2\/product_cat?post=3951"},{"taxonomy":"product_tag","embeddable":true,"href":"https:\/\/varibox.best4u.dev\/fr\/wp-json\/wp\/v2\/product_tag?post=3951"}],"curies":[{"name":"wp","href":"https:\/\/api.w.org\/{rel}","templated":true}]}}