{"id":3941,"date":"2022-08-10T10:52:38","date_gmt":"2022-08-10T08:52:38","guid":{"rendered":"https:\/\/varibox.best4u.dev\/product\/lot-de-10-jauges-varibox-fc-800-et-cc-250\/"},"modified":"2024-04-05T15:49:57","modified_gmt":"2024-04-05T13:49:57","slug":"lot-de-10-jauges-varibox-fc-800-et-cc-250","status":"publish","type":"product","link":"https:\/\/varibox.best4u.dev\/fr\/produit\/lot-de-10-jauges-varibox-fc-800-et-cc-250\/","title":{"rendered":"Lot de 10 jauges VARIBOX FC 800 et CC 250"},"content":{"rendered":"<p>La jauge du VARIBOX FC 800 et CC 250 est fabriqu\u00e9e en PE (poly\u00e9thyl\u00e8ne). La couleur est noire et l&rsquo;unit\u00e9 d&#8217;emballage pour cette pi\u00e8ce d\u00e9tach\u00e9e est de 10 pi\u00e8ces. La jauge est utilis\u00e9e pour v\u00e9rifier l&rsquo;\u00e9tanch\u00e9it\u00e9 du r\u00e9cipient int\u00e9rieur. Il s&rsquo;agit d&rsquo;un processus tr\u00e8s simple qui peut \u00eatre r\u00e9alis\u00e9 en 4 \u00e9tapes. Tout d&rsquo;abord, assurez-vous que le VARIBOX est propre et que vous portez votre \u00e9quipement de protection individuelle. Retirez ensuite la capsule de l&rsquo;orifice d&rsquo;inspection. La deuxi\u00e8me \u00e9tape consiste \u00e0 retirer la jauge du r\u00e9cipient. Ensuite, v\u00e9rifiez que la jauge n&rsquo;est pas humide et, si elle est s\u00e8che, remettez-la dans le conteneur. La quatri\u00e8me et derni\u00e8re \u00e9tape consiste \u00e0 remettre la capsule sur l&rsquo;ouverture d&rsquo;inspection.<\/p>\n","protected":false},"excerpt":{"rendered":"<p>La jauge du VARIBOX FC 800 et CC 250 est utilis\u00e9e pour v\u00e9rifier l&rsquo;\u00e9tanch\u00e9it\u00e9 du r\u00e9cipient int\u00e9rieur.<\/p>\n","protected":false},"featured_media":3365,"comment_status":"closed","ping_status":"closed","template":"","meta":{"_acf_changed":false},"product_brand":[],"product_cat":[324,326,317,319],"product_tag":[],"class_list":{"0":"post-3941","1":"product","2":"type-product","3":"status-publish","4":"has-post-thumbnail","6":"product_cat-accessoires-varibox-cc-250-fr","7":"product_cat-accessoires-varibox-fc-800","8":"product_cat-varibox-cc-250-fr","9":"product_cat-varibox-fc-800-fr","10":"product_shipping_class-deventer-en","11":"pa_packaging-unit-10-fr","13":"first","14":"instock","15":"taxable","16":"shipping-taxable","17":"purchasable","18":"product-type-simple"},"featured_image_urls_v2":{"full":["https:\/\/varibox.best4u.dev\/wp-content\/uploads\/2022\/08\/dipa-1.png",600,400,false],"thumbnail":["https:\/\/varibox.best4u.dev\/wp-content\/uploads\/2022\/08\/dipa-1.png",256,171,false],"medium":["https:\/\/varibox.best4u.dev\/wp-content\/uploads\/2022\/08\/dipa-1.png",512,341,false],"medium_large":["https:\/\/varibox.best4u.dev\/wp-content\/uploads\/2022\/08\/dipa-1.png",600,400,false],"large":["https:\/\/varibox.best4u.dev\/wp-content\/uploads\/2022\/08\/dipa-1.png",600,400,false],"1536x1536":["https:\/\/varibox.best4u.dev\/wp-content\/uploads\/2022\/08\/dipa-1.png",600,400,false],"2048x2048":["https:\/\/varibox.best4u.dev\/wp-content\/uploads\/2022\/08\/dipa-1.png",600,400,false],"woocommerce_archive_thumbnail":["https:\/\/varibox.best4u.dev\/wp-content\/uploads\/2022\/08\/dipa-1-270x180.png",270,180,true],"gform-image-choice-sm":["https:\/\/varibox.best4u.dev\/wp-content\/uploads\/2022\/08\/dipa-1.png",300,200,false],"gform-image-choice-md":["https:\/\/varibox.best4u.dev\/wp-content\/uploads\/2022\/08\/dipa-1.png",400,267,false],"gform-image-choice-lg":["https:\/\/varibox.best4u.dev\/wp-content\/uploads\/2022\/08\/dipa-1.png",600,400,false],"woocommerce_thumbnail":["https:\/\/varibox.best4u.dev\/wp-content\/uploads\/2022\/08\/dipa-1.png",270,180,false],"woocommerce_single":["https:\/\/varibox.best4u.dev\/wp-content\/uploads\/2022\/08\/dipa-1.png",600,400,false],"woocommerce_gallery_thumbnail":["https:\/\/varibox.best4u.dev\/wp-content\/uploads\/2022\/08\/dipa-1-100x100.png",100,100,true],"variation_swatches_image_size":["https:\/\/varibox.best4u.dev\/wp-content\/uploads\/2022\/08\/dipa-1.png",50,33,false],"variation_swatches_tooltip_size":["https:\/\/varibox.best4u.dev\/wp-content\/uploads\/2022\/08\/dipa-1.png",100,67,false]},"post_excerpt_stackable_v2":"<p>La jauge du VARIBOX FC 800 et CC 250 est utilis\u00e9e pour v\u00e9rifier l&rsquo;\u00e9tanch\u00e9it\u00e9 du r\u00e9cipient int\u00e9rieur.<\/p>\n","category_list_v2":"","author_info_v2":{"name":"","url":""},"comments_num_v2":"0 comments","acf":[],"_links":{"self":[{"href":"https:\/\/varibox.best4u.dev\/fr\/wp-json\/wp\/v2\/product\/3941","targetHints":{"allow":["GET"]}}],"collection":[{"href":"https:\/\/varibox.best4u.dev\/fr\/wp-json\/wp\/v2\/product"}],"about":[{"href":"https:\/\/varibox.best4u.dev\/fr\/wp-json\/wp\/v2\/types\/product"}],"replies":[{"embeddable":true,"href":"https:\/\/varibox.best4u.dev\/fr\/wp-json\/wp\/v2\/comments?post=3941"}],"wp:featuredmedia":[{"embeddable":true,"href":"https:\/\/varibox.best4u.dev\/fr\/wp-json\/wp\/v2\/media\/3365"}],"wp:attachment":[{"href":"https:\/\/varibox.best4u.dev\/fr\/wp-json\/wp\/v2\/media?parent=3941"}],"wp:term":[{"taxonomy":"product_brand","embeddable":true,"href":"https:\/\/varibox.best4u.dev\/fr\/wp-json\/wp\/v2\/product_brand?post=3941"},{"taxonomy":"product_cat","embeddable":true,"href":"https:\/\/varibox.best4u.dev\/fr\/wp-json\/wp\/v2\/product_cat?post=3941"},{"taxonomy":"product_tag","embeddable":true,"href":"https:\/\/varibox.best4u.dev\/fr\/wp-json\/wp\/v2\/product_tag?post=3941"}],"curies":[{"name":"wp","href":"https:\/\/api.w.org\/{rel}","templated":true}]}}