{"id":3934,"date":"2022-08-10T10:52:38","date_gmt":"2022-08-10T08:52:38","guid":{"rendered":"https:\/\/varibox.best4u.dev\/product\/coupleur-ns4-corps-%c2%bc-viton\/"},"modified":"2024-04-05T15:49:59","modified_gmt":"2024-04-05T13:49:59","slug":"coupleur-ns4-corps-%c2%bc-viton","status":"publish","type":"product","link":"https:\/\/varibox.best4u.dev\/fr\/produit\/coupleur-ns4-corps-%c2%bc-viton\/","title":{"rendered":"Coupleur NS4 corps \u00bc Viton"},"content":{"rendered":"<p>Le coupleur NS4 corps \u00bc Viton est fabriqu\u00e9 en Viton, PP, TPV et Hastelloy. Le coupleur \u00e9tablit une connexion \u00e9tanche avec le tube d&rsquo;extraction NS4 du VARIBOX. Lorsque le tube extracteur NS4 et le coupleur NS4 sont ouverts, le liquide peut s&rsquo;\u00e9couler librement. Les fum\u00e9es et les produits chimiques ne peuvent pas s&rsquo;\u00e9chapper hors du conteneur car le syst\u00e8me cr\u00e9e un transfert du liquide en circuit ferm\u00e9.<\/p>\n","protected":false},"excerpt":{"rendered":"<p>Le coupleur NS4 corps \u00bc Viton \u00e9tablit une connexion \u00e9tanche avec le tube d&rsquo;extraction NS4 du VARIBOX. Lorsque le tube extracteur NS4 et le coupleur NS4 sont ouverts, le liquide peut s&rsquo;\u00e9couler librement. Les fum\u00e9es et les produits chimiques ne peuvent pas s&rsquo;\u00e9chapper hors du conteneur car le syst\u00e8me cr\u00e9e un transfert du liquide en circuit ferm\u00e9.<\/p>\n","protected":false},"featured_media":3348,"comment_status":"closed","ping_status":"closed","template":"","meta":{"_acf_changed":false},"product_brand":[],"product_cat":[360,361,321,319],"product_tag":[],"class_list":{"0":"post-3934","1":"product","2":"type-product","3":"status-publish","4":"has-post-thumbnail","6":"product_cat-couplers-varibox-fc-800-fr","7":"product_cat-coupleurs-varibox-fc-1000-fr","8":"product_cat-varibox-fc-1000-fr","9":"product_cat-varibox-fc-800-fr","10":"product_shipping_class-deventer-en","11":"pa_packaging-unit-1-fr","13":"first","14":"instock","15":"taxable","16":"shipping-taxable","17":"purchasable","18":"product-type-simple"},"featured_image_urls_v2":{"full":["https:\/\/varibox.best4u.dev\/wp-content\/uploads\/2022\/08\/ns4vf.png",600,400,false],"thumbnail":["https:\/\/varibox.best4u.dev\/wp-content\/uploads\/2022\/08\/ns4vf-256x256.png",256,256,true],"medium":["https:\/\/varibox.best4u.dev\/wp-content\/uploads\/2022\/08\/ns4vf-512x341.png",512,341,true],"medium_large":["https:\/\/varibox.best4u.dev\/wp-content\/uploads\/2022\/08\/ns4vf.png",600,400,false],"large":["https:\/\/varibox.best4u.dev\/wp-content\/uploads\/2022\/08\/ns4vf.png",600,400,false],"1536x1536":["https:\/\/varibox.best4u.dev\/wp-content\/uploads\/2022\/08\/ns4vf.png",600,400,false],"2048x2048":["https:\/\/varibox.best4u.dev\/wp-content\/uploads\/2022\/08\/ns4vf.png",600,400,false],"woocommerce_archive_thumbnail":["https:\/\/varibox.best4u.dev\/wp-content\/uploads\/2022\/08\/ns4vf-270x180.png",270,180,true],"gform-image-choice-sm":["https:\/\/varibox.best4u.dev\/wp-content\/uploads\/2022\/08\/ns4vf.png",300,200,false],"gform-image-choice-md":["https:\/\/varibox.best4u.dev\/wp-content\/uploads\/2022\/08\/ns4vf.png",400,267,false],"gform-image-choice-lg":["https:\/\/varibox.best4u.dev\/wp-content\/uploads\/2022\/08\/ns4vf.png",600,400,false],"woocommerce_thumbnail":["https:\/\/varibox.best4u.dev\/wp-content\/uploads\/2022\/08\/ns4vf-270x180.png",270,180,true],"woocommerce_single":["https:\/\/varibox.best4u.dev\/wp-content\/uploads\/2022\/08\/ns4vf.png",600,400,false],"woocommerce_gallery_thumbnail":["https:\/\/varibox.best4u.dev\/wp-content\/uploads\/2022\/08\/ns4vf-100x100.png",100,100,true],"variation_swatches_image_size":["https:\/\/varibox.best4u.dev\/wp-content\/uploads\/2022\/08\/ns4vf-50x50.png",50,50,true],"variation_swatches_tooltip_size":["https:\/\/varibox.best4u.dev\/wp-content\/uploads\/2022\/08\/ns4vf-100x100.png",100,100,true]},"post_excerpt_stackable_v2":"<p>Le coupleur NS4 corps \u00bc Viton \u00e9tablit une connexion \u00e9tanche avec le tube d&rsquo;extraction NS4 du VARIBOX. Lorsque le tube extracteur NS4 et le coupleur NS4 sont ouverts, le liquide peut s&rsquo;\u00e9couler librement. Les fum\u00e9es et les produits chimiques ne peuvent pas s&rsquo;\u00e9chapper hors du conteneur car le syst\u00e8me cr\u00e9e un transfert du liquide en circuit ferm\u00e9.<\/p>\n","category_list_v2":"","author_info_v2":{"name":"","url":""},"comments_num_v2":"0 comments","acf":[],"_links":{"self":[{"href":"https:\/\/varibox.best4u.dev\/fr\/wp-json\/wp\/v2\/product\/3934","targetHints":{"allow":["GET"]}}],"collection":[{"href":"https:\/\/varibox.best4u.dev\/fr\/wp-json\/wp\/v2\/product"}],"about":[{"href":"https:\/\/varibox.best4u.dev\/fr\/wp-json\/wp\/v2\/types\/product"}],"replies":[{"embeddable":true,"href":"https:\/\/varibox.best4u.dev\/fr\/wp-json\/wp\/v2\/comments?post=3934"}],"wp:featuredmedia":[{"embeddable":true,"href":"https:\/\/varibox.best4u.dev\/fr\/wp-json\/wp\/v2\/media\/3348"}],"wp:attachment":[{"href":"https:\/\/varibox.best4u.dev\/fr\/wp-json\/wp\/v2\/media?parent=3934"}],"wp:term":[{"taxonomy":"product_brand","embeddable":true,"href":"https:\/\/varibox.best4u.dev\/fr\/wp-json\/wp\/v2\/product_brand?post=3934"},{"taxonomy":"product_cat","embeddable":true,"href":"https:\/\/varibox.best4u.dev\/fr\/wp-json\/wp\/v2\/product_cat?post=3934"},{"taxonomy":"product_tag","embeddable":true,"href":"https:\/\/varibox.best4u.dev\/fr\/wp-json\/wp\/v2\/product_tag?post=3934"}],"curies":[{"name":"wp","href":"https:\/\/api.w.org\/{rel}","templated":true}]}}