{"id":3927,"date":"2022-08-10T10:52:38","date_gmt":"2022-08-10T08:52:38","guid":{"rendered":"https:\/\/varibox.best4u.dev\/product\/lot-de-4-barres-de-gerbage-varibox-fc-800\/"},"modified":"2024-04-05T15:48:56","modified_gmt":"2024-04-05T13:48:56","slug":"lot-de-4-barres-de-gerbage-varibox-fc-800","status":"publish","type":"product","link":"https:\/\/varibox.best4u.dev\/fr\/produit\/lot-de-4-barres-de-gerbage-varibox-fc-800\/","title":{"rendered":"Lot de 4 barres de gerbage VARIBOX FC 800"},"content":{"rendered":"<p>Les barres de gerbage VARIBOX FC 800 assurent un gerbage s\u00fbr des IBC. La barre de gerbage VARIBOX FC 800 est fabriqu\u00e9e en acier galvanis\u00e9. Chaque VARIBOX FC 800 poss\u00e8de 4 barres de gerbage, plac\u00e9es dans chaque coin et recouvertes d&rsquo;une capsule PE noire. Ces barres sont un \u00e9l\u00e9ment de s\u00e9curit\u00e9 suppl\u00e9mentaire pour garantir un gerbage s\u00fbr sur site des distributeurs et utilisateurs de grands r\u00e9cipients pour vrac (GRV) VARIBOX.<\/p>\n","protected":false},"excerpt":{"rendered":"<p>Les barres de gerbage VARIBOX FC 800 assurent un gerbage s\u00e9curis\u00e9 de chaque IBC.<\/p>\n","protected":false},"featured_media":3325,"comment_status":"closed","ping_status":"closed","template":"","meta":{"_acf_changed":false},"product_brand":[],"product_cat":[353,319],"product_tag":[],"class_list":{"0":"post-3927","1":"product","2":"type-product","3":"status-publish","4":"has-post-thumbnail","6":"product_cat-barres-metalliques-fc-800-2","7":"product_cat-varibox-fc-800-fr","8":"product_shipping_class-deventer-en","9":"pa_packaging-unit-4-fr","11":"first","12":"instock","13":"taxable","14":"shipping-taxable","15":"purchasable","16":"product-type-simple"},"featured_image_urls_v2":{"full":["https:\/\/varibox.best4u.dev\/wp-content\/uploads\/2022\/08\/stacka-1.png",600,400,false],"thumbnail":["https:\/\/varibox.best4u.dev\/wp-content\/uploads\/2022\/08\/stacka-1-256x256.png",256,256,true],"medium":["https:\/\/varibox.best4u.dev\/wp-content\/uploads\/2022\/08\/stacka-1-512x341.png",512,341,true],"medium_large":["https:\/\/varibox.best4u.dev\/wp-content\/uploads\/2022\/08\/stacka-1.png",600,400,false],"large":["https:\/\/varibox.best4u.dev\/wp-content\/uploads\/2022\/08\/stacka-1.png",600,400,false],"1536x1536":["https:\/\/varibox.best4u.dev\/wp-content\/uploads\/2022\/08\/stacka-1.png",600,400,false],"2048x2048":["https:\/\/varibox.best4u.dev\/wp-content\/uploads\/2022\/08\/stacka-1.png",600,400,false],"woocommerce_archive_thumbnail":["https:\/\/varibox.best4u.dev\/wp-content\/uploads\/2022\/08\/stacka-1-270x180.png",270,180,true],"gform-image-choice-sm":["https:\/\/varibox.best4u.dev\/wp-content\/uploads\/2022\/08\/stacka-1.png",300,200,false],"gform-image-choice-md":["https:\/\/varibox.best4u.dev\/wp-content\/uploads\/2022\/08\/stacka-1.png",400,267,false],"gform-image-choice-lg":["https:\/\/varibox.best4u.dev\/wp-content\/uploads\/2022\/08\/stacka-1.png",600,400,false],"woocommerce_thumbnail":["https:\/\/varibox.best4u.dev\/wp-content\/uploads\/2022\/08\/stacka-1-270x180.png",270,180,true],"woocommerce_single":["https:\/\/varibox.best4u.dev\/wp-content\/uploads\/2022\/08\/stacka-1.png",600,400,false],"woocommerce_gallery_thumbnail":["https:\/\/varibox.best4u.dev\/wp-content\/uploads\/2022\/08\/stacka-1-100x100.png",100,100,true],"variation_swatches_image_size":["https:\/\/varibox.best4u.dev\/wp-content\/uploads\/2022\/08\/stacka-1-50x50.png",50,50,true],"variation_swatches_tooltip_size":["https:\/\/varibox.best4u.dev\/wp-content\/uploads\/2022\/08\/stacka-1-100x100.png",100,100,true]},"post_excerpt_stackable_v2":"<p>Les barres de gerbage VARIBOX FC 800 assurent un gerbage s\u00e9curis\u00e9 de chaque IBC.<\/p>\n","category_list_v2":"","author_info_v2":{"name":"","url":""},"comments_num_v2":"0 comments","acf":[],"_links":{"self":[{"href":"https:\/\/varibox.best4u.dev\/fr\/wp-json\/wp\/v2\/product\/3927","targetHints":{"allow":["GET"]}}],"collection":[{"href":"https:\/\/varibox.best4u.dev\/fr\/wp-json\/wp\/v2\/product"}],"about":[{"href":"https:\/\/varibox.best4u.dev\/fr\/wp-json\/wp\/v2\/types\/product"}],"replies":[{"embeddable":true,"href":"https:\/\/varibox.best4u.dev\/fr\/wp-json\/wp\/v2\/comments?post=3927"}],"wp:featuredmedia":[{"embeddable":true,"href":"https:\/\/varibox.best4u.dev\/fr\/wp-json\/wp\/v2\/media\/3325"}],"wp:attachment":[{"href":"https:\/\/varibox.best4u.dev\/fr\/wp-json\/wp\/v2\/media?parent=3927"}],"wp:term":[{"taxonomy":"product_brand","embeddable":true,"href":"https:\/\/varibox.best4u.dev\/fr\/wp-json\/wp\/v2\/product_brand?post=3927"},{"taxonomy":"product_cat","embeddable":true,"href":"https:\/\/varibox.best4u.dev\/fr\/wp-json\/wp\/v2\/product_cat?post=3927"},{"taxonomy":"product_tag","embeddable":true,"href":"https:\/\/varibox.best4u.dev\/fr\/wp-json\/wp\/v2\/product_tag?post=3927"}],"curies":[{"name":"wp","href":"https:\/\/api.w.org\/{rel}","templated":true}]}}