{"id":3926,"date":"2022-08-10T10:52:38","date_gmt":"2022-08-10T08:52:38","guid":{"rendered":"https:\/\/varibox.best4u.dev\/product\/lot-de-4-barres-de-gerbage-varibox-fc-1000\/"},"modified":"2024-04-05T15:47:53","modified_gmt":"2024-04-05T13:47:53","slug":"lot-de-4-barres-de-gerbage-varibox-fc-1000","status":"publish","type":"product","link":"https:\/\/varibox.best4u.dev\/fr\/produit\/lot-de-4-barres-de-gerbage-varibox-fc-1000\/","title":{"rendered":"Lot de 4 barres de gerbage VARIBOX FC 1000"},"content":{"rendered":"<p>Les barres de gerbage VARIBOX FC 1000 assurent un gerbage s\u00fbr des IBC. La barre de gerbage VARIBOX FC 1000 est fabriqu\u00e9e en acier galvanis\u00e9. Chaque VARIBOX FC 1000 poss\u00e8de 4 barres de gerbage, plac\u00e9es dans chaque coin et recouvertes d&rsquo;une capsule PE noire. Ces barres sont un \u00e9l\u00e9ment de s\u00e9curit\u00e9 suppl\u00e9mentaire pour garantir un gerbage s\u00fbr sur site des distributeurs et utilisateurs de grands r\u00e9cipients pour vrac (GRV) VARIBOX.<\/p>\n","protected":false},"excerpt":{"rendered":"<p>Les barres de gerbage VARIBOX FC 1000 assurent un gerbage s\u00e9curis\u00e9 de chaque IBC.<\/p>\n","protected":false},"featured_media":3321,"comment_status":"closed","ping_status":"closed","template":"","meta":{"_acf_changed":false},"product_brand":[],"product_cat":[354,321],"product_tag":[335],"class_list":{"0":"post-3926","1":"product","2":"type-product","3":"status-publish","4":"has-post-thumbnail","6":"product_cat-barres-metalliques","7":"product_cat-varibox-fc-1000-fr","8":"product_tag-ecolab-fr","9":"product_shipping_class-deventer-en","10":"pa_packaging-unit-4-fr","12":"first","13":"instock","14":"taxable","15":"shipping-taxable","16":"purchasable","17":"product-type-simple"},"featured_image_urls_v2":{"full":["https:\/\/varibox.best4u.dev\/wp-content\/uploads\/2022\/08\/stacka.png",600,400,false],"thumbnail":["https:\/\/varibox.best4u.dev\/wp-content\/uploads\/2022\/08\/stacka.png",256,171,false],"medium":["https:\/\/varibox.best4u.dev\/wp-content\/uploads\/2022\/08\/stacka.png",512,341,false],"medium_large":["https:\/\/varibox.best4u.dev\/wp-content\/uploads\/2022\/08\/stacka.png",600,400,false],"large":["https:\/\/varibox.best4u.dev\/wp-content\/uploads\/2022\/08\/stacka.png",600,400,false],"1536x1536":["https:\/\/varibox.best4u.dev\/wp-content\/uploads\/2022\/08\/stacka.png",600,400,false],"2048x2048":["https:\/\/varibox.best4u.dev\/wp-content\/uploads\/2022\/08\/stacka.png",600,400,false],"woocommerce_archive_thumbnail":["https:\/\/varibox.best4u.dev\/wp-content\/uploads\/2022\/08\/stacka-270x180.png",270,180,true],"gform-image-choice-sm":["https:\/\/varibox.best4u.dev\/wp-content\/uploads\/2022\/08\/stacka.png",300,200,false],"gform-image-choice-md":["https:\/\/varibox.best4u.dev\/wp-content\/uploads\/2022\/08\/stacka.png",400,267,false],"gform-image-choice-lg":["https:\/\/varibox.best4u.dev\/wp-content\/uploads\/2022\/08\/stacka.png",600,400,false],"woocommerce_thumbnail":["https:\/\/varibox.best4u.dev\/wp-content\/uploads\/2022\/08\/stacka.png",270,180,false],"woocommerce_single":["https:\/\/varibox.best4u.dev\/wp-content\/uploads\/2022\/08\/stacka.png",600,400,false],"woocommerce_gallery_thumbnail":["https:\/\/varibox.best4u.dev\/wp-content\/uploads\/2022\/08\/stacka-100x100.png",100,100,true],"variation_swatches_image_size":["https:\/\/varibox.best4u.dev\/wp-content\/uploads\/2022\/08\/stacka.png",50,33,false],"variation_swatches_tooltip_size":["https:\/\/varibox.best4u.dev\/wp-content\/uploads\/2022\/08\/stacka.png",100,67,false]},"post_excerpt_stackable_v2":"<p>Les barres de gerbage VARIBOX FC 1000 assurent un gerbage s\u00e9curis\u00e9 de chaque IBC.<\/p>\n","category_list_v2":"","author_info_v2":{"name":"","url":""},"comments_num_v2":"0 comments","acf":[],"_links":{"self":[{"href":"https:\/\/varibox.best4u.dev\/fr\/wp-json\/wp\/v2\/product\/3926","targetHints":{"allow":["GET"]}}],"collection":[{"href":"https:\/\/varibox.best4u.dev\/fr\/wp-json\/wp\/v2\/product"}],"about":[{"href":"https:\/\/varibox.best4u.dev\/fr\/wp-json\/wp\/v2\/types\/product"}],"replies":[{"embeddable":true,"href":"https:\/\/varibox.best4u.dev\/fr\/wp-json\/wp\/v2\/comments?post=3926"}],"wp:featuredmedia":[{"embeddable":true,"href":"https:\/\/varibox.best4u.dev\/fr\/wp-json\/wp\/v2\/media\/3321"}],"wp:attachment":[{"href":"https:\/\/varibox.best4u.dev\/fr\/wp-json\/wp\/v2\/media?parent=3926"}],"wp:term":[{"taxonomy":"product_brand","embeddable":true,"href":"https:\/\/varibox.best4u.dev\/fr\/wp-json\/wp\/v2\/product_brand?post=3926"},{"taxonomy":"product_cat","embeddable":true,"href":"https:\/\/varibox.best4u.dev\/fr\/wp-json\/wp\/v2\/product_cat?post=3926"},{"taxonomy":"product_tag","embeddable":true,"href":"https:\/\/varibox.best4u.dev\/fr\/wp-json\/wp\/v2\/product_tag?post=3926"}],"curies":[{"name":"wp","href":"https:\/\/api.w.org\/{rel}","templated":true}]}}