{"id":68426,"date":"2025-06-25T09:08:42","date_gmt":"2025-06-25T07:08:42","guid":{"rendered":"https:\/\/varibox.best4u.dev\/?page_id=68426"},"modified":"2025-07-09T10:40:35","modified_gmt":"2025-07-09T08:40:35","slug":"conditions-de-garantie","status":"publish","type":"page","link":"https:\/\/varibox.best4u.dev\/fr\/conditions-de-garantie\/","title":{"rendered":"Conditions de garantie"},"content":{"rendered":"\n<h1 class=\"wp-block-heading\">Conditions de garantie<\/h1>\n\n\n\n<div class=\"wp-block-pb-accordion-item c-accordion__item js-accordion-item no-js\" data-initially-open=\"false\" data-click-to-close=\"true\" data-auto-close=\"true\" data-scroll=\"false\" data-scroll-offset=\"0\"><h2 id=\"at-684260\" class=\"c-accordion__title js-accordion-controller\" role=\"button\"><strong>Quelles sont les conditions de garantie applicables aux achats effectu\u00e9s dans la boutique en ligne VARIBOX ?<\/strong><\/h2><div id=\"ac-684260\" class=\"c-accordion__content\">\n<p>Tous les achats effectu\u00e9s dans la boutique en ligne VARIBOX sont soumis aux conditions g\u00e9n\u00e9rales de Rotovia Deventer bv et de Rotovia Montoir S.A.S.<\/p>\n<\/div><\/div>\n\n\n\n<div class=\"wp-block-pb-accordion-item c-accordion__item js-accordion-item no-js\" data-initially-open=\"false\" data-click-to-close=\"true\" data-auto-close=\"true\" data-scroll=\"false\" data-scroll-offset=\"0\"><h2 id=\"at-684261\" class=\"c-accordion__title js-accordion-controller\" role=\"button\"><strong>Quelle est la dur\u00e9e de vie des produits ?<\/strong><\/h2><div id=\"ac-684261\" class=\"c-accordion__content\">\n<p>Les produits de la boutique en ligne sont des consommables soumis \u00e0 l&rsquo;usure. Il est donc possible que leur dur\u00e9e de vie soit inf\u00e9rieure \u00e0 5 ans.<\/p>\n<\/div><\/div>\n\n\n\n<div class=\"wp-block-pb-accordion-item c-accordion__item js-accordion-item no-js\" data-initially-open=\"false\" data-click-to-close=\"true\" data-auto-close=\"true\" data-scroll=\"false\" data-scroll-offset=\"0\"><h2 id=\"at-684262\" class=\"c-accordion__title js-accordion-controller\" role=\"button\"><strong>Y a-t-il d&rsquo;autres facteurs \u00e0 prendre en compte en ce qui concerne la dur\u00e9e de vie du produit ?<\/strong><\/h2><div id=\"ac-684262\" class=\"c-accordion__content\">\n<p>Certaines pi\u00e8ces d\u00e9tach\u00e9es sont en contact avec des produits chimiques lors de leur utilisation. Cela peut avoir un effet corrosif, un gonflement ou tout autre effet n\u00e9gatif qui affecte les pi\u00e8ces d\u00e9tach\u00e9es, rendant leur dur\u00e9e de vie inf\u00e9rieure \u00e0 5 ans.<\/p>\n<\/div><\/div>\n\n\n<div class=\"gb-container gb-container-f136fbdf\"><div class=\"gb-inside-container\">\n\n<div class=\"wp-block-pb-accordion-item c-accordion__item js-accordion-item no-js\" data-initially-open=\"false\" data-click-to-close=\"true\" data-auto-close=\"true\" data-scroll=\"false\" data-scroll-offset=\"0\"><h2 id=\"at-684263\" class=\"c-accordion__title js-accordion-controller\" role=\"button\"><strong>O\u00f9 puis-je poser des questions sur les produits ?<\/strong><\/h2><div id=\"ac-684263\" class=\"c-accordion__content\">\n<p>Vous trouverez de plus amples informations sur l&rsquo;utilisation des pi\u00e8ces d\u00e9tach\u00e9es sur le site Web VARIBOX, \u00e0 la rubrique \u00ab\u00a0Support\u00a0\u00bb. En outre, vous pouvez toujours nous contacter pour nous poser des questions en remplissant le formulaire sur la page de contact.<\/p>\n<\/div><\/div>\n\n\n\n<div class=\"wp-block-pb-accordion-item c-accordion__item js-accordion-item no-js\" data-initially-open=\"false\" data-click-to-close=\"true\" data-auto-close=\"true\" data-scroll=\"false\" data-scroll-offset=\"0\"><h2 id=\"at-684264\" class=\"c-accordion__title js-accordion-controller\" role=\"button\"><strong>J&rsquo;ai mal assembl\u00e9 ou utilis\u00e9 des pi\u00e8ces d\u00e9tach\u00e9es, que dois-je faire maintenant ?<\/strong><\/h2><div id=\"ac-684264\" class=\"c-accordion__content\">\n<p>Rotovia Deventer bv et Rotovia France SAS avec sa marque VARIBOX ne sont pas responsables d&rsquo;une mauvaise utilisation ou d&rsquo;un mauvais montage des pi\u00e8ces d\u00e9tach\u00e9es. Les dommages ou probl\u00e8mes occasionn\u00e9s sont enti\u00e8rement de la responsabilit\u00e9 de la partie acheteuse. Pour obtenir des conseils ou en cas de doute, veuillez contacter toujours le service client\u00e8le.<\/p>\n<\/div><\/div>\n\n<\/div><\/div>","protected":false},"excerpt":{"rendered":"<p>Conditions de garantie<\/p>\n","protected":false},"author":1,"featured_media":0,"parent":0,"menu_order":0,"comment_status":"closed","ping_status":"closed","template":"","meta":{"_acf_changed":false,"footnotes":""},"class_list":["post-68426","page","type-page","status-publish","hentry"],"blocksy_meta":[],"featured_image_urls_v2":{"full":"","thumbnail":"","medium":"","medium_large":"","large":"","1536x1536":"","2048x2048":"","woocommerce_archive_thumbnail":"","gform-image-choice-sm":"","gform-image-choice-md":"","gform-image-choice-lg":"","woocommerce_thumbnail":"","woocommerce_single":"","woocommerce_gallery_thumbnail":"","variation_swatches_image_size":"","variation_swatches_tooltip_size":""},"post_excerpt_stackable_v2":"<p>Conditions de garantie Quelles sont les conditions de garantie applicables aux achats effectu\u00e9s dans la boutique en ligne VARIBOX ? Tous les achats effectu\u00e9s dans la boutique en ligne VARIBOX sont soumis aux conditions g\u00e9n\u00e9rales de Rotovia Deventer bv et de Rotovia Montoir S.A.S. Quelle est la dur\u00e9e de vie des produits ? Les produits de la boutique en ligne sont des consommables soumis \u00e0 l&rsquo;usure. Il est donc possible que leur dur\u00e9e de vie soit inf\u00e9rieure \u00e0 5 ans. Y a-t-il d&rsquo;autres facteurs \u00e0 prendre en compte en ce qui concerne la dur\u00e9e de vie du produit ? Certaines\u2026<\/p>\n","category_list_v2":"","author_info_v2":{"name":"Best4u","url":"https:\/\/varibox.best4u.dev\/fr\/author\/best4u\/"},"comments_num_v2":"0 comments","acf":[],"_links":{"self":[{"href":"https:\/\/varibox.best4u.dev\/fr\/wp-json\/wp\/v2\/pages\/68426","targetHints":{"allow":["GET"]}}],"collection":[{"href":"https:\/\/varibox.best4u.dev\/fr\/wp-json\/wp\/v2\/pages"}],"about":[{"href":"https:\/\/varibox.best4u.dev\/fr\/wp-json\/wp\/v2\/types\/page"}],"author":[{"embeddable":true,"href":"https:\/\/varibox.best4u.dev\/fr\/wp-json\/wp\/v2\/users\/1"}],"replies":[{"embeddable":true,"href":"https:\/\/varibox.best4u.dev\/fr\/wp-json\/wp\/v2\/comments?post=68426"}],"version-history":[{"count":1,"href":"https:\/\/varibox.best4u.dev\/fr\/wp-json\/wp\/v2\/pages\/68426\/revisions"}],"predecessor-version":[{"id":68427,"href":"https:\/\/varibox.best4u.dev\/fr\/wp-json\/wp\/v2\/pages\/68426\/revisions\/68427"}],"wp:attachment":[{"href":"https:\/\/varibox.best4u.dev\/fr\/wp-json\/wp\/v2\/media?parent=68426"}],"curies":[{"name":"wp","href":"https:\/\/api.w.org\/{rel}","templated":true}]}}