{"id":68385,"date":"2025-06-25T09:10:42","date_gmt":"2025-06-25T07:10:42","guid":{"rendered":"https:\/\/varibox.best4u.dev\/?page_id=68385"},"modified":"2025-10-01T15:08:41","modified_gmt":"2025-10-01T13:08:41","slug":"conditions-de-commande","status":"publish","type":"page","link":"https:\/\/varibox.best4u.dev\/fr\/conditions-de-commande\/","title":{"rendered":"Conditions de commande"},"content":{"rendered":"<div class=\"gb-container gb-container-f136fbdf\"><div class=\"gb-inside-container\">\n\n<h1 class=\"wp-block-heading\">Conditions de commande<\/h1>\n\n\n\n<div class=\"wp-block-pb-accordion-item c-accordion__item js-accordion-item no-js\" data-initially-open=\"false\" data-click-to-close=\"true\" data-auto-close=\"true\" data-scroll=\"false\" data-scroll-offset=\"0\"><h2 id=\"at-683850\" class=\"c-accordion__title js-accordion-controller\" role=\"button\"><strong>Quand puis-je passer une commande dans la boutique en ligne VARIBOX ?<\/strong><br><\/h2><div id=\"ac-683850\" class=\"c-accordion__content\">\n<p>Vous pouvez passer une commande dans la boutique en ligne VARIBOX si vous \u00eates client de VARIBOX.<\/p>\n<\/div><\/div>\n\n\n\n<div class=\"wp-block-pb-accordion-item c-accordion__item js-accordion-item no-js\" data-initially-open=\"false\" data-click-to-close=\"true\" data-auto-close=\"true\" data-scroll=\"false\" data-scroll-offset=\"0\"><h2 id=\"at-683851\" class=\"c-accordion__title js-accordion-controller\" role=\"button\"><strong>Puis-je passer une commande en tant que client au Royaume-Uni ?<\/strong><br><\/h2><div id=\"ac-683851\" class=\"c-accordion__content\">\n<p>Malheureusement, vous ne pouvez pas commander de pi\u00e8ces d\u00e9tach\u00e9es dans notre boutique en ligne car vous vous trouvez en dehors de l&rsquo;Union europ\u00e9enne. Veuillez contacter votre commercial VARIBOX.<\/p>\n<\/div><\/div>\n\n\n\n<div class=\"wp-block-pb-accordion-item c-accordion__item js-accordion-item no-js\" data-initially-open=\"false\" data-click-to-close=\"true\" data-auto-close=\"true\" data-scroll=\"false\" data-scroll-offset=\"0\"><h2 id=\"at-683852\" class=\"c-accordion__title js-accordion-controller\" role=\"button\"><strong>Puis-je passer une commande en tant que client en Suisse ?<\/strong><br><\/h2><div id=\"ac-683852\" class=\"c-accordion__content\">\n<p>Malheureusement, vous ne pouvez pas commander de pi\u00e8ces d\u00e9tach\u00e9es dans notre boutique en ligne car vous vous trouvez en dehors de l&rsquo;Union europ\u00e9enne. Veuillez contacter votre commercial VARIBOX.<\/p>\n<\/div><\/div>\n\n\n\n<div class=\"wp-block-pb-accordion-item c-accordion__item js-accordion-item no-js\" data-initially-open=\"false\" data-click-to-close=\"true\" data-auto-close=\"true\" data-scroll=\"false\" data-scroll-offset=\"0\"><h2 id=\"at-683854\" class=\"c-accordion__title js-accordion-controller\" role=\"button\"><strong>Puis-je \u00e9galement commander des pi\u00e8ces de rechange dans le cadre du processus habituel sans passer par la boutique en ligne ?<\/strong><br><\/h2><div id=\"ac-683854\" class=\"c-accordion__content\">\n<p>Vous pouvez \u00e9galement commander des pi\u00e8ces de rechange lors de l&rsquo;achat de nouveaux IBC VARIBOX.<\/p>\n<\/div><\/div>\n\n\n\n<div class=\"wp-block-pb-accordion-item c-accordion__item js-accordion-item no-js\" data-initially-open=\"false\" data-click-to-close=\"true\" data-auto-close=\"true\" data-scroll=\"false\" data-scroll-offset=\"0\"><h2 id=\"at-683855\" class=\"c-accordion__title js-accordion-controller\" role=\"button\"><strong>Puis-je commander des pi\u00e8ces de rechange par t\u00e9l\u00e9phone ou par e-mail ?<\/strong><br><\/h2><div id=\"ac-683855\" class=\"c-accordion__content\">\n<p>Non, il n&rsquo;est pas possible de commander des pi\u00e8ces de rechange par e-mail ou par t\u00e9l\u00e9phone. Veuillez utiliser la boutique en ligne. Pour toute question, veuillez utiliser le formulaire de la page de contact.<\/p>\n<\/div><\/div>\n\n\n\n<div class=\"wp-block-pb-accordion-item c-accordion__item js-accordion-item no-js\" data-initially-open=\"false\" data-click-to-close=\"true\" data-auto-close=\"true\" data-scroll=\"false\" data-scroll-offset=\"0\"><h2 id=\"at-683856\" class=\"c-accordion__title js-accordion-controller\" role=\"button\"><strong>Jusqu&rsquo;\u00e0 quand puis-je annuler ma commande ?&nbsp;&nbsp;&nbsp;&nbsp;&nbsp;&nbsp;&nbsp;&nbsp;&nbsp;<\/strong><br><\/h2><div id=\"ac-683856\" class=\"c-accordion__content\">\n<p>Vous pouvez annuler votre commande jusqu&rsquo;\u00e0 ce que vous ayez re\u00e7u notre confirmation de commande.<\/p>\n<\/div><\/div>\n\n\n\n<div class=\"wp-block-pb-accordion-item c-accordion__item js-accordion-item no-js\" data-initially-open=\"false\" data-click-to-close=\"true\" data-auto-close=\"true\" data-scroll=\"false\" data-scroll-offset=\"0\"><h2 id=\"at-683857\" class=\"c-accordion__title js-accordion-controller\" role=\"button\"><strong>Comment puis-je modifier ma commande ?<\/strong><br><\/h2><div id=\"ac-683857\" class=\"c-accordion__content\">\n<p>Vous pouvez modifier votre commande tant que vous n&rsquo;avez pas accept\u00e9 nos conditions g\u00e9n\u00e9rales et que vous n&rsquo;avez pas proc\u00e9d\u00e9 \u00e0 l&rsquo;achat. Apr\u00e8s cela, il n&rsquo;est plus possible de le faire dans la boutique en ligne. Vous pouvez modifier votre commande jusqu&rsquo;\u00e0 ce que vous ayez re\u00e7u notre confirmation. Veuillez nous contacter d\u00e8s que possible via le formulaire de la page de contact.<\/p>\n<\/div><\/div>\n\n\n\n<div class=\"wp-block-pb-accordion-item c-accordion__item js-accordion-item no-js\" data-initially-open=\"false\" data-click-to-close=\"true\" data-auto-close=\"true\" data-scroll=\"false\" data-scroll-offset=\"0\"><h2 id=\"at-683858\" class=\"c-accordion__title js-accordion-controller\" role=\"button\">J&rsquo;ai pass\u00e9 une mauvaise commande. Que dois-je faire ?&nbsp;<br><\/h2><div id=\"ac-683858\" class=\"c-accordion__content\">\n<p>Vous pouvez annuler votre commande erron\u00e9e jusqu&rsquo;\u00e0 ce que vous receviez notre confirmation de commande. Apr\u00e8s cela, ce n&rsquo;est plus possible et vous pouvez utiliser le formulaire de retour pour renvoyer les pi\u00e8ces d\u00e9tach\u00e9es.<\/p>\n<\/div><\/div>\n\n<\/div><\/div>","protected":false},"excerpt":{"rendered":"<p>Conditions de commande<\/p>\n","protected":false},"author":1,"featured_media":0,"parent":0,"menu_order":0,"comment_status":"closed","ping_status":"closed","template":"","meta":{"_acf_changed":false,"footnotes":""},"class_list":["post-68385","page","type-page","status-publish","hentry"],"blocksy_meta":[],"featured_image_urls_v2":{"full":"","thumbnail":"","medium":"","medium_large":"","large":"","1536x1536":"","2048x2048":"","woocommerce_archive_thumbnail":"","gform-image-choice-sm":"","gform-image-choice-md":"","gform-image-choice-lg":"","woocommerce_thumbnail":"","woocommerce_single":"","woocommerce_gallery_thumbnail":"","variation_swatches_image_size":"","variation_swatches_tooltip_size":""},"post_excerpt_stackable_v2":"<p>Conditions de commande Quand puis-je passer une commande dans la boutique en ligne VARIBOX ? Vous pouvez passer une commande dans la boutique en ligne VARIBOX si vous \u00eates client de VARIBOX. Puis-je passer une commande en tant que client au Royaume-Uni ? Malheureusement, vous ne pouvez pas commander de pi\u00e8ces d\u00e9tach\u00e9es dans notre boutique en ligne car vous vous trouvez en dehors de l&rsquo;Union europ\u00e9enne. Veuillez contacter votre commercial VARIBOX. Puis-je passer une commande en tant que client en Suisse ? Malheureusement, vous ne pouvez pas commander de pi\u00e8ces d\u00e9tach\u00e9es dans notre boutique en ligne car vous vous trouvez\u2026<\/p>\n","category_list_v2":"","author_info_v2":{"name":"Best4u","url":"https:\/\/varibox.best4u.dev\/fr\/author\/best4u\/"},"comments_num_v2":"0 comments","acf":[],"_links":{"self":[{"href":"https:\/\/varibox.best4u.dev\/fr\/wp-json\/wp\/v2\/pages\/68385","targetHints":{"allow":["GET"]}}],"collection":[{"href":"https:\/\/varibox.best4u.dev\/fr\/wp-json\/wp\/v2\/pages"}],"about":[{"href":"https:\/\/varibox.best4u.dev\/fr\/wp-json\/wp\/v2\/types\/page"}],"author":[{"embeddable":true,"href":"https:\/\/varibox.best4u.dev\/fr\/wp-json\/wp\/v2\/users\/1"}],"replies":[{"embeddable":true,"href":"https:\/\/varibox.best4u.dev\/fr\/wp-json\/wp\/v2\/comments?post=68385"}],"version-history":[{"count":2,"href":"https:\/\/varibox.best4u.dev\/fr\/wp-json\/wp\/v2\/pages\/68385\/revisions"}],"predecessor-version":[{"id":70693,"href":"https:\/\/varibox.best4u.dev\/fr\/wp-json\/wp\/v2\/pages\/68385\/revisions\/70693"}],"wp:attachment":[{"href":"https:\/\/varibox.best4u.dev\/fr\/wp-json\/wp\/v2\/media?parent=68385"}],"curies":[{"name":"wp","href":"https:\/\/api.w.org\/{rel}","templated":true}]}}