{"id":63139,"date":"2025-02-04T14:08:20","date_gmt":"2025-02-04T13:08:20","guid":{"rendered":"https:\/\/varibox.best4u.dev\/?page_id=63139"},"modified":"2025-02-04T14:45:26","modified_gmt":"2025-02-04T13:45:26","slug":"service-de-maintenance-varibox-sc","status":"publish","type":"page","link":"https:\/\/varibox.best4u.dev\/fr\/service-de-maintenance-varibox-sc\/","title":{"rendered":"Service de Maintenance VARIBOX SC"},"content":{"rendered":"\n<h1 class=\"wp-block-heading\"><strong>Service de Maintenance VARIBOX SC<\/strong><\/h1>\n\n\n\n<p>Chez VARIBOX, nous croyons en un avenir o\u00f9 les produits chimiques et les d\u00e9tergents sont emball\u00e9s en toute s\u00e9curit\u00e9 sans g\u00e9n\u00e9rer de d\u00e9chets. Notre Service de Maintenance VARIBOX SC \u00e0 Montoir refl\u00e8te cet engagement en proposant une solution qui prolonge la dur\u00e9e de vie de vos conteneurs tout en mettant l&rsquo;accent sur la s\u00e9curit\u00e9, la r\u00e9utilisabilit\u00e9 et la durabilit\u00e9. Disponible dans notre usine VARIBOX \u00e0 Montoir-de-Bretagne, en France, ce service garantit que vos IBCs VARIBOX Single Containment restent conformes, fiables et pr\u00eats \u00e0 l\u2019emploi.<\/p>\n\n\n\n<p><strong>Pourquoi choisir le Service de Maintenance VARIBOX SC<\/strong><\/p>\n\n\n\n<p>En optant pour le Service de Maintenance VARIBOX SC, vous b\u00e9n\u00e9ficiez d\u2019une solution con\u00e7ue pour les industries les plus exigeantes. Notre engagement en s\u00e9curit\u00e9 et durabilit\u00e9 vous assure des conteneurs en parfait \u00e9tat durablement, dans le respect de la r\u00e9glementation ADR. Avec une dur\u00e9e de vie allant jusqu&rsquo;\u00e0 10 ans, les IBCs VARIBOX SC sont con\u00e7us pour un usage intensif, garantissant des performances robustes et une fiabilit\u00e9 optimale.<\/p>\n\n\n\n<p><strong>Avantages \u00e0 choisir la maintenance VARIBOX :<\/strong><\/p>\n\n\n\n<ul class=\"wp-block-list\">\n<li><strong>Facilit\u00e9 d&rsquo;utilisation :<\/strong> Un processus simple et transparent vous permettant de vous concentrer sur votre c\u0153ur de m\u00e9tier.<\/li>\n\n\n\n<li><strong>Maintenance de haute qualit\u00e9 :<\/strong> Des pi\u00e8ces d&rsquo;origine assurent des performances optimales \u00e0 vos conteneurs.<\/li>\n\n\n\n<li><strong>Conformit\u00e9 r\u00e9glementaire :<\/strong> Une maintenance certifi\u00e9e ADR pour une tranquillit\u00e9 d&rsquo;esprit totale.<\/li>\n\n\n\n<li><strong>Renforcement de la r\u00e9putation de votre marque :<\/strong> Montrez votre engagement en faveur de la durabilit\u00e9 et de la s\u00e9curit\u00e9.<\/li>\n<\/ul>\n\n\n\n<p><strong>Comment fonctionne le Service de Maintenance<\/strong><\/p>\n\n\n\n<p>Notre processus de maintenance est fluide et incarne les valeurs de s\u00e9curit\u00e9, de fiabilit\u00e9 et de durabilit\u00e9 de VARIBOX. Les clients envoient leurs conteneurs VARIBOX SC \u00e0 notre usine de Montoir-de-Bretagne, o\u00f9 nous nous chargeons du reste. Ce service inclut le remplacement du conteneur int\u00e9rieur, la r\u00e9paration des composants, des inspections, des certifications et la gestion des d\u00e9chets. Les anciens mat\u00e9riaux sont recycl\u00e9s en plastiques r\u00e9utilis\u00e9s pour de nouveaux conteneurs, r\u00e9duisant les d\u00e9chets et promouvant la durabilit\u00e9. Une fois la maintenance termin\u00e9e, vos conteneurs peuvent \u00eatre r\u00e9cup\u00e9r\u00e9s avec un certificat prolongeant leur utilisation de cinq ans suppl\u00e9mentaires, garantissant conformit\u00e9 et efficacit\u00e9.<\/p>\n\n\n\n<p><strong>Avantages pour votre entreprise<\/strong><\/p>\n\n\n\n<p>Le Service de Maintenance VARIBOX SC va bien au-del\u00e0 de l\u2019entretien de vos conteneurs : c\u2019est une solution globale qui soutient vos objectifs op\u00e9rationnels et environnementaux.<\/p>\n\n\n\n<ul class=\"wp-block-list\">\n<li><strong>Dur\u00e9e de vie prolong\u00e9e des conteneurs :<\/strong> La maintenance garantit des performances durables, r\u00e9duisant les co\u00fbts de remplacement.<\/li>\n\n\n\n<li><strong>Responsabilit\u00e9 environnementale :<\/strong> Favorise la r\u00e9utilisation et le recyclage, en accord avec les principes de l&rsquo;\u00e9conomie circulaire.<\/li>\n\n\n\n<li><strong>\u00c9conomies de co\u00fbts :<\/strong> R\u00e9duit le besoin de nouveaux conteneurs et optimise l&rsquo;utilisation des ressources.<\/li>\n\n\n\n<li><strong>S\u00e9curit\u00e9 et conformit\u00e9 :<\/strong> Maintient la certification ADR et renforce la s\u00e9curit\u00e9 op\u00e9rationnelle.<\/li>\n\n\n\n<li><strong>Fiabilit\u00e9 op\u00e9rationnelle :<\/strong> Garantit que vos conteneurs VARIBOX SC restent pr\u00eats pour un usage intensif.<\/li>\n<\/ul>\n\n\n\n<p>Chez VARIBOX, nous croyons en des solutions d&#8217;emballage pour produits chimiques et d\u00e9tergents qui sont s\u00fbres, r\u00e9utilisables et recyclables. En choisissant notre Service de Maintenance pour vos conteneurs VARIBOX Single Containment, vous rejoignez notre vision d\u2019un avenir s\u00fbr et durable.<\/p>\n\n\n<script>\nvar gform;gform||(document.addEventListener(\"gform_main_scripts_loaded\",function(){gform.scriptsLoaded=!0}),document.addEventListener(\"gform\/theme\/scripts_loaded\",function(){gform.themeScriptsLoaded=!0}),window.addEventListener(\"DOMContentLoaded\",function(){gform.domLoaded=!0}),gform={domLoaded:!1,scriptsLoaded:!1,themeScriptsLoaded:!1,isFormEditor:()=>\"function\"==typeof InitializeEditor,callIfLoaded:function(o){return!(!gform.domLoaded||!gform.scriptsLoaded||!gform.themeScriptsLoaded&&!gform.isFormEditor()||(gform.isFormEditor()&&console.warn(\"The use of gform.initializeOnLoaded() is deprecated in the form editor context and will be removed in Gravity Forms 3.1.\"),o(),0))},initializeOnLoaded:function(o){gform.callIfLoaded(o)||(document.addEventListener(\"gform_main_scripts_loaded\",()=>{gform.scriptsLoaded=!0,gform.callIfLoaded(o)}),document.addEventListener(\"gform\/theme\/scripts_loaded\",()=>{gform.themeScriptsLoaded=!0,gform.callIfLoaded(o)}),window.addEventListener(\"DOMContentLoaded\",()=>{gform.domLoaded=!0,gform.callIfLoaded(o)}))},hooks:{action:{},filter:{}},addAction:function(o,r,e,t){gform.addHook(\"action\",o,r,e,t)},addFilter:function(o,r,e,t){gform.addHook(\"filter\",o,r,e,t)},doAction:function(o){gform.doHook(\"action\",o,arguments)},applyFilters:function(o){return gform.doHook(\"filter\",o,arguments)},removeAction:function(o,r){gform.removeHook(\"action\",o,r)},removeFilter:function(o,r,e){gform.removeHook(\"filter\",o,r,e)},addHook:function(o,r,e,t,n){null==gform.hooks[o][r]&&(gform.hooks[o][r]=[]);var d=gform.hooks[o][r];null==n&&(n=r+\"_\"+d.length),gform.hooks[o][r].push({tag:n,callable:e,priority:t=null==t?10:t})},doHook:function(r,o,e){var t;if(e=Array.prototype.slice.call(e,1),null!=gform.hooks[r][o]&&((o=gform.hooks[r][o]).sort(function(o,r){return o.priority-r.priority}),o.forEach(function(o){\"function\"!=typeof(t=o.callable)&&(t=window[t]),\"action\"==r?t.apply(null,e):e[0]=t.apply(null,e)})),\"filter\"==r)return e[0]},removeHook:function(o,r,t,n){var e;null!=gform.hooks[o][r]&&(e=(e=gform.hooks[o][r]).filter(function(o,r,e){return!!(null!=n&&n!=o.tag||null!=t&&t!=o.priority)}),gform.hooks[o][r]=e)}});\n<\/script>\n\n                <div class='gf_browser_gecko gform_wrapper gravity-theme gform-theme--no-framework' data-form-theme='gravity-theme' data-form-index='0' id='gform_wrapper_9' ><form method='post' enctype='multipart\/form-data'  id='gform_9'  action='\/fr\/wp-json\/wp\/v2\/pages\/63139' data-formid='9' novalidate>\n                        <div class='gform-body gform_body'><div id='gform_fields_9' class='gform_fields top_label form_sublabel_below description_below validation_below'><div id=\"field_9_1\" class=\"gfield gfield--type-text gfield--input-type-text gfield_contains_required field_sublabel_below gfield--no-description field_description_below field_validation_below gfield_visibility_visible\"  ><label class='gfield_label gform-field-label' for='input_9_1'>Nom<span class=\"gfield_required\"><span class=\"gfield_required gfield_required_text\">(N\u00e9cessaire)<\/span><\/span><\/label><div class='ginput_container ginput_container_text'><input name='input_1' id='input_9_1' type='text' value='' class='large'     aria-required=\"true\" aria-invalid=\"false\"   \/><\/div><\/div><div id=\"field_9_3\" class=\"gfield gfield--type-text gfield--input-type-text gfield--width-full field_sublabel_below gfield--no-description field_description_below field_validation_below gfield_visibility_visible\"  ><label class='gfield_label gform-field-label' for='input_9_3'>Entreprise<\/label><div class='ginput_container ginput_container_text'><input name='input_3' id='input_9_3' type='text' value='' class='large'      aria-invalid=\"false\"   \/><\/div><\/div><div id=\"field_9_4\" class=\"gfield gfield--type-email gfield--input-type-email gfield--width-full gfield_contains_required field_sublabel_below gfield--no-description field_description_below field_validation_below gfield_visibility_visible\"  ><label class='gfield_label gform-field-label' for='input_9_4'>E-mail<span class=\"gfield_required\"><span class=\"gfield_required gfield_required_text\">(N\u00e9cessaire)<\/span><\/span><\/label><div class='ginput_container ginput_container_email'>\n                            <input name='input_4' id='input_9_4' type='email' value='' class='large'    aria-required=\"true\" aria-invalid=\"false\"  \/>\n                        <\/div><\/div><div id=\"field_9_5\" class=\"gfield gfield--type-phone gfield--input-type-phone gfield--width-full field_sublabel_below gfield--no-description field_description_below field_validation_below gfield_visibility_visible\"  ><label class='gfield_label gform-field-label' for='input_9_5'>T\u00e9l\u00e9phone<\/label><div class='ginput_container ginput_container_phone'><input name='input_5' id='input_9_5' type='tel' value='' class='large'    aria-invalid=\"false\"   \/><\/div><\/div><div id=\"field_9_6\" class=\"gfield gfield--type-select gfield--input-type-select gfield--width-full gfield_contains_required field_sublabel_below gfield--no-description field_description_below field_validation_below gfield_visibility_visible\"  ><label class='gfield_label gform-field-label' for='input_9_6'>Produit<span class=\"gfield_required\"><span class=\"gfield_required gfield_required_text\">(N\u00e9cessaire)<\/span><\/span><\/label><div class='ginput_container ginput_container_select'><select name='input_6' id='input_9_6' class='large gfield_select'    aria-required=\"true\" aria-invalid=\"false\" ><option value='VARIBOX SC 1000' >VARIBOX SC 1000<\/option><option value='VARIBOX SC 800' >VARIBOX SC 800<\/option><\/select><\/div><\/div><div id=\"field_9_7\" class=\"gfield gfield--type-number gfield--input-type-number gfield--width-full gfield_contains_required field_sublabel_below gfield--no-description field_description_below field_validation_below gfield_visibility_visible\"  ><label class='gfield_label gform-field-label' for='input_9_7'>Quantit\u00e9<span class=\"gfield_required\"><span class=\"gfield_required gfield_required_text\">(N\u00e9cessaire)<\/span><\/span><\/label><div class='ginput_container ginput_container_number'><input name='input_7' id='input_9_7' type='number' step='any'   value='' class='large'     aria-required=\"true\" aria-invalid=\"false\"  \/><\/div><\/div><div id=\"field_9_8\" class=\"gfield gfield--type-textarea gfield--input-type-textarea gfield--width-full field_sublabel_below gfield--no-description field_description_below field_validation_below gfield_visibility_visible\"  ><label class='gfield_label gform-field-label' for='input_9_8'>Informations suppl\u00e9mentaires<\/label><div class='ginput_container ginput_container_textarea'><textarea name='input_8' id='input_9_8' class='textarea large'      aria-invalid=\"false\"   rows='10' cols='50'><\/textarea><\/div><\/div><fieldset id=\"field_9_9\" class=\"gfield gfield--type-consent gfield--type-choice gfield--input-type-consent gfield--width-full gfield_contains_required field_sublabel_below gfield--no-description field_description_below field_validation_below gfield_visibility_visible\"  ><legend class='gfield_label gform-field-label gfield_label_before_complex' >Conditions<span class=\"gfield_required\"><span class=\"gfield_required gfield_required_text\">(N\u00e9cessaire)<\/span><\/span><\/legend><div class='ginput_container ginput_container_consent'><input name='input_9.1' id='input_9_9_1' type='checkbox' value='1'   aria-required=\"true\" aria-invalid=\"false\"   \/> <label class=\"gform-field-label gform-field-label--type-inline gfield_consent_label\" for='input_9_9_1' >J&rsquo;accepte les <a href=\"https:\/\/varibox.best4u.dev\/conditions-and-restrictions\/\">conditions<\/a><\/label><input type='hidden' name='input_9.2' value='J&#039;accepte les &lt;a href=&quot;https:\/\/varibox.best4u.dev\/conditions-and-restrictions\/&quot;&gt;conditions&lt;\/a&gt;' class='gform_hidden' \/><input type='hidden' name='input_9.3' value='5' class='gform_hidden' \/><\/div><\/fieldset><fieldset id=\"field_9_10\" class=\"gfield gfield--type-consent gfield--type-choice gfield--input-type-consent gfield--width-full gfield_contains_required field_sublabel_below gfield--no-description field_description_below field_validation_below gfield_visibility_visible\"  ><legend class='gfield_label gform-field-label gfield_label_before_complex' >Restrictions<span class=\"gfield_required\"><span class=\"gfield_required gfield_required_text\">(N\u00e9cessaire)<\/span><\/span><\/legend><div class='ginput_container ginput_container_consent'><input name='input_10.1' id='input_9_10_1' type='checkbox' value='1'   aria-required=\"true\" aria-invalid=\"false\"   \/> <label class=\"gform-field-label gform-field-label--type-inline gfield_consent_label\" for='input_9_10_1' >Je respecte les <a href=\"https:\/\/varibox.best4u.dev\/conditions-and-restrictions\/\">Restrictions<\/a><\/label><input type='hidden' name='input_10.2' value='Je respecte les &lt;a href=&quot;https:\/\/varibox.best4u.dev\/conditions-and-restrictions\/&quot;&gt;Restrictions&lt;\/a&gt;' class='gform_hidden' \/><input type='hidden' name='input_10.3' value='5' class='gform_hidden' \/><\/div><\/fieldset><\/div><\/div>\n        <div class='gform-footer gform_footer top_label'> <input type='submit' id='gform_submit_button_9' class='gform_button button' onclick='gform.submission.handleButtonClick(this);' data-submission-type='submit' value='Envoyer'  \/> \n            <input type='hidden' class='gform_hidden' name='gform_submission_method' data-js='gform_submission_method_9' value='postback' \/>\n            <input type='hidden' class='gform_hidden' name='gform_theme' data-js='gform_theme_9' id='gform_theme_9' value='gravity-theme' \/>\n            <input type='hidden' class='gform_hidden' name='gform_style_settings' data-js='gform_style_settings_9' id='gform_style_settings_9' value='{&quot;inputPrimaryColor&quot;:&quot;#204ce5&quot;}' \/>\n            <input type='hidden' class='gform_hidden' name='is_submit_9' value='1' \/>\n            <input type='hidden' class='gform_hidden' name='gform_submit' value='9' \/>\n            \n            <input type='hidden' class='gform_hidden' name='gform_currency' data-currency='EUR' value='HdJ5FJZvewMzclzNFspEnkQ5D7hbRpkR6bilT+7oJD+sLeunAYNUD\/HAjS8XxojciMk1xwwsX1gr\/oOJonRgyP8lfQj1+HOdVldBl2XTdbyD6Zc=' \/>\n            <input type='hidden' class='gform_hidden' name='gform_unique_id' value='' \/>\n            <input type='hidden' class='gform_hidden' name='state_9' value='WyJ7XCI2XCI6W1wiNmQwMTQ0YmJiYTBmMzk4MTk3MDM0ODI1Yzc2OWVmYmZcIixcImIwNzg1OTg2MjQ3MDMwZWIzOWVmYzViZjBhOTAwYzI3XCJdLFwiOS4xXCI6XCI4MGM5ZDQ4Mjg0ZjZiOTAwZGY3NzBmMDA5MTkzMDI1OVwiLFwiOS4yXCI6XCIyY2YyYmJlYzQ1MzA1ZTQwMmUyNTg0MjQ1NTBjY2RjYlwiLFwiOS4zXCI6XCI0NTJlZGIwNWIzN2Y1NzBkMjAwNGZmYzU4MmExNTcyZlwiLFwiMTAuMVwiOlwiODBjOWQ0ODI4NGY2YjkwMGRmNzcwZjAwOTE5MzAyNTlcIixcIjEwLjJcIjpcIjM4ZDE4ZDQxYWE2MDc2NjQzYTk3NDIyNmQxOTM3MjJkXCIsXCIxMC4zXCI6XCI0NTJlZGIwNWIzN2Y1NzBkMjAwNGZmYzU4MmExNTcyZlwifSIsImEwMWY0NjBmZGVkYzVjNjI0MmMzNDlmZDIyNTkxNDZhIl0=' \/>\n            <input type='hidden' autocomplete='off' class='gform_hidden' name='gform_target_page_number_9' id='gform_target_page_number_9' value='0' \/>\n            <input type='hidden' autocomplete='off' class='gform_hidden' name='gform_source_page_number_9' id='gform_source_page_number_9' value='1' \/>\n            <input type='hidden' name='gform_field_values' value='' \/>\n            \n        <\/div>\n                        <\/form>\n                        <\/div><script>\ngform.initializeOnLoaded( function() {gformInitSpinner( 9, 'https:\/\/varibox.best4u.dev\/wp-content\/plugins\/gravityforms\/images\/spinner.svg', true );jQuery('#gform_ajax_frame_9').on('load',function(){var contents = jQuery(this).contents().find('*').html();var is_postback = contents.indexOf('GF_AJAX_POSTBACK') >= 0;if(!is_postback){return;}var form_content = jQuery(this).contents().find('#gform_wrapper_9');var is_confirmation = jQuery(this).contents().find('#gform_confirmation_wrapper_9').length > 0;var is_redirect = contents.indexOf('gformRedirect(){') >= 0;var is_form = form_content.length > 0 && ! is_redirect && ! is_confirmation;var mt = parseInt(jQuery('html').css('margin-top'), 10) + parseInt(jQuery('body').css('margin-top'), 10) + 100;if(is_form){jQuery('#gform_wrapper_9').html(form_content.html());if(form_content.hasClass('gform_validation_error')){jQuery('#gform_wrapper_9').addClass('gform_validation_error');} else {jQuery('#gform_wrapper_9').removeClass('gform_validation_error');}setTimeout( function() { \/* delay the scroll by 50 milliseconds to fix a bug in chrome *\/  }, 50 );if(window['gformInitDatepicker']) {gformInitDatepicker();}if(window['gformInitPriceFields']) {gformInitPriceFields();}var current_page = jQuery('#gform_source_page_number_9').val();gformInitSpinner( 9, 'https:\/\/varibox.best4u.dev\/wp-content\/plugins\/gravityforms\/images\/spinner.svg', true );jQuery(document).trigger('gform_page_loaded', [9, current_page]);window['gf_submitting_9'] = false;}else if(!is_redirect){var confirmation_content = jQuery(this).contents().find('.GF_AJAX_POSTBACK').html();if(!confirmation_content){confirmation_content = contents;}jQuery('#gform_wrapper_9').replaceWith(confirmation_content);jQuery(document).trigger('gform_confirmation_loaded', [9]);window['gf_submitting_9'] = false;wp.a11y.speak(jQuery('#gform_confirmation_message_9').text());}else{jQuery('#gform_9').append(contents);if(window['gformRedirect']) {gformRedirect();}}jQuery(document).trigger(\"gform_pre_post_render\", [{ formId: \"9\", currentPage: \"current_page\", abort: function() { this.preventDefault(); } }]);        if (event && event.defaultPrevented) {                return;        }        const gformWrapperDiv = document.getElementById( \"gform_wrapper_9\" );        if ( gformWrapperDiv ) {            const visibilitySpan = document.createElement( \"span\" );            visibilitySpan.id = \"gform_visibility_test_9\";            gformWrapperDiv.insertAdjacentElement( \"afterend\", visibilitySpan );        }        const visibilityTestDiv = document.getElementById( \"gform_visibility_test_9\" );        let postRenderFired = false;        function triggerPostRender() {            if ( postRenderFired ) {                return;            }            postRenderFired = true;            gform.core.triggerPostRenderEvents( 9, current_page );            if ( visibilityTestDiv ) {                visibilityTestDiv.parentNode.removeChild( visibilityTestDiv );            }        }        function debounce( func, wait, immediate ) {            var timeout;            return function() {                var context = this, args = arguments;                var later = function() {                    timeout = null;                    if ( !immediate ) func.apply( context, args );                };                var callNow = immediate && !timeout;                clearTimeout( timeout );                timeout = setTimeout( later, wait );                if ( callNow ) func.apply( context, args );            };        }        const debouncedTriggerPostRender = debounce( function() {            triggerPostRender();        }, 200 );        if ( visibilityTestDiv && visibilityTestDiv.offsetParent === null ) {            const observer = new MutationObserver( ( mutations ) => {                mutations.forEach( ( mutation ) => {                    if ( mutation.type === 'attributes' && visibilityTestDiv.offsetParent !== null ) {                        debouncedTriggerPostRender();                        observer.disconnect();                    }                });            });            observer.observe( document.body, {                attributes: true,                childList: false,                subtree: true,                attributeFilter: [ 'style', 'class' ],            });        } else {            triggerPostRender();        }    } );} );\n<\/script>\n","protected":false},"excerpt":{"rendered":"<p>Service de Maintenance VARIBOX SC Chez VARIBOX, nous croyons en un avenir o\u00f9 les produits chimiques et les d\u00e9tergents sont emball\u00e9s en toute s\u00e9curit\u00e9 sans g\u00e9n\u00e9rer de d\u00e9chets. Notre Service de Maintenance VARIBOX SC \u00e0 Montoir refl\u00e8te cet engagement en proposant une solution qui prolonge la dur\u00e9e de vie de vos conteneurs tout en mettant [&hellip;]<\/p>\n","protected":false},"author":1,"featured_media":0,"parent":0,"menu_order":0,"comment_status":"closed","ping_status":"closed","template":"","meta":{"_acf_changed":false,"footnotes":""},"class_list":["post-63139","page","type-page","status-publish","hentry"],"blocksy_meta":[],"featured_image_urls_v2":{"full":"","thumbnail":"","medium":"","medium_large":"","large":"","1536x1536":"","2048x2048":"","woocommerce_archive_thumbnail":"","gform-image-choice-sm":"","gform-image-choice-md":"","gform-image-choice-lg":"","woocommerce_thumbnail":"","woocommerce_single":"","woocommerce_gallery_thumbnail":"","variation_swatches_image_size":"","variation_swatches_tooltip_size":""},"post_excerpt_stackable_v2":"<p>Service de Maintenance VARIBOX SC Chez VARIBOX, nous croyons en un avenir o\u00f9 les produits chimiques et les d\u00e9tergents sont emball\u00e9s en toute s\u00e9curit\u00e9 sans g\u00e9n\u00e9rer de d\u00e9chets. Notre Service de Maintenance VARIBOX SC \u00e0 Montoir refl\u00e8te cet engagement en proposant une solution qui prolonge la dur\u00e9e de vie de vos conteneurs tout en mettant l&rsquo;accent sur la s\u00e9curit\u00e9, la r\u00e9utilisabilit\u00e9 et la durabilit\u00e9. Disponible dans notre usine VARIBOX \u00e0 Montoir-de-Bretagne, en France, ce service garantit que vos IBCs VARIBOX Single Containment restent conformes, fiables et pr\u00eats \u00e0 l\u2019emploi. Pourquoi choisir le Service de Maintenance VARIBOX SC En optant pour\u2026<\/p>\n","category_list_v2":"","author_info_v2":{"name":"Best4u","url":"https:\/\/varibox.best4u.dev\/fr\/author\/best4u\/"},"comments_num_v2":"0 comments","acf":[],"_links":{"self":[{"href":"https:\/\/varibox.best4u.dev\/fr\/wp-json\/wp\/v2\/pages\/63139","targetHints":{"allow":["GET"]}}],"collection":[{"href":"https:\/\/varibox.best4u.dev\/fr\/wp-json\/wp\/v2\/pages"}],"about":[{"href":"https:\/\/varibox.best4u.dev\/fr\/wp-json\/wp\/v2\/types\/page"}],"author":[{"embeddable":true,"href":"https:\/\/varibox.best4u.dev\/fr\/wp-json\/wp\/v2\/users\/1"}],"replies":[{"embeddable":true,"href":"https:\/\/varibox.best4u.dev\/fr\/wp-json\/wp\/v2\/comments?post=63139"}],"version-history":[{"count":2,"href":"https:\/\/varibox.best4u.dev\/fr\/wp-json\/wp\/v2\/pages\/63139\/revisions"}],"predecessor-version":[{"id":63141,"href":"https:\/\/varibox.best4u.dev\/fr\/wp-json\/wp\/v2\/pages\/63139\/revisions\/63141"}],"wp:attachment":[{"href":"https:\/\/varibox.best4u.dev\/fr\/wp-json\/wp\/v2\/media?parent=63139"}],"curies":[{"name":"wp","href":"https:\/\/api.w.org\/{rel}","templated":true}]}}