{"id":62952,"date":"2024-12-17T07:24:08","date_gmt":"2024-12-17T06:24:08","guid":{"rendered":"https:\/\/varibox.best4u.dev\/conditions-and-restrictions\/"},"modified":"2024-12-17T07:36:48","modified_gmt":"2024-12-17T06:36:48","slug":"service-de-reprise-des-varibox-usages","status":"publish","type":"page","link":"https:\/\/varibox.best4u.dev\/fr\/service-de-reprise-des-varibox-usages\/","title":{"rendered":"Service de Reprise des VARIBOX usag\u00e9s"},"content":{"rendered":"\n<div class=\"wp-block-ugb-columns ugb-columns ugb-0d5d96e ugb-columns--design-plain ugb-columns--columns-2 ugb-main-block\"><style>.ugb-0d5d96e > .ugb-inner-block > .ugb-block-content > .ugb-columns__item{grid-template-columns:1.40fr 0.60fr !important}@media screen and (min-width:768px){.ugb-0d5d96e.ugb-columns{margin-bottom:83px !important}}@media screen and (max-width:768px){.ugb-0d5d96e-content-wrapper{grid-row-gap:0 !important}}<\/style><div class=\"ugb-inner-block\"><div class=\"ugb-block-content\"><div class=\"ugb-columns__item ugb-0d5d96e-content-wrapper\">\n<div class=\"wp-block-ugb-column ugb-column ugb-b383129 ugb-column--design-plain ugb-main-block\"><div class=\"ugb-inner-block\"><div class=\"ugb-block-content\"><div class=\"ugb-column__item ugb-b383129-column-wrapper\"><div class=\"ugb-column__content-wrapper\">\n<div class=\"wp-block-ugb-heading ugb-heading wow animate__animated animate__fadeIn ugb-bcdb7f0 ugb-main-block\"><style>.ugb-bcdb7f0 .ugb-heading__subtitle{margin-bottom:-5px !important}<\/style><div class=\"ugb-inner-block\"><div class=\"ugb-block-content\"><h1 class=\"ugb-heading__title\"><strong><strong><strong>Service de Reprise des VARIBOX usag\u00e9s<\/strong><\/strong><\/strong><\/h1><p class=\"ugb-heading__subtitle\">Dans le monde des solutions durables, nous souhaitons avoir ensemble, un impact positif avec nos clients. C\u2019est pourquoi nous sommes fiers de lancer notre nouveau Service de reprise VARIBOX (Takeback Service) en\u00a0<strong><em>Allemagne, en France, en Espagne, en Belgique, aux Pays-Bas et au Luxembourg. D\u2019autres pays sont disponibles sur demand<\/em><\/strong>e. Ce service vous permet de retourner vos anciens conteneurs IBC (Intermediate Bulk Containers) VARIBOX \u00e0 l\u2019un de nos points de collecte. Ensemble, nous \u0153uvrons pour une \u00e9conomie circulaire, prot\u00e9geons l\u2019environnement et contribuons \u00e0 des solutions de stockage et de transport durables pour les produits chimiques et les agents de nettoyage.<br><a href=\"https:\/\/varibox.best4u.dev\/fr\/formulaire-de-contact\/\"><\/a><br><a href=\"https:\/\/varibox.best4u.dev\/fr\/formulaire-de-contact\/\"><\/a><\/p><\/div><\/div><\/div>\n\n\n\n<div class=\"wp-block-ugb-button ugb-button-wrapper green-button animate__animated animate__fadeIn ugb-7526935 ugb-button--mobile-aligned ugb-main-block\"><style>.ugb-7526935 .ugb-block-content{justify-content:flex-start !important}.ugb-7526935 .ugb-button1 .ugb-button--inner{font-weight:bold !important}.ugb-7526935 .ugb-button1:hover{opacity:1}.ugb-7526935 .ugb-inner-block{text-align:left}@media screen and (min-width:768px){.ugb-7526935.ugb-button-wrapper{margin-bottom:0px !important}}@media screen and (max-width:768px){.ugb-7526935 .ugb-block-content{justify-content:center !important}.ugb-7526935 .ugb-inner-block{text-align:center}}<\/style><div class=\"ugb-inner-block\"><div class=\"ugb-block-content\"><div class=\"ugb-button-container\"><a class=\"ugb-button1 ugb-button ugb-button--size-normal\" href=\"https:\/\/varibox.best4u.dev\/fr\/formulaire-de-contact\/\" rel=\"\" title=\"\"><span class=\"ugb-button--inner\">Contactez-nous<\/span><\/a><\/div><\/div><\/div><\/div>\n<\/div><\/div><\/div><\/div><\/div>\n\n\n\n<div class=\"wp-block-ugb-column ugb-column ugb-e882f9a ugb-column--design-plain ugb-main-block\"><style>@media screen and (max-width:768px){.ugb-e882f9a .ugb-inner-block{text-align:center}}<\/style><div class=\"ugb-inner-block\"><div class=\"ugb-block-content\"><div class=\"ugb-column__item ugb-e882f9a-column-wrapper\"><div class=\"ugb-column__content-wrapper\">\n<figure class=\"wp-block-image size-full wow animate__animated animate__fadeIn\"><img decoding=\"async\" width=\"325\" height=\"370\" src=\"https:\/\/varibox.best4u.dev\/wp-content\/uploads\/2024\/11\/VARIBOX-Full-Containment-207.png\" alt=\"\" class=\"wp-image-62700\" srcset=\"https:\/\/varibox.best4u.dev\/wp-content\/uploads\/2024\/11\/VARIBOX-Full-Containment-207.png 325w, https:\/\/varibox.best4u.dev\/wp-content\/uploads\/2024\/11\/VARIBOX-Full-Containment-207-270x307.png 270w\" sizes=\"(max-width: 325px) 100vw, 325px\" \/><\/figure>\n<\/div><\/div><\/div><\/div><\/div>\n<\/div><\/div><\/div><\/div>\n\n\n\n<div class=\"alignfull wp-block-ugb-container ugb-container ugb-25beaa0 ugb-container--v2 ugb-container--design-plain ugb-main-block ugb-main-block--inner-center ugb--has-block-background\"><style>.ugb-25beaa0.ugb-container{background-color:var(--theme-palette-color-7,#F9FAFB)}.ugb-25beaa0.ugb-container:before{background-color:var(--theme-palette-color-7,#F9FAFB)}@media screen and (min-width:768px){.ugb-25beaa0-content-wrapper.ugb-container__content-wrapper{width:85% !important}.ugb-25beaa0.ugb-container{margin-bottom:0px !important;padding-top:0px !important;padding-right:35px !important;padding-bottom:0px !important;padding-left:35px !important}}@media screen and (min-width:768px) and (max-width:1025px){.ugb-25beaa0-content-wrapper.ugb-container__content-wrapper{width:100% !important}}@media screen and (max-width:768px){.ugb-25beaa0.ugb-container{margin-bottom:0px !important;padding-top:0px !important;padding-right:18px !important;padding-bottom:0px !important;padding-left:18px !important}}@media screen and (min-width:768px){.ugb-25beaa0 > .ugb-inner-block > .ugb-block-content > *{padding-top:40px !important;padding-bottom:40px !important}}@media screen and (max-width:768px){.ugb-25beaa0 > .ugb-inner-block > .ugb-block-content > *{padding-top:35px !important;padding-bottom:0px !important}}<\/style><div class=\"ugb-inner-block ugb-inner-block--center\"><div class=\"ugb-block-content\"><div class=\"ugb-container__wrapper ugb-25beaa0-wrapper\"><div class=\"ugb-container__side\"><div class=\"ugb-container__content-wrapper ugb-25beaa0-content-wrapper\">\n<div class=\"aligncenter wp-block-ugb-columns ugb-columns top-icons-columns ugb-609d063 ugb-columns--design-plain ugb-columns--columns-3 ugb-main-block\"><style>.ugb-609d063-content-wrapper{grid-column-gap:15px !important}@media screen and (min-width:768px) and (max-width:1025px){.ugb-609d063-content-wrapper{grid-column-gap:0px !important}}@media screen and (max-width:768px){.ugb-609d063-content-wrapper{grid-row-gap:0 !important;grid-column-gap:0px !important}.ugb-609d063 .ugb-inner-block{text-align:center}.ugb-609d063.ugb-columns{margin-top:0px !important;margin-bottom:0px !important}}<\/style><div class=\"ugb-inner-block\"><div class=\"ugb-block-content\"><div class=\"ugb-columns__item ugb-609d063-content-wrapper\">\n<div class=\"wp-block-ugb-column ugb-column ugb-aa84cea ugb-column--design-plain ugb-main-block\"><div class=\"ugb-inner-block\"><div class=\"ugb-block-content\"><div class=\"ugb-column__item ugb-aa84cea-column-wrapper\"><div class=\"ugb-column__content-wrapper\">\n<div class=\"wp-block-group is-layout-flow wp-block-group-is-layout-flow\">\n<div class=\"wp-block-media-text alignwide is-stacked-on-mobile is-vertically-aligned-center content-pages-top-icons\" style=\"grid-template-columns:30% auto\"><figure class=\"wp-block-media-text__media\"><img decoding=\"async\" src=\"https:\/\/varibox.best4u.dev\/wp-content\/uploads\/2021\/12\/test.svg\" alt=\"\" class=\"wp-image-3005 size-full\"\/><\/figure><div class=\"wp-block-media-text__content\">\n<h4 class=\"wp-block-heading has-text-align-left has-medium-font-size\">Plus s\u00fbr<\/h4>\n<\/div><\/div>\n<\/div>\n<\/div><\/div><\/div><\/div><\/div>\n\n\n\n<div class=\"wp-block-ugb-column ugb-column ugb-a25ba9c ugb-column--design-plain ugb-main-block\"><div class=\"ugb-inner-block\"><div class=\"ugb-block-content\"><div class=\"ugb-column__item ugb-a25ba9c-column-wrapper\"><div class=\"ugb-column__content-wrapper\">\n<div class=\"wp-block-group is-layout-flow wp-block-group-is-layout-flow\">\n<div class=\"wp-block-media-text alignwide is-stacked-on-mobile is-vertically-aligned-center content-pages-top-icons\" style=\"grid-template-columns:30% auto\"><figure class=\"wp-block-media-text__media\"><img decoding=\"async\" src=\"https:\/\/varibox.best4u.dev\/wp-content\/uploads\/2021\/11\/reuseablility-green-1.svg\" alt=\"\" class=\"wp-image-1838 size-full\"\/><\/figure><div class=\"wp-block-media-text__content\">\n<h4 class=\"wp-block-heading has-text-align-left has-medium-font-size\">R\u00e9utilisable<\/h4>\n<\/div><\/div>\n<\/div>\n<\/div><\/div><\/div><\/div><\/div>\n\n\n\n<div class=\"wp-block-ugb-column ugb-column ugb-ed3faa1 ugb-column--design-plain ugb-main-block\"><div class=\"ugb-inner-block\"><div class=\"ugb-block-content\"><div class=\"ugb-column__item ugb-ed3faa1-column-wrapper\"><div class=\"ugb-column__content-wrapper\">\n<div class=\"wp-block-group is-layout-flow wp-block-group-is-layout-flow\">\n<div class=\"wp-block-media-text alignwide is-stacked-on-mobile is-vertically-aligned-center content-pages-top-icons\" style=\"grid-template-columns:29% auto\"><figure class=\"wp-block-media-text__media\"><img decoding=\"async\" src=\"https:\/\/varibox.best4u.dev\/wp-content\/uploads\/2021\/11\/sustainability-green-1.svg\" alt=\"\" class=\"wp-image-1851 size-full\"\/><\/figure><div class=\"wp-block-media-text__content\">\n<h4 class=\"wp-block-heading has-text-align-left has-medium-font-size\">Durable<\/h4>\n<\/div><\/div>\n<\/div>\n<\/div><\/div><\/div><\/div><\/div>\n<\/div><\/div><\/div><\/div>\n<\/div><\/div><\/div><\/div><\/div><\/div>\n\n\n\n<h2 class=\"wp-block-heading\"><strong>Service de Reprise des VARIBOX usag\u00e9s<\/strong><\/h2>\n\n\n\n<p>Les conditions de reprise des VARIBOX usag\u00e9s reposent sur les normes suivantes :<\/p>\n\n\n\n<ul class=\"wp-block-list\">\n<li>EN 13430 Emballages \u2013 Exigences relatives aux\u00a0emballages\u00a0valorisables par recyclage mati\u00e8re<\/li>\n\n\n\n<li>ISO 16103:2005 Emballages \u2013 Emballages de transport pour marchandises dangereuses \u2013 Mat\u00e9riaux plastiques recycl\u00e9s<\/li>\n<\/ul>\n\n\n\n<h3 class=\"wp-block-heading\"><strong>Conditions<\/strong><\/h3>\n\n\n\n<p>Le recyclage est limit\u00e9 aux grands r\u00e9cipients pour vrac (GRV) VARIBOX qui:<\/p>\n\n\n\n<ol class=\"wp-block-list\">\n<li>sont vides, c\u2019est-\u00e0-dire que tous les r\u00e9sidus pouvant \u00eatre \u00e9limin\u00e9s par l\u2019utilisateur ont \u00e9t\u00e9 retir\u00e9s \u00e0 l\u2019aide de m\u00e9thodes courantes telles que le versement, le pompage, l\u2019aspiration, le secouage, le raclage, etc. ou, si n\u00e9cessaire, une combinaison de ces m\u00e9thodes.<\/li>\n\n\n\n<li>sont exempts d\u2019adh\u00e9rence de produits ext\u00e9rieurs.<\/li>\n\n\n\n<li>VARIBOX FC et VARIBOX CC : ouvertures bien ferm\u00e9es avec le couvercle et\/ou le tube d\u2019extraction et\/ou les bouchons d\u2019origine.<\/li>\n\n\n\n<li>VARIBOX SC : vanne \u00e0 boisseau sph\u00e9rique ouvert et les ouvertures ferm\u00e9es de mani\u00e8re s\u00fbre avec le couvercle et\/ou le tube d\u2019extraction et\/ou les bouchons d\u2019origine.<\/li>\n\n\n\n<li>sont aptes au transport.<\/li>\n\n\n\n<li>pr\u00e9sentent une preuve du dernier contenu et portent des \u00e9tiquettes clairement identifiables pour les marchandises dangereuses et des \u00e9tiquettes d\u2019identification du danger conform\u00e9ment \u00e0 la r\u00e9glementation, le cas \u00e9ch\u00e9ant, et la fiche de donn\u00e9es de s\u00e9curit\u00e9 du contenu doit \u00eatre fournie sur demande.<\/li>\n\n\n\n<li>portent le marquage du mois et de l\u2019ann\u00e9e de fabrication.<\/li>\n<\/ol>\n\n\n\n<h3 class=\"wp-block-heading\"><strong>Restrictions<\/strong><\/h3>\n\n\n\n<p>Exclus du recyclage sont les VARIBOX qui :<\/p>\n\n\n\n<ol start=\"8\" class=\"wp-block-list\">\n<li>ont contenu des substances dangereuses pour la sant\u00e9 et la s\u00e9curit\u00e9 et\/ou pour l\u2019environnement des classes 6.1, 6.2 et 7, et\/ou des produits avec les mentions de danger H310, H330, H340, H350, H350i et\/ou toutes les substances avec des risques secondaires toxiques.<\/li>\n\n\n\n<li>ont contenu des produits qui ont affect\u00e9 le mat\u00e9riau plastique (par exemple, certaines substances hautement oxydantes), le rendant inappropri\u00e9 pour le reconditionnement.<\/li>\n\n\n\n<li>montrent des signes de d\u00e9t\u00e9rioration, par exemple sous l\u2019effet des rayons UV causant la d\u00e9gradation.<\/li>\n\n\n\n<li>sont endommag\u00e9s, rendant leur manipulation et exp\u00e9dition dangereuses.<\/li>\n\n\n\n<li>ont plus de 12 ans.<\/li>\n\n\n\n<li>sont marqu\u00e9s du symbole \u2018REC\u2019.<\/li>\n<\/ol>\n\n\n\n<p><em><strong>Si vous ne respectez pas les conditions ou restrictions fix\u00e9es, tous les frais suppl\u00e9mentaires encourus par notre soci\u00e9t\u00e9 vous seront automatiquement factur\u00e9s (exemples de ces frais : frais de transport, frais de nettoyage suppl\u00e9mentaires, frais de d\u00e9montage et\/ou de manutention, frais administratifs, etc. (Exemples de ces frais : frais de transport, frais de nettoyage suppl\u00e9mentaires, frais de d\u00e9montage et\/ou de manutention, frais d\u2019administration, etc.)<\/strong><\/em><\/p>\n","protected":false},"excerpt":{"rendered":"<p>Service de Reprise des VARIBOX usag\u00e9s Dans le monde des solutions durables, nous souhaitons avoir ensemble, un impact positif avec nos clients. C\u2019est pourquoi nous sommes fiers de lancer notre nouveau Service de reprise VARIBOX (Takeback Service) en\u00a0Allemagne, en France, en Espagne, en Belgique, aux Pays-Bas et au Luxembourg. D\u2019autres pays sont disponibles sur demande. [&hellip;]<\/p>\n","protected":false},"author":1,"featured_media":0,"parent":0,"menu_order":0,"comment_status":"closed","ping_status":"closed","template":"","meta":{"_acf_changed":false,"footnotes":""},"class_list":["post-62952","page","type-page","status-publish","hentry"],"blocksy_meta":[],"featured_image_urls_v2":{"full":"","thumbnail":"","medium":"","medium_large":"","large":"","1536x1536":"","2048x2048":"","woocommerce_archive_thumbnail":"","gform-image-choice-sm":"","gform-image-choice-md":"","gform-image-choice-lg":"","woocommerce_thumbnail":"","woocommerce_single":"","woocommerce_gallery_thumbnail":"","variation_swatches_image_size":"","variation_swatches_tooltip_size":""},"post_excerpt_stackable_v2":"<p>Service de Reprise des VARIBOX usag\u00e9sDans le monde des solutions durables, nous souhaitons avoir ensemble, un impact positif avec nos clients. C\u2019est pourquoi nous sommes fiers de lancer notre nouveau Service de reprise VARIBOX (Takeback Service) en\u00a0Allemagne, en France, en Espagne, en Belgique, aux Pays-Bas et au Luxembourg. D\u2019autres pays sont disponibles sur demande. Ce service vous permet de retourner vos anciens conteneurs IBC (Intermediate Bulk Containers) VARIBOX \u00e0 l\u2019un de nos points de collecte. Ensemble, nous \u0153uvrons pour une \u00e9conomie circulaire, prot\u00e9geons l\u2019environnement et contribuons \u00e0 des solutions de stockage et de transport durables pour les produits chimiques et\u2026<\/p>\n","category_list_v2":"","author_info_v2":{"name":"Best4u","url":"https:\/\/varibox.best4u.dev\/fr\/author\/best4u\/"},"comments_num_v2":"0 comments","acf":[],"_links":{"self":[{"href":"https:\/\/varibox.best4u.dev\/fr\/wp-json\/wp\/v2\/pages\/62952","targetHints":{"allow":["GET"]}}],"collection":[{"href":"https:\/\/varibox.best4u.dev\/fr\/wp-json\/wp\/v2\/pages"}],"about":[{"href":"https:\/\/varibox.best4u.dev\/fr\/wp-json\/wp\/v2\/types\/page"}],"author":[{"embeddable":true,"href":"https:\/\/varibox.best4u.dev\/fr\/wp-json\/wp\/v2\/users\/1"}],"replies":[{"embeddable":true,"href":"https:\/\/varibox.best4u.dev\/fr\/wp-json\/wp\/v2\/comments?post=62952"}],"version-history":[{"count":1,"href":"https:\/\/varibox.best4u.dev\/fr\/wp-json\/wp\/v2\/pages\/62952\/revisions"}],"predecessor-version":[{"id":62974,"href":"https:\/\/varibox.best4u.dev\/fr\/wp-json\/wp\/v2\/pages\/62952\/revisions\/62974"}],"wp:attachment":[{"href":"https:\/\/varibox.best4u.dev\/fr\/wp-json\/wp\/v2\/media?parent=62952"}],"curies":[{"name":"wp","href":"https:\/\/api.w.org\/{rel}","templated":true}]}}