{"id":57803,"date":"2022-02-15T08:57:40","date_gmt":"2022-02-15T07:57:40","guid":{"rendered":"https:\/\/varibox.best4u.dev\/page-de-connexion-varibox-connect\/"},"modified":"2024-11-08T11:41:27","modified_gmt":"2024-11-08T10:41:27","slug":"page-de-connexion-varibox-connect","status":"publish","type":"page","link":"https:\/\/varibox.best4u.dev\/fr\/page-de-connexion-varibox-connect\/","title":{"rendered":"Page de connexion VARIBOX Connect"},"content":{"rendered":"\n<h1 class=\"wp-block-heading\" id=\"varibox-connect-direct\">Page de connexion VARIBOX Connect<\/h1>\n\n\n\n<p>Bienvenue sur la page de connexon <a href=\"\/fr?page_id=3695\">VARIBOX Connect<\/a>. Si vous cherchez la page de connexion de votre organisation, vous pouvez utiliser le num\u00e9ro de votre entreprise unique derri\u00e8re l&rsquo;URL de VARIBOX-Connect.com. Cela vous conduira \u00e0 l&rsquo;\u00e9cran de connexion de Connect. Si vous avez besoin de votre num\u00e9ro d&rsquo;entreprise unique, veuillez contacter l&rsquo;administrateur de votre compte VARIBOX Connect.<\/p>\n\n\n\n<figure class=\"wp-block-image size-full\"><img decoding=\"async\" src=\"https:\/\/varibox.best4u.dev\/wp-content\/uploads\/2024\/10\/image-11.jpg\" alt=\"\" class=\"wp-image-503\" title=\"Connect Direct\"\/><\/figure>\n\n\n\n<h3 class=\"wp-block-heading\" id=\"varibox-connect-direct-1\">Page de connexion VARIBOX Connect<\/h3>\n\n\n\n<p>Vous \u00eates nouveau sur VARIBOX Connect ? Connectons-nous ! VARIBOX Connect vous fournit un tableau de bord personnel o\u00f9 vous pouvez voir l&#8217;emplacement de vos VARIBOX et quelle quantit\u00e9 de produit se trouve encore \u00e0 l&rsquo;int\u00e9rieur. Il pr\u00e9voit \u00e9galement les dates auxquelles les conteneurs seront vides. Gr\u00e2ce \u00e0 cette connaissance des dates, des emplacements et des niveaux de remplissage, vous pouvez g\u00e9rer votre parc de GRV\/IBC VARIBOX plus efficacement.<\/p>\n\n\n\n<p>Vous pouvez \u00e9galement connecter vos clients en leur offrant leur page personnelle de connexion. Vos clients peuvent consulter la quantit\u00e9 de votre produit encore disponible, quand il sera consomm\u00e9 et ce qu&rsquo;ils ont en stock. Vous pouvez g\u00e9rer leurs stocks et les r\u00e9approvisionner avant qu&rsquo;ils ne soient \u00e9puis\u00e9s.<\/p>\n\n\n\n<p>Le niveau de remplissage visible \u00e0 tout moment ! Avec l&rsquo;application Connect install\u00e9 sur leurs t\u00e9l\u00e9phones portable, les utilisateurs peuvent scanner le GRV \/IBC VARIBOX et consulter la quantit\u00e9 de produit \u00e0 l&rsquo;int\u00e9rieur sans toucher le conteneur lui-m\u00eame.<\/p>\n\n\n\n<h2 class=\"wp-block-heading\" id=\"request-your-demo\">Demandez votre d\u00e9mo<\/h2>\n\n\n\n<p>Vous souhaitez en savoir plus sur ce que VARIBOX Connect peut apporter \u00e0 votre flotte d&rsquo;IBC VARIBOX et \u00e0 votre organisation ? Demandez votre d\u00e9mo maintenant !<\/p>\n\n\n<script>\nvar gform;gform||(document.addEventListener(\"gform_main_scripts_loaded\",function(){gform.scriptsLoaded=!0}),document.addEventListener(\"gform\/theme\/scripts_loaded\",function(){gform.themeScriptsLoaded=!0}),window.addEventListener(\"DOMContentLoaded\",function(){gform.domLoaded=!0}),gform={domLoaded:!1,scriptsLoaded:!1,themeScriptsLoaded:!1,isFormEditor:()=>\"function\"==typeof InitializeEditor,callIfLoaded:function(o){return!(!gform.domLoaded||!gform.scriptsLoaded||!gform.themeScriptsLoaded&&!gform.isFormEditor()||(gform.isFormEditor()&&console.warn(\"The use of gform.initializeOnLoaded() is deprecated in the form editor context and will be removed in Gravity Forms 3.1.\"),o(),0))},initializeOnLoaded:function(o){gform.callIfLoaded(o)||(document.addEventListener(\"gform_main_scripts_loaded\",()=>{gform.scriptsLoaded=!0,gform.callIfLoaded(o)}),document.addEventListener(\"gform\/theme\/scripts_loaded\",()=>{gform.themeScriptsLoaded=!0,gform.callIfLoaded(o)}),window.addEventListener(\"DOMContentLoaded\",()=>{gform.domLoaded=!0,gform.callIfLoaded(o)}))},hooks:{action:{},filter:{}},addAction:function(o,r,e,t){gform.addHook(\"action\",o,r,e,t)},addFilter:function(o,r,e,t){gform.addHook(\"filter\",o,r,e,t)},doAction:function(o){gform.doHook(\"action\",o,arguments)},applyFilters:function(o){return gform.doHook(\"filter\",o,arguments)},removeAction:function(o,r){gform.removeHook(\"action\",o,r)},removeFilter:function(o,r,e){gform.removeHook(\"filter\",o,r,e)},addHook:function(o,r,e,t,n){null==gform.hooks[o][r]&&(gform.hooks[o][r]=[]);var d=gform.hooks[o][r];null==n&&(n=r+\"_\"+d.length),gform.hooks[o][r].push({tag:n,callable:e,priority:t=null==t?10:t})},doHook:function(r,o,e){var t;if(e=Array.prototype.slice.call(e,1),null!=gform.hooks[r][o]&&((o=gform.hooks[r][o]).sort(function(o,r){return o.priority-r.priority}),o.forEach(function(o){\"function\"!=typeof(t=o.callable)&&(t=window[t]),\"action\"==r?t.apply(null,e):e[0]=t.apply(null,e)})),\"filter\"==r)return e[0]},removeHook:function(o,r,t,n){var e;null!=gform.hooks[o][r]&&(e=(e=gform.hooks[o][r]).filter(function(o,r,e){return!!(null!=n&&n!=o.tag||null!=t&&t!=o.priority)}),gform.hooks[o][r]=e)}});\n<\/script>\n\n                <div class='gf_browser_gecko gform_wrapper gravity-theme gform-theme--no-framework' data-form-theme='gravity-theme' data-form-index='0' id='gform_wrapper_7' ><form method='post' enctype='multipart\/form-data'  id='gform_7'  action='\/fr\/wp-json\/wp\/v2\/pages\/57803' data-formid='7' novalidate>\n                        <div class='gform-body gform_body'><div id='gform_fields_7' class='gform_fields top_label form_sublabel_below description_below validation_below'><div id=\"field_7_1\" class=\"gfield gfield--type-text gfield--input-type-text gfield_contains_required field_sublabel_below gfield--no-description field_description_below field_validation_below gfield_visibility_visible\"  ><label class='gfield_label gform-field-label' for='input_7_1'>Nombre<span class=\"gfield_required\"><span class=\"gfield_required gfield_required_text\">(N\u00e9cessaire)<\/span><\/span><\/label><div class='ginput_container ginput_container_text'><input name='input_1' id='input_7_1' type='text' value='' class='large'     aria-required=\"true\" aria-invalid=\"false\"   \/><\/div><\/div><div id=\"field_7_3\" class=\"gfield gfield--type-text gfield--input-type-text gfield--width-full field_sublabel_below gfield--no-description field_description_below field_validation_below gfield_visibility_visible\"  ><label class='gfield_label gform-field-label' for='input_7_3'>Empresa<\/label><div class='ginput_container ginput_container_text'><input name='input_3' id='input_7_3' type='text' value='' class='large'      aria-invalid=\"false\"   \/><\/div><\/div><div id=\"field_7_4\" class=\"gfield gfield--type-email gfield--input-type-email gfield--width-full gfield_contains_required field_sublabel_below gfield--no-description field_description_below field_validation_below gfield_visibility_visible\"  ><label class='gfield_label gform-field-label' for='input_7_4'>Correo electr\u00f3nico<span class=\"gfield_required\"><span class=\"gfield_required gfield_required_text\">(N\u00e9cessaire)<\/span><\/span><\/label><div class='ginput_container ginput_container_email'>\n                            <input name='input_4' id='input_7_4' type='email' value='' class='large'    aria-required=\"true\" aria-invalid=\"false\"  \/>\n                        <\/div><\/div><div id=\"field_7_5\" class=\"gfield gfield--type-phone gfield--input-type-phone gfield--width-full field_sublabel_below gfield--no-description field_description_below field_validation_below gfield_visibility_visible\"  ><label class='gfield_label gform-field-label' for='input_7_5'>Tel\u00e9fono<\/label><div class='ginput_container ginput_container_phone'><input name='input_5' id='input_7_5' type='tel' value='' class='large'    aria-invalid=\"false\"   \/><\/div><\/div><div id=\"field_7_6\" class=\"gfield gfield--type-select gfield--input-type-select gfield--width-full gfield_contains_required field_sublabel_below gfield--no-description field_description_below field_validation_below gfield_visibility_visible\"  ><label class='gfield_label gform-field-label' for='input_7_6'>Producto<span class=\"gfield_required\"><span class=\"gfield_required gfield_required_text\">(N\u00e9cessaire)<\/span><\/span><\/label><div class='ginput_container ginput_container_select'><select name='input_6' id='input_7_6' class='large gfield_select'    aria-required=\"true\" aria-invalid=\"false\" ><option value='VARIBOX SC 1000' >VARIBOX SC 1000<\/option><option value='VARIBOX SC 800' >VARIBOX SC 800<\/option><\/select><\/div><\/div><div id=\"field_7_7\" class=\"gfield gfield--type-number gfield--input-type-number gfield--width-full gfield_contains_required field_sublabel_below gfield--no-description field_description_below field_validation_below gfield_visibility_visible\"  ><label class='gfield_label gform-field-label' for='input_7_7'>Cantidad<span class=\"gfield_required\"><span class=\"gfield_required gfield_required_text\">(N\u00e9cessaire)<\/span><\/span><\/label><div class='ginput_container ginput_container_number'><input name='input_7' id='input_7_7' type='number' step='any'   value='' class='large'     aria-required=\"true\" aria-invalid=\"false\"  \/><\/div><\/div><div id=\"field_7_8\" class=\"gfield gfield--type-textarea gfield--input-type-textarea gfield--width-full field_sublabel_below gfield--no-description field_description_below field_validation_below gfield_visibility_visible\"  ><label class='gfield_label gform-field-label' for='input_7_8'>Informaci\u00f3n adicional<\/label><div class='ginput_container ginput_container_textarea'><textarea name='input_8' id='input_7_8' class='textarea large'      aria-invalid=\"false\"   rows='10' cols='50'><\/textarea><\/div><\/div><fieldset id=\"field_7_9\" class=\"gfield gfield--type-consent gfield--type-choice gfield--input-type-consent gfield--width-full gfield_contains_required field_sublabel_below gfield--no-description field_description_below field_validation_below gfield_visibility_visible\"  ><legend class='gfield_label gform-field-label gfield_label_before_complex' >Condiciones<span class=\"gfield_required\"><span class=\"gfield_required gfield_required_text\">(N\u00e9cessaire)<\/span><\/span><\/legend><div class='ginput_container ginput_container_consent'><input name='input_9.1' id='input_7_9_1' type='checkbox' value='1'   aria-required=\"true\" aria-invalid=\"false\"   \/> <label class=\"gform-field-label gform-field-label--type-inline gfield_consent_label\" for='input_7_9_1' >Estoy de acuerdo con las <a href=\"https:\/\/varibox.best4u.dev\/conditions-and-restrictions\/\">conditions<\/a><\/label><input type='hidden' name='input_9.2' value='Estoy de acuerdo con las &lt;a href=&quot;https:\/\/varibox.best4u.dev\/conditions-and-restrictions\/&quot;&gt;conditions&lt;\/a&gt;' class='gform_hidden' \/><input type='hidden' name='input_9.3' value='3' class='gform_hidden' \/><\/div><\/fieldset><fieldset id=\"field_7_10\" class=\"gfield gfield--type-consent gfield--type-choice gfield--input-type-consent gfield--width-full gfield_contains_required field_sublabel_below gfield--no-description field_description_below field_validation_below gfield_visibility_visible\"  ><legend class='gfield_label gform-field-label gfield_label_before_complex' >Restricciones<span class=\"gfield_required\"><span class=\"gfield_required gfield_required_text\">(N\u00e9cessaire)<\/span><\/span><\/legend><div class='ginput_container ginput_container_consent'><input name='input_10.1' id='input_7_10_1' type='checkbox' value='1'   aria-required=\"true\" aria-invalid=\"false\"   \/> <label class=\"gform-field-label gform-field-label--type-inline gfield_consent_label\" for='input_7_10_1' >Respeto las <a href=\"https:\/\/varibox.best4u.dev\/conditions-and-restrictions\/\">Restrictions<\/a><\/label><input type='hidden' name='input_10.2' value='Respeto las &lt;a href=&quot;https:\/\/varibox.best4u.dev\/conditions-and-restrictions\/&quot;&gt;Restrictions&lt;\/a&gt;' class='gform_hidden' \/><input type='hidden' name='input_10.3' value='3' class='gform_hidden' \/><\/div><\/fieldset><\/div><\/div>\n        <div class='gform-footer gform_footer top_label'> <input type='submit' id='gform_submit_button_7' class='gform_button button' onclick='gform.submission.handleButtonClick(this);' data-submission-type='submit' value='Envoyer'  \/> \n            <input type='hidden' class='gform_hidden' name='gform_submission_method' data-js='gform_submission_method_7' value='postback' \/>\n            <input type='hidden' class='gform_hidden' name='gform_theme' data-js='gform_theme_7' id='gform_theme_7' value='gravity-theme' \/>\n            <input type='hidden' class='gform_hidden' name='gform_style_settings' data-js='gform_style_settings_7' id='gform_style_settings_7' value='{&quot;inputPrimaryColor&quot;:&quot;#204ce5&quot;}' \/>\n            <input type='hidden' class='gform_hidden' name='is_submit_7' value='1' \/>\n            <input type='hidden' class='gform_hidden' name='gform_submit' value='7' \/>\n            \n            <input type='hidden' class='gform_hidden' name='gform_currency' data-currency='EUR' value='ty\/nRbE3clE9xSl5klYFG83DxcJ8SqsnDICCZNJJmSnTzwRbLwaAukOtMviXxjeCxLJG5wQc1l7hP5CyPx2GMbYICq2\/dzQQUfgbNZ+pcaUG\/Kw=' \/>\n            <input type='hidden' class='gform_hidden' name='gform_unique_id' value='' \/>\n            <input type='hidden' class='gform_hidden' name='state_7' value='WyJ7XCI2XCI6W1wiNmQwMTQ0YmJiYTBmMzk4MTk3MDM0ODI1Yzc2OWVmYmZcIixcImIwNzg1OTg2MjQ3MDMwZWIzOWVmYzViZjBhOTAwYzI3XCJdLFwiOS4xXCI6XCI4MGM5ZDQ4Mjg0ZjZiOTAwZGY3NzBmMDA5MTkzMDI1OVwiLFwiOS4yXCI6XCIyYWY0NTM5ODBjN2QyN2UyYzJiMjJkMGFiOWNmZWRiNFwiLFwiOS4zXCI6XCJjMWY3OTliNTljOWUyZTMzNGI5NmExYWYyNjcwMDY0OFwiLFwiMTAuMVwiOlwiODBjOWQ0ODI4NGY2YjkwMGRmNzcwZjAwOTE5MzAyNTlcIixcIjEwLjJcIjpcIjQ3NjM3MDA0OGNmNzg5MTlmZDJkMTZjZWE0YTk5MTg2XCIsXCIxMC4zXCI6XCJjMWY3OTliNTljOWUyZTMzNGI5NmExYWYyNjcwMDY0OFwifSIsIjBhODk2ZDU0OGZmMGE5MzNlZGRmNjk1MjA1ZGUzNzY2Il0=' \/>\n            <input type='hidden' autocomplete='off' class='gform_hidden' name='gform_target_page_number_7' id='gform_target_page_number_7' value='0' \/>\n            <input type='hidden' autocomplete='off' class='gform_hidden' name='gform_source_page_number_7' id='gform_source_page_number_7' value='1' \/>\n            <input type='hidden' name='gform_field_values' value='' \/>\n            \n        <\/div>\n                        <\/form>\n                        <\/div><script>\ngform.initializeOnLoaded( function() {gformInitSpinner( 7, 'https:\/\/varibox.best4u.dev\/wp-content\/plugins\/gravityforms\/images\/spinner.svg', true );jQuery('#gform_ajax_frame_7').on('load',function(){var contents = jQuery(this).contents().find('*').html();var is_postback = contents.indexOf('GF_AJAX_POSTBACK') >= 0;if(!is_postback){return;}var form_content = jQuery(this).contents().find('#gform_wrapper_7');var is_confirmation = jQuery(this).contents().find('#gform_confirmation_wrapper_7').length > 0;var is_redirect = contents.indexOf('gformRedirect(){') >= 0;var is_form = form_content.length > 0 && ! is_redirect && ! is_confirmation;var mt = parseInt(jQuery('html').css('margin-top'), 10) + parseInt(jQuery('body').css('margin-top'), 10) + 100;if(is_form){jQuery('#gform_wrapper_7').html(form_content.html());if(form_content.hasClass('gform_validation_error')){jQuery('#gform_wrapper_7').addClass('gform_validation_error');} else {jQuery('#gform_wrapper_7').removeClass('gform_validation_error');}setTimeout( function() { \/* delay the scroll by 50 milliseconds to fix a bug in chrome *\/  }, 50 );if(window['gformInitDatepicker']) {gformInitDatepicker();}if(window['gformInitPriceFields']) {gformInitPriceFields();}var current_page = jQuery('#gform_source_page_number_7').val();gformInitSpinner( 7, 'https:\/\/varibox.best4u.dev\/wp-content\/plugins\/gravityforms\/images\/spinner.svg', true );jQuery(document).trigger('gform_page_loaded', [7, current_page]);window['gf_submitting_7'] = false;}else if(!is_redirect){var confirmation_content = jQuery(this).contents().find('.GF_AJAX_POSTBACK').html();if(!confirmation_content){confirmation_content = contents;}jQuery('#gform_wrapper_7').replaceWith(confirmation_content);jQuery(document).trigger('gform_confirmation_loaded', [7]);window['gf_submitting_7'] = false;wp.a11y.speak(jQuery('#gform_confirmation_message_7').text());}else{jQuery('#gform_7').append(contents);if(window['gformRedirect']) {gformRedirect();}}jQuery(document).trigger(\"gform_pre_post_render\", [{ formId: \"7\", currentPage: \"current_page\", abort: function() { this.preventDefault(); } }]);        if (event && event.defaultPrevented) {                return;        }        const gformWrapperDiv = document.getElementById( \"gform_wrapper_7\" );        if ( gformWrapperDiv ) {            const visibilitySpan = document.createElement( \"span\" );            visibilitySpan.id = \"gform_visibility_test_7\";            gformWrapperDiv.insertAdjacentElement( \"afterend\", visibilitySpan );        }        const visibilityTestDiv = document.getElementById( \"gform_visibility_test_7\" );        let postRenderFired = false;        function triggerPostRender() {            if ( postRenderFired ) {                return;            }            postRenderFired = true;            gform.core.triggerPostRenderEvents( 7, current_page );            if ( visibilityTestDiv ) {                visibilityTestDiv.parentNode.removeChild( visibilityTestDiv );            }        }        function debounce( func, wait, immediate ) {            var timeout;            return function() {                var context = this, args = arguments;                var later = function() {                    timeout = null;                    if ( !immediate ) func.apply( context, args );                };                var callNow = immediate && !timeout;                clearTimeout( timeout );                timeout = setTimeout( later, wait );                if ( callNow ) func.apply( context, args );            };        }        const debouncedTriggerPostRender = debounce( function() {            triggerPostRender();        }, 200 );        if ( visibilityTestDiv && visibilityTestDiv.offsetParent === null ) {            const observer = new MutationObserver( ( mutations ) => {                mutations.forEach( ( mutation ) => {                    if ( mutation.type === 'attributes' && visibilityTestDiv.offsetParent !== null ) {                        debouncedTriggerPostRender();                        observer.disconnect();                    }                });            });            observer.observe( document.body, {                attributes: true,                childList: false,                subtree: true,                attributeFilter: [ 'style', 'class' ],            });        } else {            triggerPostRender();        }    } );} );\n<\/script>\n\n\n\n<h3 class=\"wp-block-heading\" id=\"support-for-your-varibox-connect\">Assistance \u00e0 la connexion VARIBOX Connect<\/h3>\n\n\n\n<p>Vous utilisez d\u00e9j\u00e0 VARIBOX Connect ? Vous avez besoin d&rsquo;aide ? Ou vous voulez plus d&rsquo;informations, n&rsquo;h\u00e9sitez pas \u00e0 nous contacter \u00e0 info@varibox-ibc.com ou vous pouvez appeler le +31 570 660 711.<\/p>\n\n\n\n<div style=\"height:60px\" aria-hidden=\"true\" class=\"wp-block-spacer\"><\/div>\n","protected":false},"excerpt":{"rendered":"<p>Page de connexion VARIBOX Connect Bienvenue sur la page de connexon VARIBOX Connect. Si vous cherchez la page de connexion de votre organisation, vous pouvez utiliser le num\u00e9ro de votre entreprise unique derri\u00e8re l&rsquo;URL de VARIBOX-Connect.com. Cela vous conduira \u00e0 l&rsquo;\u00e9cran de connexion de Connect. Si vous avez besoin de votre num\u00e9ro d&rsquo;entreprise unique, veuillez [&hellip;]<\/p>\n","protected":false},"author":1,"featured_media":28769,"parent":0,"menu_order":0,"comment_status":"open","ping_status":"open","template":"","meta":{"_acf_changed":false,"footnotes":""},"class_list":["post-57803","page","type-page","status-publish","has-post-thumbnail","hentry"],"blocksy_meta":{"styles_descriptor":{"styles":{"desktop":"","tablet":"","mobile":""},"google_fonts":[],"version":6}},"featured_image_urls_v2":{"full":["https:\/\/varibox.best4u.dev\/wp-content\/uploads\/2024\/10\/image-11.jpg",768,446,false],"thumbnail":["https:\/\/varibox.best4u.dev\/wp-content\/uploads\/2024\/10\/image-11-256x256.jpg",256,256,true],"medium":["https:\/\/varibox.best4u.dev\/wp-content\/uploads\/2024\/10\/image-11-512x297.jpg",512,297,true],"medium_large":["https:\/\/varibox.best4u.dev\/wp-content\/uploads\/2024\/10\/image-11.jpg",768,446,false],"large":["https:\/\/varibox.best4u.dev\/wp-content\/uploads\/2024\/10\/image-11.jpg",768,446,false],"1536x1536":["https:\/\/varibox.best4u.dev\/wp-content\/uploads\/2024\/10\/image-11.jpg",768,446,false],"2048x2048":["https:\/\/varibox.best4u.dev\/wp-content\/uploads\/2024\/10\/image-11.jpg",768,446,false],"woocommerce_archive_thumbnail":["https:\/\/varibox.best4u.dev\/wp-content\/uploads\/2024\/10\/image-11-270x157.jpg",270,157,true],"gform-image-choice-sm":["https:\/\/varibox.best4u.dev\/wp-content\/uploads\/2024\/10\/image-11.jpg",300,174,false],"gform-image-choice-md":["https:\/\/varibox.best4u.dev\/wp-content\/uploads\/2024\/10\/image-11.jpg",400,232,false],"gform-image-choice-lg":["https:\/\/varibox.best4u.dev\/wp-content\/uploads\/2024\/10\/image-11.jpg",600,348,false],"woocommerce_thumbnail":["https:\/\/varibox.best4u.dev\/wp-content\/uploads\/2024\/10\/image-11-270x157.jpg",270,157,true],"woocommerce_single":["https:\/\/varibox.best4u.dev\/wp-content\/uploads\/2024\/10\/image-11.jpg",768,446,false],"woocommerce_gallery_thumbnail":["https:\/\/varibox.best4u.dev\/wp-content\/uploads\/2024\/10\/image-11-100x100.jpg",100,100,true],"variation_swatches_image_size":["https:\/\/varibox.best4u.dev\/wp-content\/uploads\/2024\/10\/image-11-50x50.jpg",50,50,true],"variation_swatches_tooltip_size":["https:\/\/varibox.best4u.dev\/wp-content\/uploads\/2024\/10\/image-11-100x100.jpg",100,100,true]},"post_excerpt_stackable_v2":"<p>Page de connexion VARIBOX Connect Bienvenue sur la page de connexon VARIBOX Connect. Si vous cherchez la page de connexion de votre organisation, vous pouvez utiliser le num\u00e9ro de votre entreprise unique derri\u00e8re l&rsquo;URL de VARIBOX-Connect.com. Cela vous conduira \u00e0 l&rsquo;\u00e9cran de connexion de Connect. Si vous avez besoin de votre num\u00e9ro d&rsquo;entreprise unique, veuillez contacter l&rsquo;administrateur de votre compte VARIBOX Connect. Page de connexion VARIBOX Connect Vous \u00eates nouveau sur VARIBOX Connect ? Connectons-nous ! VARIBOX Connect vous fournit un tableau de bord personnel o\u00f9 vous pouvez voir l&#8217;emplacement de vos VARIBOX et quelle quantit\u00e9 de produit se trouve\u2026<\/p>\n","category_list_v2":"","author_info_v2":{"name":"Best4u","url":"https:\/\/varibox.best4u.dev\/fr\/author\/best4u\/"},"comments_num_v2":"0 comments","acf":[],"_links":{"self":[{"href":"https:\/\/varibox.best4u.dev\/fr\/wp-json\/wp\/v2\/pages\/57803","targetHints":{"allow":["GET"]}}],"collection":[{"href":"https:\/\/varibox.best4u.dev\/fr\/wp-json\/wp\/v2\/pages"}],"about":[{"href":"https:\/\/varibox.best4u.dev\/fr\/wp-json\/wp\/v2\/types\/page"}],"author":[{"embeddable":true,"href":"https:\/\/varibox.best4u.dev\/fr\/wp-json\/wp\/v2\/users\/1"}],"replies":[{"embeddable":true,"href":"https:\/\/varibox.best4u.dev\/fr\/wp-json\/wp\/v2\/comments?post=57803"}],"version-history":[{"count":1,"href":"https:\/\/varibox.best4u.dev\/fr\/wp-json\/wp\/v2\/pages\/57803\/revisions"}],"predecessor-version":[{"id":57804,"href":"https:\/\/varibox.best4u.dev\/fr\/wp-json\/wp\/v2\/pages\/57803\/revisions\/57804"}],"wp:featuredmedia":[{"embeddable":true,"href":"https:\/\/varibox.best4u.dev\/fr\/wp-json\/wp\/v2\/media\/28769"}],"wp:attachment":[{"href":"https:\/\/varibox.best4u.dev\/fr\/wp-json\/wp\/v2\/media?parent=57803"}],"curies":[{"name":"wp","href":"https:\/\/api.w.org\/{rel}","templated":true}]}}