{"id":57194,"date":"2022-02-15T12:41:42","date_gmt":"2022-02-15T11:41:42","guid":{"rendered":"https:\/\/varibox.best4u.dev\/formation-aux-produits-varibox\/"},"modified":"2024-11-08T11:41:14","modified_gmt":"2024-11-08T10:41:14","slug":"formation-aux-produits-varibox","status":"publish","type":"page","link":"https:\/\/varibox.best4u.dev\/fr\/formation-aux-produits-varibox\/","title":{"rendered":"Formation aux produits VARIBOX"},"content":{"rendered":"\n<div class=\"wp-block-ugb-columns ugb-columns ugb-0d5d96e ugb-columns--design-plain ugb-columns--columns-2 ugb-main-block\"><style>.ugb-0d5d96e > .ugb-inner-block > .ugb-block-content > .ugb-columns__item{grid-template-columns:1.40fr 0.60fr !important}@media screen and (min-width:768px){.ugb-0d5d96e.ugb-columns{margin-bottom:83px !important}}@media screen and (max-width:768px){.ugb-0d5d96e-content-wrapper{grid-row-gap:0 !important}}<\/style><div class=\"ugb-inner-block\"><div class=\"ugb-block-content\"><div class=\"ugb-columns__item ugb-0d5d96e-content-wrapper\">\n<div class=\"wp-block-ugb-column ugb-column ugb-b383129 ugb-column--design-plain ugb-main-block\"><div class=\"ugb-inner-block\"><div class=\"ugb-block-content\"><div class=\"ugb-column__item ugb-b383129-column-wrapper\"><div class=\"ugb-column__content-wrapper\">\n<div class=\"wp-block-ugb-heading ugb-heading wow animate__animated animate__fadeIn ugb-bcdb7f0 ugb-main-block\"><style>.ugb-bcdb7f0 .ugb-heading__subtitle{margin-bottom:-5px !important}<\/style><div class=\"ugb-inner-block\"><div class=\"ugb-block-content\"><h1 class=\"ugb-heading__title\">Formation aux produits VARIBOX<\/h1><p class=\"ugb-heading__subtitle\">Chez VARIBOX, travailler en toute s\u00e9curit\u00e9 avec des produits chimiques est la priorit\u00e9 absolue. La connaissance de la s\u00e9curit\u00e9 est essentielle, c&rsquo;est pourquoi nous avons cr\u00e9\u00e9 la formation sur les produits VARIBOX. Cette formation sp\u00e9cialement d\u00e9velopp\u00e9e a pour but de contribuer \u00e0 travailler en toute s\u00e9curit\u00e9 avec des produits chimiques et \u00e0 reconna\u00eetre les situations dangereuses concernant les grands r\u00e9cipients pour vrac (GRV).&nbsp;<\/p><\/div><\/div><\/div>\n\n\n\n<div class=\"wp-block-ugb-button ugb-button-wrapper green-button wow animate__animated animate__fadeIn ugb-e429545 ugb-button--mobile-aligned ugb-main-block\"><style>.ugb-e429545 .ugb-block-content{justify-content:flex-start !important}.ugb-e429545 .ugb-button1 .ugb-button--inner{font-weight:bold !important}.ugb-e429545 .ugb-button1:hover{opacity:1}.ugb-e429545 .ugb-inner-block{text-align:left}@media screen and (max-width:768px){.ugb-e429545 .ugb-block-content{justify-content:center !important}.ugb-e429545 .ugb-inner-block{text-align:center}}<\/style><div class=\"ugb-inner-block\"><div class=\"ugb-block-content\"><div class=\"ugb-button-container\"><a class=\"ugb-button1 ugb-button ugb-button--size-normal\" href=\"https:\/\/varibox.best4u.dev\/fr\/formulaire-de-contact\/\" target=\"_blank\" rel=\"noopener noreferrer\" title=\"\"><span class=\"ugb-button--inner\">Contactez-nous<\/span><\/a><\/div><\/div><\/div><\/div>\n<\/div><\/div><\/div><\/div><\/div>\n\n\n\n<div class=\"wp-block-ugb-column ugb-column ugb-e882f9a ugb-column--design-plain ugb-main-block\"><style>@media screen and (max-width:768px){.ugb-e882f9a .ugb-inner-block{text-align:center}}<\/style><div class=\"ugb-inner-block\"><div class=\"ugb-block-content\"><div class=\"ugb-column__item ugb-e882f9a-column-wrapper\"><div class=\"ugb-column__content-wrapper\">\n<figure class=\"wp-block-image size-full wow animate__animated animate__fadeIn\"><img decoding=\"async\" src=\"https:\/\/varibox.best4u.dev\/wp-content\/uploads\/2024\/10\/image-2.jpg\" alt=\"\" class=\"wp-image-175\"\/><\/figure>\n<\/div><\/div><\/div><\/div><\/div>\n<\/div><\/div><\/div><\/div>\n\n\n\n<div class=\"alignfull wp-block-ugb-container ugb-container ugb-25beaa0 ugb-container--v2 ugb-container--design-plain ugb-main-block ugb-main-block--inner-center ugb--has-block-background\"><style>.ugb-25beaa0.ugb-container{background-color:var(--theme-palette-color-7,#F9FAFB)}.ugb-25beaa0.ugb-container:before{background-color:var(--theme-palette-color-7,#F9FAFB)}@media screen and (min-width:768px){.ugb-25beaa0-content-wrapper.ugb-container__content-wrapper{width:85% !important}.ugb-25beaa0.ugb-container{margin-bottom:0px !important;padding-top:0px !important;padding-right:35px !important;padding-bottom:0px !important;padding-left:35px !important}}@media screen and (min-width:768px) and (max-width:1025px){.ugb-25beaa0-content-wrapper.ugb-container__content-wrapper{width:100% !important}}@media screen and (max-width:768px){.ugb-25beaa0.ugb-container{margin-bottom:0px !important;padding-top:0px !important;padding-right:18px !important;padding-bottom:0px !important;padding-left:18px !important}}@media screen and (min-width:768px){.ugb-25beaa0 > .ugb-inner-block > .ugb-block-content > *{padding-top:40px !important;padding-bottom:40px !important}}@media screen and (max-width:768px){.ugb-25beaa0 > .ugb-inner-block > .ugb-block-content > *{padding-top:35px !important;padding-bottom:0px !important}}<\/style><div class=\"ugb-inner-block ugb-inner-block--center\"><div class=\"ugb-block-content\"><div class=\"ugb-container__wrapper ugb-25beaa0-wrapper\"><div class=\"ugb-container__side\"><div class=\"ugb-container__content-wrapper ugb-25beaa0-content-wrapper\">\n<div class=\"aligncenter wp-block-ugb-columns ugb-columns top-icons-columns ugb-609d063 ugb-columns--design-plain ugb-columns--columns-3 ugb-main-block\"><style>.ugb-609d063-content-wrapper{grid-column-gap:15px !important}@media screen and (min-width:768px) and (max-width:1025px){.ugb-609d063-content-wrapper{grid-column-gap:0px !important}}@media screen and (max-width:768px){.ugb-609d063-content-wrapper{grid-row-gap:0 !important;grid-column-gap:0px !important}.ugb-609d063 .ugb-inner-block{text-align:center}.ugb-609d063.ugb-columns{margin-top:0px !important;margin-bottom:0px !important}}<\/style><div class=\"ugb-inner-block\"><div class=\"ugb-block-content\"><div class=\"ugb-columns__item ugb-609d063-content-wrapper\">\n<div class=\"wp-block-ugb-column ugb-column ugb-aa84cea ugb-column--design-plain ugb-main-block\"><div class=\"ugb-inner-block\"><div class=\"ugb-block-content\"><div class=\"ugb-column__item ugb-aa84cea-column-wrapper\"><div class=\"ugb-column__content-wrapper\">\n<div class=\"wp-block-group is-layout-flow wp-block-group-is-layout-flow\">\n<div class=\"wp-block-media-text alignwide is-stacked-on-mobile is-vertically-aligned-center content-pages-top-icons\" style=\"grid-template-columns:30% auto\"><figure class=\"wp-block-media-text__media\"><img decoding=\"async\" src=\"https:\/\/varibox.best4u.dev\/wp-content\/uploads\/2021\/12\/test.svg\" alt=\"\" class=\"wp-image-3005 size-full\"\/><\/figure><div class=\"wp-block-media-text__content\">\n<h4 class=\"wp-block-heading has-text-align-left has-medium-font-size\">Plus s\u00fbr<\/h4>\n<\/div><\/div>\n<\/div>\n<\/div><\/div><\/div><\/div><\/div>\n\n\n\n<div class=\"wp-block-ugb-column ugb-column ugb-a25ba9c ugb-column--design-plain ugb-main-block\"><div class=\"ugb-inner-block\"><div class=\"ugb-block-content\"><div class=\"ugb-column__item ugb-a25ba9c-column-wrapper\"><div class=\"ugb-column__content-wrapper\">\n<div class=\"wp-block-group is-layout-flow wp-block-group-is-layout-flow\">\n<div class=\"wp-block-media-text alignwide is-stacked-on-mobile is-vertically-aligned-center content-pages-top-icons\" style=\"grid-template-columns:30% auto\"><figure class=\"wp-block-media-text__media\"><img decoding=\"async\" src=\"https:\/\/varibox.best4u.dev\/wp-content\/uploads\/2021\/11\/reuseablility-green-1.svg\" alt=\"\" class=\"wp-image-1838 size-full\"\/><\/figure><div class=\"wp-block-media-text__content\">\n<h4 class=\"wp-block-heading has-text-align-left has-medium-font-size\">R\u00e9utilisable<\/h4>\n<\/div><\/div>\n<\/div>\n<\/div><\/div><\/div><\/div><\/div>\n\n\n\n<div class=\"wp-block-ugb-column ugb-column ugb-ed3faa1 ugb-column--design-plain ugb-main-block\"><div class=\"ugb-inner-block\"><div class=\"ugb-block-content\"><div class=\"ugb-column__item ugb-ed3faa1-column-wrapper\"><div class=\"ugb-column__content-wrapper\">\n<div class=\"wp-block-group is-layout-flow wp-block-group-is-layout-flow\">\n<div class=\"wp-block-media-text alignwide is-stacked-on-mobile is-vertically-aligned-center content-pages-top-icons\" style=\"grid-template-columns:29% auto\"><figure class=\"wp-block-media-text__media\"><img decoding=\"async\" src=\"https:\/\/varibox.best4u.dev\/wp-content\/uploads\/2021\/11\/sustainability-green-1.svg\" alt=\"\" class=\"wp-image-1851 size-full\"\/><\/figure><div class=\"wp-block-media-text__content\">\n<h4 class=\"wp-block-heading has-text-align-left has-medium-font-size\">Durable<\/h4>\n<\/div><\/div>\n<\/div>\n<\/div><\/div><\/div><\/div><\/div>\n<\/div><\/div><\/div><\/div>\n<\/div><\/div><\/div><\/div><\/div><\/div>\n\n\n\n<h3 class=\"wp-block-heading\" id=\"diversity-of-topics\">Diversit\u00e9 des sujets<\/h3>\n\n\n\n<p>Chez VARIBOX, la s\u00e9curit\u00e9 est toujours la priorit\u00e9 num\u00e9ro 1. Nous sommes heureux de vous aider \u00e0 atteindre vos objectifs de s\u00e9curit\u00e9. Nous vous proposons volontiers nos formations pour vous aider \u00e0 travailler en toute s\u00e9curit\u00e9 avec des produits chimiques. La formation sur les produits VARIBOX est divis\u00e9e en plusieurs th\u00e8mes :<\/p>\n\n\n\n<p>Reconna\u00eetre les situations dangereuses avec les GRV.<br>Conna\u00eetre les r\u00e9glementations de stockage et de transport qui s&rsquo;appliquent aux GRV.<br>Savoir lire le marquage UN.<br>Aspects pertinents de l&rsquo;ONU et de l&rsquo;ADR (r\u00e9glementations pour le stockage et le transport) qui s&rsquo;appliquent aux IBC.<br>Diff\u00e9rence entre les mat\u00e9riaux d&rsquo;\u00e9tanch\u00e9it\u00e9 EPDM et Viton.<br>Caract\u00e9ristiques du produit VARIBOX.<br>S\u00e9curit\u00e9 dans l&rsquo;utilisation du VARIBOX.<br>Connexion et d\u00e9connexion s\u00e9curis\u00e9es des coupleurs VARIBOX.<br>Types d&rsquo;\u00e9vent du VARIBOX.<br>Nettoyage du VARIBOX.<\/p>\n\n\n\n<p>Bien entendu, en plus de ces sujets, vos besoins sp\u00e9cifiques sont examin\u00e9s en d\u00e9tail.<\/p>\n\n\n\n<h3 class=\"wp-block-heading\" id=\"would-you-like-to-have-a-look-behind-the-scenes\">Voulez-vous jeter un coup d&rsquo;\u0153il dans les coulisses ?<\/h3>\n\n\n\n<p>Vous souhaitez jeter un coup d&rsquo;\u0153il dans les coulisses ? Il est possible de suivre la formation VARIBOX sur notre site de production. Notre site est adapt\u00e9 aux formations de groupe. En outre, vous pouvez voir comment le VARIBOX est produit sur notre ligne de production ergonomique. Nous vous invitons \u00e9galement \u00e0 d\u00e9couvrir le VARIBOX dans notre salle d&rsquo;exposition.<\/p>\n\n\n\n<h3 class=\"has-text-align-center wp-block-heading\" id=\"varibox-product-training-on-location\">Formation aux produits VARIBOX chez vous<\/h3>\n\n\n\n<p>Vous pr\u00e9f\u00e9rez que la r\u00e9union se d\u00e9roule chez vous ? C&rsquo;est \u00e9galement possible ! La formation peut \u00e9galement \u00eatre assur\u00e9e par nos charg\u00e9s de client\u00e8le. Nous vous expliquerons volontiers sur votre site comment travailler en toute s\u00e9curit\u00e9 avec des produits chimiques \u00e0 l&rsquo;aide du VARIBOX.<\/p>\n\n\n\n<figure class=\"wp-block-image size-full\"><img decoding=\"async\" src=\"https:\/\/varibox.best4u.dev\/wp-content\/uploads\/2024\/10\/Erfahrungsaustausch-Vion-Sifas-05-2019-1024x768-1.jpg\" alt=\"\" class=\"wp-image-8713\" title=\"VARIBOX product training\"\/><\/figure>\n\n\n\n<h3 class=\"wp-block-heading\" id=\"more-information\">Plus d&rsquo;informations sur la formation aux produits VARIBOX<\/h3>\n\n\n\n<p class=\"has-text-align-left\">Vous souhaitez prendre un rendez-vous ? Vous avez d&rsquo;autres questions sp\u00e9cifiques ou vous voulez en savoir plus sur notre <a href=\"https:\/\/varibox.best4u.dev\/fr\/varibox_product\/varibox-full-containment\/\" target=\"_blank\" rel=\"noreferrer noopener\">VARIBOX FC<\/a> ou <a href=\"https:\/\/varibox.best4u.dev\/fr\/varibox_product\/varibox-single-containment\/\" target=\"_blank\" rel=\"noreferrer noopener\">VARIBOX SC<\/a> ? N&rsquo;h\u00e9sitez pas \u00e0 nous contacter : <a href=\"mailto:montoir@varibox-ibc.com\">montoir@varibox-ibc.com<\/a> ou appelez le + 33 (0) 3 2163 1222.<\/p>\n\n\n\n<div class=\"wp-block-ugb-button ugb-button-wrapper green-button wow animate__animated animate__fadeIn ugb-1f71c95 ugb-button--mobile-aligned ugb-main-block\"><style>.ugb-1f71c95 .ugb-block-content{justify-content:center !important}.ugb-1f71c95 .ugb-button1 .ugb-button--inner{font-weight:bold !important}.ugb-1f71c95 .ugb-button1:hover{opacity:1}.ugb-1f71c95 .ugb-inner-block{text-align:center}@media screen and (max-width:768px){.ugb-1f71c95 .ugb-block-content{justify-content:center !important}.ugb-1f71c95 .ugb-inner-block{text-align:center}}<\/style><div class=\"ugb-inner-block\"><div class=\"ugb-block-content\"><div class=\"ugb-button-container\"><a class=\"ugb-button1 ugb-button ugb-button--size-normal\" href=\"https:\/\/varibox.best4u.dev\/fr\/formulaire-de-contact\/\" target=\"_blank\" rel=\"noopener noreferrer\" title=\"\"><span class=\"ugb-button--inner\">Contactez-nous<\/span><\/a><\/div><\/div><\/div><\/div>\n\n\n\n<p><\/p>\n","protected":false},"excerpt":{"rendered":"<p>Formation aux produits VARIBOX Chez VARIBOX, travailler en toute s\u00e9curit\u00e9 avec des produits chimiques est la priorit\u00e9 absolue. La connaissance de la s\u00e9curit\u00e9 est essentielle, c&rsquo;est pourquoi nous avons cr\u00e9\u00e9 la formation sur les produits VARIBOX. Cette formation sp\u00e9cialement d\u00e9velopp\u00e9e a pour but de contribuer \u00e0 travailler en toute s\u00e9curit\u00e9 avec des produits chimiques et [&hellip;]<\/p>\n","protected":false},"author":1,"featured_media":29373,"parent":0,"menu_order":0,"comment_status":"open","ping_status":"open","template":"","meta":{"_acf_changed":false,"footnotes":""},"class_list":["post-57194","page","type-page","status-publish","has-post-thumbnail","hentry"],"blocksy_meta":{"styles_descriptor":{"styles":{"desktop":"","tablet":"","mobile":""},"google_fonts":[],"version":6}},"featured_image_urls_v2":{"full":["https:\/\/varibox.best4u.dev\/wp-content\/uploads\/2024\/10\/Erfahrungsaustausch-Vion-Sifas-05-2019-1024x768-1.jpg",1024,768,false],"thumbnail":["https:\/\/varibox.best4u.dev\/wp-content\/uploads\/2024\/10\/Erfahrungsaustausch-Vion-Sifas-05-2019-1024x768-1-256x256.jpg",256,256,true],"medium":["https:\/\/varibox.best4u.dev\/wp-content\/uploads\/2024\/10\/Erfahrungsaustausch-Vion-Sifas-05-2019-1024x768-1-512x384.jpg",512,384,true],"medium_large":["https:\/\/varibox.best4u.dev\/wp-content\/uploads\/2024\/10\/Erfahrungsaustausch-Vion-Sifas-05-2019-1024x768-1-768x576.jpg",768,576,true],"large":["https:\/\/varibox.best4u.dev\/wp-content\/uploads\/2024\/10\/Erfahrungsaustausch-Vion-Sifas-05-2019-1024x768-1.jpg",1024,768,false],"1536x1536":["https:\/\/varibox.best4u.dev\/wp-content\/uploads\/2024\/10\/Erfahrungsaustausch-Vion-Sifas-05-2019-1024x768-1.jpg",1024,768,false],"2048x2048":["https:\/\/varibox.best4u.dev\/wp-content\/uploads\/2024\/10\/Erfahrungsaustausch-Vion-Sifas-05-2019-1024x768-1.jpg",1024,768,false],"woocommerce_archive_thumbnail":["https:\/\/varibox.best4u.dev\/wp-content\/uploads\/2024\/10\/Erfahrungsaustausch-Vion-Sifas-05-2019-1024x768-1-270x203.jpg",270,203,true],"gform-image-choice-sm":["https:\/\/varibox.best4u.dev\/wp-content\/uploads\/2024\/10\/Erfahrungsaustausch-Vion-Sifas-05-2019-1024x768-1.jpg",300,225,false],"gform-image-choice-md":["https:\/\/varibox.best4u.dev\/wp-content\/uploads\/2024\/10\/Erfahrungsaustausch-Vion-Sifas-05-2019-1024x768-1.jpg",400,300,false],"gform-image-choice-lg":["https:\/\/varibox.best4u.dev\/wp-content\/uploads\/2024\/10\/Erfahrungsaustausch-Vion-Sifas-05-2019-1024x768-1.jpg",600,450,false],"woocommerce_thumbnail":["https:\/\/varibox.best4u.dev\/wp-content\/uploads\/2024\/10\/Erfahrungsaustausch-Vion-Sifas-05-2019-1024x768-1-270x203.jpg",270,203,true],"woocommerce_single":["https:\/\/varibox.best4u.dev\/wp-content\/uploads\/2024\/10\/Erfahrungsaustausch-Vion-Sifas-05-2019-1024x768-1.jpg",1024,768,false],"woocommerce_gallery_thumbnail":["https:\/\/varibox.best4u.dev\/wp-content\/uploads\/2024\/10\/Erfahrungsaustausch-Vion-Sifas-05-2019-1024x768-1-100x100.jpg",100,100,true],"variation_swatches_image_size":["https:\/\/varibox.best4u.dev\/wp-content\/uploads\/2024\/10\/Erfahrungsaustausch-Vion-Sifas-05-2019-1024x768-1-50x50.jpg",50,50,true],"variation_swatches_tooltip_size":["https:\/\/varibox.best4u.dev\/wp-content\/uploads\/2024\/10\/Erfahrungsaustausch-Vion-Sifas-05-2019-1024x768-1-100x100.jpg",100,100,true]},"post_excerpt_stackable_v2":"<p>Formation aux produits VARIBOXChez VARIBOX, travailler en toute s\u00e9curit\u00e9 avec des produits chimiques est la priorit\u00e9 absolue. La connaissance de la s\u00e9curit\u00e9 est essentielle, c&rsquo;est pourquoi nous avons cr\u00e9\u00e9 la formation sur les produits VARIBOX. Cette formation sp\u00e9cialement d\u00e9velopp\u00e9e a pour but de contribuer \u00e0 travailler en toute s\u00e9curit\u00e9 avec des produits chimiques et \u00e0 reconna\u00eetre les situations dangereuses concernant les grands r\u00e9cipients pour vrac (GRV).&nbsp; Contactez-nous Plus s\u00fbr R\u00e9utilisable Durable Diversit\u00e9 des sujets Chez VARIBOX, la s\u00e9curit\u00e9 est toujours la priorit\u00e9 num\u00e9ro 1. Nous sommes heureux de vous aider \u00e0 atteindre vos objectifs de s\u00e9curit\u00e9. Nous vous proposons volontiers\u2026<\/p>\n","category_list_v2":"","author_info_v2":{"name":"Best4u","url":"https:\/\/varibox.best4u.dev\/fr\/author\/best4u\/"},"comments_num_v2":"0 comments","acf":[],"_links":{"self":[{"href":"https:\/\/varibox.best4u.dev\/fr\/wp-json\/wp\/v2\/pages\/57194","targetHints":{"allow":["GET"]}}],"collection":[{"href":"https:\/\/varibox.best4u.dev\/fr\/wp-json\/wp\/v2\/pages"}],"about":[{"href":"https:\/\/varibox.best4u.dev\/fr\/wp-json\/wp\/v2\/types\/page"}],"author":[{"embeddable":true,"href":"https:\/\/varibox.best4u.dev\/fr\/wp-json\/wp\/v2\/users\/1"}],"replies":[{"embeddable":true,"href":"https:\/\/varibox.best4u.dev\/fr\/wp-json\/wp\/v2\/comments?post=57194"}],"version-history":[{"count":1,"href":"https:\/\/varibox.best4u.dev\/fr\/wp-json\/wp\/v2\/pages\/57194\/revisions"}],"predecessor-version":[{"id":57195,"href":"https:\/\/varibox.best4u.dev\/fr\/wp-json\/wp\/v2\/pages\/57194\/revisions\/57195"}],"wp:featuredmedia":[{"embeddable":true,"href":"https:\/\/varibox.best4u.dev\/fr\/wp-json\/wp\/v2\/media\/29373"}],"wp:attachment":[{"href":"https:\/\/varibox.best4u.dev\/fr\/wp-json\/wp\/v2\/media?parent=57194"}],"curies":[{"name":"wp","href":"https:\/\/api.w.org\/{rel}","templated":true}]}}