{"id":56574,"date":"2021-09-06T08:18:34","date_gmt":"2021-09-06T06:18:34","guid":{"rendered":"https:\/\/varibox.best4u.dev\/temoignages-client\/"},"modified":"2025-05-22T11:19:16","modified_gmt":"2025-05-22T09:19:16","slug":"temoignages-client","status":"publish","type":"page","link":"https:\/\/varibox.best4u.dev\/fr\/temoignages-client\/","title":{"rendered":"T\u00e9moignages"},"content":{"rendered":"\n<div class=\"wp-block-ugb-columns ugb-columns ugb-0d5d96e ugb-columns--design-plain ugb-columns--columns-2 ugb-main-block\"><style>.ugb-0d5d96e > .ugb-inner-block > .ugb-block-content > .ugb-columns__item{grid-template-columns:1.40fr 0.60fr !important}@media screen and (min-width:768px){.ugb-0d5d96e.ugb-columns{margin-bottom:83px !important}}@media screen and (max-width:768px){.ugb-0d5d96e-content-wrapper{grid-row-gap:0 !important}}<\/style><div class=\"ugb-inner-block\"><div class=\"ugb-block-content\"><div class=\"ugb-columns__item ugb-0d5d96e-content-wrapper\">\n<div class=\"wp-block-ugb-column ugb-column ugb-b383129 ugb-column--design-plain ugb-main-block\"><div class=\"ugb-inner-block\"><div class=\"ugb-block-content\"><div class=\"ugb-column__item ugb-b383129-column-wrapper\"><div class=\"ugb-column__content-wrapper\">\n<div class=\"wp-block-ugb-heading ugb-heading wow animate__animated animate__fadeIn ugb-bcdb7f0 ugb-main-block\"><style>.ugb-bcdb7f0 .ugb-heading__subtitle{margin-bottom:-5px !important}<\/style><div class=\"ugb-inner-block\"><div class=\"ugb-block-content\"><h1 class=\"ugb-heading__title\">T\u00e9moignages client<\/h1><p class=\"ugb-heading__subtitle\">La conception et la construction durables, r\u00e9utilisables et s\u00fbres permettent \u00e0 nos IBC VARIBOX d&rsquo;\u00eatre utilis\u00e9s dans de nombreuses applications pour de multiples march\u00e9s. Dans cette page, vous trouverez diff\u00e9rents t\u00e9moignages client. Principalement des fournisseurs et utilisateurs de produits chimiques qui vous feront d\u00e9couvrir comment nos IBCs VARIBOX sont utilis\u00e9s au quotidien de mani\u00e8re optimale afin de renforcer la s\u00e9curit\u00e9 dans la manipulation de produits liquides dangereux.<\/p><\/div><\/div><\/div>\n\n\n\n<div class=\"wp-block-ugb-button ugb-button-wrapper green-button wow animate__animated animate__fadeIn ugb-1f71c95 ugb-button--mobile-aligned ugb-main-block\"><style>.ugb-1f71c95 .ugb-block-content{justify-content:flex-start !important}.ugb-1f71c95 .ugb-button1 .ugb-button--inner{font-weight:bold !important}.ugb-1f71c95 .ugb-button1:hover{opacity:1}.ugb-1f71c95 .ugb-inner-block{text-align:left}@media screen and (max-width:768px){.ugb-1f71c95 .ugb-block-content{justify-content:center !important}.ugb-1f71c95 .ugb-inner-block{text-align:center}}<\/style><div class=\"ugb-inner-block\"><div class=\"ugb-block-content\"><div class=\"ugb-button-container\"><a class=\"ugb-button1 ugb-button ugb-button--size-normal\" href=\"https:\/\/varibox.best4u.dev\/fr\/formulaire-de-contact\/\" rel=\"\" title=\"\"><span class=\"ugb-button--inner\">Contactez-nous<\/span><\/a><\/div><\/div><\/div><\/div>\n<\/div><\/div><\/div><\/div><\/div>\n\n\n\n<div class=\"wp-block-ugb-column ugb-column ugb-e882f9a ugb-column--design-plain ugb-main-block\"><style>@media screen and (max-width:768px){.ugb-e882f9a .ugb-inner-block{text-align:center}}<\/style><div class=\"ugb-inner-block\"><div class=\"ugb-block-content\"><div class=\"ugb-column__item ugb-e882f9a-column-wrapper\"><div class=\"ugb-column__content-wrapper\">\n<figure class=\"wp-block-image size-full wow animate__animated animate__fadeIn\"><img decoding=\"async\" width=\"325\" height=\"370\" src=\"https:\/\/varibox.best4u.dev\/wp-content\/uploads\/2024\/11\/VARIBOX-Compact-Containment-54.png\" alt=\"\" class=\"wp-image-62452\" srcset=\"https:\/\/varibox.best4u.dev\/wp-content\/uploads\/2024\/11\/VARIBOX-Compact-Containment-54.png 325w, https:\/\/varibox.best4u.dev\/wp-content\/uploads\/2024\/11\/VARIBOX-Compact-Containment-54-270x307.png 270w\" sizes=\"(max-width: 325px) 100vw, 325px\" \/><\/figure>\n<\/div><\/div><\/div><\/div><\/div>\n<\/div><\/div><\/div><\/div>\n\n\n\n<div class=\"alignfull wp-block-ugb-container ugb-container ugb-25beaa0 ugb-container--v2 ugb-container--design-plain ugb-main-block ugb-main-block--inner-center ugb--has-block-background\"><style>.ugb-25beaa0.ugb-container{background-color:var(--theme-palette-color-7,#F9FAFB)}.ugb-25beaa0.ugb-container:before{background-color:var(--theme-palette-color-7,#F9FAFB)}@media screen and (min-width:768px){.ugb-25beaa0-content-wrapper.ugb-container__content-wrapper{width:85% !important}.ugb-25beaa0.ugb-container{margin-bottom:0px !important;padding-top:0px !important;padding-right:35px !important;padding-bottom:0px !important;padding-left:35px !important}}@media screen and (min-width:768px) and (max-width:1025px){.ugb-25beaa0-content-wrapper.ugb-container__content-wrapper{width:100% !important}}@media screen and (max-width:768px){.ugb-25beaa0.ugb-container{margin-bottom:0px !important;padding-top:0px !important;padding-right:18px !important;padding-bottom:0px !important;padding-left:18px !important}}@media screen and (min-width:768px){.ugb-25beaa0 > .ugb-inner-block > .ugb-block-content > *{padding-top:40px !important;padding-bottom:40px !important}}@media screen and (max-width:768px){.ugb-25beaa0 > .ugb-inner-block > .ugb-block-content > *{padding-top:35px !important;padding-bottom:0px !important}}<\/style><div class=\"ugb-inner-block ugb-inner-block--center\"><div class=\"ugb-block-content\"><div class=\"ugb-container__wrapper ugb-25beaa0-wrapper\"><div class=\"ugb-container__side\"><div class=\"ugb-container__content-wrapper ugb-25beaa0-content-wrapper\">\n<div class=\"aligncenter wp-block-ugb-columns ugb-columns top-icons-columns ugb-609d063 ugb-columns--design-plain ugb-columns--columns-3 ugb-main-block\"><style>.ugb-609d063-content-wrapper{grid-column-gap:15px !important}@media screen and (min-width:768px) and (max-width:1025px){.ugb-609d063-content-wrapper{grid-column-gap:0px !important}}@media screen and (max-width:768px){.ugb-609d063-content-wrapper{grid-row-gap:0 !important;grid-column-gap:0px !important}.ugb-609d063 .ugb-inner-block{text-align:center}.ugb-609d063.ugb-columns{margin-top:0px !important;margin-bottom:0px !important}}<\/style><div class=\"ugb-inner-block\"><div class=\"ugb-block-content\"><div class=\"ugb-columns__item ugb-609d063-content-wrapper\">\n<div class=\"wp-block-ugb-column ugb-column ugb-aa84cea ugb-column--design-plain ugb-main-block\"><div class=\"ugb-inner-block\"><div class=\"ugb-block-content\"><div class=\"ugb-column__item ugb-aa84cea-column-wrapper\"><div class=\"ugb-column__content-wrapper\">\n<div class=\"wp-block-group is-layout-flow wp-block-group-is-layout-flow\">\n<div class=\"wp-block-media-text alignwide is-stacked-on-mobile is-vertically-aligned-center content-pages-top-icons\" style=\"grid-template-columns:30% auto\"><figure class=\"wp-block-media-text__media\"><img decoding=\"async\" src=\"https:\/\/varibox.best4u.dev\/wp-content\/uploads\/2021\/12\/test.svg\" alt=\"\" class=\"wp-image-3005 size-full\"\/><\/figure><div class=\"wp-block-media-text__content\">\n<h4 class=\"wp-block-heading has-text-align-left has-medium-font-size\">Plus s\u00fbr<\/h4>\n<\/div><\/div>\n<\/div>\n<\/div><\/div><\/div><\/div><\/div>\n\n\n\n<div class=\"wp-block-ugb-column ugb-column ugb-a25ba9c ugb-column--design-plain ugb-main-block\"><div class=\"ugb-inner-block\"><div class=\"ugb-block-content\"><div class=\"ugb-column__item ugb-a25ba9c-column-wrapper\"><div class=\"ugb-column__content-wrapper\">\n<div class=\"wp-block-group is-layout-flow wp-block-group-is-layout-flow\">\n<div class=\"wp-block-media-text alignwide is-stacked-on-mobile is-vertically-aligned-center content-pages-top-icons\" style=\"grid-template-columns:30% auto\"><figure class=\"wp-block-media-text__media\"><img decoding=\"async\" src=\"https:\/\/varibox.best4u.dev\/wp-content\/uploads\/2021\/11\/reuseablility-green-1.svg\" alt=\"\" class=\"wp-image-1838 size-full\"\/><\/figure><div class=\"wp-block-media-text__content\">\n<h4 class=\"wp-block-heading has-text-align-left has-medium-font-size\">R\u00e9utilisable<\/h4>\n<\/div><\/div>\n<\/div>\n<\/div><\/div><\/div><\/div><\/div>\n\n\n\n<div class=\"wp-block-ugb-column ugb-column ugb-ed3faa1 ugb-column--design-plain ugb-main-block\"><div class=\"ugb-inner-block\"><div class=\"ugb-block-content\"><div class=\"ugb-column__item ugb-ed3faa1-column-wrapper\"><div class=\"ugb-column__content-wrapper\">\n<div class=\"wp-block-group is-layout-flow wp-block-group-is-layout-flow\">\n<div class=\"wp-block-media-text alignwide is-stacked-on-mobile is-vertically-aligned-center content-pages-top-icons\" style=\"grid-template-columns:29% auto\"><figure class=\"wp-block-media-text__media\"><img decoding=\"async\" src=\"https:\/\/varibox.best4u.dev\/wp-content\/uploads\/2021\/11\/sustainability-green-1.svg\" alt=\"\" class=\"wp-image-1851 size-full\"\/><\/figure><div class=\"wp-block-media-text__content\">\n<h4 class=\"wp-block-heading has-text-align-left has-medium-font-size\">Durable<\/h4>\n<\/div><\/div>\n<\/div>\n<\/div><\/div><\/div><\/div><\/div>\n<\/div><\/div><\/div><\/div>\n<\/div><\/div><\/div><\/div><\/div><\/div>\n\n\n\n<div class=\"alignfull wp-block-ugb-container ugb-container ugb-0591a81 ugb-container--v2 ugb-container--design-plain ugb-main-block ugb-main-block--inner-center ugb--has-block-background ugb--has-background-overlay\"><style>.ugb-0591a81.ugb-container{background-color:var(--theme-palette-color-8,#f8fafc)}.ugb-0591a81.ugb-container:before{background-image:linear-gradient(180deg,var(--theme-palette-color-8,#f8fafc) 0%,#ffffff 100%)}@media screen and (min-width:768px){.ugb-0591a81.ugb-container{padding-top:0px !important;padding-right:35px !important;padding-bottom:0px !important;padding-left:35px !important}}@media screen and (max-width:768px){.ugb-0591a81.ugb-container{padding-top:0px !important;padding-right:18px !important;padding-bottom:0px !important;padding-left:18px !important}}@media screen and (min-width:768px){.ugb-0591a81 > .ugb-inner-block > .ugb-block-content > *{padding-top:64px !important;padding-bottom:64px !important}}<\/style><div class=\"ugb-inner-block ugb-inner-block--center\"><div class=\"ugb-block-content\"><div class=\"ugb-container__wrapper ugb-0591a81-wrapper\"><div class=\"ugb-container__side\"><div class=\"ugb-container__content-wrapper ugb-0591a81-content-wrapper\">\n<div class=\"wp-block-ugb-blog-posts ugb-blog-posts stories-posts wow animate__animated animate__fadeIn ugb-c0da02c ugb-blog-posts--v2 ugb-blog-posts--design-basic ugb-blog-posts--columns-3 ugb-main-block\" data-load-items=\"\" data-id=\"ugb-c0da02c\"><style>.ugb-c0da02c .ugb-blog-posts__featured-image{border-radius:8px !important;margin-bottom:24px !important}.ugb-c0da02c .ugb-blog-posts__featured-image img{height:300px !important}.ugb-c0da02c .ugb-blog-posts__title a{color:var(--theme-palette-color-3,#334155) !important}.ugb-c0da02c .ugb-blog-posts__title a:hover{opacity:0.8}.ugb-c0da02c .ugb-blog-posts__title{line-height:1.5em !important;margin-bottom:24px !important}.ugb-c0da02c .ugb-blog-posts__excerpt{margin-bottom:24px !important}.ugb-c0da02c .ugb-blog-posts__readmore a{color:var(--theme-palette-color-1,#0178be) !important}.ugb-c0da02c .ugb-blog-posts__readmore a:hover{opacity:0.8}.ugb-c0da02c .ugb-blog-posts__readmore{margin-bottom:0px !important}<\/style><div class=\"ugb-inner-block\"><div class=\"ugb-block-content\"><article class=\"ugb-blog-posts__item\"><div class=\"ugb-blog-posts__content\"><figure class=\"ugb-blog-posts__featured-image ugb--shadow-3\"><a href=\"https:\/\/varibox.best4u.dev\/fr\/story\/varibox-et-tensid-chemie-2\/\"><img decoding=\"async\" width=\"1024\" height=\"768\" src=\"https:\/\/varibox.best4u.dev\/wp-content\/uploads\/2025\/05\/VARIBOX-Tensid-and-Refresco-1-scaled-1-1024x768.jpg\" class=\"attachment-large size-large wp-post-image\" alt=\"\" \/><\/a><\/figure><h3 class=\"ugb-blog-posts__title\"><a href=\"https:\/\/varibox.best4u.dev\/fr\/story\/varibox-et-tensid-chemie-2\/\">VARIBOX et Tensid-Chemie<\/a><\/h3><div class=\"ugb-blog-posts__excerpt\"><p>VARIBOX et Tensid-Chemie &#8211; Nous avons le plaisir de vous informer aujourd&rsquo;hui d&rsquo;un nouveau partenariat.<\/p>\n<\/div><p class=\"ugb-blog-posts__readmore\"><a href=\"https:\/\/varibox.best4u.dev\/fr\/story\/varibox-et-tensid-chemie-2\/\">Lire la suite<\/a><\/p><\/div><\/article><article class=\"ugb-blog-posts__item\"><div class=\"ugb-blog-posts__content\"><figure class=\"ugb-blog-posts__featured-image ugb--shadow-3\"><a href=\"https:\/\/varibox.best4u.dev\/fr\/story\/laecq-interviewe-varibox\/\"><img decoding=\"async\" width=\"1024\" height=\"691\" src=\"https:\/\/varibox.best4u.dev\/wp-content\/uploads\/2025\/05\/VARIBOX.jpg\" class=\"attachment-large size-large wp-post-image\" alt=\"\" \/><\/a><\/figure><h3 class=\"ugb-blog-posts__title\"><a href=\"https:\/\/varibox.best4u.dev\/fr\/story\/laecq-interviewe-varibox\/\">L&rsquo;AECQ interviewe VARIBOX<\/a><\/h3><div class=\"ugb-blog-posts__excerpt\"><p>Today the spanish chemical trade association (AECQ) interviewed our account manager for south of Europe, Christophe Maricourt.<\/p>\n<\/div><p class=\"ugb-blog-posts__readmore\"><a href=\"https:\/\/varibox.best4u.dev\/fr\/story\/laecq-interviewe-varibox\/\">Lire la suite<\/a><\/p><\/div><\/article><article class=\"ugb-blog-posts__item\"><div class=\"ugb-blog-posts__content\"><figure class=\"ugb-blog-posts__featured-image ugb--shadow-3\"><a href=\"https:\/\/varibox.best4u.dev\/fr\/story\/varibox-a-la-11eme-edition-de-lacademie-de-diversey\/\"><img decoding=\"async\" width=\"1024\" height=\"768\" src=\"https:\/\/varibox.best4u.dev\/wp-content\/uploads\/2025\/05\/IMG_5863-scaled-1-1024x768.jpg\" class=\"attachment-large size-large wp-post-image\" alt=\"\" \/><\/a><\/figure><h3 class=\"ugb-blog-posts__title\"><a href=\"https:\/\/varibox.best4u.dev\/fr\/story\/varibox-a-la-11eme-edition-de-lacademie-de-diversey\/\">VARIBOX \u00e0 la 11\u00e8me \u00e9dition de l&rsquo;Acad\u00e9mie de Diversey<\/a><\/h3><div class=\"ugb-blog-posts__excerpt\"><p>VARIBOX \u00e0 la 11\u00e8me \u00e9dition de l&rsquo;Acad\u00e9mie de Diversey.<\/p>\n<\/div><p class=\"ugb-blog-posts__readmore\"><a href=\"https:\/\/varibox.best4u.dev\/fr\/story\/varibox-a-la-11eme-edition-de-lacademie-de-diversey\/\">Lire la suite<\/a><\/p><\/div><\/article><article class=\"ugb-blog-posts__item\"><div class=\"ugb-blog-posts__content\"><figure class=\"ugb-blog-posts__featured-image ugb--shadow-3\"><a href=\"https:\/\/varibox.best4u.dev\/fr\/story\/varibox-fc-10-ans-dutilisation-chez-sopura\/\"><img decoding=\"async\" width=\"1024\" height=\"683\" src=\"https:\/\/varibox.best4u.dev\/wp-content\/uploads\/2025\/05\/Mireille-and-Arthur-at-Kersia-Belgium-1024x683.jpg\" class=\"attachment-large size-large wp-post-image\" alt=\"\" \/><\/a><\/figure><h3 class=\"ugb-blog-posts__title\"><a href=\"https:\/\/varibox.best4u.dev\/fr\/story\/varibox-fc-10-ans-dutilisation-chez-sopura\/\">VARIBOX FC 10 ans d&rsquo;utilisation chez Sopura<\/a><\/h3><div class=\"ugb-blog-posts__excerpt\"><p>VARIBOX Full Containment 10 ans d&rsquo;utilisation chez Sopura<\/p>\n<\/div><p class=\"ugb-blog-posts__readmore\"><a href=\"https:\/\/varibox.best4u.dev\/fr\/story\/varibox-fc-10-ans-dutilisation-chez-sopura\/\">Lire la suite<\/a><\/p><\/div><\/article><article class=\"ugb-blog-posts__item\"><div class=\"ugb-blog-posts__content\"><figure class=\"ugb-blog-posts__featured-image ugb--shadow-3\"><a href=\"https:\/\/varibox.best4u.dev\/fr\/story\/sensibilisation-au-hse-des-peco\/\"><img decoding=\"async\" width=\"1024\" height=\"768\" src=\"https:\/\/varibox.best4u.dev\/wp-content\/uploads\/2025\/05\/Awareness-of-safety-scaled-1-1024x768.jpg\" class=\"attachment-large size-large wp-post-image\" alt=\"\" \/><\/a><\/figure><h3 class=\"ugb-blog-posts__title\"><a href=\"https:\/\/varibox.best4u.dev\/fr\/story\/sensibilisation-au-hse-des-peco\/\">Sensibilisation au HSE des PECO<\/a><\/h3><div class=\"ugb-blog-posts__excerpt\"><p>Awareness of manufacturers in processes related to safety, sustainability, environmental protection in CEE region is growing on daily basis.<\/p>\n<\/div><p class=\"ugb-blog-posts__readmore\"><a href=\"https:\/\/varibox.best4u.dev\/fr\/story\/sensibilisation-au-hse-des-peco\/\">Lire la suite<\/a><\/p><\/div><\/article><article class=\"ugb-blog-posts__item\"><div class=\"ugb-blog-posts__content\"><figure class=\"ugb-blog-posts__featured-image ugb--shadow-3\"><a href=\"https:\/\/varibox.best4u.dev\/fr\/story\/varibox-a-lobeck-chemie\/\"><img decoding=\"async\" width=\"1024\" height=\"462\" src=\"https:\/\/varibox.best4u.dev\/wp-content\/uploads\/2025\/05\/VARIBOX-at-a-Lobeck-Chemie-event-1-1024x462.jpg\" class=\"attachment-large size-large wp-post-image\" alt=\"\" \/><\/a><\/figure><h3 class=\"ugb-blog-posts__title\"><a href=\"https:\/\/varibox.best4u.dev\/fr\/story\/varibox-a-lobeck-chemie\/\">VARIBOX \u00e0 Lobeck Chemie<\/a><\/h3><div class=\"ugb-blog-posts__excerpt\"><p>Hosted by Lobeck Chemie, the event focused on \u00ab\u00a0Handling Chemicals\u00a0\u00bb and took place at the iconic Autowelt Romanshorn.<\/p>\n<\/div><p class=\"ugb-blog-posts__readmore\"><a href=\"https:\/\/varibox.best4u.dev\/fr\/story\/varibox-a-lobeck-chemie\/\">Lire la suite<\/a><\/p><\/div><\/article><div class=\"ugb-button-container ugb-blog-posts__load-more-button\"><a class=\"ugb-button ugb-button--size-normal\" href=\"#0\" rel=\"\" title=\"\" role=\"button\"><span class=\"ugb-button--inner\">Charger plus<\/span><\/a><\/div><\/div><\/div><\/div>\n<\/div><\/div><\/div><\/div><\/div><\/div>\n\n\n\n<h3 class=\"wp-block-heading has-text-align-center\">Cas de clients sur la s\u00e9curit\u00e9 de nos IBC<\/h3>\n\n\n\n<p class=\"has-text-align-center\">Les grands r\u00e9cipients pour vrac (GRV) VARIBOX sont sp\u00e9cialement con\u00e7us et produits pour exceller en mati\u00e8re de s\u00e9curit\u00e9, de r\u00e9utilisation et de durabilit\u00e9. Les nombreuses histoires que vous trouverez sur notre site Web montrent les exp\u00e9riences de nos clients et utilisateurs finaux en mati\u00e8re de s\u00e9curit\u00e9. En partageant leurs exp\u00e9riences, nous esp\u00e9rons pouvoir vous donner des exemples pratiques afin d&rsquo;am\u00e9liorer la s\u00e9curit\u00e9 dans la distribution et la manipulation des produits chimiques. Et en fin de compte, l&rsquo;objectif majeur de VARIBOX est de cr\u00e9er un environnement de travail avec des produits chimiques o\u00f9 la s\u00e9curit\u00e9 est la priorit\u00e9 num\u00e9ro un.<\/p>\n\n\n\n<h3 class=\"wp-block-heading has-text-align-center\">Conteneurs pour produits chimiques durables<\/h3>\n\n\n\n<p class=\"has-text-align-center\">Le d\u00e9veloppement durable devient un enjeu de plus en plus important pour les soci\u00e9t\u00e9s. Nous travaillons dur pour assumer nos responsabilit\u00e9s environnementales et aider nos clients et les utilisateurs finaux de nos conteneurs pour vrac interm\u00e9diaire VARIBOX \u00e0 assumer les leurs. En partageant les exp\u00e9riences de nos conteneurs VARIBOX durables d&rsquo;une dur\u00e9e de vie minimale de cinq ans, nous esp\u00e9rons inspirer nos clients et les utilisateurs de conteneurs pour vrac interm\u00e9diaire \u00e0 am\u00e9liorer leur empreinte carbone.<\/p>\n\n\n\n<div class=\"alignfull wp-block-ugb-container ugb-container ugb-5563735 ugb-container--v2 ugb-container--design-plain ugb-main-block ugb-main-block--inner-center ugb--has-block-background\"><style>.ugb-5563735.ugb-container{background-color:var(--theme-palette-color-8,#f8fafc)}.ugb-5563735.ugb-container:before{background-color:var(--theme-palette-color-8,#f8fafc)}@media screen and (min-width:768px){.ugb-5563735.ugb-container{padding-top:0px !important;padding-right:35px !important;padding-bottom:0px !important;padding-left:35px !important}}@media screen and (max-width:768px){.ugb-5563735.ugb-container{padding-top:0px !important;padding-right:18px !important;padding-bottom:0px !important;padding-left:18px !important}}@media screen and (min-width:768px){.ugb-5563735 > .ugb-inner-block > .ugb-block-content > *{padding-top:64px !important;padding-bottom:64px !important}}<\/style><div class=\"ugb-inner-block ugb-inner-block--center\"><div class=\"ugb-block-content\"><div class=\"ugb-container__wrapper ugb-5563735-wrapper\"><div class=\"ugb-container__side\"><div class=\"ugb-container__content-wrapper ugb-5563735-content-wrapper\">\n<div class=\"wp-block-ugb-heading ugb-heading wow animate__animated animate__fadeIn ugb-5ca6fcf ugb-main-block\"><style>.ugb-5ca6fcf .ugb-heading__title{text-align:center;margin-bottom:24px !important}.ugb-5ca6fcf .ugb-heading__subtitle{margin-bottom:24px !important}.ugb-5ca6fcf .ugb-inner-block{text-align:center}@media screen and (min-width:768px){.ugb-5ca6fcf.ugb-heading{margin-bottom:0px !important}}<\/style><div class=\"ugb-inner-block\"><div class=\"ugb-block-content\"><h3 class=\"ugb-heading__title\">Partagez votre exp\u00e9rience avec les IBCs VARIBOX <\/h3><p class=\"ugb-heading__subtitle\">Vous souhaitez partager avec nous votre exp\u00e9rience en tant qu&rsquo;utilisateur de grands r\u00e9cipients pour vrac VARIBOX ou bien vous avez des questions concernant l&rsquo;une de ces histoires de cas clients, n&rsquo;h\u00e9sitez pas \u00e0 nous contacter.<\/p><\/div><\/div><\/div>\n\n\n\n<div class=\"wp-block-ugb-button ugb-button-wrapper green-button animate__animated animate__fadeIn ugb-ee16d32 ugb-button--mobile-aligned ugb-main-block\"><style>.ugb-ee16d32 .ugb-block-content{justify-content:center !important}.ugb-ee16d32 .ugb-button1 .ugb-button--inner{font-weight:bold !important}.ugb-ee16d32 .ugb-button1:hover{opacity:1}.ugb-ee16d32 .ugb-inner-block{text-align:center}@media screen and (min-width:768px){.ugb-ee16d32.ugb-button-wrapper{margin-bottom:0px !important}}@media screen and (max-width:768px){.ugb-ee16d32 .ugb-block-content{justify-content:center !important}.ugb-ee16d32 .ugb-inner-block{text-align:center}}<\/style><div class=\"ugb-inner-block\"><div class=\"ugb-block-content\"><div class=\"ugb-button-container\"><a class=\"ugb-button1 ugb-button ugb-button--size-normal\" href=\"https:\/\/varibox.best4u.dev\/fr\/formulaire-de-contact\/\" rel=\"\" title=\"\"><span class=\"ugb-button--inner\">Contactez-nous<\/span><\/a><\/div><\/div><\/div><\/div>\n<\/div><\/div><\/div><\/div><\/div><\/div>\n","protected":false},"excerpt":{"rendered":"<p>T\u00e9moignages client La conception et la construction durables, r\u00e9utilisables et s\u00fbres permettent \u00e0 nos IBC VARIBOX d&rsquo;\u00eatre utilis\u00e9s dans de nombreuses applications pour de multiples march\u00e9s. Dans cette page, vous trouverez diff\u00e9rents t\u00e9moignages client. Principalement des fournisseurs et utilisateurs de produits chimiques qui vous feront d\u00e9couvrir comment nos IBCs VARIBOX sont utilis\u00e9s au quotidien de [&hellip;]<\/p>\n","protected":false},"author":1,"featured_media":44101,"parent":0,"menu_order":0,"comment_status":"open","ping_status":"open","template":"","meta":{"_acf_changed":false,"footnotes":""},"class_list":["post-56574","page","type-page","status-publish","has-post-thumbnail","hentry"],"blocksy_meta":{"styles_descriptor":{"styles":{"desktop":"","tablet":"","mobile":""},"google_fonts":[],"version":6}},"featured_image_urls_v2":{"full":["https:\/\/varibox.best4u.dev\/wp-content\/uploads\/2022\/07\/VARIBOX-Drumtainer.png",600,400,false],"thumbnail":["https:\/\/varibox.best4u.dev\/wp-content\/uploads\/2022\/07\/VARIBOX-Drumtainer-256x256.png",256,256,true],"medium":["https:\/\/varibox.best4u.dev\/wp-content\/uploads\/2022\/07\/VARIBOX-Drumtainer-512x341.png",512,341,true],"medium_large":["https:\/\/varibox.best4u.dev\/wp-content\/uploads\/2022\/07\/VARIBOX-Drumtainer.png",600,400,false],"large":["https:\/\/varibox.best4u.dev\/wp-content\/uploads\/2022\/07\/VARIBOX-Drumtainer.png",600,400,false],"1536x1536":["https:\/\/varibox.best4u.dev\/wp-content\/uploads\/2022\/07\/VARIBOX-Drumtainer.png",600,400,false],"2048x2048":["https:\/\/varibox.best4u.dev\/wp-content\/uploads\/2022\/07\/VARIBOX-Drumtainer.png",600,400,false],"woocommerce_archive_thumbnail":["https:\/\/varibox.best4u.dev\/wp-content\/uploads\/2022\/07\/VARIBOX-Drumtainer-270x180.png",270,180,true],"gform-image-choice-sm":["https:\/\/varibox.best4u.dev\/wp-content\/uploads\/2022\/07\/VARIBOX-Drumtainer.png",300,200,false],"gform-image-choice-md":["https:\/\/varibox.best4u.dev\/wp-content\/uploads\/2022\/07\/VARIBOX-Drumtainer.png",400,267,false],"gform-image-choice-lg":["https:\/\/varibox.best4u.dev\/wp-content\/uploads\/2022\/07\/VARIBOX-Drumtainer.png",600,400,false],"woocommerce_thumbnail":["https:\/\/varibox.best4u.dev\/wp-content\/uploads\/2022\/07\/VARIBOX-Drumtainer-270x180.png",270,180,true],"woocommerce_single":["https:\/\/varibox.best4u.dev\/wp-content\/uploads\/2022\/07\/VARIBOX-Drumtainer.png",600,400,false],"woocommerce_gallery_thumbnail":["https:\/\/varibox.best4u.dev\/wp-content\/uploads\/2022\/07\/VARIBOX-Drumtainer-100x100.png",100,100,true],"variation_swatches_image_size":["https:\/\/varibox.best4u.dev\/wp-content\/uploads\/2022\/07\/VARIBOX-Drumtainer-50x50.png",50,50,true],"variation_swatches_tooltip_size":["https:\/\/varibox.best4u.dev\/wp-content\/uploads\/2022\/07\/VARIBOX-Drumtainer-100x100.png",100,100,true]},"post_excerpt_stackable_v2":"<p>T\u00e9moignages clientLa conception et la construction durables, r\u00e9utilisables et s\u00fbres permettent \u00e0 nos IBC VARIBOX d&rsquo;\u00eatre utilis\u00e9s dans de nombreuses applications pour de multiples march\u00e9s. Dans cette page, vous trouverez diff\u00e9rents t\u00e9moignages client. Principalement des fournisseurs et utilisateurs de produits chimiques qui vous feront d\u00e9couvrir comment nos IBCs VARIBOX sont utilis\u00e9s au quotidien de mani\u00e8re optimale afin de renforcer la s\u00e9curit\u00e9 dans la manipulation de produits liquides dangereux. Contactez-nous Plus s\u00fbr R\u00e9utilisable Durable VARIBOX et Tensid-ChemieVARIBOX et Tensid-Chemie &#8211; Nous avons le plaisir de vous informer aujourd&rsquo;hui d&rsquo;un nouveau partenariat. Lire la suiteL&rsquo;AECQ interviewe VARIBOXToday the spanish chemical trade association\u2026<\/p>\n","category_list_v2":"","author_info_v2":{"name":"Best4u","url":"https:\/\/varibox.best4u.dev\/fr\/author\/best4u\/"},"comments_num_v2":"0 comments","acf":[],"_links":{"self":[{"href":"https:\/\/varibox.best4u.dev\/fr\/wp-json\/wp\/v2\/pages\/56574","targetHints":{"allow":["GET"]}}],"collection":[{"href":"https:\/\/varibox.best4u.dev\/fr\/wp-json\/wp\/v2\/pages"}],"about":[{"href":"https:\/\/varibox.best4u.dev\/fr\/wp-json\/wp\/v2\/types\/page"}],"author":[{"embeddable":true,"href":"https:\/\/varibox.best4u.dev\/fr\/wp-json\/wp\/v2\/users\/1"}],"replies":[{"embeddable":true,"href":"https:\/\/varibox.best4u.dev\/fr\/wp-json\/wp\/v2\/comments?post=56574"}],"version-history":[{"count":3,"href":"https:\/\/varibox.best4u.dev\/fr\/wp-json\/wp\/v2\/pages\/56574\/revisions"}],"predecessor-version":[{"id":64018,"href":"https:\/\/varibox.best4u.dev\/fr\/wp-json\/wp\/v2\/pages\/56574\/revisions\/64018"}],"wp:featuredmedia":[{"embeddable":true,"href":"https:\/\/varibox.best4u.dev\/fr\/wp-json\/wp\/v2\/media\/44101"}],"wp:attachment":[{"href":"https:\/\/varibox.best4u.dev\/fr\/wp-json\/wp\/v2\/media?parent=56574"}],"curies":[{"name":"wp","href":"https:\/\/api.w.org\/{rel}","templated":true}]}}