{"id":55950,"date":"2021-11-23T16:37:42","date_gmt":"2021-11-23T15:37:42","guid":{"rendered":"https:\/\/varibox.best4u.dev\/connexion-du-coupleur-ns4\/"},"modified":"2024-11-08T11:40:59","modified_gmt":"2024-11-08T10:40:59","slug":"connexion-du-coupleur-ns4","status":"publish","type":"page","link":"https:\/\/varibox.best4u.dev\/fr\/connexion-du-coupleur-ns4\/","title":{"rendered":"Connexion du coupleur NS4"},"content":{"rendered":"\n<div class=\"wp-block-ugb-columns ugb-columns ugb-0d5d96e ugb-columns--design-plain ugb-columns--columns-2 ugb-main-block\"><style>.ugb-0d5d96e > .ugb-inner-block > .ugb-block-content > .ugb-columns__item{grid-template-columns:1.40fr 0.60fr !important}@media screen and (min-width:768px){.ugb-0d5d96e.ugb-columns{margin-bottom:83px !important}}@media screen and (max-width:768px){.ugb-0d5d96e-content-wrapper{grid-row-gap:0 !important}}<\/style><div class=\"ugb-inner-block\"><div class=\"ugb-block-content\"><div class=\"ugb-columns__item ugb-0d5d96e-content-wrapper\">\n<div class=\"wp-block-ugb-column ugb-column ugb-b383129 ugb-column--design-plain ugb-main-block\"><div class=\"ugb-inner-block\"><div class=\"ugb-block-content\"><div class=\"ugb-column__item ugb-b383129-column-wrapper\"><div class=\"ugb-column__content-wrapper\">\n<div class=\"wp-block-ugb-heading ugb-heading wow animate__animated animate__fadeIn ugb-bcdb7f0 ugb-main-block\"><style>.ugb-bcdb7f0 .ugb-heading__subtitle{margin-bottom:-5px !important}<\/style><div class=\"ugb-inner-block\"><div class=\"ugb-block-content\"><h1 class=\"ugb-heading__title\">Connexion du coupleur NS4 <\/h1><p class=\"ugb-heading__subtitle\">Dans cette page, vous trouverez une vid\u00e9o sur la connexion du coupleur NS4 \u00e0 votre GRV (Grand R\u00e9cipient pour Vrac). Les VARIBOX \u00e0 double paroi sont sp\u00e9cialement con\u00e7us pour am\u00e9liorer la s\u00e9curit\u00e9 dans diff\u00e9rents secteurs d\u2019activit\u00e9. Sa conception unique cr\u00e9e un syst\u00e8me en circuit ferm\u00e9 afin de r\u00e9duire le contact et l&rsquo;inhalation toxique de produits chimiques. Vidanger le produit chimique du GRV est simple : il suffit de connecter d\u2019un seul clic le coupleur du syst\u00e8me de pompe au tube d\u2019aspiration de votre VARIBOX. Plusieurs tubes d\u2019aspiration sont disponibles : tube plongeur VARIBOX Safeline Performance, Safeline Precision et le tube plongeur NS4.<\/p><\/div><\/div><\/div>\n\n\n\n<div class=\"wp-block-ugb-button ugb-button-wrapper green-button wow animate__animated animate__fadeIn ugb-1f71c95 ugb-button--mobile-aligned ugb-main-block\"><style>.ugb-1f71c95 .ugb-block-content{justify-content:flex-start !important}.ugb-1f71c95 .ugb-button1 .ugb-button--inner{font-weight:bold !important}.ugb-1f71c95 .ugb-button1:hover{opacity:1}.ugb-1f71c95 .ugb-inner-block{text-align:left}@media screen and (max-width:768px){.ugb-1f71c95 .ugb-block-content{justify-content:center !important}.ugb-1f71c95 .ugb-inner-block{text-align:center}}<\/style><div class=\"ugb-inner-block\"><div class=\"ugb-block-content\"><div class=\"ugb-button-container\"><a class=\"ugb-button1 ugb-button ugb-button--size-normal\" href=\"https:\/\/varibox.best4u.dev\/fr\/formulaire-de-contact\/\" rel=\"\" title=\"\"><span class=\"ugb-button--inner\">Contactez-nous<\/span><\/a><\/div><\/div><\/div><\/div>\n<\/div><\/div><\/div><\/div><\/div>\n\n\n\n<div class=\"wp-block-ugb-column ugb-column ugb-e882f9a ugb-column--design-plain ugb-main-block\"><style>@media screen and (max-width:768px){.ugb-e882f9a .ugb-inner-block{text-align:center}}<\/style><div class=\"ugb-inner-block\"><div class=\"ugb-block-content\"><div class=\"ugb-column__item ugb-e882f9a-column-wrapper\"><div class=\"ugb-column__content-wrapper\">\n<figure class=\"wp-block-image size-full wow animate__animated animate__fadeIn\"><img decoding=\"async\" src=\"https:\/\/varibox.best4u.dev\/wp-content\/uploads\/2024\/10\/Connect-the-NS4-Coupler-2.png\" alt=\"Connexion du coupleur NS4\" class=\"wp-image-11898\"\/><\/figure>\n<\/div><\/div><\/div><\/div><\/div>\n<\/div><\/div><\/div><\/div>\n\n\n\n<div class=\"alignfull wp-block-ugb-container ugb-container ugb-25beaa0 ugb-container--v2 ugb-container--design-plain ugb-main-block ugb-main-block--inner-center ugb--has-block-background\"><style>.ugb-25beaa0.ugb-container{background-color:var(--theme-palette-color-7,#F9FAFB)}.ugb-25beaa0.ugb-container:before{background-color:var(--theme-palette-color-7,#F9FAFB)}@media screen and (min-width:768px){.ugb-25beaa0-content-wrapper.ugb-container__content-wrapper{width:85% !important}.ugb-25beaa0.ugb-container{margin-bottom:0px !important;padding-top:0px !important;padding-right:35px !important;padding-bottom:0px !important;padding-left:35px !important}}@media screen and (min-width:768px) and (max-width:1025px){.ugb-25beaa0-content-wrapper.ugb-container__content-wrapper{width:100% !important}}@media screen and (max-width:768px){.ugb-25beaa0.ugb-container{margin-bottom:0px !important;padding-top:0px !important;padding-right:18px !important;padding-bottom:0px !important;padding-left:18px !important}}@media screen and (min-width:768px){.ugb-25beaa0 > .ugb-inner-block > .ugb-block-content > *{padding-top:40px !important;padding-bottom:40px !important}}@media screen and (max-width:768px){.ugb-25beaa0 > .ugb-inner-block > .ugb-block-content > *{padding-top:35px !important;padding-bottom:0px !important}}<\/style><div class=\"ugb-inner-block ugb-inner-block--center\"><div class=\"ugb-block-content\"><div class=\"ugb-container__wrapper ugb-25beaa0-wrapper\"><div class=\"ugb-container__side\"><div class=\"ugb-container__content-wrapper ugb-25beaa0-content-wrapper\">\n<div class=\"aligncenter wp-block-ugb-columns ugb-columns top-icons-columns ugb-609d063 ugb-columns--design-plain ugb-columns--columns-3 ugb-main-block\"><style>.ugb-609d063-content-wrapper{grid-column-gap:15px !important}@media screen and (min-width:768px) and (max-width:1025px){.ugb-609d063-content-wrapper{grid-column-gap:0px !important}}@media screen and (max-width:768px){.ugb-609d063-content-wrapper{grid-row-gap:0 !important;grid-column-gap:0px !important}.ugb-609d063 .ugb-inner-block{text-align:center}.ugb-609d063.ugb-columns{margin-top:0px !important;margin-bottom:0px !important}}<\/style><div class=\"ugb-inner-block\"><div class=\"ugb-block-content\"><div class=\"ugb-columns__item ugb-609d063-content-wrapper\">\n<div class=\"wp-block-ugb-column ugb-column ugb-aa84cea ugb-column--design-plain ugb-main-block\"><div class=\"ugb-inner-block\"><div class=\"ugb-block-content\"><div class=\"ugb-column__item ugb-aa84cea-column-wrapper\"><div class=\"ugb-column__content-wrapper\">\n<div class=\"wp-block-group is-layout-flow wp-block-group-is-layout-flow\">\n<div class=\"wp-block-media-text alignwide is-stacked-on-mobile is-vertically-aligned-center content-pages-top-icons\" style=\"grid-template-columns:30% auto\"><figure class=\"wp-block-media-text__media\"><img decoding=\"async\" src=\"https:\/\/varibox.best4u.dev\/wp-content\/uploads\/2021\/12\/test.svg\" alt=\"\" class=\"wp-image-3005 size-full\"\/><\/figure><div class=\"wp-block-media-text__content\">\n<h4 class=\"wp-block-heading has-text-align-left has-medium-font-size\">Plus s\u00fbr<\/h4>\n<\/div><\/div>\n<\/div>\n<\/div><\/div><\/div><\/div><\/div>\n\n\n\n<div class=\"wp-block-ugb-column ugb-column ugb-a25ba9c ugb-column--design-plain ugb-main-block\"><div class=\"ugb-inner-block\"><div class=\"ugb-block-content\"><div class=\"ugb-column__item ugb-a25ba9c-column-wrapper\"><div class=\"ugb-column__content-wrapper\">\n<div class=\"wp-block-group is-layout-flow wp-block-group-is-layout-flow\">\n<div class=\"wp-block-media-text alignwide is-stacked-on-mobile is-vertically-aligned-center content-pages-top-icons\" style=\"grid-template-columns:30% auto\"><figure class=\"wp-block-media-text__media\"><img decoding=\"async\" src=\"https:\/\/varibox.best4u.dev\/wp-content\/uploads\/2021\/11\/reuseablility-green-1.svg\" alt=\"\" class=\"wp-image-1838 size-full\"\/><\/figure><div class=\"wp-block-media-text__content\">\n<h4 class=\"wp-block-heading has-text-align-left has-medium-font-size\">R\u00e9utilisable<\/h4>\n<\/div><\/div>\n<\/div>\n<\/div><\/div><\/div><\/div><\/div>\n\n\n\n<div class=\"wp-block-ugb-column ugb-column ugb-ed3faa1 ugb-column--design-plain ugb-main-block\"><div class=\"ugb-inner-block\"><div class=\"ugb-block-content\"><div class=\"ugb-column__item ugb-ed3faa1-column-wrapper\"><div class=\"ugb-column__content-wrapper\">\n<div class=\"wp-block-group is-layout-flow wp-block-group-is-layout-flow\">\n<div class=\"wp-block-media-text alignwide is-stacked-on-mobile is-vertically-aligned-center content-pages-top-icons\" style=\"grid-template-columns:29% auto\"><figure class=\"wp-block-media-text__media\"><img decoding=\"async\" src=\"https:\/\/varibox.best4u.dev\/wp-content\/uploads\/2021\/11\/sustainability-green-1.svg\" alt=\"\" class=\"wp-image-1851 size-full\"\/><\/figure><div class=\"wp-block-media-text__content\">\n<h4 class=\"wp-block-heading has-text-align-left has-medium-font-size\">Durable<\/h4>\n<\/div><\/div>\n<\/div>\n<\/div><\/div><\/div><\/div><\/div>\n<\/div><\/div><\/div><\/div>\n<\/div><\/div><\/div><\/div><\/div><\/div>\n\n\n\n<div class=\"wp-block-ugb-heading ugb-heading wow animate__animated animate__fadeIn ugb-2a92cde ugb-main-block\"><style>.ugb-2a92cde .ugb-heading__title{text-align:center;margin-bottom:24px !important}.ugb-2a92cde .ugb-heading__subtitle{margin-bottom:64px !important}.ugb-2a92cde .ugb-inner-block{text-align:center}@media screen and (min-width:768px){.ugb-2a92cde.ugb-heading{margin-bottom:0px !important}}@media screen and (max-width:1025px){.ugb-2a92cde .ugb-heading__title{text-align:center}.ugb-2a92cde .ugb-inner-block{text-align:center}}@media screen and (max-width:768px){.ugb-2a92cde .ugb-heading__title{text-align:center}.ugb-2a92cde .ugb-heading__subtitle{text-align:center}.ugb-2a92cde .ugb-inner-block{text-align:center}}<\/style><div class=\"ugb-inner-block\"><div class=\"ugb-block-content\"><h2 class=\"ugb-heading__title\">Connexion du coupleur NS4 au GRV<\/h2><p class=\"ugb-heading__subtitle\">Le tube plongeur NS4 est un tube d\u2019aspiration plac\u00e9 au point le plus bas de la housse du VARIBOX pour une vidange optimale. Le coupleur se connecte au tube plongeur NS4 log\u00e9 sur le dessus du conteneur et permet d&rsquo;extraire en toute s\u00e9curit\u00e9 le produit chimique contenu dans le VARIBOX sans avoir \u00e0 ouvrir le couvercle. Les vapeurs et le produit non pomp\u00e9s restent \u00e0 l\u2019int\u00e9rieur du VARIBOX. Pour certains syst\u00e8mes de dosage, un raccord de retour est n\u00e9cessaire. Ce raccord est disponible dans la version standard.<\/p><\/div><\/div><\/div>\n\n\n\n<div class=\"alignfull wp-block-ugb-container ugb-container ugb-0591a81 ugb-container--v2 ugb-container--design-plain ugb-main-block ugb-main-block--inner-center ugb--has-block-background ugb--has-background-overlay\"><style>.ugb-0591a81.ugb-container{background-color:var(--theme-palette-color-8,#f8fafc)}.ugb-0591a81.ugb-container:before{background-image:linear-gradient(180deg,var(--theme-palette-color-8,#f8fafc) 0%,#ffffff 100%)}@media screen and (min-width:768px){.ugb-0591a81-content-wrapper.ugb-container__content-wrapper{width:70% !important}.ugb-0591a81.ugb-container{padding-top:0px !important;padding-right:35px !important;padding-bottom:0px !important;padding-left:35px !important}}@media screen and (min-width:768px){.ugb-0591a81 > .ugb-inner-block > .ugb-block-content > *{padding-top:64px !important;padding-bottom:64px !important}}<\/style><div class=\"ugb-inner-block ugb-inner-block--center\"><div class=\"ugb-block-content\"><div class=\"ugb-container__wrapper ugb-0591a81-wrapper\"><div class=\"ugb-container__side\"><div class=\"ugb-container__content-wrapper ugb-0591a81-content-wrapper\">\n<div class=\"wp-block-ugb-heading ugb-heading wow animate__animated animate__fadeIn ugb-c0402a0 ugb-main-block\"><style>.ugb-c0402a0 .ugb-heading__title{text-align:center}.ugb-c0402a0 .ugb-inner-block{text-align:center}<\/style><div class=\"ugb-inner-block\"><div class=\"ugb-block-content\"><h2 class=\"ugb-heading__title\">Vid\u00e9o de la connexion du coupleur NS4<\/h2><\/div><\/div><\/div>\n\n\n\n<figure class=\"wp-block-embed alignfull is-type-video is-provider-youtube wp-block-embed-youtube wp-embed-aspect-16-9 wp-has-aspect-ratio\"><div class=\"wp-block-embed__wrapper\">\n<iframe title=\"VARIBOX connexion du coupleur NS4\" width=\"1200\" height=\"675\" src=\"https:\/\/www.youtube.com\/embed\/j3yJf8g59dQ?feature=oembed\" frameborder=\"0\" allow=\"accelerometer; autoplay; clipboard-write; encrypted-media; gyroscope; picture-in-picture; web-share\" referrerpolicy=\"strict-origin-when-cross-origin\" allowfullscreen><\/iframe>\n<\/div><\/figure>\n\n\n\n<div class=\"wp-block-ugb-heading ugb-heading wow animate__animated animate__fadeIn ugb-283302e ugb-main-block\"><style>.ugb-283302e .ugb-heading__title{text-align:center}.ugb-283302e .ugb-inner-block{text-align:center}<\/style><div class=\"ugb-inner-block\"><div class=\"ugb-block-content\"><h2 class=\"ugb-heading__title\">Peu de r\u00e9sidus apr\u00e8s vidange<\/h2><p class=\"ugb-heading__subtitle\">Il reste tr\u00e8s peu de produit au fond du VARIBOX car le tube plongeur NS4 atteint le point le plus bas de la housse. Cela permet une manutention et un transport du VARIBOX plus s\u00e9curis\u00e9 apr\u00e8s vidange. Une fois vid\u00e9, il reste environ 0,1 litre dans<a href=\"https:\/\/varibox.best4u.dev\/fr\/varibox_product\/varibox-full-containment\/\" target=\"_blank\" rel=\"noreferrer noopener\"> VARIBOX FC<\/a> et moins de 0,1 litre dans le tube plongeur NS4. Ces indications sont valables pour de l\u2019eau et peuvent varier selon le type de produit chimique conditionn\u00e9. Le <a href=\"https:\/\/varibox.best4u.dev\/fr\/faq-tube-extracteur-ns4\/\" target=\"_blank\" rel=\"noreferrer noopener\">tube extracteur NS4<\/a> a \u00e9t\u00e9 d\u00e9velopp\u00e9 pour \u00eatre r\u00e9sistant \u00e0 la plupart des produits chimiques mais il est tr\u00e8s important de choisir la bonne version.<\/p><\/div><\/div><\/div>\n\n\n\n<div class=\"wp-block-ugb-heading ugb-heading wow animate__animated animate__fadeIn ugb-09fcf35 ugb-main-block\"><style>.ugb-09fcf35 .ugb-heading__title{text-align:center;margin-bottom:24px !important}.ugb-09fcf35 .ugb-heading__subtitle{text-align:center;margin-bottom:64px !important}.ugb-09fcf35 .ugb-inner-block{text-align:center}@media screen and (min-width:768px){.ugb-09fcf35.ugb-heading{margin-bottom:0px !important}}@media screen and (max-width:1025px){.ugb-09fcf35 .ugb-heading__title{text-align:center}.ugb-09fcf35 .ugb-inner-block{text-align:center}}@media screen and (max-width:768px){.ugb-09fcf35 .ugb-heading__title{text-align:center}.ugb-09fcf35 .ugb-heading__subtitle{text-align:center}.ugb-09fcf35 .ugb-inner-block{text-align:center}}<\/style><div class=\"ugb-inner-block\"><div class=\"ugb-block-content\"><h2 class=\"ugb-heading__title\">Vous n\u2019avez pas trouv\u00e9 votre r\u00e9ponse dans cette vid\u00e9o ?<\/h2><p class=\"ugb-heading__subtitle\">Nos IBC VARIBOX s\u00fbrs et r\u00e9utilisables sont employ\u00e9s dans diverses applications pour diff\u00e9rents march\u00e9s. Il se peut que votre question\/r\u00e9ponse ne soit pas incluse dans la section support. Si tel est le cas, veuillez contacter notre service client\u00e8le, nous nous ferons un plaisir de vous aider.<\/p><\/div><\/div><\/div>\n\n\n\n<div class=\"wp-block-ugb-button ugb-button-wrapper green-button animate__animated animate__fadeIn ugb-ee16d32 ugb-button--mobile-aligned ugb-main-block\"><style>.ugb-ee16d32 .ugb-block-content{justify-content:center !important}.ugb-ee16d32 .ugb-button1 .ugb-button--inner{font-weight:bold !important}.ugb-ee16d32 .ugb-button1:hover{opacity:1}.ugb-ee16d32 .ugb-inner-block{text-align:center}@media screen and (min-width:768px){.ugb-ee16d32.ugb-button-wrapper{margin-bottom:0px !important}}@media screen and (max-width:768px){.ugb-ee16d32 .ugb-block-content{justify-content:center !important}.ugb-ee16d32 .ugb-inner-block{text-align:center}}<\/style><div class=\"ugb-inner-block\"><div class=\"ugb-block-content\"><div class=\"ugb-button-container\"><a class=\"ugb-button1 ugb-button ugb-button--size-normal\" href=\"https:\/\/varibox.best4u.dev\/fr\/formulaire-de-contact\/\" rel=\"\" title=\"\"><span class=\"ugb-button--inner\">Contactez-nous<\/span><\/a><\/div><\/div><\/div><\/div>\n<\/div><\/div><\/div><\/div><\/div><\/div>\n","protected":false},"excerpt":{"rendered":"<p>Connexion du coupleur NS4 Dans cette page, vous trouverez une vid\u00e9o sur la connexion du coupleur NS4 \u00e0 votre GRV (Grand R\u00e9cipient pour Vrac). Les VARIBOX \u00e0 double paroi sont sp\u00e9cialement con\u00e7us pour am\u00e9liorer la s\u00e9curit\u00e9 dans diff\u00e9rents secteurs d\u2019activit\u00e9. Sa conception unique cr\u00e9e un syst\u00e8me en circuit ferm\u00e9 afin de r\u00e9duire le contact et [&hellip;]<\/p>\n","protected":false},"author":1,"featured_media":28095,"parent":0,"menu_order":0,"comment_status":"open","ping_status":"open","template":"","meta":{"_acf_changed":false,"footnotes":""},"class_list":["post-55950","page","type-page","status-publish","has-post-thumbnail","hentry"],"blocksy_meta":{"styles_descriptor":{"styles":{"desktop":"","tablet":"","mobile":""},"google_fonts":[],"version":6}},"featured_image_urls_v2":{"full":["https:\/\/varibox.best4u.dev\/wp-content\/uploads\/2024\/10\/Connect-the-NS4-Coupler-2.png",325,370,false],"thumbnail":["https:\/\/varibox.best4u.dev\/wp-content\/uploads\/2024\/10\/Connect-the-NS4-Coupler-2-256x256.png",256,256,true],"medium":["https:\/\/varibox.best4u.dev\/wp-content\/uploads\/2024\/10\/Connect-the-NS4-Coupler-2.png",325,370,false],"medium_large":["https:\/\/varibox.best4u.dev\/wp-content\/uploads\/2024\/10\/Connect-the-NS4-Coupler-2.png",325,370,false],"large":["https:\/\/varibox.best4u.dev\/wp-content\/uploads\/2024\/10\/Connect-the-NS4-Coupler-2.png",325,370,false],"1536x1536":["https:\/\/varibox.best4u.dev\/wp-content\/uploads\/2024\/10\/Connect-the-NS4-Coupler-2.png",325,370,false],"2048x2048":["https:\/\/varibox.best4u.dev\/wp-content\/uploads\/2024\/10\/Connect-the-NS4-Coupler-2.png",325,370,false],"woocommerce_archive_thumbnail":["https:\/\/varibox.best4u.dev\/wp-content\/uploads\/2024\/10\/Connect-the-NS4-Coupler-2-270x307.png",270,307,true],"gform-image-choice-sm":["https:\/\/varibox.best4u.dev\/wp-content\/uploads\/2024\/10\/Connect-the-NS4-Coupler-2.png",264,300,false],"gform-image-choice-md":["https:\/\/varibox.best4u.dev\/wp-content\/uploads\/2024\/10\/Connect-the-NS4-Coupler-2.png",325,370,false],"gform-image-choice-lg":["https:\/\/varibox.best4u.dev\/wp-content\/uploads\/2024\/10\/Connect-the-NS4-Coupler-2.png",325,370,false],"woocommerce_thumbnail":["https:\/\/varibox.best4u.dev\/wp-content\/uploads\/2024\/10\/Connect-the-NS4-Coupler-2-270x307.png",270,307,true],"woocommerce_single":["https:\/\/varibox.best4u.dev\/wp-content\/uploads\/2024\/10\/Connect-the-NS4-Coupler-2.png",325,370,false],"woocommerce_gallery_thumbnail":["https:\/\/varibox.best4u.dev\/wp-content\/uploads\/2024\/10\/Connect-the-NS4-Coupler-2-100x100.png",100,100,true],"variation_swatches_image_size":["https:\/\/varibox.best4u.dev\/wp-content\/uploads\/2024\/10\/Connect-the-NS4-Coupler-2-50x50.png",50,50,true],"variation_swatches_tooltip_size":["https:\/\/varibox.best4u.dev\/wp-content\/uploads\/2024\/10\/Connect-the-NS4-Coupler-2-100x100.png",100,100,true]},"post_excerpt_stackable_v2":"<p>Connexion du coupleur NS4 Dans cette page, vous trouverez une vid\u00e9o sur la connexion du coupleur NS4 \u00e0 votre GRV (Grand R\u00e9cipient pour Vrac). Les VARIBOX \u00e0 double paroi sont sp\u00e9cialement con\u00e7us pour am\u00e9liorer la s\u00e9curit\u00e9 dans diff\u00e9rents secteurs d\u2019activit\u00e9. Sa conception unique cr\u00e9e un syst\u00e8me en circuit ferm\u00e9 afin de r\u00e9duire le contact et l&rsquo;inhalation toxique de produits chimiques. Vidanger le produit chimique du GRV est simple : il suffit de connecter d\u2019un seul clic le coupleur du syst\u00e8me de pompe au tube d\u2019aspiration de votre VARIBOX. Plusieurs tubes d\u2019aspiration sont disponibles : tube plongeur VARIBOX Safeline Performance, Safeline\u2026<\/p>\n","category_list_v2":"","author_info_v2":{"name":"Best4u","url":"https:\/\/varibox.best4u.dev\/fr\/author\/best4u\/"},"comments_num_v2":"0 comments","acf":[],"_links":{"self":[{"href":"https:\/\/varibox.best4u.dev\/fr\/wp-json\/wp\/v2\/pages\/55950","targetHints":{"allow":["GET"]}}],"collection":[{"href":"https:\/\/varibox.best4u.dev\/fr\/wp-json\/wp\/v2\/pages"}],"about":[{"href":"https:\/\/varibox.best4u.dev\/fr\/wp-json\/wp\/v2\/types\/page"}],"author":[{"embeddable":true,"href":"https:\/\/varibox.best4u.dev\/fr\/wp-json\/wp\/v2\/users\/1"}],"replies":[{"embeddable":true,"href":"https:\/\/varibox.best4u.dev\/fr\/wp-json\/wp\/v2\/comments?post=55950"}],"version-history":[{"count":1,"href":"https:\/\/varibox.best4u.dev\/fr\/wp-json\/wp\/v2\/pages\/55950\/revisions"}],"predecessor-version":[{"id":55951,"href":"https:\/\/varibox.best4u.dev\/fr\/wp-json\/wp\/v2\/pages\/55950\/revisions\/55951"}],"wp:featuredmedia":[{"embeddable":true,"href":"https:\/\/varibox.best4u.dev\/fr\/wp-json\/wp\/v2\/media\/28095"}],"wp:attachment":[{"href":"https:\/\/varibox.best4u.dev\/fr\/wp-json\/wp\/v2\/media?parent=55950"}],"curies":[{"name":"wp","href":"https:\/\/api.w.org\/{rel}","templated":true}]}}