{"id":55898,"date":"2021-11-23T17:02:52","date_gmt":"2021-11-23T16:02:52","guid":{"rendered":"https:\/\/varibox.best4u.dev\/substances-dans-un-varibox\/"},"modified":"2024-11-08T11:40:58","modified_gmt":"2024-11-08T10:40:58","slug":"substances-dans-un-varibox","status":"publish","type":"page","link":"https:\/\/varibox.best4u.dev\/fr\/substances-dans-un-varibox\/","title":{"rendered":"Substances dans un VARIBOX"},"content":{"rendered":"\n<div class=\"wp-block-ugb-columns ugb-columns ugb-0d5d96e ugb-columns--design-plain ugb-columns--columns-2 ugb-main-block\"><style>.ugb-0d5d96e > .ugb-inner-block > .ugb-block-content > .ugb-columns__item{grid-template-columns:1.40fr 0.60fr !important}@media screen and (min-width:768px){.ugb-0d5d96e.ugb-columns{margin-bottom:83px !important}}@media screen and (max-width:768px){.ugb-0d5d96e-content-wrapper{grid-row-gap:0 !important}}<\/style><div class=\"ugb-inner-block\"><div class=\"ugb-block-content\"><div class=\"ugb-columns__item ugb-0d5d96e-content-wrapper\">\n<div class=\"wp-block-ugb-column ugb-column ugb-b383129 ugb-column--design-plain ugb-main-block\"><div class=\"ugb-inner-block\"><div class=\"ugb-block-content\"><div class=\"ugb-column__item ugb-b383129-column-wrapper\"><div class=\"ugb-column__content-wrapper\">\n<div class=\"wp-block-ugb-heading ugb-heading wow animate__animated animate__fadeIn ugb-bcdb7f0 ugb-main-block\"><style>.ugb-bcdb7f0 .ugb-heading__subtitle{margin-bottom:-5px !important}<\/style><div class=\"ugb-inner-block\"><div class=\"ugb-block-content\"><h1 class=\"ugb-heading__title\">Ma substance est-elle autoris\u00e9e \u00e0 \u00eatre conditionn\u00e9e dans un VARIBOX ?<\/h1><p class=\"ugb-heading__subtitle\">Le conditionnement de substances dans un VARIBOX est autoris\u00e9 si la compatibilit\u00e9 chimique du plastique du VARIBOX avec la substance est v\u00e9rifi\u00e9e. C\u2019est ce qu\u2019on appelle l&rsquo;assimilation des mati\u00e8res de remplissage \u00e0 des liquides de r\u00e9f\u00e9rence. Le domaine d\u2019application est d\u00e9crit dans l&rsquo;ADR au <a href=\"https:\/\/adrbook.com\/en\/2017\/ADR\/4.1.1.21.1\" target=\"_blank\" rel=\"noreferrer noopener\">ADR 4.1.1.21.1.<\/a><\/p><\/div><\/div><\/div>\n\n\n\n<div class=\"wp-block-ugb-button ugb-button-wrapper green-button wow animate__animated animate__fadeIn ugb-1f71c95 ugb-button--mobile-aligned ugb-main-block\"><style>.ugb-1f71c95 .ugb-block-content{justify-content:flex-start !important}.ugb-1f71c95 .ugb-button1 .ugb-button--inner{font-weight:bold !important}.ugb-1f71c95 .ugb-button1:hover{opacity:1}.ugb-1f71c95 .ugb-inner-block{text-align:left}@media screen and (max-width:768px){.ugb-1f71c95 .ugb-block-content{justify-content:center !important}.ugb-1f71c95 .ugb-inner-block{text-align:center}}<\/style><div class=\"ugb-inner-block\"><div class=\"ugb-block-content\"><div class=\"ugb-button-container\"><a class=\"ugb-button1 ugb-button ugb-button--size-normal\" href=\"https:\/\/varibox.best4u.dev\/fr\/formulaire-de-contact\/\" target=\"_blank\" rel=\"noopener noreferrer\" title=\"\"><span class=\"ugb-button--inner\">Contactez-nous<\/span><\/a><\/div><\/div><\/div><\/div>\n<\/div><\/div><\/div><\/div><\/div>\n\n\n\n<div class=\"wp-block-ugb-column ugb-column ugb-e882f9a ugb-column--design-plain ugb-main-block\"><style>@media screen and (max-width:768px){.ugb-e882f9a .ugb-inner-block{text-align:center}}<\/style><div class=\"ugb-inner-block\"><div class=\"ugb-block-content\"><div class=\"ugb-column__item ugb-e882f9a-column-wrapper\"><div class=\"ugb-column__content-wrapper\">\n<figure class=\"wp-block-image size-full wow animate__animated animate__fadeIn\"><img decoding=\"async\" src=\"https:\/\/varibox.best4u.dev\/wp-content\/uploads\/2024\/10\/VARIBOX-Full-Containment-4.png\" alt=\"VARIBOX Full Containment\" class=\"wp-image-10756\"\/><\/figure>\n<\/div><\/div><\/div><\/div><\/div>\n<\/div><\/div><\/div><\/div>\n\n\n\n<div class=\"alignfull wp-block-ugb-container ugb-container ugb-25beaa0 ugb-container--v2 ugb-container--design-plain ugb-main-block ugb-main-block--inner-center ugb--has-block-background\"><style>.ugb-25beaa0.ugb-container{background-color:var(--theme-palette-color-7,#F9FAFB)}.ugb-25beaa0.ugb-container:before{background-color:var(--theme-palette-color-7,#F9FAFB)}@media screen and (min-width:768px){.ugb-25beaa0-content-wrapper.ugb-container__content-wrapper{width:85% !important}.ugb-25beaa0.ugb-container{margin-bottom:0px !important;padding-top:0px !important;padding-right:35px !important;padding-bottom:0px !important;padding-left:35px !important}}@media screen and (min-width:768px) and (max-width:1025px){.ugb-25beaa0-content-wrapper.ugb-container__content-wrapper{width:100% !important}}@media screen and (max-width:768px){.ugb-25beaa0.ugb-container{margin-bottom:0px !important;padding-top:0px !important;padding-right:18px !important;padding-bottom:0px !important;padding-left:18px !important}}@media screen and (min-width:768px){.ugb-25beaa0 > .ugb-inner-block > .ugb-block-content > *{padding-top:40px !important;padding-bottom:40px !important}}@media screen and (max-width:768px){.ugb-25beaa0 > .ugb-inner-block > .ugb-block-content > *{padding-top:35px !important;padding-bottom:0px !important}}<\/style><div class=\"ugb-inner-block ugb-inner-block--center\"><div class=\"ugb-block-content\"><div class=\"ugb-container__wrapper ugb-25beaa0-wrapper\"><div class=\"ugb-container__side\"><div class=\"ugb-container__content-wrapper ugb-25beaa0-content-wrapper\">\n<div class=\"aligncenter wp-block-ugb-columns ugb-columns top-icons-columns ugb-609d063 ugb-columns--design-plain ugb-columns--columns-3 ugb-main-block\"><style>.ugb-609d063-content-wrapper{grid-column-gap:15px !important}@media screen and (min-width:768px) and (max-width:1025px){.ugb-609d063-content-wrapper{grid-column-gap:0px !important}}@media screen and (max-width:768px){.ugb-609d063-content-wrapper{grid-row-gap:0 !important;grid-column-gap:0px !important}.ugb-609d063 .ugb-inner-block{text-align:center}.ugb-609d063.ugb-columns{margin-top:0px !important;margin-bottom:0px !important}}<\/style><div class=\"ugb-inner-block\"><div class=\"ugb-block-content\"><div class=\"ugb-columns__item ugb-609d063-content-wrapper\">\n<div class=\"wp-block-ugb-column ugb-column ugb-aa84cea ugb-column--design-plain ugb-main-block\"><div class=\"ugb-inner-block\"><div class=\"ugb-block-content\"><div class=\"ugb-column__item ugb-aa84cea-column-wrapper\"><div class=\"ugb-column__content-wrapper\">\n<div class=\"wp-block-group is-layout-flow wp-block-group-is-layout-flow\">\n<div class=\"wp-block-media-text alignwide is-stacked-on-mobile is-vertically-aligned-center content-pages-top-icons\" style=\"grid-template-columns:30% auto\"><figure class=\"wp-block-media-text__media\"><img decoding=\"async\" src=\"https:\/\/varibox.best4u.dev\/wp-content\/uploads\/2021\/12\/test.svg\" alt=\"\" class=\"wp-image-3005 size-full\"\/><\/figure><div class=\"wp-block-media-text__content\">\n<h4 class=\"wp-block-heading has-text-align-left has-medium-font-size\">Plus s\u00fbr<\/h4>\n<\/div><\/div>\n<\/div>\n<\/div><\/div><\/div><\/div><\/div>\n\n\n\n<div class=\"wp-block-ugb-column ugb-column ugb-a25ba9c ugb-column--design-plain ugb-main-block\"><div class=\"ugb-inner-block\"><div class=\"ugb-block-content\"><div class=\"ugb-column__item ugb-a25ba9c-column-wrapper\"><div class=\"ugb-column__content-wrapper\">\n<div class=\"wp-block-group is-layout-flow wp-block-group-is-layout-flow\">\n<div class=\"wp-block-media-text alignwide is-stacked-on-mobile is-vertically-aligned-center content-pages-top-icons\" style=\"grid-template-columns:30% auto\"><figure class=\"wp-block-media-text__media\"><img decoding=\"async\" src=\"https:\/\/varibox.best4u.dev\/wp-content\/uploads\/2021\/11\/reuseablility-green-1.svg\" alt=\"\" class=\"wp-image-1838 size-full\"\/><\/figure><div class=\"wp-block-media-text__content\">\n<h4 class=\"wp-block-heading has-text-align-left has-medium-font-size\">R\u00e9utilisable<\/h4>\n<\/div><\/div>\n<\/div>\n<\/div><\/div><\/div><\/div><\/div>\n\n\n\n<div class=\"wp-block-ugb-column ugb-column ugb-ed3faa1 ugb-column--design-plain ugb-main-block\"><div class=\"ugb-inner-block\"><div class=\"ugb-block-content\"><div class=\"ugb-column__item ugb-ed3faa1-column-wrapper\"><div class=\"ugb-column__content-wrapper\">\n<div class=\"wp-block-group is-layout-flow wp-block-group-is-layout-flow\">\n<div class=\"wp-block-media-text alignwide is-stacked-on-mobile is-vertically-aligned-center content-pages-top-icons\" style=\"grid-template-columns:29% auto\"><figure class=\"wp-block-media-text__media\"><img decoding=\"async\" src=\"https:\/\/varibox.best4u.dev\/wp-content\/uploads\/2021\/11\/sustainability-green-1.svg\" alt=\"\" class=\"wp-image-1851 size-full\"\/><\/figure><div class=\"wp-block-media-text__content\">\n<h4 class=\"wp-block-heading has-text-align-left has-medium-font-size\">Durable<\/h4>\n<\/div><\/div>\n<\/div>\n<\/div><\/div><\/div><\/div><\/div>\n<\/div><\/div><\/div><\/div>\n<\/div><\/div><\/div><\/div><\/div><\/div>\n\n\n\n<div class=\"alignfull wp-block-ugb-container ugb-container ugb-0591a81 ugb-container--v2 ugb-container--design-plain ugb-main-block ugb-main-block--inner-center ugb--has-block-background ugb--has-background-overlay\"><style>.ugb-0591a81.ugb-container{background-color:var(--theme-palette-color-8,#f8fafc)}.ugb-0591a81.ugb-container:before{background-image:linear-gradient(180deg,var(--theme-palette-color-8,#f8fafc) 0%,#ffffff 100%)}@media screen and (min-width:768px){.ugb-0591a81.ugb-container{padding-top:0px !important;padding-right:35px !important;padding-bottom:0px !important;padding-left:35px !important}}@media screen and (min-width:768px){.ugb-0591a81 > .ugb-inner-block > .ugb-block-content > *{padding-top:64px !important;padding-bottom:64px !important}}<\/style><div class=\"ugb-inner-block ugb-inner-block--center\"><div class=\"ugb-block-content\"><div class=\"ugb-container__wrapper ugb-0591a81-wrapper\"><div class=\"ugb-container__side\"><div class=\"ugb-container__content-wrapper ugb-0591a81-content-wrapper\">\n<div class=\"wp-block-ugb-heading ugb-heading wow animate__animated animate__fadeIn ugb-435a208 ugb-main-block\"><style>.ugb-435a208 .ugb-heading__title{text-align:center}.ugb-435a208 .ugb-inner-block{text-align:center}<\/style><div class=\"ugb-inner-block\"><div class=\"ugb-block-content\"><h2 class=\"ugb-heading__title\">Comment assimiler une substance ?<\/h2><p class=\"ugb-heading__subtitle\">L&rsquo;assimilation doit \u00eatre effectu\u00e9e comme suit (voir \u00e9galement le diagramme de la figure 4.1.1.21.1 de l&rsquo;ADR) :<\/p><\/div><\/div><\/div>\n\n\n\n<ul class=\"wp-block-list\"><li>1. D\u00e9terminer le num\u00e9ro ONU et le groupe d&#8217;emballage de la substance<\/li><li>2. Rechercher ce num\u00e9ro ONU dans la liste d&rsquo;assimilation ADR (tableau 4.1.1.21.6)<\/li><li>3. S&rsquo;il y a plus d&rsquo;une ligne pour ce num\u00e9ro UN, choisir la ligne correspondant au groupe d&#8217;emballage, \u00e0 la concentration, au point d&rsquo;\u00e9clair, etc.<\/li><li>4. La compatibilit\u00e9 chimique de la substance est v\u00e9rifi\u00e9e si la substance y est mentionn\u00e9e<\/li><li>5. S&rsquo;il est indiqu\u00e9 \u00ab\u00a0R\u00e8gle pour les rubriques collectives\u00a0\u00bb, appliquer cette r\u00e8gle comme d\u00e9crit dans l&rsquo;ADR au 4.1.1.21.5<\/li><\/ul>\n\n\n\n<p>La substance est maintenant assimil\u00e9e \u00e0 un liquide de r\u00e9f\u00e9rence ou \u00e0 un m\u00e9lange de liquides de r\u00e9f\u00e9rence. Si le GRV est homologu\u00e9 pour ce liquide de r\u00e9f\u00e9rence, la substance peut alors y \u00eatre conditionn\u00e9e.<\/p>\n\n\n\n<div class=\"wp-block-ugb-heading ugb-heading wow animate__animated animate__fadeIn ugb-92ba1e7 ugb-main-block\"><style>.ugb-92ba1e7 .ugb-heading__title{text-align:center}.ugb-92ba1e7 .ugb-inner-block{text-align:center}<\/style><div class=\"ugb-inner-block\"><div class=\"ugb-block-content\"><h2 class=\"ugb-heading__title\">Mon VARIBOX est-il autoris\u00e9 pour ce liquide de r\u00e9f\u00e9rence ?<\/h2><p class=\"ugb-heading__subtitle\">Le VARIBOX est homologu\u00e9 pour tous les liquides de r\u00e9f\u00e9rence de l&rsquo;ADR ! La densit\u00e9 maximale autoris\u00e9e par liquide de r\u00e9f\u00e9rence peut varier, tout comme la pression de vapeur maximale autoris\u00e9e peut \u00eatre diff\u00e9rente. Assurez-vous que la densit\u00e9 et la pression de vapeur de la mati\u00e8re de remplissage ne d\u00e9passent pas celles pour lesquelles le GRV a \u00e9t\u00e9 homologu\u00e9. Pour ce faire, v\u00e9rifiez la base des donn\u00e9es de la substance et l\u2019homologation du GRV. Vous pouvez \u00e9galement avoir des informations sur les liquides de r\u00e9f\u00e9rence, la densit\u00e9 et la pression de vapeur maximales dans les sp\u00e9cifications relatives aux VARIBOX.<br>Dans le cas o\u00f9 la mati\u00e8re est assimil\u00e9e \u00e0 un m\u00e9lange de liquides de r\u00e9f\u00e9rence, la densit\u00e9 et la pression de vapeur les plus basses des liquides de r\u00e9f\u00e9rence assimil\u00e9s pour lesquels le GRV est autoris\u00e9 s&rsquo;appliquent.<\/p><\/div><\/div><\/div>\n\n\n\n<div class=\"wp-block-ugb-heading ugb-heading wow animate__animated animate__fadeIn ugb-fee9f5c ugb-main-block\"><style>.ugb-fee9f5c .ugb-heading__title{text-align:center}.ugb-fee9f5c .ugb-inner-block{text-align:center}<\/style><div class=\"ugb-inner-block\"><div class=\"ugb-block-content\"><h2 class=\"ugb-heading__title\">Pouvez-vous assimiler une substance compos\u00e9e de plusieurs constituants ?<\/h2><p class=\"ugb-heading__subtitle\">Les substances qui sont une solution, un m\u00e9lange ou une pr\u00e9paration peuvent \u00e9galement \u00eatre assimil\u00e9es. Tous les constituants de cette substance, qu&rsquo;ils soient dangereux ou non, doivent alors \u00eatre inclus dans la proc\u00e9dure d&rsquo;assimilation. Les constituants connus de ne pas avoir d\u2019effet sur le poly\u00e9thyl\u00e8ne ne doivent pas \u00eatre pris en compte.<\/p><\/div><\/div><\/div>\n\n\n\n<div class=\"wp-block-ugb-heading ugb-heading wow animate__animated animate__fadeIn ugb-2d7b14e ugb-main-block\"><style>.ugb-2d7b14e .ugb-heading__title{text-align:center}.ugb-2d7b14e .ugb-inner-block{text-align:center}<\/style><div class=\"ugb-inner-block\"><div class=\"ugb-block-content\"><h2 class=\"ugb-heading__title\">Et si l&rsquo;assimilation n&rsquo;est pas possible ?<\/h2><p class=\"ugb-heading__subtitle\">Si l&rsquo;assimilation n&rsquo;est pas possible selon cette m\u00e9thode, la compatibilit\u00e9 chimique doit \u00eatre d\u00e9montr\u00e9e par des tests. Parfois, les tests de laboratoire peuvent \u00eatre suffisants, mais le plus souvent, cela passe par des tests suite \u00e0 un vieillissement de la mati\u00e8re de remplissage dans le GRV. La p\u00e9riode de stockage est g\u00e9n\u00e9ralement de 6 mois \u00e0 temp\u00e9rature ambiante. Apr\u00e8s cela, un test de chute UN, un test d&rsquo;\u00e9tanch\u00e9it\u00e9 \u00e0 l&rsquo;air, un test hydraulique et un test de vibration sont g\u00e9n\u00e9ralement effectu\u00e9s. En cas de r\u00e9sultats positifs, la substance peut \u00eatre remplie dans le GRV.<\/p><\/div><\/div><\/div>\n\n\n\n<div class=\"wp-block-ugb-heading ugb-heading wow animate__animated animate__fadeIn ugb-09fcf35 ugb-main-block\"><style>.ugb-09fcf35 .ugb-heading__title{text-align:center;margin-bottom:24px !important}.ugb-09fcf35 .ugb-heading__subtitle{text-align:center;margin-bottom:64px !important}.ugb-09fcf35 .ugb-inner-block{text-align:center}@media screen and (min-width:768px){.ugb-09fcf35.ugb-heading{margin-bottom:0px !important}}@media screen and (max-width:1025px){.ugb-09fcf35 .ugb-heading__title{text-align:center}.ugb-09fcf35 .ugb-inner-block{text-align:center}}@media screen and (max-width:768px){.ugb-09fcf35 .ugb-heading__title{text-align:center}.ugb-09fcf35 .ugb-heading__subtitle{text-align:center}.ugb-09fcf35 .ugb-inner-block{text-align:center}}<\/style><div class=\"ugb-inner-block\"><div class=\"ugb-block-content\"><h2 class=\"ugb-heading__title\">Vous n\u2019avez pas trouv\u00e9 votre r\u00e9ponse dans la FAQ substances dans un VARIBOX ?<\/h2><p class=\"ugb-heading__subtitle\">Nos IBC VARIBOX s\u00fbrs et r\u00e9utilisables sont employ\u00e9s dans diverses applications pour diff\u00e9rents march\u00e9s. Il se peut que votre question\/r\u00e9ponse ne soit pas incluse dans la section support. Si tel est le cas, veuillez contacter notre service client\u00e8le, nous nous ferons un plaisir de vous aider.<\/p><\/div><\/div><\/div>\n\n\n\n<div class=\"wp-block-ugb-button ugb-button-wrapper green-button animate__animated animate__fadeIn ugb-ee16d32 ugb-button--mobile-aligned ugb-main-block\"><style>.ugb-ee16d32 .ugb-block-content{justify-content:center !important}.ugb-ee16d32 .ugb-button1 .ugb-button--inner{font-weight:bold !important}.ugb-ee16d32 .ugb-button1:hover{opacity:1}.ugb-ee16d32 .ugb-inner-block{text-align:center}@media screen and (min-width:768px){.ugb-ee16d32.ugb-button-wrapper{margin-bottom:0px !important}}@media screen and (max-width:768px){.ugb-ee16d32 .ugb-block-content{justify-content:center !important}.ugb-ee16d32 .ugb-inner-block{text-align:center}}<\/style><div class=\"ugb-inner-block\"><div class=\"ugb-block-content\"><div class=\"ugb-button-container\"><a class=\"ugb-button1 ugb-button ugb-button--size-normal\" href=\"https:\/\/varibox.best4u.dev\/fr\/formulaire-de-contact\/\" target=\"_blank\" rel=\"noopener noreferrer\" title=\"\"><span class=\"ugb-button--inner\">Contactez-nous<\/span><\/a><\/div><\/div><\/div><\/div>\n<\/div><\/div><\/div><\/div><\/div><\/div>\n","protected":false},"excerpt":{"rendered":"<p>Ma substance est-elle autoris\u00e9e \u00e0 \u00eatre conditionn\u00e9e dans un VARIBOX ? Le conditionnement de substances dans un VARIBOX est autoris\u00e9 si la compatibilit\u00e9 chimique du plastique du VARIBOX avec la substance est v\u00e9rifi\u00e9e. C\u2019est ce qu\u2019on appelle l&rsquo;assimilation des mati\u00e8res de remplissage \u00e0 des liquides de r\u00e9f\u00e9rence. Le domaine d\u2019application est d\u00e9crit dans l&rsquo;ADR au [&hellip;]<\/p>\n","protected":false},"author":1,"featured_media":0,"parent":0,"menu_order":0,"comment_status":"open","ping_status":"open","template":"","meta":{"_acf_changed":false,"footnotes":""},"class_list":["post-55898","page","type-page","status-publish","hentry"],"blocksy_meta":{"styles_descriptor":{"styles":{"desktop":"","tablet":"","mobile":""},"google_fonts":[],"version":6}},"featured_image_urls_v2":{"full":"","thumbnail":"","medium":"","medium_large":"","large":"","1536x1536":"","2048x2048":"","woocommerce_archive_thumbnail":"","gform-image-choice-sm":"","gform-image-choice-md":"","gform-image-choice-lg":"","woocommerce_thumbnail":"","woocommerce_single":"","woocommerce_gallery_thumbnail":"","variation_swatches_image_size":"","variation_swatches_tooltip_size":""},"post_excerpt_stackable_v2":"<p>Ma substance est-elle autoris\u00e9e \u00e0 \u00eatre conditionn\u00e9e dans un VARIBOX ?Le conditionnement de substances dans un VARIBOX est autoris\u00e9 si la compatibilit\u00e9 chimique du plastique du VARIBOX avec la substance est v\u00e9rifi\u00e9e. C\u2019est ce qu\u2019on appelle l&rsquo;assimilation des mati\u00e8res de remplissage \u00e0 des liquides de r\u00e9f\u00e9rence. Le domaine d\u2019application est d\u00e9crit dans l&rsquo;ADR au ADR 4.1.1.21.1. Contactez-nous Plus s\u00fbr R\u00e9utilisable Durable Comment assimiler une substance ?L&rsquo;assimilation doit \u00eatre effectu\u00e9e comme suit (voir \u00e9galement le diagramme de la figure 4.1.1.21.1 de l&rsquo;ADR) : 1. D\u00e9terminer le num\u00e9ro ONU et le groupe d&#8217;emballage de la substance2. Rechercher ce num\u00e9ro ONU dans la\u2026<\/p>\n","category_list_v2":"","author_info_v2":{"name":"Best4u","url":"https:\/\/varibox.best4u.dev\/fr\/author\/best4u\/"},"comments_num_v2":"0 comments","acf":[],"_links":{"self":[{"href":"https:\/\/varibox.best4u.dev\/fr\/wp-json\/wp\/v2\/pages\/55898","targetHints":{"allow":["GET"]}}],"collection":[{"href":"https:\/\/varibox.best4u.dev\/fr\/wp-json\/wp\/v2\/pages"}],"about":[{"href":"https:\/\/varibox.best4u.dev\/fr\/wp-json\/wp\/v2\/types\/page"}],"author":[{"embeddable":true,"href":"https:\/\/varibox.best4u.dev\/fr\/wp-json\/wp\/v2\/users\/1"}],"replies":[{"embeddable":true,"href":"https:\/\/varibox.best4u.dev\/fr\/wp-json\/wp\/v2\/comments?post=55898"}],"version-history":[{"count":1,"href":"https:\/\/varibox.best4u.dev\/fr\/wp-json\/wp\/v2\/pages\/55898\/revisions"}],"predecessor-version":[{"id":55899,"href":"https:\/\/varibox.best4u.dev\/fr\/wp-json\/wp\/v2\/pages\/55898\/revisions\/55899"}],"wp:attachment":[{"href":"https:\/\/varibox.best4u.dev\/fr\/wp-json\/wp\/v2\/media?parent=55898"}],"curies":[{"name":"wp","href":"https:\/\/api.w.org\/{rel}","templated":true}]}}