{"id":55889,"date":"2021-11-23T17:06:32","date_gmt":"2021-11-23T16:06:32","guid":{"rendered":"https:\/\/varibox.best4u.dev\/ammoniaque-dans-un-grv\/"},"modified":"2024-11-08T11:40:58","modified_gmt":"2024-11-08T10:40:58","slug":"ammoniaque-dans-un-grv","status":"publish","type":"page","link":"https:\/\/varibox.best4u.dev\/fr\/ammoniaque-dans-un-grv\/","title":{"rendered":"Ammoniaque dans un GRV"},"content":{"rendered":"\n<div class=\"wp-block-ugb-columns ugb-columns ugb-0d5d96e ugb-columns--design-plain ugb-columns--columns-2 ugb-main-block\"><style>.ugb-0d5d96e > .ugb-inner-block > .ugb-block-content > .ugb-columns__item{grid-template-columns:1.40fr 0.60fr !important}@media screen and (min-width:768px){.ugb-0d5d96e.ugb-columns{margin-bottom:83px !important}}@media screen and (max-width:768px){.ugb-0d5d96e-content-wrapper{grid-row-gap:0 !important}}<\/style><div class=\"ugb-inner-block\"><div class=\"ugb-block-content\"><div class=\"ugb-columns__item ugb-0d5d96e-content-wrapper\">\n<div class=\"wp-block-ugb-column ugb-column ugb-b383129 ugb-column--design-plain ugb-main-block\"><div class=\"ugb-inner-block\"><div class=\"ugb-block-content\"><div class=\"ugb-column__item ugb-b383129-column-wrapper\"><div class=\"ugb-column__content-wrapper\">\n<div class=\"wp-block-ugb-heading ugb-heading wow animate__animated animate__fadeIn ugb-bcdb7f0 ugb-main-block\"><style>.ugb-bcdb7f0 .ugb-heading__subtitle{margin-bottom:-5px !important}<\/style><div class=\"ugb-inner-block\"><div class=\"ugb-block-content\"><h1 class=\"ugb-heading__title\">Quelle concentration d\u2019ammoniaque pouvez-vous transporter dans un IBC ?<\/h1><p class=\"ugb-heading__subtitle\">Soyez les bienvenus dans la FAQ Ammoniaque dans un GRV. L&rsquo;ADR r\u00e9pertorie les solutions d&rsquo;ammoniaque avec une concentration comprise entre 10% et 35% comme UN 2672. Et l&rsquo;ADR nous dit que l&rsquo;on peut transporter un produit UN2672 dans un GRV. Cela signifie-t-il que vous pouvez exp\u00e9dier de l&rsquo;ammoniac \u00e0 25% dans un GRV ? Non, vous ne pouvez pas le faire !<\/p><\/div><\/div><\/div>\n\n\n\n<div class=\"wp-block-ugb-button ugb-button-wrapper green-button wow animate__animated animate__fadeIn ugb-1f71c95 ugb-button--mobile-aligned ugb-main-block\"><style>.ugb-1f71c95 .ugb-block-content{justify-content:flex-start !important}.ugb-1f71c95 .ugb-button1 .ugb-button--inner{font-weight:bold !important}.ugb-1f71c95 .ugb-button1:hover{opacity:1}.ugb-1f71c95 .ugb-inner-block{text-align:left}@media screen and (max-width:768px){.ugb-1f71c95 .ugb-block-content{justify-content:center !important}.ugb-1f71c95 .ugb-inner-block{text-align:center}}<\/style><div class=\"ugb-inner-block\"><div class=\"ugb-block-content\"><div class=\"ugb-button-container\"><a class=\"ugb-button1 ugb-button ugb-button--size-normal\" href=\"https:\/\/varibox.best4u.dev\/fr\/formulaire-de-contact\/\" target=\"_blank\" rel=\"noopener noreferrer\" title=\"\"><span class=\"ugb-button--inner\">Contactez-nous<\/span><\/a><\/div><\/div><\/div><\/div>\n<\/div><\/div><\/div><\/div><\/div>\n\n\n\n<div class=\"wp-block-ugb-column ugb-column ugb-e882f9a ugb-column--design-plain ugb-main-block\"><style>@media screen and (max-width:768px){.ugb-e882f9a .ugb-inner-block{text-align:center}}<\/style><div class=\"ugb-inner-block\"><div class=\"ugb-block-content\"><div class=\"ugb-column__item ugb-e882f9a-column-wrapper\"><div class=\"ugb-column__content-wrapper\">\n<figure class=\"wp-block-image size-full wow animate__animated animate__fadeIn\"><img decoding=\"async\" src=\"https:\/\/varibox.best4u.dev\/wp-content\/uploads\/2024\/10\/VARIBOX-Full-Containment-4.png\" alt=\"VARIBOX Full Containment\" class=\"wp-image-10756\"\/><\/figure>\n<\/div><\/div><\/div><\/div><\/div>\n<\/div><\/div><\/div><\/div>\n\n\n\n<div class=\"alignfull wp-block-ugb-container ugb-container ugb-25beaa0 ugb-container--v2 ugb-container--design-plain ugb-main-block ugb-main-block--inner-center ugb--has-block-background\"><style>.ugb-25beaa0.ugb-container{background-color:var(--theme-palette-color-7,#F9FAFB)}.ugb-25beaa0.ugb-container:before{background-color:var(--theme-palette-color-7,#F9FAFB)}@media screen and (min-width:768px){.ugb-25beaa0-content-wrapper.ugb-container__content-wrapper{width:85% !important}.ugb-25beaa0.ugb-container{margin-bottom:0px !important;padding-top:0px !important;padding-right:35px !important;padding-bottom:0px !important;padding-left:35px !important}}@media screen and (min-width:768px) and (max-width:1025px){.ugb-25beaa0-content-wrapper.ugb-container__content-wrapper{width:100% !important}}@media screen and (max-width:768px){.ugb-25beaa0.ugb-container{margin-bottom:0px !important;padding-top:0px !important;padding-right:18px !important;padding-bottom:0px !important;padding-left:18px !important}}@media screen and (min-width:768px){.ugb-25beaa0 > .ugb-inner-block > .ugb-block-content > *{padding-top:40px !important;padding-bottom:40px !important}}@media screen and (max-width:768px){.ugb-25beaa0 > .ugb-inner-block > .ugb-block-content > *{padding-top:35px !important;padding-bottom:0px !important}}<\/style><div class=\"ugb-inner-block ugb-inner-block--center\"><div class=\"ugb-block-content\"><div class=\"ugb-container__wrapper ugb-25beaa0-wrapper\"><div class=\"ugb-container__side\"><div class=\"ugb-container__content-wrapper ugb-25beaa0-content-wrapper\">\n<div class=\"aligncenter wp-block-ugb-columns ugb-columns top-icons-columns ugb-609d063 ugb-columns--design-plain ugb-columns--columns-3 ugb-main-block\"><style>.ugb-609d063-content-wrapper{grid-column-gap:15px !important}@media screen and (min-width:768px) and (max-width:1025px){.ugb-609d063-content-wrapper{grid-column-gap:0px !important}}@media screen and (max-width:768px){.ugb-609d063-content-wrapper{grid-row-gap:0 !important;grid-column-gap:0px !important}.ugb-609d063 .ugb-inner-block{text-align:center}.ugb-609d063.ugb-columns{margin-top:0px !important;margin-bottom:0px !important}}<\/style><div class=\"ugb-inner-block\"><div class=\"ugb-block-content\"><div class=\"ugb-columns__item ugb-609d063-content-wrapper\">\n<div class=\"wp-block-ugb-column ugb-column ugb-aa84cea ugb-column--design-plain ugb-main-block\"><div class=\"ugb-inner-block\"><div class=\"ugb-block-content\"><div class=\"ugb-column__item ugb-aa84cea-column-wrapper\"><div class=\"ugb-column__content-wrapper\">\n<div class=\"wp-block-group is-layout-flow wp-block-group-is-layout-flow\">\n<div class=\"wp-block-media-text alignwide is-stacked-on-mobile is-vertically-aligned-center content-pages-top-icons\" style=\"grid-template-columns:30% auto\"><figure class=\"wp-block-media-text__media\"><img decoding=\"async\" src=\"https:\/\/varibox.best4u.dev\/wp-content\/uploads\/2021\/12\/test.svg\" alt=\"\" class=\"wp-image-3005 size-full\"\/><\/figure><div class=\"wp-block-media-text__content\">\n<h4 class=\"wp-block-heading has-text-align-left has-medium-font-size\">Plus s\u00fbr<\/h4>\n<\/div><\/div>\n<\/div>\n<\/div><\/div><\/div><\/div><\/div>\n\n\n\n<div class=\"wp-block-ugb-column ugb-column ugb-a25ba9c ugb-column--design-plain ugb-main-block\"><div class=\"ugb-inner-block\"><div class=\"ugb-block-content\"><div class=\"ugb-column__item ugb-a25ba9c-column-wrapper\"><div class=\"ugb-column__content-wrapper\">\n<div class=\"wp-block-group is-layout-flow wp-block-group-is-layout-flow\">\n<div class=\"wp-block-media-text alignwide is-stacked-on-mobile is-vertically-aligned-center content-pages-top-icons\" style=\"grid-template-columns:30% auto\"><figure class=\"wp-block-media-text__media\"><img decoding=\"async\" src=\"https:\/\/varibox.best4u.dev\/wp-content\/uploads\/2021\/11\/reuseablility-green-1.svg\" alt=\"\" class=\"wp-image-1838 size-full\"\/><\/figure><div class=\"wp-block-media-text__content\">\n<h4 class=\"wp-block-heading has-text-align-left has-medium-font-size\">R\u00e9utilisable<\/h4>\n<\/div><\/div>\n<\/div>\n<\/div><\/div><\/div><\/div><\/div>\n\n\n\n<div class=\"wp-block-ugb-column ugb-column ugb-ed3faa1 ugb-column--design-plain ugb-main-block\"><div class=\"ugb-inner-block\"><div class=\"ugb-block-content\"><div class=\"ugb-column__item ugb-ed3faa1-column-wrapper\"><div class=\"ugb-column__content-wrapper\">\n<div class=\"wp-block-group is-layout-flow wp-block-group-is-layout-flow\">\n<div class=\"wp-block-media-text alignwide is-stacked-on-mobile is-vertically-aligned-center content-pages-top-icons\" style=\"grid-template-columns:29% auto\"><figure class=\"wp-block-media-text__media\"><img decoding=\"async\" src=\"https:\/\/varibox.best4u.dev\/wp-content\/uploads\/2021\/11\/sustainability-green-1.svg\" alt=\"\" class=\"wp-image-1851 size-full\"\/><\/figure><div class=\"wp-block-media-text__content\">\n<h4 class=\"wp-block-heading has-text-align-left has-medium-font-size\">Durable<\/h4>\n<\/div><\/div>\n<\/div>\n<\/div><\/div><\/div><\/div><\/div>\n<\/div><\/div><\/div><\/div>\n<\/div><\/div><\/div><\/div><\/div><\/div>\n\n\n\n<div class=\"alignfull wp-block-ugb-container ugb-container ugb-0591a81 ugb-container--v2 ugb-container--design-plain ugb-main-block ugb-main-block--inner-center ugb--has-block-background ugb--has-background-overlay\"><style>.ugb-0591a81.ugb-container{background-color:var(--theme-palette-color-8,#f8fafc)}.ugb-0591a81.ugb-container:before{background-image:linear-gradient(180deg,var(--theme-palette-color-8,#f8fafc) 0%,#ffffff 100%)}@media screen and (min-width:768px){.ugb-0591a81.ugb-container{padding-top:0px !important;padding-right:35px !important;padding-bottom:0px !important;padding-left:35px !important}}@media screen and (min-width:768px){.ugb-0591a81 > .ugb-inner-block > .ugb-block-content > *{padding-top:64px !important;padding-bottom:64px !important}}<\/style><div class=\"ugb-inner-block ugb-inner-block--center\"><div class=\"ugb-block-content\"><div class=\"ugb-container__wrapper ugb-0591a81-wrapper\"><div class=\"ugb-container__side\"><div class=\"ugb-container__content-wrapper ugb-0591a81-content-wrapper\">\n<div class=\"wp-block-ugb-heading ugb-heading wow animate__animated animate__fadeIn ugb-435a208 ugb-main-block\"><style>.ugb-435a208 .ugb-heading__title{text-align:center}.ugb-435a208 .ugb-inner-block{text-align:center}<\/style><div class=\"ugb-inner-block\"><div class=\"ugb-block-content\"><h2 class=\"ugb-heading__title\">Qu&rsquo;est-ce que la pression de vapeur ?<\/h2><p class=\"ugb-heading__subtitle\">La solution d&rsquo;ammoniaque est un produit avec une pression de vapeur \u00e9lev\u00e9e. La pression de vapeur est la pression de la vapeur au-dessus d&rsquo;un liquide dans un r\u00e9cipient ferm\u00e9. Cette pression s&rsquo;accumule par l&rsquo;\u00e9vaporation du liquide dans ce r\u00e9cipient ferm\u00e9 et plus la temp\u00e9rature est \u00e9lev\u00e9e, plus cette pression sera \u00e9lev\u00e9e. L&rsquo;ADR calcule la pression d&rsquo;\u00e9preuve hydraulique que les emballages doivent supporter en fonction de la pression de vapeur des liquides qui doivent \u00eatre introduits dans ces emballages. Et il y a une limite \u00e0 cette pression.<\/p><\/div><\/div><\/div>\n\n\n\n<div class=\"wp-block-ugb-heading ugb-heading wow animate__animated animate__fadeIn ugb-92ba1e7 ugb-main-block\"><style>.ugb-92ba1e7 .ugb-heading__title{text-align:center}.ugb-92ba1e7 .ugb-inner-block{text-align:center}<\/style><div class=\"ugb-inner-block\"><div class=\"ugb-block-content\"><h2 class=\"ugb-heading__title\">O\u00f9 l&rsquo;ADR limite-t-il la pression de vapeur dans les GRV ?<\/h2><p class=\"ugb-heading__subtitle\">Au 4.1.1.10, l&rsquo;ADR limite l&rsquo;utilisation des GRV pour les produits chimiques dont la pression de vapeur est sup\u00e9rieure \u00e0 110 kPa (1,1 bar) \u00e0 50 \u00b0 C ou 130 kPa (1,3 bar) \u00e0 55 \u00b0 C. C\u2019est indiqu\u00e9 dans la derni\u00e8re phrase de ce paragraphe, apr\u00e8s les explications sur la mani\u00e8re de relationner la pression d\u2019\u00e9preuve hydraulique des emballages \u00e0 la pression de vapeur des liquides \u00e0 charger. <a href=\"http:\/\/www.unece.org\/trans\/danger\/publi\/adr\/adr2019\/19contentse.html\" target=\"_blank\" rel=\"noreferrer noopener\"><strong>Voir l&rsquo;ADR pour la formulation exacte du 4.1.1.10<\/strong>.<\/a> Ainsi, l&rsquo;ADR nous dit que les GRV ne doivent pas \u00eatre utilis\u00e9s pour les liquides dont la pression de vapeur est sup\u00e9rieure \u00e0 110 kPa \u00e0 50 \u00b0 C. Or, l&rsquo;ammoniac \u00e0 25% a une pression de vapeur de ~ 154 kPa \u00e0 50 \u00b0 C, nettement sup\u00e9rieure \u00e0 la limite fix\u00e9e dans l&rsquo;ADR. Vous ne pouvez donc pas exp\u00e9dier d\u2019ammoniac \u00e0 25% dans un GRV.<\/p><\/div><\/div><\/div>\n\n\n\n<div class=\"wp-block-ugb-heading ugb-heading wow animate__animated animate__fadeIn ugb-fee9f5c ugb-main-block\"><style>.ugb-fee9f5c .ugb-heading__title{text-align:center}.ugb-fee9f5c .ugb-inner-block{text-align:center}<\/style><div class=\"ugb-inner-block\"><div class=\"ugb-block-content\"><h3 class=\"ugb-heading__title\">Quelle concentration d&rsquo;ammoniac pouvez-vous transporter dans un IBC ?<\/h3><p class=\"ugb-heading__subtitle\">L&rsquo;interpellation des pressions de vapeur des solutions d&rsquo;ammoniaque nous indique que des concentrations allant jusqu&rsquo;\u00e0 20% restent inf\u00e9rieures \u00e0 la pression de vapeur maximale de 110 kPa. \u00c0 des concentrations plus \u00e9lev\u00e9es, la pression de vapeur d\u00e9passe cette limite. Selon les sources, les donn\u00e9es de pression de vapeur peuvent diff\u00e9r\u00e9es. La pression de vapeur exacte de votre solution doit \u00eatre calcul\u00e9e sur la base des donn\u00e9es de pression de vapeur de votre fournisseur d&rsquo;ammoniac.<\/p><\/div><\/div><\/div>\n\n\n\n<figure class=\"wp-block-image alignfull size-full wow animate__animated animate__fadeIn\"><img decoding=\"async\" src=\"https:\/\/varibox.best4u.dev\/wp-content\/uploads\/2024\/10\/Ammonia-in-an-IBC-1-717x508-1.png\" alt=\"Ammoniaque dans un GRV\" class=\"wp-image-2331\"\/><\/figure>\n\n\n\n<div class=\"wp-block-ugb-heading ugb-heading wow animate__animated animate__fadeIn ugb-f10e890 ugb-main-block\"><style>.ugb-f10e890 .ugb-heading__title{text-align:center}.ugb-f10e890 .ugb-inner-block{text-align:center}@media screen and (min-width:768px){.ugb-f10e890.ugb-heading{margin-top:100px !important}}<\/style><div class=\"ugb-inner-block\"><div class=\"ugb-block-content\"><h3 class=\"ugb-heading__title\">V\u00e9rifiez la pression de vapeur de votre solution d&rsquo;ammoniaque<\/h3><p class=\"ugb-heading__subtitle\">Ainsi, l&rsquo;ADR limite la concentration d&rsquo;ammoniaque (UN 2672) \u00e0 20%. Par cons\u00e9quent, v\u00e9rifiez la pression de vapeur de votre solution d&rsquo;ammoniaque pour vous assurer que cette pression de vapeur ne d\u00e9passe pas cette limite d\u00e9finie dans l&rsquo;ADR.<\/p><\/div><\/div><\/div>\n\n\n\n<h3 class=\"has-text-align-center wp-block-heading\" id=\"vous-n-avez-pas-trouve-votre-reponse-dans-la-faq-ammoniaque-dans-un-grv\">Vous n\u2019avez pas trouv\u00e9 votre r\u00e9ponse dans FAQ Ammoniaque dans un GRV ?<\/h3>\n\n\n\n<p class=\"has-text-align-center\">Nos IBC VARIBOX s\u00fbrs et r\u00e9utilisables sont employ\u00e9s dans diverses applications pour diff\u00e9rents march\u00e9s. Il se peut que votre question\/r\u00e9ponse ne soit pas incluse dans la section support. Si tel est le cas, veuillez contacter notre service client\u00e8le, nous nous ferons un plaisir de vous aider.<\/p>\n\n\n\n<div class=\"wp-block-ugb-button ugb-button-wrapper green-button animate__animated animate__fadeIn ugb-ee16d32 ugb-button--mobile-aligned ugb-main-block\"><style>.ugb-ee16d32 .ugb-block-content{justify-content:center !important}.ugb-ee16d32 .ugb-button1 .ugb-button--inner{font-weight:bold !important}.ugb-ee16d32 .ugb-button1:hover{opacity:1}.ugb-ee16d32 .ugb-inner-block{text-align:center}@media screen and (min-width:768px){.ugb-ee16d32.ugb-button-wrapper{margin-bottom:0px !important}}@media screen and (max-width:768px){.ugb-ee16d32 .ugb-block-content{justify-content:center !important}.ugb-ee16d32 .ugb-inner-block{text-align:center}}<\/style><div class=\"ugb-inner-block\"><div class=\"ugb-block-content\"><div class=\"ugb-button-container\"><a class=\"ugb-button1 ugb-button ugb-button--size-normal\" href=\"https:\/\/varibox.best4u.dev\/fr\/formulaire-de-contact\/\" target=\"_blank\" rel=\"noopener noreferrer\" title=\"\"><span class=\"ugb-button--inner\">Contactez-nous<\/span><\/a><\/div><\/div><\/div><\/div>\n<\/div><\/div><\/div><\/div><\/div><\/div>\n\n\n\n<p><\/p>\n","protected":false},"excerpt":{"rendered":"<p>Quelle concentration d\u2019ammoniaque pouvez-vous transporter dans un IBC ? Soyez les bienvenus dans la FAQ Ammoniaque dans un GRV. L&rsquo;ADR r\u00e9pertorie les solutions d&rsquo;ammoniaque avec une concentration comprise entre 10% et 35% comme UN 2672. Et l&rsquo;ADR nous dit que l&rsquo;on peut transporter un produit UN2672 dans un GRV. Cela signifie-t-il que vous pouvez exp\u00e9dier [&hellip;]<\/p>\n","protected":false},"author":1,"featured_media":28658,"parent":0,"menu_order":0,"comment_status":"open","ping_status":"open","template":"","meta":{"_acf_changed":false,"footnotes":""},"class_list":["post-55889","page","type-page","status-publish","has-post-thumbnail","hentry"],"blocksy_meta":{"styles_descriptor":{"styles":{"desktop":"","tablet":"","mobile":""},"google_fonts":[],"version":6}},"featured_image_urls_v2":{"full":["https:\/\/varibox.best4u.dev\/wp-content\/uploads\/2024\/10\/Ammonia-in-an-IBC-1-717x508-1.png",717,508,false],"thumbnail":["https:\/\/varibox.best4u.dev\/wp-content\/uploads\/2024\/10\/Ammonia-in-an-IBC-1-717x508-1-256x256.png",256,256,true],"medium":["https:\/\/varibox.best4u.dev\/wp-content\/uploads\/2024\/10\/Ammonia-in-an-IBC-1-717x508-1-512x363.png",512,363,true],"medium_large":["https:\/\/varibox.best4u.dev\/wp-content\/uploads\/2024\/10\/Ammonia-in-an-IBC-1-717x508-1.png",717,508,false],"large":["https:\/\/varibox.best4u.dev\/wp-content\/uploads\/2024\/10\/Ammonia-in-an-IBC-1-717x508-1.png",717,508,false],"1536x1536":["https:\/\/varibox.best4u.dev\/wp-content\/uploads\/2024\/10\/Ammonia-in-an-IBC-1-717x508-1.png",717,508,false],"2048x2048":["https:\/\/varibox.best4u.dev\/wp-content\/uploads\/2024\/10\/Ammonia-in-an-IBC-1-717x508-1.png",717,508,false],"woocommerce_archive_thumbnail":["https:\/\/varibox.best4u.dev\/wp-content\/uploads\/2024\/10\/Ammonia-in-an-IBC-1-717x508-1-270x191.png",270,191,true],"gform-image-choice-sm":["https:\/\/varibox.best4u.dev\/wp-content\/uploads\/2024\/10\/Ammonia-in-an-IBC-1-717x508-1.png",300,213,false],"gform-image-choice-md":["https:\/\/varibox.best4u.dev\/wp-content\/uploads\/2024\/10\/Ammonia-in-an-IBC-1-717x508-1.png",400,283,false],"gform-image-choice-lg":["https:\/\/varibox.best4u.dev\/wp-content\/uploads\/2024\/10\/Ammonia-in-an-IBC-1-717x508-1.png",600,425,false],"woocommerce_thumbnail":["https:\/\/varibox.best4u.dev\/wp-content\/uploads\/2024\/10\/Ammonia-in-an-IBC-1-717x508-1-270x191.png",270,191,true],"woocommerce_single":["https:\/\/varibox.best4u.dev\/wp-content\/uploads\/2024\/10\/Ammonia-in-an-IBC-1-717x508-1.png",717,508,false],"woocommerce_gallery_thumbnail":["https:\/\/varibox.best4u.dev\/wp-content\/uploads\/2024\/10\/Ammonia-in-an-IBC-1-717x508-1-100x100.png",100,100,true],"variation_swatches_image_size":["https:\/\/varibox.best4u.dev\/wp-content\/uploads\/2024\/10\/Ammonia-in-an-IBC-1-717x508-1-50x50.png",50,50,true],"variation_swatches_tooltip_size":["https:\/\/varibox.best4u.dev\/wp-content\/uploads\/2024\/10\/Ammonia-in-an-IBC-1-717x508-1-100x100.png",100,100,true]},"post_excerpt_stackable_v2":"<p>Quelle concentration d\u2019ammoniaque pouvez-vous transporter dans un IBC ?Soyez les bienvenus dans la FAQ Ammoniaque dans un GRV. L&rsquo;ADR r\u00e9pertorie les solutions d&rsquo;ammoniaque avec une concentration comprise entre 10% et 35% comme UN 2672. Et l&rsquo;ADR nous dit que l&rsquo;on peut transporter un produit UN2672 dans un GRV. Cela signifie-t-il que vous pouvez exp\u00e9dier de l&rsquo;ammoniac \u00e0 25% dans un GRV ? Non, vous ne pouvez pas le faire ! Contactez-nous Plus s\u00fbr R\u00e9utilisable Durable Qu&rsquo;est-ce que la pression de vapeur ?La solution d&rsquo;ammoniaque est un produit avec une pression de vapeur \u00e9lev\u00e9e. La pression de vapeur est la pression\u2026<\/p>\n","category_list_v2":"","author_info_v2":{"name":"Best4u","url":"https:\/\/varibox.best4u.dev\/fr\/author\/best4u\/"},"comments_num_v2":"0 comments","acf":[],"_links":{"self":[{"href":"https:\/\/varibox.best4u.dev\/fr\/wp-json\/wp\/v2\/pages\/55889","targetHints":{"allow":["GET"]}}],"collection":[{"href":"https:\/\/varibox.best4u.dev\/fr\/wp-json\/wp\/v2\/pages"}],"about":[{"href":"https:\/\/varibox.best4u.dev\/fr\/wp-json\/wp\/v2\/types\/page"}],"author":[{"embeddable":true,"href":"https:\/\/varibox.best4u.dev\/fr\/wp-json\/wp\/v2\/users\/1"}],"replies":[{"embeddable":true,"href":"https:\/\/varibox.best4u.dev\/fr\/wp-json\/wp\/v2\/comments?post=55889"}],"version-history":[{"count":1,"href":"https:\/\/varibox.best4u.dev\/fr\/wp-json\/wp\/v2\/pages\/55889\/revisions"}],"predecessor-version":[{"id":55890,"href":"https:\/\/varibox.best4u.dev\/fr\/wp-json\/wp\/v2\/pages\/55889\/revisions\/55890"}],"wp:featuredmedia":[{"embeddable":true,"href":"https:\/\/varibox.best4u.dev\/fr\/wp-json\/wp\/v2\/media\/28658"}],"wp:attachment":[{"href":"https:\/\/varibox.best4u.dev\/fr\/wp-json\/wp\/v2\/media?parent=55889"}],"curies":[{"name":"wp","href":"https:\/\/api.w.org\/{rel}","templated":true}]}}