{"id":55801,"date":"2021-11-26T14:04:39","date_gmt":"2021-11-26T13:04:39","guid":{"rendered":"https:\/\/varibox.best4u.dev\/merci\/"},"modified":"2024-11-08T11:40:56","modified_gmt":"2024-11-08T10:40:56","slug":"merci","status":"publish","type":"page","link":"https:\/\/varibox.best4u.dev\/fr\/merci\/","title":{"rendered":"Merci"},"content":{"rendered":"\n<div class=\"wp-block-ugb-heading ugb-heading ugb-de4fb53 ugb-main-block\"><style>.ugb-de4fb53 .ugb-heading__title{text-align:left;margin-bottom:24px !important}.ugb-de4fb53 .ugb-heading__subtitle{margin-bottom:64px !important}.ugb-de4fb53 .ugb-inner-block{text-align:left}@media screen and (min-width:768px){.ugb-de4fb53.ugb-heading{margin-bottom:0px !important}}@media screen and (max-width:1025px){.ugb-de4fb53 .ugb-heading__title{text-align:center}.ugb-de4fb53 .ugb-inner-block{text-align:center}}@media screen and (max-width:768px){.ugb-de4fb53 .ugb-heading__title{text-align:center}.ugb-de4fb53 .ugb-heading__subtitle{text-align:center;margin-bottom:0px !important}.ugb-de4fb53 .ugb-inner-block{text-align:center}.ugb-de4fb53.ugb-heading{margin-bottom:0px !important}}<\/style><div class=\"ugb-inner-block\"><div class=\"ugb-block-content\"><h1 class=\"ugb-heading__title\">Merci<\/h1><p class=\"ugb-heading__subtitle\"><br>Merci pour votre demande. Votre message a \u00e9t\u00e9 transmis et sera trait\u00e9 par le service comp\u00e9tent. Nous vous contacterons d\u00e8s que possible.<br><br>Vous voulez d\u00e9couvrir les exp\u00e9riences d\u2019int\u00e9gration de nos conteneurs dans d&rsquo;autres applications et produits chimiques ? Jetez un coup d&rsquo;\u0153il \u00e0 nos t\u00e9moignages client et d\u00e9couvrez ce que les grands r\u00e9cipients pour vrac VARIBOX peuvent vous offrir.<br><br><\/p><\/div><\/div><\/div>\n\n\n\n<h2 class=\"wp-block-heading\">En savoir plus sur les GRG VARIBOX<\/h2>\n\n\n\n<p>Saviez-vous que notre voyage a commenc\u00e9 dans les ann\u00e9es 60 ? Inspir\u00e9 par les nouveaux mat\u00e9riaux et technologies d\u00e9couverts dans les ann\u00e9es 1960, un groupe d&rsquo;entrepreneurs a fond\u00e9 notre entreprise en 1966. Ce fut le point de d\u00e9part du proc\u00e9d\u00e9 de rotomoulage et de l&rsquo;exploration des nouvelles possibilit\u00e9s offertes par les plastiques en poly\u00e9thyl\u00e8ne. Au cours de ces ann\u00e9es, des usines de rotomoulage ont \u00e9t\u00e9 cr\u00e9\u00e9es aux Pays-Bas, en France, en Allemagne et au Royaume-Uni, des entreprises qui fusionneront en une seule, des ann\u00e9es plus tard, pour former l&rsquo;organisation que nous sommes aujourd&rsquo;hui.<\/p>\n\n\n\n<p>Les possibilit\u00e9s offertes par les nouvelles technologies ont rapidement c\u00e9d\u00e9 la place \u00e0 des innovations dans l&#8217;emballage s\u00fbr des produits chimiques. De nouveaux produits tels que les f\u00fbts, les cylindres, les silos et les r\u00e9servoirs en poly\u00e9thyl\u00e8ne ont \u00e9t\u00e9 introduits et ont rapidement trouv\u00e9 leur place dans l&rsquo;industrie chimique. Les produits en poly\u00e9thyl\u00e8ne se sont av\u00e9r\u00e9s solides et durables pour distribuer en toute s\u00e9curit\u00e9 les produits chimiques. Dans les ann\u00e9es 1970, nous avons con\u00e7u le premier IBC officiellement agr\u00e9\u00e9 par l&rsquo;ONU pour le transport de marchandises dangereuses. Seulement deux ans apr\u00e8s l&rsquo;entr\u00e9e en vigueur du Trait\u00e9 ADR des Nations Unies ! Pionniers, nous continuons \u00e0 miser sur l&rsquo;innovation, dans les ann\u00e9es 90, nos ing\u00e9nieurs ont d\u00e9velopp\u00e9 le premier IBC enti\u00e8rement en plastique, en remplacement de la cage en acier. \u00c0 partir de ce moment, non seulement le r\u00e9cipient int\u00e9rieur \u00e9tait robuste et r\u00e9sistant, mais la construction externe pouvait \u00e9galement r\u00e9sister \u00e0 l&rsquo;exposition des produits chimiques et \u00e0 l&rsquo;usure. Toutes ces innovations et connaissances ont abouti en 2012 \u00e0 la cr\u00e9ation d&rsquo;une nouvelle g\u00e9n\u00e9ration d&rsquo;IBC pour produits chimiques : les VARIBOX.<\/p>\n\n\n\n<div class=\"wp-block-ugb-button ugb-button-wrapper green-button wow animate__animated animate__fadeIn ugb-592d7f5 ugb-main-block\"><style>.ugb-592d7f5 .ugb-block-content{justify-content:center !important}.ugb-592d7f5 .ugb-button1 .ugb-button--inner{font-weight:bold !important}.ugb-592d7f5 .ugb-button1:hover{opacity:1}.ugb-592d7f5 .ugb-inner-block{text-align:center}@media screen and (min-width:768px){.ugb-592d7f5.ugb-button-wrapper{margin-top:0px !important;margin-bottom:0px !important;padding-bottom:0px !important}}<\/style><div class=\"ugb-inner-block\"><div class=\"ugb-block-content\"><div class=\"ugb-button-container\"><a class=\"ugb-button1 ugb-button ugb-button--size-normal\" href=\"\/fr\/a-propos-des-grv-varibox\/\" rel=\"\" title=\"\"><span class=\"ugb-button--inner\">Lire la suite<\/span><\/a><\/div><\/div><\/div><\/div>\n\n\n\n<div class=\"wp-block-ugb-container ugb-container ugb-b10d9bb ugb-container--v2 ugb-container--design-basic ugb-main-block\"><style>.ugb-b10d9bb-wrapper.ugb-container__wrapper{border-radius:0px !important}.ugb-b10d9bb .ugb-inner-block{text-align:left}@media screen and (min-width:768px){.ugb-b10d9bb.ugb-container{margin-bottom:0px !important}}@media screen and (max-width:768px){.ugb-b10d9bb.ugb-container{padding-top:0px !important;padding-bottom:0px !important}}@media screen and (min-width:768px){.ugb-b10d9bb > .ugb-inner-block > .ugb-block-content > *{padding-top:64px !important;padding-bottom:64px !important;padding-right:0px !important;padding-left:0px !important}}@media screen and (max-width:768px){.ugb-b10d9bb > .ugb-inner-block > .ugb-block-content > *{padding-top:40px !important;padding-right:0px !important;padding-bottom:0px !important;padding-left:0px !important}}<\/style><div class=\"ugb-inner-block\"><div class=\"ugb-block-content\"><div class=\"ugb-container__wrapper ugb-b10d9bb-wrapper ugb--shadow-0\"><div class=\"ugb-container__side\"><div class=\"ugb-container__content-wrapper ugb-b10d9bb-content-wrapper\">\n<div class=\"wp-block-ugb-heading ugb-heading wow animate__animated animate__fadeIn ugb-548806a ugb-main-block\"><style>.ugb-548806a .ugb-heading__title{text-align:center;margin-bottom:0px !important}.ugb-548806a .ugb-inner-block{text-align:center}@media screen and (min-width:768px){.ugb-548806a.ugb-heading{margin-bottom:33px !important}}<\/style><div class=\"ugb-inner-block\"><div class=\"ugb-block-content\"><h2 class=\"ugb-heading__title\">D\u00e9couvrez nos derni\u00e8res histoires de cas client et actualit\u00e9s<\/h2><\/div><\/div><\/div>\n\n\n\n<div class=\"wp-block-ugb-blog-posts ugb-blog-posts wow animate__animated animate__fadeIn ugb-174b0bd ugb-blog-posts--v2 ugb-blog-posts--design-basic ugb-blog-posts--columns-3 ugb-main-block\"><style>.ugb-174b0bd .ugb-blog-posts__featured-image{border-radius:8px !important;margin-bottom:32px !important}.ugb-174b0bd .ugb-blog-posts__featured-image img{height:208px !important}.ugb-174b0bd .ugb-blog-posts__title a{color:var(--theme-palette-color-3,#334155) !important}.ugb-174b0bd .ugb-blog-posts__title a:hover{opacity:0.8}.ugb-174b0bd .ugb-blog-posts__title{line-height:1.2em !important;margin-bottom:16px !important}.ugb-174b0bd .ugb-blog-posts__excerpt,.ugb-174b0bd .ugb-blog-posts__excerpt p{line-height:1.5em !important}.ugb-174b0bd .ugb-blog-posts__excerpt{margin-bottom:0px !important}.ugb-174b0bd .ugb-blog-posts__readmore a{color:var(--theme-palette-color-1,#0178be) !important}.ugb-174b0bd .ugb-blog-posts__readmore a:hover{opacity:0.8}.ugb-174b0bd .ugb-blog-posts__readmore{margin-bottom:0px !important}@media screen and (max-width:768px){.ugb-174b0bd.ugb-blog-posts{margin-bottom:0px !important}}<\/style><div class=\"ugb-inner-block\"><div class=\"ugb-block-content\"><article class=\"ugb-blog-posts__item\"><div class=\"ugb-blog-posts__content\"><figure class=\"ugb-blog-posts__featured-image ugb--shadow-3\"><a href=\"https:\/\/varibox.best4u.dev\/fr\/story\/varibox-et-tensid-chemie-2\/\"><img decoding=\"async\" width=\"1024\" height=\"768\" src=\"https:\/\/varibox.best4u.dev\/wp-content\/uploads\/2025\/05\/VARIBOX-Tensid-and-Refresco-1-scaled-1-1024x768.jpg\" class=\"attachment-large size-large wp-post-image\" alt=\"\" \/><\/a><\/figure><h4 class=\"ugb-blog-posts__title\"><a href=\"https:\/\/varibox.best4u.dev\/fr\/story\/varibox-et-tensid-chemie-2\/\">VARIBOX et Tensid-Chemie<\/a><\/h4><div class=\"ugb-blog-posts__excerpt\"><p>VARIBOX et Tensid-Chemie &#8211; Nous avons le plaisir de vous informer aujourd&rsquo;hui d&rsquo;un nouveau partenariat.<\/p>\n<\/div><p class=\"ugb-blog-posts__readmore\"><a href=\"https:\/\/varibox.best4u.dev\/fr\/story\/varibox-et-tensid-chemie-2\/\">Lire la suite<\/a><\/p><\/div><\/article><article class=\"ugb-blog-posts__item\"><div class=\"ugb-blog-posts__content\"><figure class=\"ugb-blog-posts__featured-image ugb--shadow-3\"><a href=\"https:\/\/varibox.best4u.dev\/fr\/story\/laecq-interviewe-varibox\/\"><img decoding=\"async\" width=\"1024\" height=\"691\" src=\"https:\/\/varibox.best4u.dev\/wp-content\/uploads\/2025\/05\/VARIBOX.jpg\" class=\"attachment-large size-large wp-post-image\" alt=\"\" \/><\/a><\/figure><h4 class=\"ugb-blog-posts__title\"><a href=\"https:\/\/varibox.best4u.dev\/fr\/story\/laecq-interviewe-varibox\/\">L&rsquo;AECQ interviewe VARIBOX<\/a><\/h4><div class=\"ugb-blog-posts__excerpt\"><p>Today the spanish chemical trade association (AECQ) interviewed our account manager for south of Europe, Christophe Maricourt.<\/p>\n<\/div><p class=\"ugb-blog-posts__readmore\"><a href=\"https:\/\/varibox.best4u.dev\/fr\/story\/laecq-interviewe-varibox\/\">Lire la suite<\/a><\/p><\/div><\/article><article class=\"ugb-blog-posts__item\"><div class=\"ugb-blog-posts__content\"><figure class=\"ugb-blog-posts__featured-image ugb--shadow-3\"><a href=\"https:\/\/varibox.best4u.dev\/fr\/story\/varibox-a-la-11eme-edition-de-lacademie-de-diversey\/\"><img decoding=\"async\" width=\"1024\" height=\"768\" src=\"https:\/\/varibox.best4u.dev\/wp-content\/uploads\/2025\/05\/IMG_5863-scaled-1-1024x768.jpg\" class=\"attachment-large size-large wp-post-image\" alt=\"\" \/><\/a><\/figure><h4 class=\"ugb-blog-posts__title\"><a href=\"https:\/\/varibox.best4u.dev\/fr\/story\/varibox-a-la-11eme-edition-de-lacademie-de-diversey\/\">VARIBOX \u00e0 la 11\u00e8me \u00e9dition de l&rsquo;Acad\u00e9mie de Diversey<\/a><\/h4><div class=\"ugb-blog-posts__excerpt\"><p>VARIBOX \u00e0 la 11\u00e8me \u00e9dition de l&rsquo;Acad\u00e9mie de Diversey.<\/p>\n<\/div><p class=\"ugb-blog-posts__readmore\"><a href=\"https:\/\/varibox.best4u.dev\/fr\/story\/varibox-a-la-11eme-edition-de-lacademie-de-diversey\/\">Lire la suite<\/a><\/p><\/div><\/article><\/div><\/div><\/div>\n<\/div><\/div><\/div><\/div><\/div><\/div>\n\n\n\n<div class=\"wp-block-ugb-heading ugb-heading ugb-2b82d14 ugb-main-block\"><style>.ugb-2b82d14 .ugb-heading__title{text-align:left;margin-bottom:24px !important}.ugb-2b82d14 .ugb-heading__subtitle{margin-bottom:64px !important}.ugb-2b82d14 .ugb-inner-block{text-align:left}@media screen and (min-width:768px){.ugb-2b82d14.ugb-heading{margin-bottom:0px !important}}@media screen and (max-width:1025px){.ugb-2b82d14 .ugb-heading__title{text-align:center}.ugb-2b82d14 .ugb-inner-block{text-align:center}}@media screen and (max-width:768px){.ugb-2b82d14 .ugb-heading__title{text-align:center}.ugb-2b82d14 .ugb-heading__subtitle{text-align:center;margin-bottom:0px !important}.ugb-2b82d14 .ugb-inner-block{text-align:center}.ugb-2b82d14.ugb-heading{margin-bottom:0px !important}}<\/style><div class=\"ugb-inner-block\"><div class=\"ugb-block-content\"><h3 class=\"ugb-heading__title\">Vous souhaitez approfondir le support VARIBOX&nbsp;?<br><\/h3><p class=\"ugb-heading__subtitle\">Saviez-vous que vous pouvez \u00e9galement trouver des informations compl\u00e9mentaires sur ce site Web ? Vous y trouverez des instructions vid\u00e9o, des FAQ et des documents sur la r\u00e9glementation. Jetez-y un coup d&rsquo;\u0153il et voyez si ces informations peuvent vous aider.<\/p><\/div><\/div><\/div>\n\n\n\n<div class=\"wp-block-ugb-button ugb-button-wrapper green-button wow animate__animated animate__fadeIn ugb-981475f ugb-main-block\"><style>.ugb-981475f .ugb-block-content{justify-content:center !important}.ugb-981475f .ugb-button1 .ugb-button--inner{font-weight:bold !important}.ugb-981475f .ugb-button1:hover{opacity:1}.ugb-981475f .ugb-inner-block{text-align:center}@media screen and (min-width:768px){.ugb-981475f.ugb-button-wrapper{margin-top:0px !important;margin-bottom:0px !important;padding-bottom:0px !important}}<\/style><div class=\"ugb-inner-block\"><div class=\"ugb-block-content\"><div class=\"ugb-button-container\"><a class=\"ugb-button1 ugb-button ugb-button--size-normal\" href=\"\/fr\/varibox-support\/\" rel=\"\" title=\"\"><span class=\"ugb-button--inner\">Support<\/span><\/a><\/div><\/div><\/div><\/div>\n\n\n\n<p><\/p>\n\n\n\n<p><\/p>\n","protected":false},"excerpt":{"rendered":"<p>Merci Merci pour votre demande. Votre message a \u00e9t\u00e9 transmis et sera trait\u00e9 par le service comp\u00e9tent. Nous vous contacterons d\u00e8s que possible. Vous voulez d\u00e9couvrir les exp\u00e9riences d\u2019int\u00e9gration de nos conteneurs dans d&rsquo;autres applications et produits chimiques ? Jetez un coup d&rsquo;\u0153il \u00e0 nos t\u00e9moignages client et d\u00e9couvrez ce que les grands r\u00e9cipients pour [&hellip;]<\/p>\n","protected":false},"author":1,"featured_media":44101,"parent":0,"menu_order":0,"comment_status":"open","ping_status":"open","template":"","meta":{"_acf_changed":false,"footnotes":""},"class_list":["post-55801","page","type-page","status-publish","has-post-thumbnail","hentry"],"blocksy_meta":{"styles_descriptor":{"styles":{"desktop":"","tablet":"","mobile":""},"google_fonts":[],"version":6}},"featured_image_urls_v2":{"full":["https:\/\/varibox.best4u.dev\/wp-content\/uploads\/2022\/07\/VARIBOX-Drumtainer.png",600,400,false],"thumbnail":["https:\/\/varibox.best4u.dev\/wp-content\/uploads\/2022\/07\/VARIBOX-Drumtainer-256x256.png",256,256,true],"medium":["https:\/\/varibox.best4u.dev\/wp-content\/uploads\/2022\/07\/VARIBOX-Drumtainer-512x341.png",512,341,true],"medium_large":["https:\/\/varibox.best4u.dev\/wp-content\/uploads\/2022\/07\/VARIBOX-Drumtainer.png",600,400,false],"large":["https:\/\/varibox.best4u.dev\/wp-content\/uploads\/2022\/07\/VARIBOX-Drumtainer.png",600,400,false],"1536x1536":["https:\/\/varibox.best4u.dev\/wp-content\/uploads\/2022\/07\/VARIBOX-Drumtainer.png",600,400,false],"2048x2048":["https:\/\/varibox.best4u.dev\/wp-content\/uploads\/2022\/07\/VARIBOX-Drumtainer.png",600,400,false],"woocommerce_archive_thumbnail":["https:\/\/varibox.best4u.dev\/wp-content\/uploads\/2022\/07\/VARIBOX-Drumtainer-270x180.png",270,180,true],"gform-image-choice-sm":["https:\/\/varibox.best4u.dev\/wp-content\/uploads\/2022\/07\/VARIBOX-Drumtainer.png",300,200,false],"gform-image-choice-md":["https:\/\/varibox.best4u.dev\/wp-content\/uploads\/2022\/07\/VARIBOX-Drumtainer.png",400,267,false],"gform-image-choice-lg":["https:\/\/varibox.best4u.dev\/wp-content\/uploads\/2022\/07\/VARIBOX-Drumtainer.png",600,400,false],"woocommerce_thumbnail":["https:\/\/varibox.best4u.dev\/wp-content\/uploads\/2022\/07\/VARIBOX-Drumtainer-270x180.png",270,180,true],"woocommerce_single":["https:\/\/varibox.best4u.dev\/wp-content\/uploads\/2022\/07\/VARIBOX-Drumtainer.png",600,400,false],"woocommerce_gallery_thumbnail":["https:\/\/varibox.best4u.dev\/wp-content\/uploads\/2022\/07\/VARIBOX-Drumtainer-100x100.png",100,100,true],"variation_swatches_image_size":["https:\/\/varibox.best4u.dev\/wp-content\/uploads\/2022\/07\/VARIBOX-Drumtainer-50x50.png",50,50,true],"variation_swatches_tooltip_size":["https:\/\/varibox.best4u.dev\/wp-content\/uploads\/2022\/07\/VARIBOX-Drumtainer-100x100.png",100,100,true]},"post_excerpt_stackable_v2":"<p>MerciMerci pour votre demande. Votre message a \u00e9t\u00e9 transmis et sera trait\u00e9 par le service comp\u00e9tent. Nous vous contacterons d\u00e8s que possible.Vous voulez d\u00e9couvrir les exp\u00e9riences d\u2019int\u00e9gration de nos conteneurs dans d&rsquo;autres applications et produits chimiques ? Jetez un coup d&rsquo;\u0153il \u00e0 nos t\u00e9moignages client et d\u00e9couvrez ce que les grands r\u00e9cipients pour vrac VARIBOX peuvent vous offrir. En savoir plus sur les GRG VARIBOX Saviez-vous que notre voyage a commenc\u00e9 dans les ann\u00e9es 60 ? Inspir\u00e9 par les nouveaux mat\u00e9riaux et technologies d\u00e9couverts dans les ann\u00e9es 1960, un groupe d&rsquo;entrepreneurs a fond\u00e9 notre entreprise en 1966. Ce fut le\u2026<\/p>\n","category_list_v2":"","author_info_v2":{"name":"Best4u","url":"https:\/\/varibox.best4u.dev\/fr\/author\/best4u\/"},"comments_num_v2":"0 comments","acf":[],"_links":{"self":[{"href":"https:\/\/varibox.best4u.dev\/fr\/wp-json\/wp\/v2\/pages\/55801","targetHints":{"allow":["GET"]}}],"collection":[{"href":"https:\/\/varibox.best4u.dev\/fr\/wp-json\/wp\/v2\/pages"}],"about":[{"href":"https:\/\/varibox.best4u.dev\/fr\/wp-json\/wp\/v2\/types\/page"}],"author":[{"embeddable":true,"href":"https:\/\/varibox.best4u.dev\/fr\/wp-json\/wp\/v2\/users\/1"}],"replies":[{"embeddable":true,"href":"https:\/\/varibox.best4u.dev\/fr\/wp-json\/wp\/v2\/comments?post=55801"}],"version-history":[{"count":1,"href":"https:\/\/varibox.best4u.dev\/fr\/wp-json\/wp\/v2\/pages\/55801\/revisions"}],"predecessor-version":[{"id":55809,"href":"https:\/\/varibox.best4u.dev\/fr\/wp-json\/wp\/v2\/pages\/55801\/revisions\/55809"}],"wp:featuredmedia":[{"embeddable":true,"href":"https:\/\/varibox.best4u.dev\/fr\/wp-json\/wp\/v2\/media\/44101"}],"wp:attachment":[{"href":"https:\/\/varibox.best4u.dev\/fr\/wp-json\/wp\/v2\/media?parent=55801"}],"curies":[{"name":"wp","href":"https:\/\/api.w.org\/{rel}","templated":true}]}}