{"id":55776,"date":"2021-12-07T14:29:22","date_gmt":"2021-12-07T13:29:22","guid":{"rendered":"https:\/\/varibox.best4u.dev\/varibox-connect-customer-satisfaction\/"},"modified":"2024-11-08T11:40:55","modified_gmt":"2024-11-08T10:40:55","slug":"varibox-connect-customer-satisfaction","status":"publish","type":"page","link":"https:\/\/varibox.best4u.dev\/fr\/varibox-connect-customer-satisfaction\/","title":{"rendered":"Satisfaction client VARIBOX Connect"},"content":{"rendered":"\n<div class=\"wp-block-ugb-columns ugb-columns ugb-0d5d96e ugb-columns--design-plain ugb-columns--columns-2 ugb-main-block\"><style>.ugb-0d5d96e > .ugb-inner-block > .ugb-block-content > .ugb-columns__item{grid-template-columns:1.40fr 0.60fr !important}.ugb-0d5d96e-content-wrapper > .ugb-column{align-items:center !important}.ugb-0d5d96e-content-wrapper > .ugb-column > .ugb-inner-block{height:auto !important}@media screen and (min-width:768px){.ugb-0d5d96e.ugb-columns{margin-bottom:0px !important;padding-top:0px !important;padding-bottom:82px !important}}<\/style><div class=\"ugb-inner-block\"><div class=\"ugb-block-content\"><div class=\"ugb-columns__item ugb-0d5d96e-content-wrapper\">\n<div class=\"wp-block-ugb-column ugb-column wow animate__animated animate__fadeIn ugb-b383129 ugb-column--design-plain ugb-main-block\"><style>@media screen and (min-width:768px){.ugb-b383129.ugb-column{margin-right:100px !important}.ugb-b383129 > .ugb-inner-block > .ugb-block-content > *{justify-content:center}}@media screen and (min-width:768px) and (max-width:1025px){.ugb-b383129.ugb-column{margin-right:50px !important}}.ugb-b383129 > .ugb-inner-block > .ugb-block-content > *{justify-content:center !important}<\/style><div class=\"ugb-inner-block\"><div class=\"ugb-block-content\"><div class=\"ugb-column__item ugb-b383129-column-wrapper\"><div class=\"ugb-column__content-wrapper\">\n<div class=\"wp-block-ugb-heading ugb-heading wow animate__animated animate__fadeIn ugb-bcdb7f0 ugb-main-block\"><style>@media screen and (max-width:768px){.ugb-bcdb7f0 .ugb-heading__subtitle{margin-bottom:0px !important}}<\/style><div class=\"ugb-inner-block\"><div class=\"ugb-block-content\"><h1 class=\"ugb-heading__title\">Satisfaction client VARIBOX Connect<\/h1><p class=\"ugb-heading__subtitle\">La satisfaction client VARIBOX Connect constitue une opportunit\u00e9 unique de fid\u00e9liser vos clients. D\u00e9couvrez comment exploiter au mieux la satisfaction de vos clients, de d\u00e9velopper vos activit\u00e9s, r\u00e9duire les ressources, am\u00e9liorer vos processus et cr\u00e9er des relations fiables et durables avec vos clients. VARIBOX Connect vous apporte un avantage comp\u00e9titif significatif.<\/p><\/div><\/div><\/div>\n\n\n\n<div class=\"wp-block-ugb-button ugb-button-wrapper green-button wow animate__animated animate__fadeIn ugb-ee16d32 ugb-button--mobile-aligned ugb-main-block\"><style>.ugb-ee16d32 .ugb-block-content{justify-content:flex-start !important}.ugb-ee16d32 .ugb-button1 .ugb-button--inner{font-weight:bold !important}.ugb-ee16d32 .ugb-button1:hover{opacity:1}.ugb-ee16d32 .ugb-inner-block{text-align:left}@media screen and (max-width:768px){.ugb-ee16d32 .ugb-block-content{justify-content:center !important}.ugb-ee16d32 .ugb-inner-block{text-align:center}}<\/style><div class=\"ugb-inner-block\"><div class=\"ugb-block-content\"><div class=\"ugb-button-container\"><a class=\"ugb-button1 ugb-button ugb-button--size-normal\" href=\"https:\/\/varibox.best4u.dev\/fr\/formulaire-de-contact\/\" rel=\"\" title=\"\"><span class=\"ugb-button--inner\">Contactez-nous<\/span><\/a><\/div><\/div><\/div><\/div>\n<\/div><\/div><\/div><\/div><\/div>\n\n\n\n<div class=\"wp-block-ugb-column ugb-column ugb-e882f9a ugb-column--design-plain ugb-main-block\"><style>@media screen and (min-width:768px){.ugb-e882f9a > .ugb-inner-block > .ugb-block-content > *{justify-content:center}}@media screen and (max-width:768px){.ugb-e882f9a .ugb-inner-block{text-align:center}}.ugb-e882f9a > .ugb-inner-block > .ugb-block-content > *{justify-content:center !important}<\/style><div class=\"ugb-inner-block\"><div class=\"ugb-block-content\"><div class=\"ugb-column__item ugb-e882f9a-column-wrapper\"><div class=\"ugb-column__content-wrapper\">\n<figure class=\"wp-block-image size-full wow animate__animated animate__fadeIn\"><img decoding=\"async\" src=\"https:\/\/varibox.best4u.dev\/wp-content\/uploads\/2024\/10\/VARIBOX-Connect-Personal-Dashboard-Orange.png\" alt=\"Satisfaction client VARIBOX Connect\" class=\"wp-image-12201\"\/><\/figure>\n<\/div><\/div><\/div><\/div><\/div>\n<\/div><\/div><\/div><\/div>\n\n\n\n\n\n<div class=\"alignfull wp-block-ugb-container ugb-container ugb-eae094c ugb-container--v2 ugb-container--design-plain ugb-main-block ugb-main-block--inner-center ugb--has-block-background\"><style>.ugb-eae094c.ugb-container{background-color:var(--theme-palette-color-8,#f8fafc)}.ugb-eae094c.ugb-container:before{background-color:var(--theme-palette-color-8,#f8fafc)}@media screen and (min-width:768px){.ugb-eae094c.ugb-container{padding-top:0px !important;padding-right:35px !important;padding-bottom:0px !important;padding-left:35px !important}}@media screen and (max-width:768px){.ugb-eae094c.ugb-container{padding-top:0px !important;padding-right:18px !important;padding-bottom:0px !important;padding-left:18px !important}}@media screen and (min-width:768px){.ugb-eae094c > .ugb-inner-block > .ugb-block-content > *{padding-top:64px !important;padding-bottom:64px !important}}@media screen and (max-width:768px){.ugb-eae094c > .ugb-inner-block > .ugb-block-content > *{padding-top:0px !important;padding-right:0px !important;padding-bottom:0px !important;padding-left:0px !important}}<\/style><div class=\"ugb-inner-block ugb-inner-block--center\"><div class=\"ugb-block-content\"><div class=\"ugb-container__wrapper ugb-eae094c-wrapper\"><div class=\"ugb-container__side\"><div class=\"ugb-container__content-wrapper ugb-eae094c-content-wrapper\">\n<div class=\"wp-block-ugb-columns ugb-columns ugb-da7e638 ugb-columns--design-plain ugb-columns--columns-2 ugb-main-block\"><style>@media screen and (max-width:768px){.ugb-da7e638 > .ugb-inner-block > .ugb-block-content > .ugb-columns__item > .ugb-column:nth-child(2){grid-area:1 !important}.ugb-da7e638 > .ugb-inner-block > .ugb-block-content > .ugb-columns__item > .ugb-column:nth-child(1){grid-area:2 !important}}<\/style><div class=\"ugb-inner-block\"><div class=\"ugb-block-content\"><div class=\"ugb-columns__item ugb-da7e638-content-wrapper\">\n<div class=\"wp-block-ugb-column ugb-column ugb-528fe48 ugb-column--design-plain ugb-main-block\"><style>@media screen and (min-width:768px){.ugb-528fe48 > .ugb-inner-block > .ugb-block-content > *{justify-content:center}}.ugb-528fe48 > .ugb-inner-block > .ugb-block-content > *{justify-content:center !important}<\/style><div class=\"ugb-inner-block\"><div class=\"ugb-block-content\"><div class=\"ugb-column__item ugb-528fe48-column-wrapper\"><div class=\"ugb-column__content-wrapper\">\n<div class=\"wp-block-ugb-heading ugb-heading wow animate__animated animate__fadeIn ugb-7a10fa5 ugb-main-block\"><style>.ugb-7a10fa5 .ugb-heading__title{margin-bottom:24px !important}.ugb-7a10fa5 .ugb-heading__subtitle{margin-bottom:24px !important}@media screen and (min-width:768px){.ugb-7a10fa5.ugb-heading{margin-bottom:0px !important}}<\/style><div class=\"ugb-inner-block\"><div class=\"ugb-block-content\"><h2 class=\"ugb-heading__title\">Augmentez votre satisfaction client en surpassant les attentes de vos clients<\/h2><p class=\"ugb-heading__subtitle\">Avec le VARIBOX Connect, faites vivre une bonne exp\u00e9rience \u00e0 vos clients. En vous appuyant sur les informations g\u00e9n\u00e9r\u00e9es par les donn\u00e9es et en observant les performances de vos clients, offrez-leur un niveau de service sup\u00e9rieur et accompagnez-les juste avant qu&rsquo;ils ne r\u00e9alisent qu&rsquo;ils ont besoin de vous passer commande. G\u00e9n\u00e9rez un avantage concurrentiel significatif et renforcez votre relation commerciale sur le long terme.<\/p><\/div><\/div><\/div>\n<\/div><\/div><\/div><\/div><\/div>\n\n\n\n<div class=\"wp-block-ugb-column ugb-column ugb-7adc4e3 ugb-column--design-plain ugb-main-block\"><style>@media screen and (min-width:768px){.ugb-7adc4e3 > .ugb-inner-block > .ugb-block-content > *{justify-content:center}}.ugb-7adc4e3 > .ugb-inner-block > .ugb-block-content > *{justify-content:center !important}@media screen and (min-width:768px){.ugb-7adc4e3 > .ugb-inner-block > .ugb-block-content > *{padding-left:15% !important}}@media screen and (min-width:768px) and (max-width:1025px){.ugb-7adc4e3 > .ugb-inner-block > .ugb-block-content > *{padding-top:0px !important;padding-right:0px !important;padding-bottom:0px !important;padding-left:0px !important}}<\/style><div class=\"ugb-inner-block\"><div class=\"ugb-block-content\"><div class=\"ugb-column__item ugb-7adc4e3-column-wrapper\"><div class=\"ugb-column__content-wrapper\">\n<figure class=\"wp-block-image size-full br-8\"><img decoding=\"async\" src=\"https:\/\/varibox.best4u.dev\/wp-content\/uploads\/2024\/10\/image-10.jpg\" alt=\"\" class=\"wp-image-499\"\/><\/figure>\n<\/div><\/div><\/div><\/div><\/div>\n<\/div><\/div><\/div><\/div>\n<\/div><\/div><\/div><\/div><\/div><\/div>\n\n\n\n<div class=\"alignfull wp-block-ugb-container ugb-container ugb-6bcfb57 ugb-container--v2 ugb-container--design-plain ugb-main-block ugb-main-block--inner-center ugb--has-block-background\"><style>.ugb-6bcfb57.ugb-container{background-color:var(--theme-palette-color-8,#f8fafc)}.ugb-6bcfb57.ugb-container:before{background-color:var(--theme-palette-color-8,#f8fafc)}@media screen and (min-width:768px){.ugb-6bcfb57.ugb-container{padding-top:0px !important;padding-right:35px !important;padding-bottom:0px !important;padding-left:35px !important}}@media screen and (max-width:768px){.ugb-6bcfb57.ugb-container{padding-top:0px !important;padding-right:18px !important;padding-bottom:0px !important;padding-left:18px !important}}@media screen and (min-width:768px){.ugb-6bcfb57 > .ugb-inner-block > .ugb-block-content > *{padding-top:64px !important;padding-bottom:64px !important}}@media screen and (max-width:768px){.ugb-6bcfb57 > .ugb-inner-block > .ugb-block-content > *{padding-top:0px !important;padding-right:0px !important;padding-bottom:0px !important;padding-left:0px !important}}<\/style><div class=\"ugb-inner-block ugb-inner-block--center\"><div class=\"ugb-block-content\"><div class=\"ugb-container__wrapper ugb-6bcfb57-wrapper\"><div class=\"ugb-container__side\"><div class=\"ugb-container__content-wrapper ugb-6bcfb57-content-wrapper\">\n<div class=\"wp-block-ugb-columns ugb-columns ugb-d41aa2e ugb-columns--design-plain ugb-columns--columns-2 ugb-main-block\"><div class=\"ugb-inner-block\"><div class=\"ugb-block-content\"><div class=\"ugb-columns__item ugb-d41aa2e-content-wrapper\">\n<div class=\"wp-block-ugb-column ugb-column ugb-25fb582 ugb-column--design-plain ugb-main-block\"><style>@media screen and (min-width:768px){.ugb-25fb582 > .ugb-inner-block > .ugb-block-content > *{justify-content:center}}.ugb-25fb582 > .ugb-inner-block > .ugb-block-content > *{justify-content:center !important}@media screen and (min-width:768px){.ugb-25fb582 > .ugb-inner-block > .ugb-block-content > *{padding-right:15% !important}}@media screen and (min-width:768px) and (max-width:1025px){.ugb-25fb582 > .ugb-inner-block > .ugb-block-content > *{padding-top:0px !important;padding-right:0px !important;padding-bottom:0px !important;padding-left:0px !important}}<\/style><div class=\"ugb-inner-block\"><div class=\"ugb-block-content\"><div class=\"ugb-column__item ugb-25fb582-column-wrapper\"><div class=\"ugb-column__content-wrapper\">\n<figure class=\"wp-block-image size-full br-8\"><img decoding=\"async\" src=\"https:\/\/varibox.best4u.dev\/wp-content\/uploads\/2024\/10\/image-11.jpg\" alt=\"\" class=\"wp-image-503\"\/><\/figure>\n<\/div><\/div><\/div><\/div><\/div>\n\n\n\n<div class=\"wp-block-ugb-column ugb-column ugb-be65981 ugb-column--design-plain ugb-main-block\"><style>@media screen and (min-width:768px){.ugb-be65981 > .ugb-inner-block > .ugb-block-content > *{justify-content:center}}.ugb-be65981 > .ugb-inner-block > .ugb-block-content > *{justify-content:center !important}<\/style><div class=\"ugb-inner-block\"><div class=\"ugb-block-content\"><div class=\"ugb-column__item ugb-be65981-column-wrapper\"><div class=\"ugb-column__content-wrapper\">\n<div class=\"wp-block-ugb-heading ugb-heading wow animate__animated animate__fadeIn ugb-14388e2 ugb-main-block\"><style>.ugb-14388e2 .ugb-heading__title{margin-bottom:24px !important}.ugb-14388e2 .ugb-heading__subtitle{margin-bottom:24px !important}@media screen and (min-width:768px){.ugb-14388e2.ugb-heading{margin-bottom:0px !important}}<\/style><div class=\"ugb-inner-block\"><div class=\"ugb-block-content\"><h2 class=\"ugb-heading__title\">Vos produits chimiques toujours disponibles pour vos clients<\/h2><p class=\"ugb-heading__subtitle\">Avec le VARIBOX Connect, \u0153uvrez de mani\u00e8re proactive et agissez \u00e0 temps en assurant que vos produits chimiques soient toujours disponibles pour vos clients. En prenant soin de vos clients et en faisant en sorte qu\u2019ils ne tombent jamais en rupture de produits chimiques, non seulement vous cr\u00e9erez des relations plus solides avec vos clients, mais vous am\u00e9liorerez \u00e9galement leurs processus et par cons\u00e9quent leurs activit\u00e9s.<\/p><\/div><\/div><\/div>\n<\/div><\/div><\/div><\/div><\/div>\n<\/div><\/div><\/div><\/div>\n\n\n\n<div class=\"wp-block-ugb-heading ugb-heading wow animate__animated animate__fadeIn ugb-c0967bd ugb-main-block\"><style>.ugb-c0967bd .ugb-heading__title{text-align:center;margin-bottom:24px !important}.ugb-c0967bd .ugb-heading__subtitle{text-align:center;margin-bottom:64px !important}.ugb-c0967bd .ugb-inner-block{text-align:center}@media screen and (min-width:768px){.ugb-c0967bd.ugb-heading{margin-bottom:0px !important}}@media screen and (max-width:1025px){.ugb-c0967bd .ugb-heading__title{text-align:center}.ugb-c0967bd .ugb-inner-block{text-align:center}}@media screen and (max-width:768px){.ugb-c0967bd .ugb-heading__title{text-align:center}.ugb-c0967bd .ugb-heading__subtitle{text-align:center}.ugb-c0967bd .ugb-inner-block{text-align:center}}<\/style><div class=\"ugb-inner-block\"><div class=\"ugb-block-content\"><h2 class=\"ugb-heading__title\">Conclusion de contrats plus favorables<\/h2><p class=\"ugb-heading__subtitle\">Gr\u00e2ce aux informations recueillies \u00e0 partir des donn\u00e9es et le suivi du comportement de vos clients g\u00e9n\u00e9r\u00e9es par le VARIBOX Connect, renforcez vos liens actuels et d\u00e9veloppez de nouvelles relations avec vos clients. Offrez-leur de nouveaux et meilleurs services afin de proroger, d\u2019am\u00e9liorer ou de conclure de nouveaux contrats.<\/p><\/div><\/div><\/div>\n\n\n\n<div class=\"wp-block-ugb-heading ugb-heading wow animate__animated animate__fadeIn ugb-d53950a ugb-main-block\"><style>.ugb-d53950a .ugb-heading__title{text-align:center;margin-bottom:24px !important}.ugb-d53950a .ugb-heading__subtitle{margin-bottom:24px !important}.ugb-d53950a .ugb-inner-block{text-align:center}@media screen and (min-width:768px){.ugb-d53950a.ugb-heading{margin-bottom:0px !important}}<\/style><div class=\"ugb-inner-block\"><div class=\"ugb-block-content\"><h3 class=\"ugb-heading__title\">Plus d&rsquo;informations sur la satisfaction client VARIBOX Connect<\/h3><p class=\"ugb-heading__subtitle\">Si vous avez des questions sur la satisfaction client VARIBOX Connect ou vous souhaitez des informations suppl\u00e9mentaires, n&rsquo;h\u00e9sitez pas \u00e0 nous contacter&nbsp;par email \u00e0 <a href=\"mailto:montoir@varibox-ibc.com\">montoir@varibox-ibc.com<\/a> ou nous appeler au +33 (0) 3 2163 1222<\/p><\/div><\/div><\/div>\n\n\n\n<div class=\"wp-block-ugb-button ugb-button-wrapper green-button wow animate__animated animate__fadeIn ugb-eee49a5 ugb-main-block\"><style>.ugb-eee49a5 .ugb-block-content{justify-content:center !important}.ugb-eee49a5 .ugb-button1 .ugb-button--inner{font-weight:bold !important}.ugb-eee49a5 .ugb-button1:hover{opacity:1}.ugb-eee49a5 .ugb-inner-block{text-align:center}@media screen and (min-width:768px){.ugb-eee49a5.ugb-button-wrapper{margin-top:-10px !important}}<\/style><div class=\"ugb-inner-block\"><div class=\"ugb-block-content\"><div class=\"ugb-button-container\"><a class=\"ugb-button1 ugb-button ugb-button--size-normal\" href=\"https:\/\/varibox.best4u.dev\/fr\/formulaire-de-contact\/\" rel=\"\" title=\"\"><span class=\"ugb-button--inner\">Contactez-nous<\/span><\/a><\/div><\/div><\/div><\/div>\n<\/div><\/div><\/div><\/div><\/div><\/div>\n","protected":false},"excerpt":{"rendered":"<p>Satisfaction client VARIBOX Connect La satisfaction client VARIBOX Connect constitue une opportunit\u00e9 unique de fid\u00e9liser vos clients. D\u00e9couvrez comment exploiter au mieux la satisfaction de vos clients, de d\u00e9velopper vos activit\u00e9s, r\u00e9duire les ressources, am\u00e9liorer vos processus et cr\u00e9er des relations fiables et durables avec vos clients. VARIBOX Connect vous apporte un avantage comp\u00e9titif significatif. [&hellip;]<\/p>\n","protected":false},"author":1,"featured_media":27406,"parent":0,"menu_order":0,"comment_status":"open","ping_status":"open","template":"","meta":{"_acf_changed":false,"footnotes":""},"class_list":["post-55776","page","type-page","status-publish","has-post-thumbnail","hentry"],"blocksy_meta":{"styles_descriptor":{"styles":{"desktop":"","tablet":"","mobile":""},"google_fonts":[],"version":6}},"featured_image_urls_v2":{"full":["https:\/\/varibox.best4u.dev\/wp-content\/uploads\/2024\/10\/VARIBOX-Connect-2.png",325,370,false],"thumbnail":["https:\/\/varibox.best4u.dev\/wp-content\/uploads\/2024\/10\/VARIBOX-Connect-2-256x256.png",256,256,true],"medium":["https:\/\/varibox.best4u.dev\/wp-content\/uploads\/2024\/10\/VARIBOX-Connect-2.png",325,370,false],"medium_large":["https:\/\/varibox.best4u.dev\/wp-content\/uploads\/2024\/10\/VARIBOX-Connect-2.png",325,370,false],"large":["https:\/\/varibox.best4u.dev\/wp-content\/uploads\/2024\/10\/VARIBOX-Connect-2.png",325,370,false],"1536x1536":["https:\/\/varibox.best4u.dev\/wp-content\/uploads\/2024\/10\/VARIBOX-Connect-2.png",325,370,false],"2048x2048":["https:\/\/varibox.best4u.dev\/wp-content\/uploads\/2024\/10\/VARIBOX-Connect-2.png",325,370,false],"woocommerce_archive_thumbnail":["https:\/\/varibox.best4u.dev\/wp-content\/uploads\/2024\/10\/VARIBOX-Connect-2-270x307.png",270,307,true],"gform-image-choice-sm":["https:\/\/varibox.best4u.dev\/wp-content\/uploads\/2024\/10\/VARIBOX-Connect-2.png",264,300,false],"gform-image-choice-md":["https:\/\/varibox.best4u.dev\/wp-content\/uploads\/2024\/10\/VARIBOX-Connect-2.png",325,370,false],"gform-image-choice-lg":["https:\/\/varibox.best4u.dev\/wp-content\/uploads\/2024\/10\/VARIBOX-Connect-2.png",325,370,false],"woocommerce_thumbnail":["https:\/\/varibox.best4u.dev\/wp-content\/uploads\/2024\/10\/VARIBOX-Connect-2-270x307.png",270,307,true],"woocommerce_single":["https:\/\/varibox.best4u.dev\/wp-content\/uploads\/2024\/10\/VARIBOX-Connect-2.png",325,370,false],"woocommerce_gallery_thumbnail":["https:\/\/varibox.best4u.dev\/wp-content\/uploads\/2024\/10\/VARIBOX-Connect-2-100x100.png",100,100,true],"variation_swatches_image_size":["https:\/\/varibox.best4u.dev\/wp-content\/uploads\/2024\/10\/VARIBOX-Connect-2-50x50.png",50,50,true],"variation_swatches_tooltip_size":["https:\/\/varibox.best4u.dev\/wp-content\/uploads\/2024\/10\/VARIBOX-Connect-2-100x100.png",100,100,true]},"post_excerpt_stackable_v2":"<p>Satisfaction client VARIBOX ConnectLa satisfaction client VARIBOX Connect constitue une opportunit\u00e9 unique de fid\u00e9liser vos clients. D\u00e9couvrez comment exploiter au mieux la satisfaction de vos clients, de d\u00e9velopper vos activit\u00e9s, r\u00e9duire les ressources, am\u00e9liorer vos processus et cr\u00e9er des relations fiables et durables avec vos clients. VARIBOX Connect vous apporte un avantage comp\u00e9titif significatif. Contactez-nous Augmentez votre satisfaction client en surpassant les attentes de vos clientsAvec le VARIBOX Connect, faites vivre une bonne exp\u00e9rience \u00e0 vos clients. En vous appuyant sur les informations g\u00e9n\u00e9r\u00e9es par les donn\u00e9es et en observant les performances de vos clients, offrez-leur un niveau de service\u2026<\/p>\n","category_list_v2":"","author_info_v2":{"name":"Best4u","url":"https:\/\/varibox.best4u.dev\/fr\/author\/best4u\/"},"comments_num_v2":"0 comments","acf":[],"_links":{"self":[{"href":"https:\/\/varibox.best4u.dev\/fr\/wp-json\/wp\/v2\/pages\/55776","targetHints":{"allow":["GET"]}}],"collection":[{"href":"https:\/\/varibox.best4u.dev\/fr\/wp-json\/wp\/v2\/pages"}],"about":[{"href":"https:\/\/varibox.best4u.dev\/fr\/wp-json\/wp\/v2\/types\/page"}],"author":[{"embeddable":true,"href":"https:\/\/varibox.best4u.dev\/fr\/wp-json\/wp\/v2\/users\/1"}],"replies":[{"embeddable":true,"href":"https:\/\/varibox.best4u.dev\/fr\/wp-json\/wp\/v2\/comments?post=55776"}],"version-history":[{"count":1,"href":"https:\/\/varibox.best4u.dev\/fr\/wp-json\/wp\/v2\/pages\/55776\/revisions"}],"predecessor-version":[{"id":55777,"href":"https:\/\/varibox.best4u.dev\/fr\/wp-json\/wp\/v2\/pages\/55776\/revisions\/55777"}],"wp:featuredmedia":[{"embeddable":true,"href":"https:\/\/varibox.best4u.dev\/fr\/wp-json\/wp\/v2\/media\/27406"}],"wp:attachment":[{"href":"https:\/\/varibox.best4u.dev\/fr\/wp-json\/wp\/v2\/media?parent=55776"}],"curies":[{"name":"wp","href":"https:\/\/api.w.org\/{rel}","templated":true}]}}