{"id":55693,"date":"2021-12-22T13:32:36","date_gmt":"2021-12-22T12:32:36","guid":{"rendered":"https:\/\/varibox.best4u.dev\/connexion-du-safeline-performance-2\/"},"modified":"2024-11-08T11:40:55","modified_gmt":"2024-11-08T10:40:55","slug":"connexion-du-safeline-performance-2","status":"publish","type":"page","link":"https:\/\/varibox.best4u.dev\/fr\/connexion-du-safeline-performance-2\/","title":{"rendered":"Connexion du Safeline Performance"},"content":{"rendered":"\n<div class=\"wp-block-ugb-columns ugb-columns ugb-0d5d96e ugb-columns--design-plain ugb-columns--columns-2 ugb-main-block\"><style>.ugb-0d5d96e > .ugb-inner-block > .ugb-block-content > .ugb-columns__item{grid-template-columns:1.40fr 0.60fr !important}@media screen and (min-width:768px){.ugb-0d5d96e.ugb-columns{margin-bottom:83px !important}}@media screen and (max-width:768px){.ugb-0d5d96e-content-wrapper{grid-row-gap:0 !important}}<\/style><div class=\"ugb-inner-block\"><div class=\"ugb-block-content\"><div class=\"ugb-columns__item ugb-0d5d96e-content-wrapper\">\n<div class=\"wp-block-ugb-column ugb-column ugb-b383129 ugb-column--design-plain ugb-main-block\"><div class=\"ugb-inner-block\"><div class=\"ugb-block-content\"><div class=\"ugb-column__item ugb-b383129-column-wrapper\"><div class=\"ugb-column__content-wrapper\">\n<div class=\"wp-block-ugb-heading ugb-heading wow animate__animated animate__fadeIn ugb-bcdb7f0 ugb-main-block\"><style>.ugb-bcdb7f0 .ugb-heading__subtitle{margin-bottom:-5px !important}<\/style><div class=\"ugb-inner-block\"><div class=\"ugb-block-content\"><h1 class=\"ugb-heading__title\">Connexion du Safeline Performance<\/h1><p class=\"ugb-heading__subtitle\">Le transport et le stockage s\u00fbrs sont les principes de base pour lesquels les conteneurs Grand R\u00e9cipient pour Vrac (GRV) de VARIBOX ont \u00e9t\u00e9 d\u00e9velopp\u00e9s. Pour garantir la s\u00e9curit\u00e9 lors de l&rsquo;utilisation de nos conteneurs, tous nos conteneurs peuvent \u00eatre \u00e9quip\u00e9s du syst\u00e8me VARIBOX Safeline. Le syst\u00e8me VARIBOX Safeline est un syst\u00e8me facile \u00e0 utiliser comprenant un tube extracteur dans le conteneur qui peut \u00eatre connect\u00e9 \u00e0 votre syst\u00e8me \u00e0 l&rsquo;aide d&rsquo;un coupleur. Sur cette page, vous trouverez une vid\u00e9o sur Connexion du Safeline Performance<\/p><\/div><\/div><\/div>\n\n\n\n<div class=\"wp-block-ugb-button ugb-button-wrapper green-button wow animate__animated animate__fadeIn ugb-d769967 ugb-button--mobile-aligned ugb-main-block\"><style>.ugb-d769967 .ugb-block-content{justify-content:flex-start !important}.ugb-d769967 .ugb-button1 .ugb-button--inner{font-weight:bold !important}.ugb-d769967 .ugb-button1:hover{opacity:1}.ugb-d769967 .ugb-inner-block{text-align:left}@media screen and (max-width:768px){.ugb-d769967 .ugb-block-content{justify-content:center !important}.ugb-d769967 .ugb-inner-block{text-align:center}}<\/style><div class=\"ugb-inner-block\"><div class=\"ugb-block-content\"><div class=\"ugb-button-container\"><a class=\"ugb-button1 ugb-button ugb-button--size-normal\" href=\"https:\/\/varibox.best4u.dev\/fr\/formulaire-de-contact\/\" rel=\"\" title=\"\"><span class=\"ugb-button--inner\">Contactez-nous<\/span><\/a><\/div><\/div><\/div><\/div>\n<\/div><\/div><\/div><\/div><\/div>\n\n\n\n<div class=\"wp-block-ugb-column ugb-column ugb-e882f9a ugb-column--design-plain ugb-main-block\"><style>@media screen and (max-width:768px){.ugb-e882f9a .ugb-inner-block{text-align:center}}<\/style><div class=\"ugb-inner-block\"><div class=\"ugb-block-content\"><div class=\"ugb-column__item ugb-e882f9a-column-wrapper\"><div class=\"ugb-column__content-wrapper\">\n<figure class=\"wp-block-image size-full wow animate__animated animate__fadeIn\"><img decoding=\"async\" src=\"https:\/\/varibox.best4u.dev\/wp-content\/uploads\/2024\/10\/VARIBOX-Safeline-2.png\" alt=\"Connexion du Safeline Performance\" class=\"wp-image-10794\"\/><\/figure>\n<\/div><\/div><\/div><\/div><\/div>\n<\/div><\/div><\/div><\/div>\n\n\n\n<div class=\"alignfull wp-block-ugb-container ugb-container ugb-25beaa0 ugb-container--v2 ugb-container--design-plain ugb-main-block ugb-main-block--inner-center ugb--has-block-background\"><style>.ugb-25beaa0.ugb-container{background-color:var(--theme-palette-color-7,#F9FAFB)}.ugb-25beaa0.ugb-container:before{background-color:var(--theme-palette-color-7,#F9FAFB)}@media screen and (min-width:768px){.ugb-25beaa0-content-wrapper.ugb-container__content-wrapper{width:85% !important}.ugb-25beaa0.ugb-container{margin-bottom:0px !important;padding-top:0px !important;padding-right:35px !important;padding-bottom:0px !important;padding-left:35px !important}}@media screen and (min-width:768px) and (max-width:1025px){.ugb-25beaa0-content-wrapper.ugb-container__content-wrapper{width:100% !important}}@media screen and (max-width:768px){.ugb-25beaa0.ugb-container{margin-bottom:0px !important;padding-top:0px !important;padding-right:18px !important;padding-bottom:0px !important;padding-left:18px !important}}@media screen and (min-width:768px){.ugb-25beaa0 > .ugb-inner-block > .ugb-block-content > *{padding-top:40px !important;padding-bottom:40px !important}}@media screen and (max-width:768px){.ugb-25beaa0 > .ugb-inner-block > .ugb-block-content > *{padding-top:35px !important;padding-bottom:0px !important}}<\/style><div class=\"ugb-inner-block ugb-inner-block--center\"><div class=\"ugb-block-content\"><div class=\"ugb-container__wrapper ugb-25beaa0-wrapper\"><div class=\"ugb-container__side\"><div class=\"ugb-container__content-wrapper ugb-25beaa0-content-wrapper\">\n<div class=\"aligncenter wp-block-ugb-columns ugb-columns top-icons-columns ugb-609d063 ugb-columns--design-plain ugb-columns--columns-3 ugb-main-block\"><style>.ugb-609d063-content-wrapper{grid-column-gap:15px !important}@media screen and (min-width:768px) and (max-width:1025px){.ugb-609d063-content-wrapper{grid-column-gap:0px !important}}@media screen and (max-width:768px){.ugb-609d063-content-wrapper{grid-row-gap:0 !important;grid-column-gap:0px !important}.ugb-609d063 .ugb-inner-block{text-align:center}.ugb-609d063.ugb-columns{margin-top:0px !important;margin-bottom:0px !important}}<\/style><div class=\"ugb-inner-block\"><div class=\"ugb-block-content\"><div class=\"ugb-columns__item ugb-609d063-content-wrapper\">\n<div class=\"wp-block-ugb-column ugb-column ugb-aa84cea ugb-column--design-plain ugb-main-block\"><div class=\"ugb-inner-block\"><div class=\"ugb-block-content\"><div class=\"ugb-column__item ugb-aa84cea-column-wrapper\"><div class=\"ugb-column__content-wrapper\">\n<div class=\"wp-block-group is-layout-flow wp-block-group-is-layout-flow\">\n<div class=\"wp-block-media-text alignwide is-stacked-on-mobile is-vertically-aligned-center content-pages-top-icons\" style=\"grid-template-columns:30% auto\"><figure class=\"wp-block-media-text__media\"><img decoding=\"async\" src=\"https:\/\/varibox.best4u.dev\/wp-content\/uploads\/2021\/12\/test.svg\" alt=\"\" class=\"wp-image-3005 size-full\"\/><\/figure><div class=\"wp-block-media-text__content\">\n<h4 class=\"wp-block-heading has-text-align-left has-medium-font-size\">Plus s\u00fbr<\/h4>\n<\/div><\/div>\n<\/div>\n<\/div><\/div><\/div><\/div><\/div>\n\n\n\n<div class=\"wp-block-ugb-column ugb-column ugb-a25ba9c ugb-column--design-plain ugb-main-block\"><div class=\"ugb-inner-block\"><div class=\"ugb-block-content\"><div class=\"ugb-column__item ugb-a25ba9c-column-wrapper\"><div class=\"ugb-column__content-wrapper\">\n<div class=\"wp-block-group is-layout-flow wp-block-group-is-layout-flow\">\n<div class=\"wp-block-media-text alignwide is-stacked-on-mobile is-vertically-aligned-center content-pages-top-icons\" style=\"grid-template-columns:30% auto\"><figure class=\"wp-block-media-text__media\"><img decoding=\"async\" src=\"https:\/\/varibox.best4u.dev\/wp-content\/uploads\/2021\/11\/reuseablility-green-1.svg\" alt=\"\" class=\"wp-image-1838 size-full\"\/><\/figure><div class=\"wp-block-media-text__content\">\n<h4 class=\"wp-block-heading has-text-align-left has-medium-font-size\">R\u00e9utilisable<\/h4>\n<\/div><\/div>\n<\/div>\n<\/div><\/div><\/div><\/div><\/div>\n\n\n\n<div class=\"wp-block-ugb-column ugb-column ugb-ed3faa1 ugb-column--design-plain ugb-main-block\"><div class=\"ugb-inner-block\"><div class=\"ugb-block-content\"><div class=\"ugb-column__item ugb-ed3faa1-column-wrapper\"><div class=\"ugb-column__content-wrapper\">\n<div class=\"wp-block-group is-layout-flow wp-block-group-is-layout-flow\">\n<div class=\"wp-block-media-text alignwide is-stacked-on-mobile is-vertically-aligned-center content-pages-top-icons\" style=\"grid-template-columns:29% auto\"><figure class=\"wp-block-media-text__media\"><img decoding=\"async\" src=\"https:\/\/varibox.best4u.dev\/wp-content\/uploads\/2021\/11\/sustainability-green-1.svg\" alt=\"\" class=\"wp-image-1851 size-full\"\/><\/figure><div class=\"wp-block-media-text__content\">\n<h4 class=\"wp-block-heading has-text-align-left has-medium-font-size\">Durable<\/h4>\n<\/div><\/div>\n<\/div>\n<\/div><\/div><\/div><\/div><\/div>\n<\/div><\/div><\/div><\/div>\n<\/div><\/div><\/div><\/div><\/div><\/div>\n\n\n\n<div class=\"alignfull wp-block-ugb-container ugb-container ugb-0591a81 ugb-container--v2 ugb-container--design-plain ugb-main-block ugb-main-block--inner-center ugb--has-block-background ugb--has-background-overlay\"><style>.ugb-0591a81.ugb-container{background-color:var(--theme-palette-color-8,#f8fafc)}.ugb-0591a81.ugb-container:before{background-image:linear-gradient(180deg,var(--theme-palette-color-8,#f8fafc) 0%,#ffffff 100%)}@media screen and (min-width:768px){.ugb-0591a81-content-wrapper.ugb-container__content-wrapper{width:70% !important}.ugb-0591a81.ugb-container{padding-top:0px !important;padding-right:35px !important;padding-bottom:0px !important;padding-left:35px !important}}@media screen and (min-width:768px){.ugb-0591a81 > .ugb-inner-block > .ugb-block-content > *{padding-top:64px !important;padding-bottom:64px !important}}<\/style><div class=\"ugb-inner-block ugb-inner-block--center\"><div class=\"ugb-block-content\"><div class=\"ugb-container__wrapper ugb-0591a81-wrapper\"><div class=\"ugb-container__side\"><div class=\"ugb-container__content-wrapper ugb-0591a81-content-wrapper\">\n<h2 class=\"wow animate__animated animate__fadeIn wp-block-heading\" id=\"varibox-safeline-performance\">VARIBOX Safeline Performance<\/h2>\n\n\n\n<p>Le Safeline Performance est sp\u00e9cialement d\u00e9velopp\u00e9 pour une utilisation avec des volumes \u00e9lev\u00e9s. Le syst\u00e8me de performance a une capacit\u00e9 de 20 litres par minute. La \u00ab&nbsp;Safeline Performance&nbsp;\u00bb est disponible en EPDM et Viton. Les tubes et les bo\u00eetiers sont en poly\u00e9thyl\u00e8ne.<\/p>\n\n\n\n<p>La version EPDM a une <em><strong>couleur rouge<\/strong><\/em> et une forme ronde. Le coupleur qui doit \u00eatre connect\u00e9 au point de connexion est \u00e9galement de couleur rouge et a une <em><strong>forme ronde<\/strong><\/em><\/p>\n\n\n\n<p>La version Viton a une couleur verte et a une forme \u00e0 12 angles. Le coupleur qui doit \u00eatre connect\u00e9 au point de connexion est \u00e9galement de couleur verte et a une <em><strong>forme \u00e0 12 angles<\/strong><\/em>.<\/p>\n\n\n\n<blockquote class=\"wp-block-quote is-layout-flow wp-block-quote-is-layout-flow\">\n<p>Cette diff\u00e9rence a \u00e9t\u00e9 faite pour \u00e9liminer le risque de connexions incorrectes.<\/p>\n<\/blockquote>\n\n\n\n<p>Apr\u00e8s utilisation, il ne reste que 0,1 r\u00e9sidu dans le VARIBOX. Il ne reste que 0,4 litre dans le tube extracteur lui-m\u00eame. Ces quantit\u00e9s sont bas\u00e9es sur l&rsquo;eau et varient selon l&rsquo;\u00e9tat et le type de produit chimique.<\/p>\n\n\n\n<figure class=\"wp-block-embed is-type-video is-provider-youtube wp-block-embed-youtube wp-embed-aspect-16-9 wp-has-aspect-ratio\"><div class=\"wp-block-embed__wrapper\">\n<iframe title=\"VARIBOX connexion du Safeline Performance\" width=\"1200\" height=\"675\" src=\"https:\/\/www.youtube.com\/embed\/AbyPTIARepI?feature=oembed\" frameborder=\"0\" allow=\"accelerometer; autoplay; clipboard-write; encrypted-media; gyroscope; picture-in-picture; web-share\" referrerpolicy=\"strict-origin-when-cross-origin\" allowfullscreen><\/iframe>\n<\/div><\/figure>\n\n\n\n<h3 class=\"wow animate__animated animate__fadeIn wp-block-heading\" id=\"safeline-sur-et-simple\">Safeline &#8211;&nbsp;s\u00fbr&nbsp;et simple<\/h3>\n\n\n\n<p>Comme il vient d&rsquo;\u00eatre d\u00e9crit, le syst\u00e8me VARIBOX Safeline est un syst\u00e8me facile \u00e0 utiliser comprenant un tube extracteur dans le conteneur qui peut \u00eatre connect\u00e9 \u00e0 votre syst\u00e8me par l&rsquo;utilisation d&rsquo;un coupleur. Le syst\u00e8me Safeline foncitonne en cirucit ferm\u00e9. Cela signifie que le VARIBOX n&rsquo;a \u200b\u200bpas \u00e0 \u00eatre ouvert pendant le transport ni l&rsquo;utilisation.<\/p>\n\n\n\n<p>Le fournisseur remplit le VARIBOX \u00e9quip\u00e9 du syst\u00e8me Safeline sur son site. Le tube extracteur et les autres options du conteneur sont pr\u00e9par\u00e9s pour \u00eatre utilis\u00e9s et le VARIBOX est ensuite scell\u00e9. En suivant pr\u00e9cis\u00e9ment ce processsus, le conteneur reste compl\u00e8tement ferm\u00e9 pendant le transport. Ce qui garantit la s\u00e9curit\u00e9 lors du chargement et du transport.<\/p>\n\n\n\n<p>Lorsque le VARIBOX est livr\u00e9, il est toujours ferm\u00e9. Vous pouvez transporter le VARIBOX en toute s\u00e9curit\u00e9 depuis le camion avec un chariot \u00e9l\u00e9vateur ou un transpalette. Le VARIBOX peut ensuite \u00eatre plac\u00e9 \u00e0 n&rsquo;importe quel endroit souhait\u00e9, car le conteneur continent un bac de r\u00e9tention int\u00e9gr\u00e9. Lorsque le VARIBOX est mis en service, le conteneur n&rsquo;a toujours pas besoin d&rsquo;\u00eatre ouvert. Seul le coupleur doit \u00eatre connect\u00e9 au point de connexion sur le dessus du VARIBOX. Ainsi, aucun besoin d\u2018interraction avec le bouchon ou le r\u00e9cipient lui-m\u00eame. Cela garantit que, ni vous et ni vos coll\u00e8gues pouvez entrer en contact avec les produits chimiques par erreur.<\/p>\n\n\n\n<p>Lorsque le conteneur est compl\u00e8tement vid\u00e9 \u00e0 l&rsquo;aide du syst\u00e8me Safeline, le conteneur n&rsquo;a toujours pas besoin d&rsquo;\u00eatre ouvert. M\u00eame lors de la d\u00e9connexion du VARIBOX, nul besoin d\u2018interraction avec le bouchon ou le r\u00e9cipient lui-m\u00eame. Il vous suffit de d\u00e9clipser le coupleur du point de connexion en haut du conteneur. Vous pouvez ensuite d\u00e9placer le conteneur en toute s\u00e9curit\u00e9 car sa conception unique laisse moins de 1 litre de r\u00e9sidus. Cela permet au VARIBOX d&rsquo;\u00eatre ramen\u00e9 en toute s\u00e9curit\u00e9 au fournisseur.<\/p>\n\n\n\n<p>Parce que le syst\u00e8me VARIBOX Safeline est utilis\u00e9, il est \u00e9galement possible d\u2019\u00e9viter que des choses \u00e9tranges ne soient pas trouv\u00e9es dans le VARIBOX. Ce qui donne la possibilit\u00e9 de sauter le processus de nettoyage.<\/p>\n\n\n\n<h3 class=\"wow animate__animated animate__fadeIn wp-block-heading\" id=\"plus-d-information\">Plus d&rsquo;information du Connexion du Safeline Performance<\/h3>\n\n\n\n<p>Si vous avez des questions sp\u00e9cifiques Connexion du Safeline Performance du <a href=\"https:\/\/varibox.best4u.dev\/fr\/varibox_product\/varibox-full-containment\/\" target=\"_blank\" rel=\"noreferrer noopener\">VARIBOX FC<\/a> ou si vous souhaitez des informations compl\u00e9mentaires, n\u2019h\u00e9sitez pas \u00e0 nous contacter par email \u00e0 <a href=\"mailto:montoir@varibox-ibc.com\">montoir@varibox-ibc.com<\/a> ou nous appeler au (+31) 0570-660- 711<\/p>\n\n\n\n<div class=\"wp-block-ugb-button ugb-button-wrapper green-button wow animate__animated animate__fadeIn ugb-1f71c95 ugb-button--mobile-aligned ugb-main-block\"><style>.ugb-1f71c95 .ugb-block-content{justify-content:center !important}.ugb-1f71c95 .ugb-button1 .ugb-button--inner{font-weight:bold !important}.ugb-1f71c95 .ugb-button1:hover{opacity:1}.ugb-1f71c95 .ugb-inner-block{text-align:center}@media screen and (max-width:768px){.ugb-1f71c95 .ugb-block-content{justify-content:center !important}.ugb-1f71c95 .ugb-inner-block{text-align:center}}<\/style><div class=\"ugb-inner-block\"><div class=\"ugb-block-content\"><div class=\"ugb-button-container\"><a class=\"ugb-button1 ugb-button ugb-button--size-normal\" href=\"https:\/\/varibox.best4u.dev\/fr\/formulaire-de-contact\/\" rel=\"\" title=\"\"><span class=\"ugb-button--inner\">Contactez-nous<\/span><\/a><\/div><\/div><\/div><\/div>\n<\/div><\/div><\/div><\/div><\/div><\/div>\n","protected":false},"excerpt":{"rendered":"<p>Connexion du Safeline Performance Le transport et le stockage s\u00fbrs sont les principes de base pour lesquels les conteneurs Grand R\u00e9cipient pour Vrac (GRV) de VARIBOX ont \u00e9t\u00e9 d\u00e9velopp\u00e9s. Pour garantir la s\u00e9curit\u00e9 lors de l&rsquo;utilisation de nos conteneurs, tous nos conteneurs peuvent \u00eatre \u00e9quip\u00e9s du syst\u00e8me VARIBOX Safeline. Le syst\u00e8me VARIBOX Safeline est un [&hellip;]<\/p>\n","protected":false},"author":1,"featured_media":27300,"parent":0,"menu_order":0,"comment_status":"open","ping_status":"open","template":"","meta":{"_acf_changed":false,"footnotes":""},"class_list":["post-55693","page","type-page","status-publish","has-post-thumbnail","hentry"],"blocksy_meta":{"styles_descriptor":{"styles":{"desktop":"","tablet":"","mobile":""},"google_fonts":[],"version":6}},"featured_image_urls_v2":{"full":["https:\/\/varibox.best4u.dev\/wp-content\/uploads\/2024\/10\/VARIBOX-Safeline-2.png",325,370,false],"thumbnail":["https:\/\/varibox.best4u.dev\/wp-content\/uploads\/2024\/10\/VARIBOX-Safeline-2-256x256.png",256,256,true],"medium":["https:\/\/varibox.best4u.dev\/wp-content\/uploads\/2024\/10\/VARIBOX-Safeline-2.png",325,370,false],"medium_large":["https:\/\/varibox.best4u.dev\/wp-content\/uploads\/2024\/10\/VARIBOX-Safeline-2.png",325,370,false],"large":["https:\/\/varibox.best4u.dev\/wp-content\/uploads\/2024\/10\/VARIBOX-Safeline-2.png",325,370,false],"1536x1536":["https:\/\/varibox.best4u.dev\/wp-content\/uploads\/2024\/10\/VARIBOX-Safeline-2.png",325,370,false],"2048x2048":["https:\/\/varibox.best4u.dev\/wp-content\/uploads\/2024\/10\/VARIBOX-Safeline-2.png",325,370,false],"woocommerce_archive_thumbnail":["https:\/\/varibox.best4u.dev\/wp-content\/uploads\/2024\/10\/VARIBOX-Safeline-2-270x307.png",270,307,true],"gform-image-choice-sm":["https:\/\/varibox.best4u.dev\/wp-content\/uploads\/2024\/10\/VARIBOX-Safeline-2.png",264,300,false],"gform-image-choice-md":["https:\/\/varibox.best4u.dev\/wp-content\/uploads\/2024\/10\/VARIBOX-Safeline-2.png",325,370,false],"gform-image-choice-lg":["https:\/\/varibox.best4u.dev\/wp-content\/uploads\/2024\/10\/VARIBOX-Safeline-2.png",325,370,false],"woocommerce_thumbnail":["https:\/\/varibox.best4u.dev\/wp-content\/uploads\/2024\/10\/VARIBOX-Safeline-2-270x307.png",270,307,true],"woocommerce_single":["https:\/\/varibox.best4u.dev\/wp-content\/uploads\/2024\/10\/VARIBOX-Safeline-2.png",325,370,false],"woocommerce_gallery_thumbnail":["https:\/\/varibox.best4u.dev\/wp-content\/uploads\/2024\/10\/VARIBOX-Safeline-2-100x100.png",100,100,true],"variation_swatches_image_size":["https:\/\/varibox.best4u.dev\/wp-content\/uploads\/2024\/10\/VARIBOX-Safeline-2-50x50.png",50,50,true],"variation_swatches_tooltip_size":["https:\/\/varibox.best4u.dev\/wp-content\/uploads\/2024\/10\/VARIBOX-Safeline-2-100x100.png",100,100,true]},"post_excerpt_stackable_v2":"<p>Connexion du Safeline PerformanceLe transport et le stockage s\u00fbrs sont les principes de base pour lesquels les conteneurs Grand R\u00e9cipient pour Vrac (GRV) de VARIBOX ont \u00e9t\u00e9 d\u00e9velopp\u00e9s. Pour garantir la s\u00e9curit\u00e9 lors de l&rsquo;utilisation de nos conteneurs, tous nos conteneurs peuvent \u00eatre \u00e9quip\u00e9s du syst\u00e8me VARIBOX Safeline. Le syst\u00e8me VARIBOX Safeline est un syst\u00e8me facile \u00e0 utiliser comprenant un tube extracteur dans le conteneur qui peut \u00eatre connect\u00e9 \u00e0 votre syst\u00e8me \u00e0 l&rsquo;aide d&rsquo;un coupleur. Sur cette page, vous trouverez une vid\u00e9o sur Connexion du Safeline Performance Contactez-nous Plus s\u00fbr R\u00e9utilisable Durable VARIBOX Safeline Performance Le Safeline Performance est\u2026<\/p>\n","category_list_v2":"","author_info_v2":{"name":"Best4u","url":"https:\/\/varibox.best4u.dev\/fr\/author\/best4u\/"},"comments_num_v2":"0 comments","acf":[],"_links":{"self":[{"href":"https:\/\/varibox.best4u.dev\/fr\/wp-json\/wp\/v2\/pages\/55693","targetHints":{"allow":["GET"]}}],"collection":[{"href":"https:\/\/varibox.best4u.dev\/fr\/wp-json\/wp\/v2\/pages"}],"about":[{"href":"https:\/\/varibox.best4u.dev\/fr\/wp-json\/wp\/v2\/types\/page"}],"author":[{"embeddable":true,"href":"https:\/\/varibox.best4u.dev\/fr\/wp-json\/wp\/v2\/users\/1"}],"replies":[{"embeddable":true,"href":"https:\/\/varibox.best4u.dev\/fr\/wp-json\/wp\/v2\/comments?post=55693"}],"version-history":[{"count":1,"href":"https:\/\/varibox.best4u.dev\/fr\/wp-json\/wp\/v2\/pages\/55693\/revisions"}],"predecessor-version":[{"id":55694,"href":"https:\/\/varibox.best4u.dev\/fr\/wp-json\/wp\/v2\/pages\/55693\/revisions\/55694"}],"wp:featuredmedia":[{"embeddable":true,"href":"https:\/\/varibox.best4u.dev\/fr\/wp-json\/wp\/v2\/media\/27300"}],"wp:attachment":[{"href":"https:\/\/varibox.best4u.dev\/fr\/wp-json\/wp\/v2\/media?parent=55693"}],"curies":[{"name":"wp","href":"https:\/\/api.w.org\/{rel}","templated":true}]}}