{"id":70215,"date":"2025-07-29T10:19:09","date_gmt":"2025-07-29T08:19:09","guid":{"rendered":"https:\/\/varibox.best4u.dev\/product\/varibox-single-containment-1000l\/"},"modified":"2025-10-09T14:21:47","modified_gmt":"2025-10-09T12:21:47","slug":"varibox-single-containment-1000l","status":"publish","type":"product","link":"https:\/\/varibox.best4u.dev\/es\/producto\/varibox-single-containment-1000l\/","title":{"rendered":"VARIBOX Single Containment 1000L"},"content":{"rendered":"<p>El VARIBOX Single Containment (SC) es un Contenedor Intermedio a Granel (RIG) reutilizable que tiene una vida \u00fatil 10 veces superior a la de otros RIG.<\/p>\n<h2>Manipulaci\u00f3n de productos qu\u00edmicos segura y sin preocupaciones<\/h2>\n<p>Trabajar con productos qu\u00edmicos peligrosos significa que necesitas un embalaje en el que puedas confiar. El Contenedor Simple VARIBOX 1000L (SC) est\u00e1 dise\u00f1ado para ayudarte a almacenar y transportar l\u00edquidos de forma segura, protegida y sin complicaciones. Su robusta estructura y su sistema cerrado reducen el riesgo de derrames, exposici\u00f3n y contaminaci\u00f3n. Lo que realmente la distingue es la v\u00e1lvula de bola VARIBOX integrada, una v\u00e1lvula monobloque resistente con una vida \u00fatil de hasta 5 a\u00f1os. Esta v\u00e1lvula garantiza que tu producto permanezca dentro del contenedor en todo momento, protegiendo tanto a tus operarios como al medio ambiente. Totalmente certificada por la ONU, la SC es ideal para su uso en zonas de contenci\u00f3n y cumple todos los requisitos para el transporte de mercanc\u00edas peligrosas en Europa. Puedes contar con \u00e9l, tanto si necesitas uno, dos o varios contenedores.<\/p>\n<h2>Duradera, reutilizable y dise\u00f1ada para el uso diario<\/h2>\n<p>El VARIBOX SC est\u00e1 hecho para un uso repetido y a largo plazo, no para aplicaciones de usar y tirar. Con una vida \u00fatil de hasta 10 a\u00f1os, este IBC es una inversi\u00f3n s\u00f3lida para cualquier profesional que utilice productos qu\u00edmicos con regularidad. Est\u00e1 construido con polietileno de alta densidad (HDPE) mediante moldeo rotacional, lo que hace que la estructura sea gruesa, resistente a los impactos y sin corrosi\u00f3n. El recipiente admite el vaciado total, dejando menos de un 0,1% de residuos, lo que lo hace limpio y rentable. Hay disponibles configuraciones de v\u00e1lvulas de 1&#8243; y 2&#8243;, y gracias a su tama\u00f1o est\u00e1ndar para pal\u00e9s (1200 x 1000 mm), es f\u00e1cil de manejar con carretillas elevadoras o transpal\u00e9s. Dispone de codificaci\u00f3n por colores para identificar f\u00e1cilmente el contenido. Todo se entrega totalmente montado y listo para usar: s\u00f3lo tienes que desembalar y ponerte en marcha.<\/p>\n<h2>Una elecci\u00f3n de envasado m\u00e1s inteligente y sostenible<\/h2>\n<p>Cada vez que reutilices tu VARIBOX SC, ahorrar\u00e1s en envases de un solo uso y reducir\u00e1s los residuos. El contenedor es reciclable en un 99% y puede contener hasta un 33% de material reciclado postconsumo, apoyando tus objetivos de sostenibilidad. Su sistema cerrado y su dise\u00f1o ergon\u00f3mico ayudan a evitar el contacto directo con los productos qu\u00edmicos, ofreciendo un entorno de trabajo m\u00e1s limpio y seguro. Tanto si trabajas en limpieza, agricultura, tratamiento de aguas o industria, el VARIBOX SC te ofrece un rendimiento fiable, d\u00eda tras d\u00eda, viaje tras viaje.<\/p>\n","protected":false},"excerpt":{"rendered":"<p><em>El contenedor exterior es azul de serie<\/em><\/p>\n<p>El VARIBOX Single Containment (SC) es un contenedor intermedio para graneles (IBC) reutilizable que tiene una vida \u00fatil 10 veces superior a la de otros IBC.<\/p>\n<p><strong>Plazo de entrega: 4 semanas<\/strong><\/p>\n","protected":false},"featured_media":69374,"comment_status":"closed","ping_status":"closed","template":"","meta":{"_acf_changed":false},"product_brand":[892],"product_cat":[423],"product_tag":[],"class_list":{"0":"post-70215","1":"product","2":"type-product","3":"status-publish","4":"has-post-thumbnail","6":"product_brand-varibox","7":"product_cat-varibox-sc-1000-es","8":"product_shipping_class-montoir","10":"first","11":"instock","12":"taxable","13":"shipping-taxable","14":"purchasable","15":"product-type-variable"},"featured_image_urls_v2":{"full":["https:\/\/varibox.best4u.dev\/wp-content\/uploads\/2025\/07\/VARIBOX-SC-Viton.jpg",850,1000,false],"thumbnail":["https:\/\/varibox.best4u.dev\/wp-content\/uploads\/2025\/07\/VARIBOX-SC-Viton-256x256.jpg",256,256,true],"medium":["https:\/\/varibox.best4u.dev\/wp-content\/uploads\/2025\/07\/VARIBOX-SC-Viton-435x512.jpg",435,512,true],"medium_large":["https:\/\/varibox.best4u.dev\/wp-content\/uploads\/2025\/07\/VARIBOX-SC-Viton-768x904.jpg",768,904,true],"large":["https:\/\/varibox.best4u.dev\/wp-content\/uploads\/2025\/07\/VARIBOX-SC-Viton.jpg",850,1000,false],"1536x1536":["https:\/\/varibox.best4u.dev\/wp-content\/uploads\/2025\/07\/VARIBOX-SC-Viton.jpg",850,1000,false],"2048x2048":["https:\/\/varibox.best4u.dev\/wp-content\/uploads\/2025\/07\/VARIBOX-SC-Viton.jpg",850,1000,false],"woocommerce_archive_thumbnail":["https:\/\/varibox.best4u.dev\/wp-content\/uploads\/2025\/07\/VARIBOX-SC-Viton-270x318.jpg",270,318,true],"gform-image-choice-sm":["https:\/\/varibox.best4u.dev\/wp-content\/uploads\/2025\/07\/VARIBOX-SC-Viton.jpg",255,300,false],"gform-image-choice-md":["https:\/\/varibox.best4u.dev\/wp-content\/uploads\/2025\/07\/VARIBOX-SC-Viton.jpg",340,400,false],"gform-image-choice-lg":["https:\/\/varibox.best4u.dev\/wp-content\/uploads\/2025\/07\/VARIBOX-SC-Viton.jpg",510,600,false],"woocommerce_thumbnail":["https:\/\/varibox.best4u.dev\/wp-content\/uploads\/2025\/07\/VARIBOX-SC-Viton-270x318.jpg",270,318,true],"woocommerce_single":["https:\/\/varibox.best4u.dev\/wp-content\/uploads\/2025\/07\/VARIBOX-SC-Viton.jpg",850,1000,false],"woocommerce_gallery_thumbnail":["https:\/\/varibox.best4u.dev\/wp-content\/uploads\/2025\/07\/VARIBOX-SC-Viton-100x100.jpg",100,100,true],"variation_swatches_image_size":["https:\/\/varibox.best4u.dev\/wp-content\/uploads\/2025\/07\/VARIBOX-SC-Viton-50x50.jpg",50,50,true],"variation_swatches_tooltip_size":["https:\/\/varibox.best4u.dev\/wp-content\/uploads\/2025\/07\/VARIBOX-SC-Viton-100x100.jpg",100,100,true]},"post_excerpt_stackable_v2":"<p><em>El contenedor exterior es azul de serie<\/em><\/p>\n<p>El VARIBOX Single Containment (SC) es un contenedor intermedio para graneles (IBC) reutilizable que tiene una vida \u00fatil 10 veces superior a la de otros IBC.<\/p>\n<p><strong>Plazo de entrega: 4 semanas<\/strong><\/p>\n","category_list_v2":"","author_info_v2":{"name":"","url":""},"comments_num_v2":"0 comments","acf":[],"_links":{"self":[{"href":"https:\/\/varibox.best4u.dev\/es\/wp-json\/wp\/v2\/product\/70215","targetHints":{"allow":["GET"]}}],"collection":[{"href":"https:\/\/varibox.best4u.dev\/es\/wp-json\/wp\/v2\/product"}],"about":[{"href":"https:\/\/varibox.best4u.dev\/es\/wp-json\/wp\/v2\/types\/product"}],"replies":[{"embeddable":true,"href":"https:\/\/varibox.best4u.dev\/es\/wp-json\/wp\/v2\/comments?post=70215"}],"wp:featuredmedia":[{"embeddable":true,"href":"https:\/\/varibox.best4u.dev\/es\/wp-json\/wp\/v2\/media\/69374"}],"wp:attachment":[{"href":"https:\/\/varibox.best4u.dev\/es\/wp-json\/wp\/v2\/media?parent=70215"}],"wp:term":[{"taxonomy":"product_brand","embeddable":true,"href":"https:\/\/varibox.best4u.dev\/es\/wp-json\/wp\/v2\/product_brand?post=70215"},{"taxonomy":"product_cat","embeddable":true,"href":"https:\/\/varibox.best4u.dev\/es\/wp-json\/wp\/v2\/product_cat?post=70215"},{"taxonomy":"product_tag","embeddable":true,"href":"https:\/\/varibox.best4u.dev\/es\/wp-json\/wp\/v2\/product_tag?post=70215"}],"curies":[{"name":"wp","href":"https:\/\/api.w.org\/{rel}","templated":true}]}}