{"id":68708,"date":"2025-07-21T13:59:41","date_gmt":"2025-07-21T11:59:41","guid":{"rendered":"https:\/\/varibox.best4u.dev\/?post_type=product&#038;p=68708"},"modified":"2025-07-21T14:14:47","modified_gmt":"2025-07-21T12:14:47","slug":"varibox-tapon-de-cierre-interior-para-contenedor-epdm","status":"publish","type":"product","link":"https:\/\/varibox.best4u.dev\/es\/producto\/varibox-tapon-de-cierre-interior-para-contenedor-epdm\/","title":{"rendered":"VARIBOX tap\u00f3n de cierre interior para contenedor EPDM"},"content":{"rendered":"<p data-start=\"209\" data-end=\"591\">El tap\u00f3n de cierre para el contenedor interior VARIBOX est\u00e1 dise\u00f1ado espec\u00edficamente para cerrar de forma segura la apertura cuando no se utiliza ning\u00fan <strong data-start=\"362\" data-end=\"384\">tubo de aspiraci\u00f3n<\/strong>. El cuerpo del tap\u00f3n est\u00e1 fabricado en polietileno (PE) resistente y cuenta con una junta de EPDM altamente resistente a productos qu\u00edmicos, lo que garantiza un sellado fiable incluso en entornos exigentes.\u00a0Este tap\u00f3n es la soluci\u00f3n ideal para cerrar el contenedor interior de VARIBOX durante el transporte, el almacenamiento o los periodos de inactividad temporal. Evita fugas, contaminaci\u00f3n y la liberaci\u00f3n de vapores, contribuyendo as\u00ed a un entorno de trabajo seguro y limpio, sin formar parte del sistema cerrado de VARIBOX.\u00a0F\u00e1cil de instalar y retirar, el tap\u00f3n ofrece la m\u00e1xima flexibilidad en aplicaciones donde no se utiliza el tubo de aspiraci\u00f3n. Gracias a su alta resistencia qu\u00edmica y construcci\u00f3n duradera, es apto para una amplia gama de l\u00edquidos como \u00e1cidos, \u00e1lcalis y otras sustancias compatibles.<\/p>\n<p data-start=\"1201\" data-end=\"1274\">\n","protected":false},"excerpt":{"rendered":"<p>El tap\u00f3n de cierre para el contenedor interior VARIBOX est\u00e1 dise\u00f1ado espec\u00edficamente para cerrar de forma segura la apertura cuando no se utiliza ning\u00fan <strong data-start=\"362\" data-end=\"384\">tubo de aspiraci\u00f3n<\/strong>.<\/p>\n","protected":false},"featured_media":68717,"comment_status":"closed","ping_status":"closed","template":"","meta":{"_acf_changed":false},"product_brand":[],"product_cat":[331,332,329,318,322,320],"product_tag":[],"class_list":{"0":"post-68708","1":"product","2":"type-product","3":"status-publish","4":"has-post-thumbnail","6":"product_cat-accesorios-varibox-fc-800","7":"product_cat-accesorios","8":"product_cat-accesorios-varibox-cc-250","9":"product_cat-varibox-cc-250-es","10":"product_cat-varibox-fc-1000-es","11":"product_cat-varibox-fc-800-es","12":"product_shipping_class-deventer-en","13":"pa_packaging-unit-25-es","15":"first","16":"instock","17":"taxable","18":"shipping-taxable","19":"purchasable","20":"product-type-simple"},"featured_image_urls_v2":{"full":["https:\/\/varibox.best4u.dev\/wp-content\/uploads\/2025\/07\/Sealing-plug-inner-container-EPDM-1.png",600,800,false],"thumbnail":["https:\/\/varibox.best4u.dev\/wp-content\/uploads\/2025\/07\/Sealing-plug-inner-container-EPDM-1-256x256.png",256,256,true],"medium":["https:\/\/varibox.best4u.dev\/wp-content\/uploads\/2025\/07\/Sealing-plug-inner-container-EPDM-1-384x512.png",384,512,true],"medium_large":["https:\/\/varibox.best4u.dev\/wp-content\/uploads\/2025\/07\/Sealing-plug-inner-container-EPDM-1.png",600,800,false],"large":["https:\/\/varibox.best4u.dev\/wp-content\/uploads\/2025\/07\/Sealing-plug-inner-container-EPDM-1.png",600,800,false],"1536x1536":["https:\/\/varibox.best4u.dev\/wp-content\/uploads\/2025\/07\/Sealing-plug-inner-container-EPDM-1.png",600,800,false],"2048x2048":["https:\/\/varibox.best4u.dev\/wp-content\/uploads\/2025\/07\/Sealing-plug-inner-container-EPDM-1.png",600,800,false],"woocommerce_archive_thumbnail":["https:\/\/varibox.best4u.dev\/wp-content\/uploads\/2025\/07\/Sealing-plug-inner-container-EPDM-1-270x360.png",270,360,true],"gform-image-choice-sm":["https:\/\/varibox.best4u.dev\/wp-content\/uploads\/2025\/07\/Sealing-plug-inner-container-EPDM-1.png",225,300,false],"gform-image-choice-md":["https:\/\/varibox.best4u.dev\/wp-content\/uploads\/2025\/07\/Sealing-plug-inner-container-EPDM-1.png",300,400,false],"gform-image-choice-lg":["https:\/\/varibox.best4u.dev\/wp-content\/uploads\/2025\/07\/Sealing-plug-inner-container-EPDM-1.png",450,600,false],"woocommerce_thumbnail":["https:\/\/varibox.best4u.dev\/wp-content\/uploads\/2025\/07\/Sealing-plug-inner-container-EPDM-1-270x360.png",270,360,true],"woocommerce_single":["https:\/\/varibox.best4u.dev\/wp-content\/uploads\/2025\/07\/Sealing-plug-inner-container-EPDM-1.png",600,800,false],"woocommerce_gallery_thumbnail":["https:\/\/varibox.best4u.dev\/wp-content\/uploads\/2025\/07\/Sealing-plug-inner-container-EPDM-1-100x100.png",100,100,true],"variation_swatches_image_size":["https:\/\/varibox.best4u.dev\/wp-content\/uploads\/2025\/07\/Sealing-plug-inner-container-EPDM-1-50x50.png",50,50,true],"variation_swatches_tooltip_size":["https:\/\/varibox.best4u.dev\/wp-content\/uploads\/2025\/07\/Sealing-plug-inner-container-EPDM-1-100x100.png",100,100,true]},"post_excerpt_stackable_v2":"<p>El tap\u00f3n de cierre para el contenedor interior VARIBOX est\u00e1 dise\u00f1ado espec\u00edficamente para cerrar de forma segura la apertura cuando no se utiliza ning\u00fan <strong data-start=\"362\" data-end=\"384\">tubo de aspiraci\u00f3n<\/strong>.<\/p>\n","category_list_v2":"","author_info_v2":{"name":"","url":""},"comments_num_v2":"0 comments","acf":[],"_links":{"self":[{"href":"https:\/\/varibox.best4u.dev\/es\/wp-json\/wp\/v2\/product\/68708","targetHints":{"allow":["GET"]}}],"collection":[{"href":"https:\/\/varibox.best4u.dev\/es\/wp-json\/wp\/v2\/product"}],"about":[{"href":"https:\/\/varibox.best4u.dev\/es\/wp-json\/wp\/v2\/types\/product"}],"replies":[{"embeddable":true,"href":"https:\/\/varibox.best4u.dev\/es\/wp-json\/wp\/v2\/comments?post=68708"}],"wp:featuredmedia":[{"embeddable":true,"href":"https:\/\/varibox.best4u.dev\/es\/wp-json\/wp\/v2\/media\/68717"}],"wp:attachment":[{"href":"https:\/\/varibox.best4u.dev\/es\/wp-json\/wp\/v2\/media?parent=68708"}],"wp:term":[{"taxonomy":"product_brand","embeddable":true,"href":"https:\/\/varibox.best4u.dev\/es\/wp-json\/wp\/v2\/product_brand?post=68708"},{"taxonomy":"product_cat","embeddable":true,"href":"https:\/\/varibox.best4u.dev\/es\/wp-json\/wp\/v2\/product_cat?post=68708"},{"taxonomy":"product_tag","embeddable":true,"href":"https:\/\/varibox.best4u.dev\/es\/wp-json\/wp\/v2\/product_tag?post=68708"}],"curies":[{"name":"wp","href":"https:\/\/api.w.org\/{rel}","templated":true}]}}