{"id":68701,"date":"2025-07-21T12:22:02","date_gmt":"2025-07-21T10:22:02","guid":{"rendered":"https:\/\/varibox.best4u.dev\/?post_type=product&#038;p=68701"},"modified":"2025-07-21T12:27:52","modified_gmt":"2025-07-21T10:27:52","slug":"pegatina-para-la-capsula-de-venteo-de-depresion-varibox-sc","status":"publish","type":"product","link":"https:\/\/varibox.best4u.dev\/es\/producto\/pegatina-para-la-capsula-de-venteo-de-depresion-varibox-sc\/","title":{"rendered":"Pegatina para la c\u00e1psula de venteo de depresi\u00f3n VARIBOX SC"},"content":{"rendered":"<p>Cada VARIBOX est\u00e1 equipado con un venteo autom\u00e1tico. Esta pegatina VARIBOX SC se pega a la c\u00e1psula del venteo. Est\u00e1 hecha de PE y es de color blanco. La pegatina indica que la tapa de llenado est\u00e1 equipada con un venteo de depresi\u00f3n.<\/p>\n","protected":false},"excerpt":{"rendered":"<p>Cada VARIBOX est\u00e1 equipado con un venteo autom\u00e1tico. Esta pegatina VARIBOX SC indica que la tapa de llenado est\u00e1 equipada con un venteo de depresi\u00f3n.<\/p>\n","protected":false},"featured_media":3715,"comment_status":"closed","ping_status":"closed","template":"","meta":{"_acf_changed":false},"product_brand":[],"product_cat":[468,469,423,419],"product_tag":[],"class_list":{"0":"post-68701","1":"product","2":"type-product","3":"status-publish","4":"has-post-thumbnail","6":"product_cat-accesorios-varibox-sc-800","7":"product_cat-accesorios-varibox-sc-1000","8":"product_cat-varibox-sc-1000-es","9":"product_cat-varibox-sc-800-es","10":"product_shipping_class-deventer-en","11":"pa_packaging-unit-50-es","13":"first","14":"instock","15":"taxable","16":"shipping-taxable","17":"purchasable","18":"product-type-simple"},"featured_image_urls_v2":{"full":["https:\/\/varibox.best4u.dev\/wp-content\/uploads\/2022\/08\/labelvac.png",600,400,false],"thumbnail":["https:\/\/varibox.best4u.dev\/wp-content\/uploads\/2022\/08\/labelvac.png",256,171,false],"medium":["https:\/\/varibox.best4u.dev\/wp-content\/uploads\/2022\/08\/labelvac.png",512,341,false],"medium_large":["https:\/\/varibox.best4u.dev\/wp-content\/uploads\/2022\/08\/labelvac.png",600,400,false],"large":["https:\/\/varibox.best4u.dev\/wp-content\/uploads\/2022\/08\/labelvac.png",600,400,false],"1536x1536":["https:\/\/varibox.best4u.dev\/wp-content\/uploads\/2022\/08\/labelvac.png",600,400,false],"2048x2048":["https:\/\/varibox.best4u.dev\/wp-content\/uploads\/2022\/08\/labelvac.png",600,400,false],"woocommerce_archive_thumbnail":["https:\/\/varibox.best4u.dev\/wp-content\/uploads\/2022\/08\/labelvac-270x180.png",270,180,true],"gform-image-choice-sm":["https:\/\/varibox.best4u.dev\/wp-content\/uploads\/2022\/08\/labelvac.png",300,200,false],"gform-image-choice-md":["https:\/\/varibox.best4u.dev\/wp-content\/uploads\/2022\/08\/labelvac.png",400,267,false],"gform-image-choice-lg":["https:\/\/varibox.best4u.dev\/wp-content\/uploads\/2022\/08\/labelvac.png",600,400,false],"woocommerce_thumbnail":["https:\/\/varibox.best4u.dev\/wp-content\/uploads\/2022\/08\/labelvac.png",270,180,false],"woocommerce_single":["https:\/\/varibox.best4u.dev\/wp-content\/uploads\/2022\/08\/labelvac.png",600,400,false],"woocommerce_gallery_thumbnail":["https:\/\/varibox.best4u.dev\/wp-content\/uploads\/2022\/08\/labelvac-100x100.png",100,100,true],"variation_swatches_image_size":["https:\/\/varibox.best4u.dev\/wp-content\/uploads\/2022\/08\/labelvac.png",50,33,false],"variation_swatches_tooltip_size":["https:\/\/varibox.best4u.dev\/wp-content\/uploads\/2022\/08\/labelvac.png",100,67,false]},"post_excerpt_stackable_v2":"<p>Cada VARIBOX est\u00e1 equipado con un venteo autom\u00e1tico. Esta pegatina VARIBOX SC indica que la tapa de llenado est\u00e1 equipada con un venteo de depresi\u00f3n.<\/p>\n","category_list_v2":"","author_info_v2":{"name":"","url":""},"comments_num_v2":"0 comments","acf":[],"_links":{"self":[{"href":"https:\/\/varibox.best4u.dev\/es\/wp-json\/wp\/v2\/product\/68701","targetHints":{"allow":["GET"]}}],"collection":[{"href":"https:\/\/varibox.best4u.dev\/es\/wp-json\/wp\/v2\/product"}],"about":[{"href":"https:\/\/varibox.best4u.dev\/es\/wp-json\/wp\/v2\/types\/product"}],"replies":[{"embeddable":true,"href":"https:\/\/varibox.best4u.dev\/es\/wp-json\/wp\/v2\/comments?post=68701"}],"wp:featuredmedia":[{"embeddable":true,"href":"https:\/\/varibox.best4u.dev\/es\/wp-json\/wp\/v2\/media\/3715"}],"wp:attachment":[{"href":"https:\/\/varibox.best4u.dev\/es\/wp-json\/wp\/v2\/media?parent=68701"}],"wp:term":[{"taxonomy":"product_brand","embeddable":true,"href":"https:\/\/varibox.best4u.dev\/es\/wp-json\/wp\/v2\/product_brand?post=68701"},{"taxonomy":"product_cat","embeddable":true,"href":"https:\/\/varibox.best4u.dev\/es\/wp-json\/wp\/v2\/product_cat?post=68701"},{"taxonomy":"product_tag","embeddable":true,"href":"https:\/\/varibox.best4u.dev\/es\/wp-json\/wp\/v2\/product_tag?post=68701"}],"curies":[{"name":"wp","href":"https:\/\/api.w.org\/{rel}","templated":true}]}}