{"id":68689,"date":"2025-07-21T11:27:56","date_gmt":"2025-07-21T09:27:56","guid":{"rendered":"https:\/\/varibox.best4u.dev\/?post_type=product&#038;p=68689"},"modified":"2025-07-21T11:46:21","modified_gmt":"2025-07-21T09:46:21","slug":"varibox-sc-tapon-con-cierre-a-presion-r-vacio-ventilacion-combinada","status":"publish","type":"product","link":"https:\/\/varibox.best4u.dev\/es\/producto\/varibox-sc-tapon-con-cierre-a-presion-r-vacio-ventilacion-combinada\/","title":{"rendered":"VARIBOX SC Tap\u00f3n con cierre a presi\u00f3n r Vac\u00edo \/ Ventilaci\u00f3n combinada"},"content":{"rendered":"<p>Para proteger cada VARIBOX SC contra el agua de lluvia, hay que colocar un tap\u00f3n obligatorio en el aspirador o en el combinador. El tap\u00f3n especial est\u00e1 hecho de PE y el color de cada tap\u00f3n es blanco.<\/p>\n","protected":false},"excerpt":{"rendered":"<p>Para proteger cada VARIBOX SC contra el agua de lluvia, es necesario colocar una tapa obligatoria VARIBOX Push-Lock r Vac\u00edo \/ Ventilaci\u00f3n combinada en el vac\u00edo o en la ventilaci\u00f3n combinada.<\/p>\n","protected":false},"featured_media":68582,"comment_status":"closed","ping_status":"closed","template":"","meta":{"_acf_changed":false},"product_brand":[],"product_cat":[470,471,423,419],"product_tag":[],"class_list":{"0":"post-68689","1":"product","2":"type-product","3":"status-publish","4":"has-post-thumbnail","6":"product_cat-capsulas-varibox-sc-800","7":"product_cat-capsulas-varibox-sc-1000","8":"product_cat-varibox-sc-1000-es","9":"product_cat-varibox-sc-800-es","10":"product_shipping_class-montoir","11":"pa_packaging-unit-50-es","13":"first","14":"instock","15":"taxable","16":"shipping-taxable","17":"purchasable","18":"product-type-simple"},"featured_image_urls_v2":{"full":["https:\/\/varibox.best4u.dev\/wp-content\/uploads\/2023\/03\/Push-Lock-r-1.png",2000,1402,false],"thumbnail":["https:\/\/varibox.best4u.dev\/wp-content\/uploads\/2023\/03\/Push-Lock-r-1-256x256.png",256,256,true],"medium":["https:\/\/varibox.best4u.dev\/wp-content\/uploads\/2023\/03\/Push-Lock-r-1-512x359.png",512,359,true],"medium_large":["https:\/\/varibox.best4u.dev\/wp-content\/uploads\/2023\/03\/Push-Lock-r-1-768x538.png",768,538,true],"large":["https:\/\/varibox.best4u.dev\/wp-content\/uploads\/2023\/03\/Push-Lock-r-1-1024x718.png",1024,718,true],"1536x1536":["https:\/\/varibox.best4u.dev\/wp-content\/uploads\/2023\/03\/Push-Lock-r-1-1536x1077.png",1536,1077,true],"2048x2048":["https:\/\/varibox.best4u.dev\/wp-content\/uploads\/2023\/03\/Push-Lock-r-1.png",2000,1402,false],"woocommerce_archive_thumbnail":["https:\/\/varibox.best4u.dev\/wp-content\/uploads\/2023\/03\/Push-Lock-r-1-270x189.png",270,189,true],"gform-image-choice-sm":["https:\/\/varibox.best4u.dev\/wp-content\/uploads\/2023\/03\/Push-Lock-r-1.png",300,210,false],"gform-image-choice-md":["https:\/\/varibox.best4u.dev\/wp-content\/uploads\/2023\/03\/Push-Lock-r-1.png",400,280,false],"gform-image-choice-lg":["https:\/\/varibox.best4u.dev\/wp-content\/uploads\/2023\/03\/Push-Lock-r-1.png",600,421,false],"woocommerce_thumbnail":["https:\/\/varibox.best4u.dev\/wp-content\/uploads\/2023\/03\/Push-Lock-r-1-270x189.png",270,189,true],"woocommerce_single":["https:\/\/varibox.best4u.dev\/wp-content\/uploads\/2023\/03\/Push-Lock-r-1-1200x841.png",1200,841,true],"woocommerce_gallery_thumbnail":["https:\/\/varibox.best4u.dev\/wp-content\/uploads\/2023\/03\/Push-Lock-r-1-100x100.png",100,100,true],"variation_swatches_image_size":["https:\/\/varibox.best4u.dev\/wp-content\/uploads\/2023\/03\/Push-Lock-r-1-50x50.png",50,50,true],"variation_swatches_tooltip_size":["https:\/\/varibox.best4u.dev\/wp-content\/uploads\/2023\/03\/Push-Lock-r-1-100x100.png",100,100,true]},"post_excerpt_stackable_v2":"<p>Para proteger cada VARIBOX SC contra el agua de lluvia, es necesario colocar una tapa obligatoria VARIBOX Push-Lock r Vac\u00edo \/ Ventilaci\u00f3n combinada en el vac\u00edo o en la ventilaci\u00f3n combinada.<\/p>\n","category_list_v2":"","author_info_v2":{"name":"","url":""},"comments_num_v2":"0 comments","acf":[],"_links":{"self":[{"href":"https:\/\/varibox.best4u.dev\/es\/wp-json\/wp\/v2\/product\/68689","targetHints":{"allow":["GET"]}}],"collection":[{"href":"https:\/\/varibox.best4u.dev\/es\/wp-json\/wp\/v2\/product"}],"about":[{"href":"https:\/\/varibox.best4u.dev\/es\/wp-json\/wp\/v2\/types\/product"}],"replies":[{"embeddable":true,"href":"https:\/\/varibox.best4u.dev\/es\/wp-json\/wp\/v2\/comments?post=68689"}],"wp:featuredmedia":[{"embeddable":true,"href":"https:\/\/varibox.best4u.dev\/es\/wp-json\/wp\/v2\/media\/68582"}],"wp:attachment":[{"href":"https:\/\/varibox.best4u.dev\/es\/wp-json\/wp\/v2\/media?parent=68689"}],"wp:term":[{"taxonomy":"product_brand","embeddable":true,"href":"https:\/\/varibox.best4u.dev\/es\/wp-json\/wp\/v2\/product_brand?post=68689"},{"taxonomy":"product_cat","embeddable":true,"href":"https:\/\/varibox.best4u.dev\/es\/wp-json\/wp\/v2\/product_cat?post=68689"},{"taxonomy":"product_tag","embeddable":true,"href":"https:\/\/varibox.best4u.dev\/es\/wp-json\/wp\/v2\/product_tag?post=68689"}],"curies":[{"name":"wp","href":"https:\/\/api.w.org\/{rel}","templated":true}]}}